{"id":82566,"date":"2022-02-03T12:14:35","date_gmt":"2022-02-03T12:14:35","guid":{"rendered":"https:\/\/intermob.be\/?post_type=product&#038;p=82566"},"modified":"2025-06-26T07:06:44","modified_gmt":"2025-06-26T07:06:44","slug":"horeca-aperitif-sitz-leto-bank","status":"publish","type":"product","link":"https:\/\/intermob.be\/de\/produkt\/horeca-aperitif-sitz-leto-bank\/","title":{"rendered":"Lounge-Sitz - Leto Bank - Samt"},"content":{"rendered":"<p><span style=\"color: #000000;\">Dieser elegante Zweisitzer-Lounge-Sessel mit samtweicher Polsterung und einem schwarzen Buchenholzrahmen strahlt Luxus und Komfort aus. Die R\u00fcckenlehne mit vertikalen N\u00e4hten und Kn\u00f6pfen verleiht eine moderne Note. Perfekt f\u00fcr Gastronomiebetriebe, die eine stilvolle, aber gem\u00fctliche Atmosph\u00e4re schaffen m\u00f6chten. Ein einladender Sitzplatz, der G\u00e4ste dazu ermutigt, l\u00e4nger zu verweilen, und zu einem luxuri\u00f6sen Interieur beitr\u00e4gt!<\/span><\/p>\n","protected":false},"excerpt":{"rendered":"<p>Dieser elegante Zweisitzer-Lounge-Sessel mit samtweicher Polsterung und einem schwarzen Buchenholzrahmen strahlt Luxus und Komfort aus. Die R\u00fcckenlehne mit vertikalen N\u00e4hten<\/p>\n","protected":false},"featured_media":82583,"comment_status":"open","ping_status":"closed","template":"","meta":[],"product_brand":[],"product_cat":[10175,10223],"product_tag":[17388,17389,17390,17392],"class_list":{"0":"post-82566","1":"product","2":"type-product","3":"status-publish","4":"has-post-thumbnail","6":"product_cat-aperitive-sitze","7":"product_cat-aperitiver-sitze","8":"product_tag-horeca-furniture","9":"product_tag-horeca-meubelen","10":"product_tag-horeca-moebel","11":"product_tag-meubles-horeca","12":"pa_product-color-color-rot-de","13":"pa_product-frame-color-schwarz-frame-color-de","14":"pa_product-more-colors-ja-de","15":"pa_product-more-dimensions-ja-de","16":"pa_product-seat-height-cm-43-seat-height-cm-de","17":"pa_product-seats-2-seats-de","18":"pa_product-upholstery-upholstery-samt-de","19":"pa_product-usage-usage-innen-de","21":"first","22":"instock","23":"sale","24":"taxable","25":"shipping-taxable","26":"purchasable","27":"product-type-simple"},"yoast_head":"<!-- This site is optimized with the Yoast SEO plugin v26.4 - https:\/\/yoast.com\/wordpress\/plugins\/seo\/ -->\n<title>Horeca Lounge-Sitz - Leto Bank - Samt<\/title>\n<meta name=\"robots\" content=\"index, follow, max-snippet:-1, max-image-preview:large, max-video-preview:-1\" \/>\n<link rel=\"canonical\" href=\"https:\/\/intermob.be\/de\/produkt\/horeca-aperitif-sitz-leto-bank\/\" \/>\n<meta property=\"og:locale\" content=\"de_DE\" \/>\n<meta property=\"og:type\" content=\"article\" \/>\n<meta property=\"og:title\" content=\"Horeca Lounge-Sitz - Leto Bank - Samt\" \/>\n<meta property=\"og:description\" content=\"Dieser elegante Zweisitzer-Lounge-Sessel mit samtweicher Polsterung und einem schwarzen Buchenholzrahmen strahlt Luxus und Komfort aus. Die R\u00fcckenlehne mit vertikalen N\u00e4hten\" \/>\n<meta property=\"og:url\" content=\"https:\/\/intermob.be\/de\/produkt\/horeca-aperitif-sitz-leto-bank\/\" \/>\n<meta property=\"og:site_name\" content=\"Intermob Mobilier\" \/>\n<meta property=\"article:modified_time\" content=\"2025-06-26T07:06:44+00:00\" \/>\n<meta property=\"og:image\" content=\"https:\/\/intermob.be\/wp-content\/uploads\/2024\/03\/products-Horeca-Eetbank-Aperitiefbank-Boreas-Oker-2.jpg\" \/>\n\t<meta property=\"og:image:width\" content=\"800\" \/>\n\t<meta property=\"og:image:height\" content=\"800\" \/>\n\t<meta property=\"og:image:type\" content=\"image\/jpeg\" \/>\n<meta name=\"twitter:card\" content=\"summary_large_image\" \/>\n<meta name=\"twitter:label1\" content=\"Gesch\u00e4tzte Lesezeit\" \/>\n\t<meta name=\"twitter:data1\" content=\"1\u00a0Minute\" \/>\n<script type=\"application\/ld+json\" class=\"yoast-schema-graph\">{\"@context\":\"https:\/\/schema.org\",\"@graph\":[{\"@type\":\"WebPage\",\"@id\":\"https:\/\/intermob.be\/de\/produkt\/horeca-aperitif-sitz-leto-bank\/\",\"url\":\"https:\/\/intermob.be\/de\/produkt\/horeca-aperitif-sitz-leto-bank\/\",\"name\":\"Horeca Lounge-Sitz - Leto Bank - Samt\",\"isPartOf\":{\"@id\":\"https:\/\/intermob.be\/de\/#website\"},\"primaryImageOfPage\":{\"@id\":\"https:\/\/intermob.be\/de\/produkt\/horeca-aperitif-sitz-leto-bank\/#primaryimage\"},\"image\":{\"@id\":\"https:\/\/intermob.be\/de\/produkt\/horeca-aperitif-sitz-leto-bank\/#primaryimage\"},\"thumbnailUrl\":\"https:\/\/intermob.be\/wp-content\/uploads\/2024\/03\/products-Horeca-Eetbank-Aperitiefbank-Boreas-Red-Z-2.jpg\",\"datePublished\":\"2022-02-03T12:14:35+00:00\",\"dateModified\":\"2025-06-26T07:06:44+00:00\",\"breadcrumb\":{\"@id\":\"https:\/\/intermob.be\/de\/produkt\/horeca-aperitif-sitz-leto-bank\/#breadcrumb\"},\"inLanguage\":\"de\",\"potentialAction\":[{\"@type\":\"ReadAction\",\"target\":[\"https:\/\/intermob.be\/de\/produkt\/horeca-aperitif-sitz-leto-bank\/\"]}]},{\"@type\":\"ImageObject\",\"inLanguage\":\"de\",\"@id\":\"https:\/\/intermob.be\/de\/produkt\/horeca-aperitif-sitz-leto-bank\/#primaryimage\",\"url\":\"https:\/\/intermob.be\/wp-content\/uploads\/2024\/03\/products-Horeca-Eetbank-Aperitiefbank-Boreas-Red-Z-2.jpg\",\"contentUrl\":\"https:\/\/intermob.be\/wp-content\/uploads\/2024\/03\/products-Horeca-Eetbank-Aperitiefbank-Boreas-Red-Z-2.jpg\",\"width\":800,\"height\":800,\"caption\":\"-Horeca-Eetbank-Aperitiefbank-Boreas-Red-Z\"},{\"@type\":\"BreadcrumbList\",\"@id\":\"https:\/\/intermob.be\/de\/produkt\/horeca-aperitif-sitz-leto-bank\/#breadcrumb\",\"itemListElement\":[{\"@type\":\"ListItem\",\"position\":1,\"name\":\"Home\",\"item\":\"https:\/\/intermob.be\/de\/\"},{\"@type\":\"ListItem\",\"position\":2,\"name\":\"Shop\",\"item\":\"https:\/\/intermob.be\/de\/shop\/\"},{\"@type\":\"ListItem\",\"position\":3,\"name\":\"Fauteuil De Salon - Banquette Leto - Velours\"}]},{\"@type\":\"WebSite\",\"@id\":\"https:\/\/intermob.be\/de\/#website\",\"url\":\"https:\/\/intermob.be\/de\/\",\"name\":\"Intermob\",\"description\":\"\",\"publisher\":{\"@id\":\"https:\/\/intermob.be\/de\/#organization\"},\"potentialAction\":[{\"@type\":\"SearchAction\",\"target\":{\"@type\":\"EntryPoint\",\"urlTemplate\":\"https:\/\/intermob.be\/de\/?s={search_term_string}\"},\"query-input\":{\"@type\":\"PropertyValueSpecification\",\"valueRequired\":true,\"valueName\":\"search_term_string\"}}],\"inLanguage\":\"de\"},{\"@type\":\"Organization\",\"@id\":\"https:\/\/intermob.be\/de\/#organization\",\"name\":\"Intermob Mobilier\",\"url\":\"https:\/\/intermob.be\/de\/\",\"logo\":{\"@type\":\"ImageObject\",\"inLanguage\":\"de\",\"@id\":\"https:\/\/intermob.be\/de\/#\/schema\/logo\/image\/\",\"url\":\"https:\/\/intermob.be\/wp-content\/uploads\/2025\/09\/intb-bold-logo.png\",\"contentUrl\":\"https:\/\/intermob.be\/wp-content\/uploads\/2025\/09\/intb-bold-logo.png\",\"width\":480,\"height\":158,\"caption\":\"Intermob Mobilier\"},\"image\":{\"@id\":\"https:\/\/intermob.be\/de\/#\/schema\/logo\/image\/\"}}]}<\/script>\n<!-- \/ Yoast SEO plugin. -->","yoast_head_json":{"title":"Horeca Lounge-Sitz - Leto Bank - Samt","robots":{"index":"index","follow":"follow","max-snippet":"max-snippet:-1","max-image-preview":"max-image-preview:large","max-video-preview":"max-video-preview:-1"},"canonical":"https:\/\/intermob.be\/de\/produkt\/horeca-aperitif-sitz-leto-bank\/","og_locale":"de_DE","og_type":"article","og_title":"Horeca Lounge-Sitz - Leto Bank - Samt","og_description":"Dieser elegante Zweisitzer-Lounge-Sessel mit samtweicher Polsterung und einem schwarzen Buchenholzrahmen strahlt Luxus und Komfort aus. Die R\u00fcckenlehne mit vertikalen N\u00e4hten","og_url":"https:\/\/intermob.be\/de\/produkt\/horeca-aperitif-sitz-leto-bank\/","og_site_name":"Intermob Mobilier","article_modified_time":"2025-06-26T07:06:44+00:00","og_image":[{"width":800,"height":800,"url":"https:\/\/intermob.be\/wp-content\/uploads\/2024\/03\/products-Horeca-Eetbank-Aperitiefbank-Boreas-Oker-2.jpg","type":"image\/jpeg"}],"twitter_card":"summary_large_image","twitter_misc":{"Gesch\u00e4tzte Lesezeit":"1\u00a0Minute"},"schema":{"@context":"https:\/\/schema.org","@graph":[{"@type":"WebPage","@id":"https:\/\/intermob.be\/de\/produkt\/horeca-aperitif-sitz-leto-bank\/","url":"https:\/\/intermob.be\/de\/produkt\/horeca-aperitif-sitz-leto-bank\/","name":"Horeca Lounge-Sitz - Leto Bank - Samt","isPartOf":{"@id":"https:\/\/intermob.be\/de\/#website"},"primaryImageOfPage":{"@id":"https:\/\/intermob.be\/de\/produkt\/horeca-aperitif-sitz-leto-bank\/#primaryimage"},"image":{"@id":"https:\/\/intermob.be\/de\/produkt\/horeca-aperitif-sitz-leto-bank\/#primaryimage"},"thumbnailUrl":"https:\/\/intermob.be\/wp-content\/uploads\/2024\/03\/products-Horeca-Eetbank-Aperitiefbank-Boreas-Red-Z-2.jpg","datePublished":"2022-02-03T12:14:35+00:00","dateModified":"2025-06-26T07:06:44+00:00","breadcrumb":{"@id":"https:\/\/intermob.be\/de\/produkt\/horeca-aperitif-sitz-leto-bank\/#breadcrumb"},"inLanguage":"de","potentialAction":[{"@type":"ReadAction","target":["https:\/\/intermob.be\/de\/produkt\/horeca-aperitif-sitz-leto-bank\/"]}]},{"@type":"ImageObject","inLanguage":"de","@id":"https:\/\/intermob.be\/de\/produkt\/horeca-aperitif-sitz-leto-bank\/#primaryimage","url":"https:\/\/intermob.be\/wp-content\/uploads\/2024\/03\/products-Horeca-Eetbank-Aperitiefbank-Boreas-Red-Z-2.jpg","contentUrl":"https:\/\/intermob.be\/wp-content\/uploads\/2024\/03\/products-Horeca-Eetbank-Aperitiefbank-Boreas-Red-Z-2.jpg","width":800,"height":800,"caption":"-Horeca-Eetbank-Aperitiefbank-Boreas-Red-Z"},{"@type":"BreadcrumbList","@id":"https:\/\/intermob.be\/de\/produkt\/horeca-aperitif-sitz-leto-bank\/#breadcrumb","itemListElement":[{"@type":"ListItem","position":1,"name":"Home","item":"https:\/\/intermob.be\/de\/"},{"@type":"ListItem","position":2,"name":"Shop","item":"https:\/\/intermob.be\/de\/shop\/"},{"@type":"ListItem","position":3,"name":"Fauteuil De Salon - Banquette Leto - Velours"}]},{"@type":"WebSite","@id":"https:\/\/intermob.be\/de\/#website","url":"https:\/\/intermob.be\/de\/","name":"Intermob","description":"","publisher":{"@id":"https:\/\/intermob.be\/de\/#organization"},"potentialAction":[{"@type":"SearchAction","target":{"@type":"EntryPoint","urlTemplate":"https:\/\/intermob.be\/de\/?s={search_term_string}"},"query-input":{"@type":"PropertyValueSpecification","valueRequired":true,"valueName":"search_term_string"}}],"inLanguage":"de"},{"@type":"Organization","@id":"https:\/\/intermob.be\/de\/#organization","name":"Intermob Mobilier","url":"https:\/\/intermob.be\/de\/","logo":{"@type":"ImageObject","inLanguage":"de","@id":"https:\/\/intermob.be\/de\/#\/schema\/logo\/image\/","url":"https:\/\/intermob.be\/wp-content\/uploads\/2025\/09\/intb-bold-logo.png","contentUrl":"https:\/\/intermob.be\/wp-content\/uploads\/2025\/09\/intb-bold-logo.png","width":480,"height":158,"caption":"Intermob Mobilier"},"image":{"@id":"https:\/\/intermob.be\/de\/#\/schema\/logo\/image\/"}}]}},"_links":{"self":[{"href":"https:\/\/intermob.be\/de\/wp-json\/wp\/v2\/product\/82566","targetHints":{"allow":["GET"]}}],"collection":[{"href":"https:\/\/intermob.be\/de\/wp-json\/wp\/v2\/product"}],"about":[{"href":"https:\/\/intermob.be\/de\/wp-json\/wp\/v2\/types\/product"}],"replies":[{"embeddable":true,"href":"https:\/\/intermob.be\/de\/wp-json\/wp\/v2\/comments?post=82566"}],"version-history":[{"count":0,"href":"https:\/\/intermob.be\/de\/wp-json\/wp\/v2\/product\/82566\/revisions"}],"wp:featuredmedia":[{"embeddable":true,"href":"https:\/\/intermob.be\/de\/wp-json\/wp\/v2\/media\/82583"}],"wp:attachment":[{"href":"https:\/\/intermob.be\/de\/wp-json\/wp\/v2\/media?parent=82566"}],"wp:term":[{"taxonomy":"product_brand","embeddable":true,"href":"https:\/\/intermob.be\/de\/wp-json\/wp\/v2\/product_brand?post=82566"},{"taxonomy":"product_cat","embeddable":true,"href":"https:\/\/intermob.be\/de\/wp-json\/wp\/v2\/product_cat?post=82566"},{"taxonomy":"product_tag","embeddable":true,"href":"https:\/\/intermob.be\/de\/wp-json\/wp\/v2\/product_tag?post=82566"}],"curies":[{"name":"wp","href":"https:\/\/api.w.org\/{rel}","templated":true}]}}