{"id":84450,"date":"2022-06-23T11:50:59","date_gmt":"2022-06-23T11:50:59","guid":{"rendered":"https:\/\/intermob.be\/?post_type=product&#038;p=84450"},"modified":"2024-06-24T11:38:41","modified_gmt":"2024-06-24T11:38:41","slug":"horeca-tisch-mit-klapprahmen-kompakt-schwarz-69x69-cm-a-srd","status":"publish","type":"product","link":"https:\/\/intermob.be\/de\/produkt\/horeca-tisch-mit-klapprahmen-kompakt-schwarz-69x69-cm-a-srd\/","title":{"rendered":"Tisch mit klappbarer Basis - Kompakt Schwarz - 69x69 cm"},"content":{"rendered":"<p><span style=\"color: #000000\">Vorgebohrte L\u00f6cher in Kompaktlaminat-Tischplatten passen zu einem bestimmten Tischgestelltyp.<\/span><br \/>\n<span style=\"color: #000000\">Sollte dieser nicht zum gekauften Tischgestell passen, m\u00fcssen Sie mit dem mitgelieferten Bohrer selbst neue L\u00f6cher bohren. Die passenden Schrauben sind ebenfalls im Lieferumfang enthalten. Vergessen Sie nicht, die Plastikfolie von der Tischplatte zu entfernen.<\/span><\/p>\n<p><i class=\"fas fa-check-circle description-icon-green\" aria-hidden=\"true\"><\/i><span style=\"color: #339966\"> Verf\u00fcgbare Farben: Wei\u00df, Schwarz, Wenge, Bordeaux &amp; Taupe<\/span><br \/>\n<i class=\"fas fa-check-circle description-icon-green\" aria-hidden=\"true\"><\/i><span style=\"color: #ff6600\"> Die Tische sind unmontiert<\/span><br \/>\n<i class=\"fas fa-check-circle description-icon-green\" aria-hidden=\"true\"><\/i><span style=\"color: #339966\"> Die Tischplatten sind nicht vorgebohrt<\/span><br \/>\n<i class=\"fas fa-check-circle description-icon-green\" aria-hidden=\"true\"><\/i><span style=\"color: #ff6600\"> 1 Bohrspitze und Tiefeneinstellung + Schrauben sind im Produkt enthalten<\/span><br \/>\n<i class=\"fas fa-check-circle description-icon-green\" aria-hidden=\"true\"><\/i><span style=\"color: #339966\"> Das zur Montage ben\u00f6tigte Material ist im Karton enthalten<\/span><\/p>\n","protected":false},"excerpt":{"rendered":"<p>Vorgebohrte L\u00f6cher in Kompaktlaminat-Tischplatten passen zu einem bestimmten Tischgestelltyp. Sollte dieser nicht zum gekauften Tischgestell passen, m\u00fcssen Sie mit dem<\/p>\n","protected":false},"featured_media":84451,"comment_status":"open","ping_status":"closed","template":"","meta":[],"product_brand":[],"product_cat":[10359,10419,9975],"product_tag":[17391,17393,17395,17389],"class_list":{"0":"post-84450","1":"product","2":"type-product","3":"status-publish","4":"has-post-thumbnail","6":"product_cat-klapptische","7":"product_cat-klapptische-de","8":"product_cat-cl-schwarz-tisch-sortiment","9":"product_tag-meubles-de-restaurant","10":"product_tag-restaurant-furniture","11":"product_tag-restaurant-moebel","12":"product_tag-horeca-meubelen","13":"pa_product-frame-color-schwarz-frame-color-de","14":"pa_product-more-colors-ja-de","15":"pa_product-more-dimensions-ja-de","16":"pa_product-seats-2-seats-de","17":"pa_product-tabletop-color-schwarz-tabletop-color-de","18":"pa_product-usage-usage-innen-draussen-de","19":"pa_table-height-cm-7320-cm-de","21":"first","22":"outofstock","23":"sale","24":"taxable","25":"shipping-taxable","26":"purchasable","27":"product-type-simple"},"yoast_head":"<!-- This site is optimized with the Yoast SEO plugin v26.4 - https:\/\/yoast.com\/wordpress\/plugins\/seo\/ -->\n<title>Horeca Tisch mit Klapprahmen - Kompakt Schwarz - 69\u00d769 cm<\/title>\n<meta name=\"description\" content=\"Entdecken Sie unseren compact laminate schwarz Tisch 69x69 cm aus HPL mit Aluminiumfu\u00df. Erh\u00e4ltlich in verschiedenen Farben, Formen und Gr\u00f6\u00dfen.\" \/>\n<meta name=\"robots\" content=\"index, follow, max-snippet:-1, max-image-preview:large, max-video-preview:-1\" \/>\n<link rel=\"canonical\" href=\"https:\/\/intermob.be\/de\/produkt\/horeca-tisch-mit-klapprahmen-kompakt-schwarz-69x69-cm-a-srd\/\" \/>\n<meta property=\"og:locale\" content=\"de_DE\" \/>\n<meta property=\"og:type\" content=\"article\" \/>\n<meta property=\"og:title\" content=\"Horeca Tisch mit Klapprahmen - Kompakt Schwarz - 69\u00d769 cm\" \/>\n<meta property=\"og:description\" content=\"Entdecken Sie unseren compact laminate schwarz Tisch 69x69 cm aus HPL mit Aluminiumfu\u00df. Erh\u00e4ltlich in verschiedenen Farben, Formen und Gr\u00f6\u00dfen.\" \/>\n<meta property=\"og:url\" content=\"https:\/\/intermob.be\/de\/produkt\/horeca-tisch-mit-klapprahmen-kompakt-schwarz-69x69-cm-a-srd\/\" \/>\n<meta property=\"og:site_name\" content=\"Intermob Mobilier\" \/>\n<meta property=\"article:modified_time\" content=\"2024-06-24T11:38:41+00:00\" \/>\n<meta property=\"og:image\" content=\"https:\/\/intermob.be\/wp-content\/uploads\/2024\/03\/products-Horeca-Tafel-Compact-Zwart-69\u00d769-Cm-Met-Klaponderstel-2.jpg\" \/>\n\t<meta property=\"og:image:width\" content=\"1000\" \/>\n\t<meta property=\"og:image:height\" content=\"1000\" \/>\n\t<meta property=\"og:image:type\" content=\"image\/jpeg\" \/>\n<meta name=\"twitter:card\" content=\"summary_large_image\" \/>\n<meta name=\"twitter:label1\" content=\"Gesch\u00e4tzte Lesezeit\" \/>\n\t<meta name=\"twitter:data1\" content=\"1\u00a0Minute\" \/>\n<script type=\"application\/ld+json\" class=\"yoast-schema-graph\">{\"@context\":\"https:\/\/schema.org\",\"@graph\":[{\"@type\":\"WebPage\",\"@id\":\"https:\/\/intermob.be\/de\/produkt\/horeca-tisch-mit-klapprahmen-kompakt-schwarz-69x69-cm-a-srd\/\",\"url\":\"https:\/\/intermob.be\/de\/produkt\/horeca-tisch-mit-klapprahmen-kompakt-schwarz-69x69-cm-a-srd\/\",\"name\":\"Horeca Tisch mit Klapprahmen - Kompakt Schwarz - 69\u00d769 cm\",\"isPartOf\":{\"@id\":\"https:\/\/intermob.be\/de\/#website\"},\"primaryImageOfPage\":{\"@id\":\"https:\/\/intermob.be\/de\/produkt\/horeca-tisch-mit-klapprahmen-kompakt-schwarz-69x69-cm-a-srd\/#primaryimage\"},\"image\":{\"@id\":\"https:\/\/intermob.be\/de\/produkt\/horeca-tisch-mit-klapprahmen-kompakt-schwarz-69x69-cm-a-srd\/#primaryimage\"},\"thumbnailUrl\":\"https:\/\/intermob.be\/wp-content\/uploads\/2024\/03\/products-Horeca-Tafel-Compact-Zwart-69\u00d769-Cm-Met-Klaponderstel-2.jpg\",\"datePublished\":\"2022-06-23T11:50:59+00:00\",\"dateModified\":\"2024-06-24T11:38:41+00:00\",\"description\":\"Entdecken Sie unseren compact laminate schwarz Tisch 69x69 cm aus HPL mit Aluminiumfu\u00df. Erh\u00e4ltlich in verschiedenen Farben, Formen und Gr\u00f6\u00dfen.\",\"breadcrumb\":{\"@id\":\"https:\/\/intermob.be\/de\/produkt\/horeca-tisch-mit-klapprahmen-kompakt-schwarz-69x69-cm-a-srd\/#breadcrumb\"},\"inLanguage\":\"de\",\"potentialAction\":[{\"@type\":\"ReadAction\",\"target\":[\"https:\/\/intermob.be\/de\/produkt\/horeca-tisch-mit-klapprahmen-kompakt-schwarz-69x69-cm-a-srd\/\"]}]},{\"@type\":\"ImageObject\",\"inLanguage\":\"de\",\"@id\":\"https:\/\/intermob.be\/de\/produkt\/horeca-tisch-mit-klapprahmen-kompakt-schwarz-69x69-cm-a-srd\/#primaryimage\",\"url\":\"https:\/\/intermob.be\/wp-content\/uploads\/2024\/03\/products-Horeca-Tafel-Compact-Zwart-69\u00d769-Cm-Met-Klaponderstel-2.jpg\",\"contentUrl\":\"https:\/\/intermob.be\/wp-content\/uploads\/2024\/03\/products-Horeca-Tafel-Compact-Zwart-69\u00d769-Cm-Met-Klaponderstel-2.jpg\",\"width\":1000,\"height\":1000,\"caption\":\"Horeca-Tafel-Compact-Zwart-69\u00d769-Cm-Met-Klaponderstel\"},{\"@type\":\"BreadcrumbList\",\"@id\":\"https:\/\/intermob.be\/de\/produkt\/horeca-tisch-mit-klapprahmen-kompakt-schwarz-69x69-cm-a-srd\/#breadcrumb\",\"itemListElement\":[{\"@type\":\"ListItem\",\"position\":1,\"name\":\"Home\",\"item\":\"https:\/\/intermob.be\/de\/\"},{\"@type\":\"ListItem\",\"position\":2,\"name\":\"Shop\",\"item\":\"https:\/\/intermob.be\/de\/shop\/\"},{\"@type\":\"ListItem\",\"position\":3,\"name\":\"Horeca Tisch mit Klapprahmen &#8211; Kompakt Schwarz &#8211; 69\u00d769 cm\"}]},{\"@type\":\"WebSite\",\"@id\":\"https:\/\/intermob.be\/de\/#website\",\"url\":\"https:\/\/intermob.be\/de\/\",\"name\":\"Intermob\",\"description\":\"\",\"publisher\":{\"@id\":\"https:\/\/intermob.be\/de\/#organization\"},\"potentialAction\":[{\"@type\":\"SearchAction\",\"target\":{\"@type\":\"EntryPoint\",\"urlTemplate\":\"https:\/\/intermob.be\/de\/?s={search_term_string}\"},\"query-input\":{\"@type\":\"PropertyValueSpecification\",\"valueRequired\":true,\"valueName\":\"search_term_string\"}}],\"inLanguage\":\"de\"},{\"@type\":\"Organization\",\"@id\":\"https:\/\/intermob.be\/de\/#organization\",\"name\":\"Intermob Mobilier\",\"url\":\"https:\/\/intermob.be\/de\/\",\"logo\":{\"@type\":\"ImageObject\",\"inLanguage\":\"de\",\"@id\":\"https:\/\/intermob.be\/de\/#\/schema\/logo\/image\/\",\"url\":\"https:\/\/intermob.be\/wp-content\/uploads\/2025\/09\/intb-bold-logo.png\",\"contentUrl\":\"https:\/\/intermob.be\/wp-content\/uploads\/2025\/09\/intb-bold-logo.png\",\"width\":480,\"height\":158,\"caption\":\"Intermob Mobilier\"},\"image\":{\"@id\":\"https:\/\/intermob.be\/de\/#\/schema\/logo\/image\/\"}}]}<\/script>\n<!-- \/ Yoast SEO plugin. -->","yoast_head_json":{"title":"Horeca Tisch mit Klapprahmen - Kompakt Schwarz - 69\u00d769 cm","description":"Entdecken Sie unseren compact laminate schwarz Tisch 69x69 cm aus HPL mit Aluminiumfu\u00df. Erh\u00e4ltlich in verschiedenen Farben, Formen und Gr\u00f6\u00dfen.","robots":{"index":"index","follow":"follow","max-snippet":"max-snippet:-1","max-image-preview":"max-image-preview:large","max-video-preview":"max-video-preview:-1"},"canonical":"https:\/\/intermob.be\/de\/produkt\/horeca-tisch-mit-klapprahmen-kompakt-schwarz-69x69-cm-a-srd\/","og_locale":"de_DE","og_type":"article","og_title":"Horeca Tisch mit Klapprahmen - Kompakt Schwarz - 69\u00d769 cm","og_description":"Entdecken Sie unseren compact laminate schwarz Tisch 69x69 cm aus HPL mit Aluminiumfu\u00df. Erh\u00e4ltlich in verschiedenen Farben, Formen und Gr\u00f6\u00dfen.","og_url":"https:\/\/intermob.be\/de\/produkt\/horeca-tisch-mit-klapprahmen-kompakt-schwarz-69x69-cm-a-srd\/","og_site_name":"Intermob Mobilier","article_modified_time":"2024-06-24T11:38:41+00:00","og_image":[{"width":1000,"height":1000,"url":"https:\/\/intermob.be\/wp-content\/uploads\/2024\/03\/products-Horeca-Tafel-Compact-Zwart-69\u00d769-Cm-Met-Klaponderstel-2.jpg","type":"image\/jpeg"}],"twitter_card":"summary_large_image","twitter_misc":{"Gesch\u00e4tzte Lesezeit":"1\u00a0Minute"},"schema":{"@context":"https:\/\/schema.org","@graph":[{"@type":"WebPage","@id":"https:\/\/intermob.be\/de\/produkt\/horeca-tisch-mit-klapprahmen-kompakt-schwarz-69x69-cm-a-srd\/","url":"https:\/\/intermob.be\/de\/produkt\/horeca-tisch-mit-klapprahmen-kompakt-schwarz-69x69-cm-a-srd\/","name":"Horeca Tisch mit Klapprahmen - Kompakt Schwarz - 69\u00d769 cm","isPartOf":{"@id":"https:\/\/intermob.be\/de\/#website"},"primaryImageOfPage":{"@id":"https:\/\/intermob.be\/de\/produkt\/horeca-tisch-mit-klapprahmen-kompakt-schwarz-69x69-cm-a-srd\/#primaryimage"},"image":{"@id":"https:\/\/intermob.be\/de\/produkt\/horeca-tisch-mit-klapprahmen-kompakt-schwarz-69x69-cm-a-srd\/#primaryimage"},"thumbnailUrl":"https:\/\/intermob.be\/wp-content\/uploads\/2024\/03\/products-Horeca-Tafel-Compact-Zwart-69\u00d769-Cm-Met-Klaponderstel-2.jpg","datePublished":"2022-06-23T11:50:59+00:00","dateModified":"2024-06-24T11:38:41+00:00","description":"Entdecken Sie unseren compact laminate schwarz Tisch 69x69 cm aus HPL mit Aluminiumfu\u00df. Erh\u00e4ltlich in verschiedenen Farben, Formen und Gr\u00f6\u00dfen.","breadcrumb":{"@id":"https:\/\/intermob.be\/de\/produkt\/horeca-tisch-mit-klapprahmen-kompakt-schwarz-69x69-cm-a-srd\/#breadcrumb"},"inLanguage":"de","potentialAction":[{"@type":"ReadAction","target":["https:\/\/intermob.be\/de\/produkt\/horeca-tisch-mit-klapprahmen-kompakt-schwarz-69x69-cm-a-srd\/"]}]},{"@type":"ImageObject","inLanguage":"de","@id":"https:\/\/intermob.be\/de\/produkt\/horeca-tisch-mit-klapprahmen-kompakt-schwarz-69x69-cm-a-srd\/#primaryimage","url":"https:\/\/intermob.be\/wp-content\/uploads\/2024\/03\/products-Horeca-Tafel-Compact-Zwart-69\u00d769-Cm-Met-Klaponderstel-2.jpg","contentUrl":"https:\/\/intermob.be\/wp-content\/uploads\/2024\/03\/products-Horeca-Tafel-Compact-Zwart-69\u00d769-Cm-Met-Klaponderstel-2.jpg","width":1000,"height":1000,"caption":"Horeca-Tafel-Compact-Zwart-69\u00d769-Cm-Met-Klaponderstel"},{"@type":"BreadcrumbList","@id":"https:\/\/intermob.be\/de\/produkt\/horeca-tisch-mit-klapprahmen-kompakt-schwarz-69x69-cm-a-srd\/#breadcrumb","itemListElement":[{"@type":"ListItem","position":1,"name":"Home","item":"https:\/\/intermob.be\/de\/"},{"@type":"ListItem","position":2,"name":"Shop","item":"https:\/\/intermob.be\/de\/shop\/"},{"@type":"ListItem","position":3,"name":"Horeca Tisch mit Klapprahmen &#8211; Kompakt Schwarz &#8211; 69\u00d769 cm"}]},{"@type":"WebSite","@id":"https:\/\/intermob.be\/de\/#website","url":"https:\/\/intermob.be\/de\/","name":"Intermob","description":"","publisher":{"@id":"https:\/\/intermob.be\/de\/#organization"},"potentialAction":[{"@type":"SearchAction","target":{"@type":"EntryPoint","urlTemplate":"https:\/\/intermob.be\/de\/?s={search_term_string}"},"query-input":{"@type":"PropertyValueSpecification","valueRequired":true,"valueName":"search_term_string"}}],"inLanguage":"de"},{"@type":"Organization","@id":"https:\/\/intermob.be\/de\/#organization","name":"Intermob Mobilier","url":"https:\/\/intermob.be\/de\/","logo":{"@type":"ImageObject","inLanguage":"de","@id":"https:\/\/intermob.be\/de\/#\/schema\/logo\/image\/","url":"https:\/\/intermob.be\/wp-content\/uploads\/2025\/09\/intb-bold-logo.png","contentUrl":"https:\/\/intermob.be\/wp-content\/uploads\/2025\/09\/intb-bold-logo.png","width":480,"height":158,"caption":"Intermob Mobilier"},"image":{"@id":"https:\/\/intermob.be\/de\/#\/schema\/logo\/image\/"}}]}},"_links":{"self":[{"href":"https:\/\/intermob.be\/de\/wp-json\/wp\/v2\/product\/84450","targetHints":{"allow":["GET"]}}],"collection":[{"href":"https:\/\/intermob.be\/de\/wp-json\/wp\/v2\/product"}],"about":[{"href":"https:\/\/intermob.be\/de\/wp-json\/wp\/v2\/types\/product"}],"replies":[{"embeddable":true,"href":"https:\/\/intermob.be\/de\/wp-json\/wp\/v2\/comments?post=84450"}],"version-history":[{"count":0,"href":"https:\/\/intermob.be\/de\/wp-json\/wp\/v2\/product\/84450\/revisions"}],"wp:featuredmedia":[{"embeddable":true,"href":"https:\/\/intermob.be\/de\/wp-json\/wp\/v2\/media\/84451"}],"wp:attachment":[{"href":"https:\/\/intermob.be\/de\/wp-json\/wp\/v2\/media?parent=84450"}],"wp:term":[{"taxonomy":"product_brand","embeddable":true,"href":"https:\/\/intermob.be\/de\/wp-json\/wp\/v2\/product_brand?post=84450"},{"taxonomy":"product_cat","embeddable":true,"href":"https:\/\/intermob.be\/de\/wp-json\/wp\/v2\/product_cat?post=84450"},{"taxonomy":"product_tag","embeddable":true,"href":"https:\/\/intermob.be\/de\/wp-json\/wp\/v2\/product_tag?post=84450"}],"curies":[{"name":"wp","href":"https:\/\/api.w.org\/{rel}","templated":true}]}}