{"id":85880,"date":"2022-08-10T13:38:56","date_gmt":"2022-08-10T13:38:56","guid":{"rendered":"https:\/\/intermob.be\/?post_type=product&#038;p=85880"},"modified":"2024-06-19T08:11:54","modified_gmt":"2024-06-19T08:11:54","slug":"horeca-terrassentisch-klappbar-t251-60x60-cm","status":"publish","type":"product","link":"https:\/\/intermob.be\/de\/produkt\/horeca-terrassentisch-klappbar-t251-60x60-cm\/","title":{"rendered":"Terrassentisch  Klappbar - T251 - 60x60 Cm"},"content":{"rendered":"<ul>\n<li><span style=\"color: #ff0000\"><strong>Neues, leichtes Material von mittlerer Qualit\u00e4t<\/strong><\/span><\/li>\n<li><span style=\"color: #ff0000\"><strong>Stark reduzierter Preis!<\/strong><\/span><\/li>\n<li><span style=\"color: #ff0000\"><strong>Verkauf ohne Garantie<\/strong><\/span><\/li>\n<\/ul>\n<p><span style=\"color: #000000\"><strong>Zus\u00e4tzliche Information:<\/strong><\/span><\/p>\n<p><span style=\"color: #000000\">Platzsparender, moderner Tisch, der sehr widerstandsf\u00e4hig gegen Witterungseinfl\u00fcsse ist. Rostbest\u00e4ndig und leicht zu transportieren und zu lagern. Ideal f\u00fcr Stra\u00dfencaf\u00e9s sowie auf Terrassen und Terrassen, flach verpackt f\u00fcr einfache Selbstmontage und komplett mit Montagesatz.<\/span><\/p>\n<ul>\n<li><i class=\"fas fa-check-circle description-icon-green\" aria-hidden=\"true\"><\/i><span style=\"color: #ff6600\"> Die Tische sind unmontiert<\/span><\/li>\n<li><span style=\"color: #339966\">Die Tischplatten sind nicht vorgebohrt<\/span><\/li>\n<li><span style=\"color: #ff6600\">Schrauben sind inklusive, wenn die Tischplatten zusammen mit den Untergestellen bestellt werden<\/span><\/li>\n<li><span style=\"color: #339966\">Das zur Montage ben\u00f6tigte Material ist im Karton enthalten<\/span><\/li>\n<\/ul>\n","protected":false},"excerpt":{"rendered":"<p>Neues, leichtes Material von mittlerer Qualit\u00e4t Stark reduzierter Preis! Verkauf ohne Garantie Zus\u00e4tzliche Information: Platzsparender, moderner Tisch, der sehr widerstandsf\u00e4hig<\/p>\n","protected":false},"featured_media":85881,"comment_status":"open","ping_status":"closed","template":"","meta":[],"product_brand":[],"product_cat":[10359],"product_tag":[],"class_list":{"0":"post-85880","1":"product","2":"type-product","3":"status-publish","4":"has-post-thumbnail","6":"product_cat-klapptische","7":"pa_product-frame-color-inox-frame-color-de","8":"pa_product-more-colors-ja-de","9":"pa_product-more-dimensions-ja-de","10":"pa_product-tabletop-color-inox-tabletop-color-de","11":"pa_product-usage-usage-draussen-de","13":"first","14":"instock","15":"sale","16":"taxable","17":"shipping-taxable","18":"purchasable","19":"product-type-simple"},"yoast_head":"<!-- This site is optimized with the Yoast SEO plugin v26.4 - https:\/\/yoast.com\/wordpress\/plugins\/seo\/ -->\n<title>Horeca Terrassentisch Klappbar - T251 - 60x60 Cm<\/title>\n<meta name=\"robots\" content=\"index, follow, max-snippet:-1, max-image-preview:large, max-video-preview:-1\" \/>\n<link rel=\"canonical\" href=\"https:\/\/intermob.be\/de\/produkt\/horeca-terrassentisch-klappbar-t251-60x60-cm\/\" \/>\n<meta property=\"og:locale\" content=\"de_DE\" \/>\n<meta property=\"og:type\" content=\"article\" \/>\n<meta property=\"og:title\" content=\"Horeca Terrassentisch Klappbar - T251 - 60x60 Cm\" \/>\n<meta property=\"og:description\" content=\"Neues, leichtes Material von mittlerer Qualit\u00e4t Stark reduzierter Preis! Verkauf ohne Garantie Zus\u00e4tzliche Information: Platzsparender, moderner Tisch, der sehr widerstandsf\u00e4hig\" \/>\n<meta property=\"og:url\" content=\"https:\/\/intermob.be\/de\/produkt\/horeca-terrassentisch-klappbar-t251-60x60-cm\/\" \/>\n<meta property=\"og:site_name\" content=\"Intermob Mobilier\" \/>\n<meta property=\"article:modified_time\" content=\"2024-06-19T08:11:54+00:00\" \/>\n<meta property=\"og:image\" content=\"https:\/\/intermob.be\/wp-content\/uploads\/2024\/03\/products-Horeca-Terras-Tafel-Opklapbaar-Bistro-Gk990-60x60-Cm-1-768x768-1-2.jpg\" \/>\n\t<meta property=\"og:image:width\" content=\"768\" \/>\n\t<meta property=\"og:image:height\" content=\"768\" \/>\n\t<meta property=\"og:image:type\" content=\"image\/jpeg\" \/>\n<meta name=\"twitter:card\" content=\"summary_large_image\" \/>\n<meta name=\"twitter:label1\" content=\"Gesch\u00e4tzte Lesezeit\" \/>\n\t<meta name=\"twitter:data1\" content=\"1\u00a0Minute\" \/>\n<script type=\"application\/ld+json\" class=\"yoast-schema-graph\">{\"@context\":\"https:\/\/schema.org\",\"@graph\":[{\"@type\":\"WebPage\",\"@id\":\"https:\/\/intermob.be\/de\/produkt\/horeca-terrassentisch-klappbar-t251-60x60-cm\/\",\"url\":\"https:\/\/intermob.be\/de\/produkt\/horeca-terrassentisch-klappbar-t251-60x60-cm\/\",\"name\":\"Horeca Terrassentisch Klappbar - T251 - 60x60 Cm\",\"isPartOf\":{\"@id\":\"https:\/\/intermob.be\/de\/#website\"},\"primaryImageOfPage\":{\"@id\":\"https:\/\/intermob.be\/de\/produkt\/horeca-terrassentisch-klappbar-t251-60x60-cm\/#primaryimage\"},\"image\":{\"@id\":\"https:\/\/intermob.be\/de\/produkt\/horeca-terrassentisch-klappbar-t251-60x60-cm\/#primaryimage\"},\"thumbnailUrl\":\"https:\/\/intermob.be\/wp-content\/uploads\/2024\/03\/products-Horeca-Terras-Tafel-Opklapbaar-Bistro-Gk990-60x60-Cm-1-768x768-1-2.jpg\",\"datePublished\":\"2022-08-10T13:38:56+00:00\",\"dateModified\":\"2024-06-19T08:11:54+00:00\",\"breadcrumb\":{\"@id\":\"https:\/\/intermob.be\/de\/produkt\/horeca-terrassentisch-klappbar-t251-60x60-cm\/#breadcrumb\"},\"inLanguage\":\"de\",\"potentialAction\":[{\"@type\":\"ReadAction\",\"target\":[\"https:\/\/intermob.be\/de\/produkt\/horeca-terrassentisch-klappbar-t251-60x60-cm\/\"]}]},{\"@type\":\"ImageObject\",\"inLanguage\":\"de\",\"@id\":\"https:\/\/intermob.be\/de\/produkt\/horeca-terrassentisch-klappbar-t251-60x60-cm\/#primaryimage\",\"url\":\"https:\/\/intermob.be\/wp-content\/uploads\/2024\/03\/products-Horeca-Terras-Tafel-Opklapbaar-Bistro-Gk990-60x60-Cm-1-768x768-1-2.jpg\",\"contentUrl\":\"https:\/\/intermob.be\/wp-content\/uploads\/2024\/03\/products-Horeca-Terras-Tafel-Opklapbaar-Bistro-Gk990-60x60-Cm-1-768x768-1-2.jpg\",\"width\":768,\"height\":768,\"caption\":\"Horeca-Terras-Tafel-Opklapbaar-Bistro-Gk990-60x60-Cm-1-768x768\"},{\"@type\":\"BreadcrumbList\",\"@id\":\"https:\/\/intermob.be\/de\/produkt\/horeca-terrassentisch-klappbar-t251-60x60-cm\/#breadcrumb\",\"itemListElement\":[{\"@type\":\"ListItem\",\"position\":1,\"name\":\"Home\",\"item\":\"https:\/\/intermob.be\/de\/\"},{\"@type\":\"ListItem\",\"position\":2,\"name\":\"Shop\",\"item\":\"https:\/\/intermob.be\/de\/shop\/\"},{\"@type\":\"ListItem\",\"position\":3,\"name\":\"Table De Terrasse Pliable - T251 - 60x60 Cm\"}]},{\"@type\":\"WebSite\",\"@id\":\"https:\/\/intermob.be\/de\/#website\",\"url\":\"https:\/\/intermob.be\/de\/\",\"name\":\"Intermob\",\"description\":\"\",\"publisher\":{\"@id\":\"https:\/\/intermob.be\/de\/#organization\"},\"potentialAction\":[{\"@type\":\"SearchAction\",\"target\":{\"@type\":\"EntryPoint\",\"urlTemplate\":\"https:\/\/intermob.be\/de\/?s={search_term_string}\"},\"query-input\":{\"@type\":\"PropertyValueSpecification\",\"valueRequired\":true,\"valueName\":\"search_term_string\"}}],\"inLanguage\":\"de\"},{\"@type\":\"Organization\",\"@id\":\"https:\/\/intermob.be\/de\/#organization\",\"name\":\"Intermob Mobilier\",\"url\":\"https:\/\/intermob.be\/de\/\",\"logo\":{\"@type\":\"ImageObject\",\"inLanguage\":\"de\",\"@id\":\"https:\/\/intermob.be\/de\/#\/schema\/logo\/image\/\",\"url\":\"https:\/\/intermob.be\/wp-content\/uploads\/2025\/09\/intb-bold-logo.png\",\"contentUrl\":\"https:\/\/intermob.be\/wp-content\/uploads\/2025\/09\/intb-bold-logo.png\",\"width\":480,\"height\":158,\"caption\":\"Intermob Mobilier\"},\"image\":{\"@id\":\"https:\/\/intermob.be\/de\/#\/schema\/logo\/image\/\"}}]}<\/script>\n<!-- \/ Yoast SEO plugin. -->","yoast_head_json":{"title":"Horeca Terrassentisch Klappbar - T251 - 60x60 Cm","robots":{"index":"index","follow":"follow","max-snippet":"max-snippet:-1","max-image-preview":"max-image-preview:large","max-video-preview":"max-video-preview:-1"},"canonical":"https:\/\/intermob.be\/de\/produkt\/horeca-terrassentisch-klappbar-t251-60x60-cm\/","og_locale":"de_DE","og_type":"article","og_title":"Horeca Terrassentisch Klappbar - T251 - 60x60 Cm","og_description":"Neues, leichtes Material von mittlerer Qualit\u00e4t Stark reduzierter Preis! Verkauf ohne Garantie Zus\u00e4tzliche Information: Platzsparender, moderner Tisch, der sehr widerstandsf\u00e4hig","og_url":"https:\/\/intermob.be\/de\/produkt\/horeca-terrassentisch-klappbar-t251-60x60-cm\/","og_site_name":"Intermob Mobilier","article_modified_time":"2024-06-19T08:11:54+00:00","og_image":[{"width":768,"height":768,"url":"https:\/\/intermob.be\/wp-content\/uploads\/2024\/03\/products-Horeca-Terras-Tafel-Opklapbaar-Bistro-Gk990-60x60-Cm-1-768x768-1-2.jpg","type":"image\/jpeg"}],"twitter_card":"summary_large_image","twitter_misc":{"Gesch\u00e4tzte Lesezeit":"1\u00a0Minute"},"schema":{"@context":"https:\/\/schema.org","@graph":[{"@type":"WebPage","@id":"https:\/\/intermob.be\/de\/produkt\/horeca-terrassentisch-klappbar-t251-60x60-cm\/","url":"https:\/\/intermob.be\/de\/produkt\/horeca-terrassentisch-klappbar-t251-60x60-cm\/","name":"Horeca Terrassentisch Klappbar - T251 - 60x60 Cm","isPartOf":{"@id":"https:\/\/intermob.be\/de\/#website"},"primaryImageOfPage":{"@id":"https:\/\/intermob.be\/de\/produkt\/horeca-terrassentisch-klappbar-t251-60x60-cm\/#primaryimage"},"image":{"@id":"https:\/\/intermob.be\/de\/produkt\/horeca-terrassentisch-klappbar-t251-60x60-cm\/#primaryimage"},"thumbnailUrl":"https:\/\/intermob.be\/wp-content\/uploads\/2024\/03\/products-Horeca-Terras-Tafel-Opklapbaar-Bistro-Gk990-60x60-Cm-1-768x768-1-2.jpg","datePublished":"2022-08-10T13:38:56+00:00","dateModified":"2024-06-19T08:11:54+00:00","breadcrumb":{"@id":"https:\/\/intermob.be\/de\/produkt\/horeca-terrassentisch-klappbar-t251-60x60-cm\/#breadcrumb"},"inLanguage":"de","potentialAction":[{"@type":"ReadAction","target":["https:\/\/intermob.be\/de\/produkt\/horeca-terrassentisch-klappbar-t251-60x60-cm\/"]}]},{"@type":"ImageObject","inLanguage":"de","@id":"https:\/\/intermob.be\/de\/produkt\/horeca-terrassentisch-klappbar-t251-60x60-cm\/#primaryimage","url":"https:\/\/intermob.be\/wp-content\/uploads\/2024\/03\/products-Horeca-Terras-Tafel-Opklapbaar-Bistro-Gk990-60x60-Cm-1-768x768-1-2.jpg","contentUrl":"https:\/\/intermob.be\/wp-content\/uploads\/2024\/03\/products-Horeca-Terras-Tafel-Opklapbaar-Bistro-Gk990-60x60-Cm-1-768x768-1-2.jpg","width":768,"height":768,"caption":"Horeca-Terras-Tafel-Opklapbaar-Bistro-Gk990-60x60-Cm-1-768x768"},{"@type":"BreadcrumbList","@id":"https:\/\/intermob.be\/de\/produkt\/horeca-terrassentisch-klappbar-t251-60x60-cm\/#breadcrumb","itemListElement":[{"@type":"ListItem","position":1,"name":"Home","item":"https:\/\/intermob.be\/de\/"},{"@type":"ListItem","position":2,"name":"Shop","item":"https:\/\/intermob.be\/de\/shop\/"},{"@type":"ListItem","position":3,"name":"Table De Terrasse Pliable - T251 - 60x60 Cm"}]},{"@type":"WebSite","@id":"https:\/\/intermob.be\/de\/#website","url":"https:\/\/intermob.be\/de\/","name":"Intermob","description":"","publisher":{"@id":"https:\/\/intermob.be\/de\/#organization"},"potentialAction":[{"@type":"SearchAction","target":{"@type":"EntryPoint","urlTemplate":"https:\/\/intermob.be\/de\/?s={search_term_string}"},"query-input":{"@type":"PropertyValueSpecification","valueRequired":true,"valueName":"search_term_string"}}],"inLanguage":"de"},{"@type":"Organization","@id":"https:\/\/intermob.be\/de\/#organization","name":"Intermob Mobilier","url":"https:\/\/intermob.be\/de\/","logo":{"@type":"ImageObject","inLanguage":"de","@id":"https:\/\/intermob.be\/de\/#\/schema\/logo\/image\/","url":"https:\/\/intermob.be\/wp-content\/uploads\/2025\/09\/intb-bold-logo.png","contentUrl":"https:\/\/intermob.be\/wp-content\/uploads\/2025\/09\/intb-bold-logo.png","width":480,"height":158,"caption":"Intermob Mobilier"},"image":{"@id":"https:\/\/intermob.be\/de\/#\/schema\/logo\/image\/"}}]}},"_links":{"self":[{"href":"https:\/\/intermob.be\/de\/wp-json\/wp\/v2\/product\/85880","targetHints":{"allow":["GET"]}}],"collection":[{"href":"https:\/\/intermob.be\/de\/wp-json\/wp\/v2\/product"}],"about":[{"href":"https:\/\/intermob.be\/de\/wp-json\/wp\/v2\/types\/product"}],"replies":[{"embeddable":true,"href":"https:\/\/intermob.be\/de\/wp-json\/wp\/v2\/comments?post=85880"}],"version-history":[{"count":0,"href":"https:\/\/intermob.be\/de\/wp-json\/wp\/v2\/product\/85880\/revisions"}],"wp:featuredmedia":[{"embeddable":true,"href":"https:\/\/intermob.be\/de\/wp-json\/wp\/v2\/media\/85881"}],"wp:attachment":[{"href":"https:\/\/intermob.be\/de\/wp-json\/wp\/v2\/media?parent=85880"}],"wp:term":[{"taxonomy":"product_brand","embeddable":true,"href":"https:\/\/intermob.be\/de\/wp-json\/wp\/v2\/product_brand?post=85880"},{"taxonomy":"product_cat","embeddable":true,"href":"https:\/\/intermob.be\/de\/wp-json\/wp\/v2\/product_cat?post=85880"},{"taxonomy":"product_tag","embeddable":true,"href":"https:\/\/intermob.be\/de\/wp-json\/wp\/v2\/product_tag?post=85880"}],"curies":[{"name":"wp","href":"https:\/\/api.w.org\/{rel}","templated":true}]}}