{"id":85960,"date":"2022-09-07T13:17:33","date_gmt":"2022-09-07T13:17:33","guid":{"rendered":"https:\/\/intermob.be\/?post_type=product&#038;p=85960"},"modified":"2025-09-19T07:57:09","modified_gmt":"2025-09-19T07:57:09","slug":"horeca-sitzbank-snooker","status":"publish","type":"product","link":"https:\/\/intermob.be\/de\/produkt\/horeca-sitzbank-snooker\/","title":{"rendered":"B\u00e4nke - Snooker - Mikrofaser"},"content":{"rendered":"<p><span style=\"color: #000000;\">Dieses stilvolle Mikrofaser-Sofa mit einem wengefarbenen MDF-Rahmen und hoher R\u00fcckenlehne bietet unvergleichlichen Komfort. Der halbmondf\u00f6rmige Sitz sorgt f\u00fcr eine einladende und einzigartige Form, perfekt f\u00fcr Gastronomiebetriebe, die Luxus und Eleganz suchen. Ideal, um den G\u00e4sten ein komfortables und auff\u00e4lliges Sitzerlebnis zu bieten!<\/span><\/p>\n<p><span style=\"color: #000000;\">Aufmerksamkeit ! Die Ma\u00dfe der B\u00e4nke k\u00f6nnen je nach verwendetem Material um 1 bis 2 cm variieren.<\/span><\/p>\n","protected":false},"excerpt":{"rendered":"<p>Dieses stilvolle Mikrofaser-Sofa mit einem wengefarbenen MDF-Rahmen und hoher R\u00fcckenlehne bietet unvergleichlichen Komfort. Der halbmondf\u00f6rmige Sitz sorgt f\u00fcr eine einladende<\/p>\n","protected":false},"featured_media":85961,"comment_status":"open","ping_status":"closed","template":"","meta":[],"product_brand":[],"product_cat":[10287],"product_tag":[],"class_list":{"0":"post-85960","1":"product","2":"type-product","3":"status-publish","4":"has-post-thumbnail","6":"product_cat-snooker-bank","7":"pa_product-color-color-cognac-de","8":"pa_product-frame-color-wenge-frame-color-de","9":"pa_product-more-colors-ja-de","10":"pa_product-more-dimensions-ja-de","11":"pa_product-seat-height-cm-51-seat-height-cm-de","12":"pa_product-seats-5-seats-de","13":"pa_product-upholstery-upholstery-mikrofaser-de","14":"pa_product-usage-usage-innen-de","16":"first","17":"outofstock","18":"sale","19":"taxable","20":"shipping-taxable","21":"purchasable","22":"product-type-simple"},"yoast_head":"<!-- This site is optimized with the Yoast SEO plugin v26.4 - https:\/\/yoast.com\/wordpress\/plugins\/seo\/ -->\n<title>Horeca Essbank - Snooker - Mikrofaser<\/title>\n<meta name=\"description\" content=\"Snooker-Sofa im Vintage-Stil mit Wildlederbezug und MDF-Rahmen. F\u00fcnf-Sitzer-Sofa. Abmessungen 215 x 57 x 102 cm und H\u00f6he 51 cm.\" \/>\n<meta name=\"robots\" content=\"index, follow, max-snippet:-1, max-image-preview:large, max-video-preview:-1\" \/>\n<link rel=\"canonical\" href=\"https:\/\/intermob.be\/de\/produkt\/horeca-sitzbank-snooker\/\" \/>\n<meta property=\"og:locale\" content=\"de_DE\" \/>\n<meta property=\"og:type\" content=\"article\" \/>\n<meta property=\"og:title\" content=\"Horeca Essbank - Snooker - Mikrofaser\" \/>\n<meta property=\"og:description\" content=\"Snooker-Sofa im Vintage-Stil mit Wildlederbezug und MDF-Rahmen. F\u00fcnf-Sitzer-Sofa. Abmessungen 215 x 57 x 102 cm und H\u00f6he 51 cm.\" \/>\n<meta property=\"og:url\" content=\"https:\/\/intermob.be\/de\/produkt\/horeca-sitzbank-snooker\/\" \/>\n<meta property=\"og:site_name\" content=\"Intermob Mobilier\" \/>\n<meta property=\"article:modified_time\" content=\"2025-09-19T07:57:09+00:00\" \/>\n<meta property=\"og:image\" content=\"https:\/\/intermob.be\/wp-content\/uploads\/2024\/03\/products-Horeca-Eetbank-Snooker-Vintage-Cognac-24-2.jpg\" \/>\n\t<meta property=\"og:image:width\" content=\"800\" \/>\n\t<meta property=\"og:image:height\" content=\"800\" \/>\n\t<meta property=\"og:image:type\" content=\"image\/jpeg\" \/>\n<meta name=\"twitter:card\" content=\"summary_large_image\" \/>\n<meta name=\"twitter:label1\" content=\"Gesch\u00e4tzte Lesezeit\" \/>\n\t<meta name=\"twitter:data1\" content=\"1\u00a0Minute\" \/>\n<script type=\"application\/ld+json\" class=\"yoast-schema-graph\">{\"@context\":\"https:\/\/schema.org\",\"@graph\":[{\"@type\":\"WebPage\",\"@id\":\"https:\/\/intermob.be\/de\/produkt\/horeca-sitzbank-snooker\/\",\"url\":\"https:\/\/intermob.be\/de\/produkt\/horeca-sitzbank-snooker\/\",\"name\":\"Horeca Essbank - Snooker - Mikrofaser\",\"isPartOf\":{\"@id\":\"https:\/\/intermob.be\/de\/#website\"},\"primaryImageOfPage\":{\"@id\":\"https:\/\/intermob.be\/de\/produkt\/horeca-sitzbank-snooker\/#primaryimage\"},\"image\":{\"@id\":\"https:\/\/intermob.be\/de\/produkt\/horeca-sitzbank-snooker\/#primaryimage\"},\"thumbnailUrl\":\"https:\/\/intermob.be\/wp-content\/uploads\/2024\/03\/products-Horeca-Eetbank-Snooker-Vintage-Cognac-24-2.jpg\",\"datePublished\":\"2022-09-07T13:17:33+00:00\",\"dateModified\":\"2025-09-19T07:57:09+00:00\",\"description\":\"Snooker-Sofa im Vintage-Stil mit Wildlederbezug und MDF-Rahmen. F\u00fcnf-Sitzer-Sofa. Abmessungen 215 x 57 x 102 cm und H\u00f6he 51 cm.\",\"breadcrumb\":{\"@id\":\"https:\/\/intermob.be\/de\/produkt\/horeca-sitzbank-snooker\/#breadcrumb\"},\"inLanguage\":\"de\",\"potentialAction\":[{\"@type\":\"ReadAction\",\"target\":[\"https:\/\/intermob.be\/de\/produkt\/horeca-sitzbank-snooker\/\"]}]},{\"@type\":\"ImageObject\",\"inLanguage\":\"de\",\"@id\":\"https:\/\/intermob.be\/de\/produkt\/horeca-sitzbank-snooker\/#primaryimage\",\"url\":\"https:\/\/intermob.be\/wp-content\/uploads\/2024\/03\/products-Horeca-Eetbank-Snooker-Vintage-Cognac-24-2.jpg\",\"contentUrl\":\"https:\/\/intermob.be\/wp-content\/uploads\/2024\/03\/products-Horeca-Eetbank-Snooker-Vintage-Cognac-24-2.jpg\",\"width\":800,\"height\":800,\"caption\":\"Horeca Eetbank - Snooker - Vintage-Cognac 24\"},{\"@type\":\"BreadcrumbList\",\"@id\":\"https:\/\/intermob.be\/de\/produkt\/horeca-sitzbank-snooker\/#breadcrumb\",\"itemListElement\":[{\"@type\":\"ListItem\",\"position\":1,\"name\":\"Home\",\"item\":\"https:\/\/intermob.be\/de\/\"},{\"@type\":\"ListItem\",\"position\":2,\"name\":\"Shop\",\"item\":\"https:\/\/intermob.be\/de\/shop\/\"},{\"@type\":\"ListItem\",\"position\":3,\"name\":\"Horeca Essbank &#8211; Snooker &#8211; Mikrofaser\"}]},{\"@type\":\"WebSite\",\"@id\":\"https:\/\/intermob.be\/de\/#website\",\"url\":\"https:\/\/intermob.be\/de\/\",\"name\":\"Intermob\",\"description\":\"\",\"publisher\":{\"@id\":\"https:\/\/intermob.be\/de\/#organization\"},\"potentialAction\":[{\"@type\":\"SearchAction\",\"target\":{\"@type\":\"EntryPoint\",\"urlTemplate\":\"https:\/\/intermob.be\/de\/?s={search_term_string}\"},\"query-input\":{\"@type\":\"PropertyValueSpecification\",\"valueRequired\":true,\"valueName\":\"search_term_string\"}}],\"inLanguage\":\"de\"},{\"@type\":\"Organization\",\"@id\":\"https:\/\/intermob.be\/de\/#organization\",\"name\":\"Intermob Mobilier\",\"url\":\"https:\/\/intermob.be\/de\/\",\"logo\":{\"@type\":\"ImageObject\",\"inLanguage\":\"de\",\"@id\":\"https:\/\/intermob.be\/de\/#\/schema\/logo\/image\/\",\"url\":\"https:\/\/intermob.be\/wp-content\/uploads\/2025\/09\/intb-bold-logo.png\",\"contentUrl\":\"https:\/\/intermob.be\/wp-content\/uploads\/2025\/09\/intb-bold-logo.png\",\"width\":480,\"height\":158,\"caption\":\"Intermob Mobilier\"},\"image\":{\"@id\":\"https:\/\/intermob.be\/de\/#\/schema\/logo\/image\/\"}}]}<\/script>\n<!-- \/ Yoast SEO plugin. -->","yoast_head_json":{"title":"Horeca Essbank - Snooker - Mikrofaser","description":"Snooker-Sofa im Vintage-Stil mit Wildlederbezug und MDF-Rahmen. F\u00fcnf-Sitzer-Sofa. Abmessungen 215 x 57 x 102 cm und H\u00f6he 51 cm.","robots":{"index":"index","follow":"follow","max-snippet":"max-snippet:-1","max-image-preview":"max-image-preview:large","max-video-preview":"max-video-preview:-1"},"canonical":"https:\/\/intermob.be\/de\/produkt\/horeca-sitzbank-snooker\/","og_locale":"de_DE","og_type":"article","og_title":"Horeca Essbank - Snooker - Mikrofaser","og_description":"Snooker-Sofa im Vintage-Stil mit Wildlederbezug und MDF-Rahmen. F\u00fcnf-Sitzer-Sofa. Abmessungen 215 x 57 x 102 cm und H\u00f6he 51 cm.","og_url":"https:\/\/intermob.be\/de\/produkt\/horeca-sitzbank-snooker\/","og_site_name":"Intermob Mobilier","article_modified_time":"2025-09-19T07:57:09+00:00","og_image":[{"width":800,"height":800,"url":"https:\/\/intermob.be\/wp-content\/uploads\/2024\/03\/products-Horeca-Eetbank-Snooker-Vintage-Cognac-24-2.jpg","type":"image\/jpeg"}],"twitter_card":"summary_large_image","twitter_misc":{"Gesch\u00e4tzte Lesezeit":"1\u00a0Minute"},"schema":{"@context":"https:\/\/schema.org","@graph":[{"@type":"WebPage","@id":"https:\/\/intermob.be\/de\/produkt\/horeca-sitzbank-snooker\/","url":"https:\/\/intermob.be\/de\/produkt\/horeca-sitzbank-snooker\/","name":"Horeca Essbank - Snooker - Mikrofaser","isPartOf":{"@id":"https:\/\/intermob.be\/de\/#website"},"primaryImageOfPage":{"@id":"https:\/\/intermob.be\/de\/produkt\/horeca-sitzbank-snooker\/#primaryimage"},"image":{"@id":"https:\/\/intermob.be\/de\/produkt\/horeca-sitzbank-snooker\/#primaryimage"},"thumbnailUrl":"https:\/\/intermob.be\/wp-content\/uploads\/2024\/03\/products-Horeca-Eetbank-Snooker-Vintage-Cognac-24-2.jpg","datePublished":"2022-09-07T13:17:33+00:00","dateModified":"2025-09-19T07:57:09+00:00","description":"Snooker-Sofa im Vintage-Stil mit Wildlederbezug und MDF-Rahmen. F\u00fcnf-Sitzer-Sofa. Abmessungen 215 x 57 x 102 cm und H\u00f6he 51 cm.","breadcrumb":{"@id":"https:\/\/intermob.be\/de\/produkt\/horeca-sitzbank-snooker\/#breadcrumb"},"inLanguage":"de","potentialAction":[{"@type":"ReadAction","target":["https:\/\/intermob.be\/de\/produkt\/horeca-sitzbank-snooker\/"]}]},{"@type":"ImageObject","inLanguage":"de","@id":"https:\/\/intermob.be\/de\/produkt\/horeca-sitzbank-snooker\/#primaryimage","url":"https:\/\/intermob.be\/wp-content\/uploads\/2024\/03\/products-Horeca-Eetbank-Snooker-Vintage-Cognac-24-2.jpg","contentUrl":"https:\/\/intermob.be\/wp-content\/uploads\/2024\/03\/products-Horeca-Eetbank-Snooker-Vintage-Cognac-24-2.jpg","width":800,"height":800,"caption":"Horeca Eetbank - Snooker - Vintage-Cognac 24"},{"@type":"BreadcrumbList","@id":"https:\/\/intermob.be\/de\/produkt\/horeca-sitzbank-snooker\/#breadcrumb","itemListElement":[{"@type":"ListItem","position":1,"name":"Home","item":"https:\/\/intermob.be\/de\/"},{"@type":"ListItem","position":2,"name":"Shop","item":"https:\/\/intermob.be\/de\/shop\/"},{"@type":"ListItem","position":3,"name":"Horeca Essbank &#8211; Snooker &#8211; Mikrofaser"}]},{"@type":"WebSite","@id":"https:\/\/intermob.be\/de\/#website","url":"https:\/\/intermob.be\/de\/","name":"Intermob","description":"","publisher":{"@id":"https:\/\/intermob.be\/de\/#organization"},"potentialAction":[{"@type":"SearchAction","target":{"@type":"EntryPoint","urlTemplate":"https:\/\/intermob.be\/de\/?s={search_term_string}"},"query-input":{"@type":"PropertyValueSpecification","valueRequired":true,"valueName":"search_term_string"}}],"inLanguage":"de"},{"@type":"Organization","@id":"https:\/\/intermob.be\/de\/#organization","name":"Intermob Mobilier","url":"https:\/\/intermob.be\/de\/","logo":{"@type":"ImageObject","inLanguage":"de","@id":"https:\/\/intermob.be\/de\/#\/schema\/logo\/image\/","url":"https:\/\/intermob.be\/wp-content\/uploads\/2025\/09\/intb-bold-logo.png","contentUrl":"https:\/\/intermob.be\/wp-content\/uploads\/2025\/09\/intb-bold-logo.png","width":480,"height":158,"caption":"Intermob Mobilier"},"image":{"@id":"https:\/\/intermob.be\/de\/#\/schema\/logo\/image\/"}}]}},"_links":{"self":[{"href":"https:\/\/intermob.be\/de\/wp-json\/wp\/v2\/product\/85960","targetHints":{"allow":["GET"]}}],"collection":[{"href":"https:\/\/intermob.be\/de\/wp-json\/wp\/v2\/product"}],"about":[{"href":"https:\/\/intermob.be\/de\/wp-json\/wp\/v2\/types\/product"}],"replies":[{"embeddable":true,"href":"https:\/\/intermob.be\/de\/wp-json\/wp\/v2\/comments?post=85960"}],"version-history":[{"count":0,"href":"https:\/\/intermob.be\/de\/wp-json\/wp\/v2\/product\/85960\/revisions"}],"wp:featuredmedia":[{"embeddable":true,"href":"https:\/\/intermob.be\/de\/wp-json\/wp\/v2\/media\/85961"}],"wp:attachment":[{"href":"https:\/\/intermob.be\/de\/wp-json\/wp\/v2\/media?parent=85960"}],"wp:term":[{"taxonomy":"product_brand","embeddable":true,"href":"https:\/\/intermob.be\/de\/wp-json\/wp\/v2\/product_brand?post=85960"},{"taxonomy":"product_cat","embeddable":true,"href":"https:\/\/intermob.be\/de\/wp-json\/wp\/v2\/product_cat?post=85960"},{"taxonomy":"product_tag","embeddable":true,"href":"https:\/\/intermob.be\/de\/wp-json\/wp\/v2\/product_tag?post=85960"}],"curies":[{"name":"wp","href":"https:\/\/api.w.org\/{rel}","templated":true}]}}