{"id":86166,"date":"2022-10-03T06:36:41","date_gmt":"2022-10-03T06:36:41","guid":{"rendered":"https:\/\/intermob.be\/?post_type=product&#038;p=86166"},"modified":"2025-06-26T13:26:34","modified_gmt":"2025-06-26T13:26:34","slug":"horeca-stapelstuhl-stack","status":"publish","type":"product","link":"https:\/\/intermob.be\/de\/produkt\/horeca-stapelstuhl-stack\/","title":{"rendered":"Stapelstuhl - Stack - Stoff"},"content":{"rendered":"<div id=\"tw-target\">\n<div id=\"tw-target-text-container\">\n<p><span style=\"color: #000000;\">Dieser stilvolle Polyesterstuhl ist in den Farben Schwarz, Rot und Blau erh\u00e4ltlich. Das Design mit einem stabilen grauen Metallrahmen bietet sowohl Haltbarkeit als auch Stabilit\u00e4t. Sitz und R\u00fcckenlehne sind mit hochwertigem Polyesterstoff bezogen, was zus\u00e4tzlichen Komfort und eine elegante Optik verleiht.<\/span><\/p>\n<p><span style=\"color: #000000;\">Dieser umweltfreundliche stapelbare Stuhl ist eine leichte L\u00f6sung und kann bis zu 17 St\u00fchle hoch gestapelt werden. Ideal f\u00fcr Kantinen, Konferenzr\u00e4ume und Gastronomiebetriebe mit wechselndem Sitzbedarf. Der Stuhl bietet Komfort durch den mit Schaumstoff gepolsterten Sitz, bezogen mit M\u00f6belstoff. Das Gestell besteht aus quadratischen Rohren von 20 x 20 x 1,2 mm, und Sto\u00dfd\u00e4mpfer verhindern Kratzer beim Stapeln.<\/span><\/p>\n<p><span style=\"color: #000000;\">Mit seinen praktischen Eigenschaften ist dieser Stuhl ideal f\u00fcr den intensiven Einsatz in Gastronomiebetrieben wie Restaurants, Caf\u00e9s und Hotels. Schaffen Sie eine einladende und moderne Atmosph\u00e4re f\u00fcr Ihre G\u00e4ste mit diesem vielseitigen und bequemen Stuhl, der perfekt ist, um jeden Einrichtungsstil zu erg\u00e4nzen.<\/span><\/p>\n<\/div>\n<\/div>\n","protected":false},"excerpt":{"rendered":"<p>Dieser stilvolle Polyesterstuhl ist in den Farben Schwarz, Rot und Blau erh\u00e4ltlich. Das Design mit einem stabilen grauen Metallrahmen bietet<\/p>\n","protected":false},"featured_media":72167,"comment_status":"open","ping_status":"closed","template":"","meta":[],"product_brand":[],"product_cat":[10043],"product_tag":[17392,17388,17389,17390],"class_list":{"0":"post-86166","1":"product","2":"type-product","3":"status-publish","4":"has-post-thumbnail","6":"product_cat-staphel-stuhle","7":"product_tag-meubles-horeca","8":"product_tag-horeca-furniture","9":"product_tag-horeca-meubelen","10":"product_tag-horeca-moebel","11":"pa_armrest-armrest-nein-de","12":"pa_frame-stapelbar-frame-de","13":"pa_product-color-color-schwarz-de","14":"pa_product-color-color-rot-de","15":"pa_product-color-color-blau-de","16":"pa_product-frame-color-grau-frame-color-de","17":"pa_product-material-metallrahmen-material-de","18":"pa_product-more-colors-ja-de","19":"pa_product-seat-height-cm-49-seat-height-cm-de","20":"pa_product-seats-1-seats-de","21":"pa_product-upholstery-upholstery-stoff-de","22":"pa_product-usage-usage-innen-de","24":"first","25":"instock","26":"sale","27":"featured","28":"taxable","29":"shipping-taxable","30":"purchasable","31":"product-type-variable","32":"hc-var-color"},"yoast_head":"<!-- This site is optimized with the Yoast SEO plugin v26.4 - https:\/\/yoast.com\/wordpress\/plugins\/seo\/ -->\n<title>Horeca Stapelstuhl - Stack - Stoff<\/title>\n<meta name=\"robots\" content=\"index, follow, max-snippet:-1, max-image-preview:large, max-video-preview:-1\" \/>\n<link rel=\"canonical\" href=\"https:\/\/intermob.be\/de\/produkt\/horeca-stapelstuhl-stack\/\" \/>\n<meta property=\"og:locale\" content=\"de_DE\" \/>\n<meta property=\"og:type\" content=\"article\" \/>\n<meta property=\"og:title\" content=\"Horeca Stapelstuhl - Stack - Stoff\" \/>\n<meta property=\"og:description\" content=\"Dieser stilvolle Polyesterstuhl ist in den Farben Schwarz, Rot und Blau erh\u00e4ltlich. Das Design mit einem stabilen grauen Metallrahmen bietet\" \/>\n<meta property=\"og:url\" content=\"https:\/\/intermob.be\/de\/produkt\/horeca-stapelstuhl-stack\/\" \/>\n<meta property=\"og:site_name\" content=\"Intermob Mobilier\" \/>\n<meta property=\"article:modified_time\" content=\"2025-06-26T13:26:34+00:00\" \/>\n<meta property=\"og:image\" content=\"https:\/\/intermob.be\/wp-content\/uploads\/2024\/03\/products-Horeca-Stoel-\u2013-Stack-\u2013-Zwart-2.jpg\" \/>\n\t<meta property=\"og:image:width\" content=\"800\" \/>\n\t<meta property=\"og:image:height\" content=\"800\" \/>\n\t<meta property=\"og:image:type\" content=\"image\/jpeg\" \/>\n<meta name=\"twitter:card\" content=\"summary_large_image\" \/>\n<meta name=\"twitter:label1\" content=\"Gesch\u00e4tzte Lesezeit\" \/>\n\t<meta name=\"twitter:data1\" content=\"1\u00a0Minute\" \/>\n<script type=\"application\/ld+json\" class=\"yoast-schema-graph\">{\"@context\":\"https:\/\/schema.org\",\"@graph\":[{\"@type\":\"WebPage\",\"@id\":\"https:\/\/intermob.be\/de\/produkt\/horeca-stapelstuhl-stack\/\",\"url\":\"https:\/\/intermob.be\/de\/produkt\/horeca-stapelstuhl-stack\/\",\"name\":\"Horeca Stapelstuhl - Stack - Stoff\",\"isPartOf\":{\"@id\":\"https:\/\/intermob.be\/de\/#website\"},\"primaryImageOfPage\":{\"@id\":\"https:\/\/intermob.be\/de\/produkt\/horeca-stapelstuhl-stack\/#primaryimage\"},\"image\":{\"@id\":\"https:\/\/intermob.be\/de\/produkt\/horeca-stapelstuhl-stack\/#primaryimage\"},\"thumbnailUrl\":\"https:\/\/intermob.be\/wp-content\/uploads\/2024\/03\/products-Horeca-Stoel-\u2013-Stack-\u2013-Zwart-2.jpg\",\"datePublished\":\"2022-10-03T06:36:41+00:00\",\"dateModified\":\"2025-06-26T13:26:34+00:00\",\"breadcrumb\":{\"@id\":\"https:\/\/intermob.be\/de\/produkt\/horeca-stapelstuhl-stack\/#breadcrumb\"},\"inLanguage\":\"de\",\"potentialAction\":[{\"@type\":\"ReadAction\",\"target\":[\"https:\/\/intermob.be\/de\/produkt\/horeca-stapelstuhl-stack\/\"]}]},{\"@type\":\"ImageObject\",\"inLanguage\":\"de\",\"@id\":\"https:\/\/intermob.be\/de\/produkt\/horeca-stapelstuhl-stack\/#primaryimage\",\"url\":\"https:\/\/intermob.be\/wp-content\/uploads\/2024\/03\/products-Horeca-Stoel-\u2013-Stack-\u2013-Zwart-2.jpg\",\"contentUrl\":\"https:\/\/intermob.be\/wp-content\/uploads\/2024\/03\/products-Horeca-Stoel-\u2013-Stack-\u2013-Zwart-2.jpg\",\"width\":800,\"height\":800,\"caption\":\"Horeca Stoel \u2013 Stack \u2013 Zwart\"},{\"@type\":\"BreadcrumbList\",\"@id\":\"https:\/\/intermob.be\/de\/produkt\/horeca-stapelstuhl-stack\/#breadcrumb\",\"itemListElement\":[{\"@type\":\"ListItem\",\"position\":1,\"name\":\"Home\",\"item\":\"https:\/\/intermob.be\/de\/\"},{\"@type\":\"ListItem\",\"position\":2,\"name\":\"Shop\",\"item\":\"https:\/\/intermob.be\/de\/shop\/\"},{\"@type\":\"ListItem\",\"position\":3,\"name\":\"Horeca Stapelstuhl &#8211; Stack &#8211; Stoff\"}]},{\"@type\":\"WebSite\",\"@id\":\"https:\/\/intermob.be\/de\/#website\",\"url\":\"https:\/\/intermob.be\/de\/\",\"name\":\"Intermob\",\"description\":\"\",\"publisher\":{\"@id\":\"https:\/\/intermob.be\/de\/#organization\"},\"potentialAction\":[{\"@type\":\"SearchAction\",\"target\":{\"@type\":\"EntryPoint\",\"urlTemplate\":\"https:\/\/intermob.be\/de\/?s={search_term_string}\"},\"query-input\":{\"@type\":\"PropertyValueSpecification\",\"valueRequired\":true,\"valueName\":\"search_term_string\"}}],\"inLanguage\":\"de\"},{\"@type\":\"Organization\",\"@id\":\"https:\/\/intermob.be\/de\/#organization\",\"name\":\"Intermob Mobilier\",\"url\":\"https:\/\/intermob.be\/de\/\",\"logo\":{\"@type\":\"ImageObject\",\"inLanguage\":\"de\",\"@id\":\"https:\/\/intermob.be\/de\/#\/schema\/logo\/image\/\",\"url\":\"https:\/\/intermob.be\/wp-content\/uploads\/2025\/09\/intb-bold-logo.png\",\"contentUrl\":\"https:\/\/intermob.be\/wp-content\/uploads\/2025\/09\/intb-bold-logo.png\",\"width\":480,\"height\":158,\"caption\":\"Intermob Mobilier\"},\"image\":{\"@id\":\"https:\/\/intermob.be\/de\/#\/schema\/logo\/image\/\"}}]}<\/script>\n<!-- \/ Yoast SEO plugin. -->","yoast_head_json":{"title":"Horeca Stapelstuhl - Stack - Stoff","robots":{"index":"index","follow":"follow","max-snippet":"max-snippet:-1","max-image-preview":"max-image-preview:large","max-video-preview":"max-video-preview:-1"},"canonical":"https:\/\/intermob.be\/de\/produkt\/horeca-stapelstuhl-stack\/","og_locale":"de_DE","og_type":"article","og_title":"Horeca Stapelstuhl - Stack - Stoff","og_description":"Dieser stilvolle Polyesterstuhl ist in den Farben Schwarz, Rot und Blau erh\u00e4ltlich. Das Design mit einem stabilen grauen Metallrahmen bietet","og_url":"https:\/\/intermob.be\/de\/produkt\/horeca-stapelstuhl-stack\/","og_site_name":"Intermob Mobilier","article_modified_time":"2025-06-26T13:26:34+00:00","og_image":[{"width":800,"height":800,"url":"https:\/\/intermob.be\/wp-content\/uploads\/2024\/03\/products-Horeca-Stoel-\u2013-Stack-\u2013-Zwart-2.jpg","type":"image\/jpeg"}],"twitter_card":"summary_large_image","twitter_misc":{"Gesch\u00e4tzte Lesezeit":"1\u00a0Minute"},"schema":{"@context":"https:\/\/schema.org","@graph":[{"@type":"WebPage","@id":"https:\/\/intermob.be\/de\/produkt\/horeca-stapelstuhl-stack\/","url":"https:\/\/intermob.be\/de\/produkt\/horeca-stapelstuhl-stack\/","name":"Horeca Stapelstuhl - Stack - Stoff","isPartOf":{"@id":"https:\/\/intermob.be\/de\/#website"},"primaryImageOfPage":{"@id":"https:\/\/intermob.be\/de\/produkt\/horeca-stapelstuhl-stack\/#primaryimage"},"image":{"@id":"https:\/\/intermob.be\/de\/produkt\/horeca-stapelstuhl-stack\/#primaryimage"},"thumbnailUrl":"https:\/\/intermob.be\/wp-content\/uploads\/2024\/03\/products-Horeca-Stoel-\u2013-Stack-\u2013-Zwart-2.jpg","datePublished":"2022-10-03T06:36:41+00:00","dateModified":"2025-06-26T13:26:34+00:00","breadcrumb":{"@id":"https:\/\/intermob.be\/de\/produkt\/horeca-stapelstuhl-stack\/#breadcrumb"},"inLanguage":"de","potentialAction":[{"@type":"ReadAction","target":["https:\/\/intermob.be\/de\/produkt\/horeca-stapelstuhl-stack\/"]}]},{"@type":"ImageObject","inLanguage":"de","@id":"https:\/\/intermob.be\/de\/produkt\/horeca-stapelstuhl-stack\/#primaryimage","url":"https:\/\/intermob.be\/wp-content\/uploads\/2024\/03\/products-Horeca-Stoel-\u2013-Stack-\u2013-Zwart-2.jpg","contentUrl":"https:\/\/intermob.be\/wp-content\/uploads\/2024\/03\/products-Horeca-Stoel-\u2013-Stack-\u2013-Zwart-2.jpg","width":800,"height":800,"caption":"Horeca Stoel \u2013 Stack \u2013 Zwart"},{"@type":"BreadcrumbList","@id":"https:\/\/intermob.be\/de\/produkt\/horeca-stapelstuhl-stack\/#breadcrumb","itemListElement":[{"@type":"ListItem","position":1,"name":"Home","item":"https:\/\/intermob.be\/de\/"},{"@type":"ListItem","position":2,"name":"Shop","item":"https:\/\/intermob.be\/de\/shop\/"},{"@type":"ListItem","position":3,"name":"Horeca Stapelstuhl &#8211; Stack &#8211; Stoff"}]},{"@type":"WebSite","@id":"https:\/\/intermob.be\/de\/#website","url":"https:\/\/intermob.be\/de\/","name":"Intermob","description":"","publisher":{"@id":"https:\/\/intermob.be\/de\/#organization"},"potentialAction":[{"@type":"SearchAction","target":{"@type":"EntryPoint","urlTemplate":"https:\/\/intermob.be\/de\/?s={search_term_string}"},"query-input":{"@type":"PropertyValueSpecification","valueRequired":true,"valueName":"search_term_string"}}],"inLanguage":"de"},{"@type":"Organization","@id":"https:\/\/intermob.be\/de\/#organization","name":"Intermob Mobilier","url":"https:\/\/intermob.be\/de\/","logo":{"@type":"ImageObject","inLanguage":"de","@id":"https:\/\/intermob.be\/de\/#\/schema\/logo\/image\/","url":"https:\/\/intermob.be\/wp-content\/uploads\/2025\/09\/intb-bold-logo.png","contentUrl":"https:\/\/intermob.be\/wp-content\/uploads\/2025\/09\/intb-bold-logo.png","width":480,"height":158,"caption":"Intermob Mobilier"},"image":{"@id":"https:\/\/intermob.be\/de\/#\/schema\/logo\/image\/"}}]}},"_links":{"self":[{"href":"https:\/\/intermob.be\/de\/wp-json\/wp\/v2\/product\/86166","targetHints":{"allow":["GET"]}}],"collection":[{"href":"https:\/\/intermob.be\/de\/wp-json\/wp\/v2\/product"}],"about":[{"href":"https:\/\/intermob.be\/de\/wp-json\/wp\/v2\/types\/product"}],"replies":[{"embeddable":true,"href":"https:\/\/intermob.be\/de\/wp-json\/wp\/v2\/comments?post=86166"}],"version-history":[{"count":0,"href":"https:\/\/intermob.be\/de\/wp-json\/wp\/v2\/product\/86166\/revisions"}],"wp:featuredmedia":[{"embeddable":true,"href":"https:\/\/intermob.be\/de\/wp-json\/wp\/v2\/media\/72167"}],"wp:attachment":[{"href":"https:\/\/intermob.be\/de\/wp-json\/wp\/v2\/media?parent=86166"}],"wp:term":[{"taxonomy":"product_brand","embeddable":true,"href":"https:\/\/intermob.be\/de\/wp-json\/wp\/v2\/product_brand?post=86166"},{"taxonomy":"product_cat","embeddable":true,"href":"https:\/\/intermob.be\/de\/wp-json\/wp\/v2\/product_cat?post=86166"},{"taxonomy":"product_tag","embeddable":true,"href":"https:\/\/intermob.be\/de\/wp-json\/wp\/v2\/product_tag?post=86166"}],"curies":[{"name":"wp","href":"https:\/\/api.w.org\/{rel}","templated":true}]}}