{"id":86898,"date":"2022-12-12T08:18:42","date_gmt":"2022-12-12T08:18:42","guid":{"rendered":"https:\/\/intermob.be\/?post_type=product&#038;p=86898"},"modified":"2026-04-17T13:15:21","modified_gmt":"2026-04-17T13:15:21","slug":"horeca-stuhl-samt-camille","status":"publish","type":"product","link":"https:\/\/intermob.be\/de\/produkt\/horeca-stuhl-samt-camille\/","title":{"rendered":"Sessel - Camille - Samt"},"content":{"rendered":"<p><span style=\"color: #000000\">Bringen Sie einen Hauch von Luxus und Raffinesse in Ihr Interieur mit diesem Samtsessel, erh\u00e4ltlich in trendigen Farben wie Grau, Gr\u00fcn, Gold, Blau und Altrosa, wundersch\u00f6n kombiniert mit einem stabilen schwarzen Metallrahmen. Der weiche Samtbezug sorgt nicht nur f\u00fcr ein komfortables Sitzerlebnis, sondern strahlt auch eine reiche Optik aus, die perfekt in zeitgen\u00f6ssische Restaurants, Caf\u00e9s oder stilvolle Gastronomiebetriebe passt. Begr\u00fc\u00dfen Sie Ihre G\u00e4ste mit einem M\u00f6belst\u00fcck, das Komfort und Stil vereint und einen bleibenden Eindruck hinterl\u00e4sst \u2013 eine ideale Wahl f\u00fcr Unternehmer, die Atmosph\u00e4re und Klasse ausstrahlen m\u00f6chten.<\/span><\/p>\n<p><span style=\"color: #000000\"><strong>Zus\u00e4tzliche Information:<\/strong><\/span><\/p>\n<ul>\n<li><span style=\"color: #000000\">Die Sitze sind nicht zusammengebaut und je 2 in Kartons verpackt<\/span><\/li>\n<li><span style=\"color: #000000\">Der Sitz wird mit 4 Schrauben mit dem Rahmen verschraubt<\/span><\/li>\n<li><span style=\"color: #000000\">Notwendige Materialien f\u00fcr die Montage sind im Karton enthalten<\/span><\/li>\n<li><span style=\"color: #000000\">Die Sitze sind leicht zu montieren<\/span><\/li>\n<\/ul>\n","protected":false},"excerpt":{"rendered":"<p>Bringen Sie einen Hauch von Luxus und Raffinesse in Ihr Interieur mit diesem Samtsessel, erh\u00e4ltlich in trendigen Farben wie Grau,<\/p>\n","protected":false},"featured_media":126042,"comment_status":"open","ping_status":"closed","template":"","meta":[],"product_brand":[],"product_cat":[10067,10063],"product_tag":[],"class_list":{"0":"post-86898","1":"product","2":"type-product","3":"status-publish","4":"has-post-thumbnail","6":"product_cat-vintage-stuhle","7":"product_cat-vintage-stuhl","8":"pa_armrest-armrest-ja-de","9":"pa_frame-nicht-stapelbar-frame-de","10":"pa_product-arm-height-cm-63-arm-height-cm-de","11":"pa_product-color-color-grau-de","12":"pa_product-color-color-blau-de","13":"pa_product-color-color-gold-de","14":"pa_product-color-color-altrosa-de","15":"pa_product-color-color-dunkelgruen-de","16":"pa_product-frame-color-schwarz-frame-color-de","17":"pa_product-material-metallrahmen-material-de","18":"pa_product-more-colors-ja-de","19":"pa_product-seat-depth-cm-45-seat-depth-cm-de","20":"pa_product-seat-height-cm-48-seat-height-cm-de","21":"pa_product-seat-width-cm-40-seat-width-cm-de","22":"pa_product-seats-1-seats-de","23":"pa_product-upholstery-upholstery-samt-de","24":"pa_product-usage-usage-innen-de","26":"first","27":"instock","28":"sale","29":"taxable","30":"shipping-taxable","31":"purchasable","32":"product-type-variable","33":"hc-var-color"},"yoast_head":"<!-- This site is optimized with the Yoast SEO plugin v26.4 - https:\/\/yoast.com\/wordpress\/plugins\/seo\/ -->\n<title>Horeca Sessel - Camille - Samt<\/title>\n<meta name=\"robots\" content=\"index, follow, max-snippet:-1, max-image-preview:large, max-video-preview:-1\" \/>\n<link rel=\"canonical\" href=\"https:\/\/intermob.be\/de\/produkt\/horeca-stuhl-samt-camille\/\" \/>\n<meta property=\"og:locale\" content=\"de_DE\" \/>\n<meta property=\"og:type\" content=\"article\" \/>\n<meta property=\"og:title\" content=\"Horeca Sessel - Camille - Samt\" \/>\n<meta property=\"og:description\" content=\"Bringen Sie einen Hauch von Luxus und Raffinesse in Ihr Interieur mit diesem Samtsessel, erh\u00e4ltlich in trendigen Farben wie Grau,\" \/>\n<meta property=\"og:url\" content=\"https:\/\/intermob.be\/de\/produkt\/horeca-stuhl-samt-camille\/\" \/>\n<meta property=\"og:site_name\" content=\"Intermob Mobilier\" \/>\n<meta property=\"article:modified_time\" content=\"2026-04-17T13:15:21+00:00\" \/>\n<meta property=\"og:image\" content=\"https:\/\/intermob.be\/wp-content\/uploads\/2022\/12\/Horeca-Armstoel-Camille-Velvet-Fluweel.jpg\" \/>\n\t<meta property=\"og:image:width\" content=\"1500\" \/>\n\t<meta property=\"og:image:height\" content=\"1500\" \/>\n\t<meta property=\"og:image:type\" content=\"image\/jpeg\" \/>\n<meta name=\"twitter:card\" content=\"summary_large_image\" \/>\n<meta name=\"twitter:label1\" content=\"Gesch\u00e4tzte Lesezeit\" \/>\n\t<meta name=\"twitter:data1\" content=\"1\u00a0Minute\" \/>\n<script type=\"application\/ld+json\" class=\"yoast-schema-graph\">{\"@context\":\"https:\/\/schema.org\",\"@graph\":[{\"@type\":\"WebPage\",\"@id\":\"https:\/\/intermob.be\/de\/produkt\/horeca-stuhl-samt-camille\/\",\"url\":\"https:\/\/intermob.be\/de\/produkt\/horeca-stuhl-samt-camille\/\",\"name\":\"Horeca Sessel - Camille - Samt\",\"isPartOf\":{\"@id\":\"https:\/\/intermob.be\/de\/#website\"},\"primaryImageOfPage\":{\"@id\":\"https:\/\/intermob.be\/de\/produkt\/horeca-stuhl-samt-camille\/#primaryimage\"},\"image\":{\"@id\":\"https:\/\/intermob.be\/de\/produkt\/horeca-stuhl-samt-camille\/#primaryimage\"},\"thumbnailUrl\":\"https:\/\/intermob.be\/wp-content\/uploads\/2022\/12\/Horeca-Armstoel-Camille-Velvet-Fluweel.jpg\",\"datePublished\":\"2022-12-12T08:18:42+00:00\",\"dateModified\":\"2026-04-17T13:15:21+00:00\",\"breadcrumb\":{\"@id\":\"https:\/\/intermob.be\/de\/produkt\/horeca-stuhl-samt-camille\/#breadcrumb\"},\"inLanguage\":\"de\",\"potentialAction\":[{\"@type\":\"ReadAction\",\"target\":[\"https:\/\/intermob.be\/de\/produkt\/horeca-stuhl-samt-camille\/\"]}]},{\"@type\":\"ImageObject\",\"inLanguage\":\"de\",\"@id\":\"https:\/\/intermob.be\/de\/produkt\/horeca-stuhl-samt-camille\/#primaryimage\",\"url\":\"https:\/\/intermob.be\/wp-content\/uploads\/2022\/12\/Horeca-Armstoel-Camille-Velvet-Fluweel.jpg\",\"contentUrl\":\"https:\/\/intermob.be\/wp-content\/uploads\/2022\/12\/Horeca-Armstoel-Camille-Velvet-Fluweel.jpg\",\"width\":1500,\"height\":1500,\"caption\":\"Horeca-Armstoel-Camille-Velvet-Fluweel\"},{\"@type\":\"BreadcrumbList\",\"@id\":\"https:\/\/intermob.be\/de\/produkt\/horeca-stuhl-samt-camille\/#breadcrumb\",\"itemListElement\":[{\"@type\":\"ListItem\",\"position\":1,\"name\":\"Home\",\"item\":\"https:\/\/intermob.be\/de\/\"},{\"@type\":\"ListItem\",\"position\":2,\"name\":\"Shop\",\"item\":\"https:\/\/intermob.be\/de\/shop\/\"},{\"@type\":\"ListItem\",\"position\":3,\"name\":\"Armstoel - Camille - Velvet\/Fluweel\"}]},{\"@type\":\"WebSite\",\"@id\":\"https:\/\/intermob.be\/de\/#website\",\"url\":\"https:\/\/intermob.be\/de\/\",\"name\":\"Intermob\",\"description\":\"\",\"publisher\":{\"@id\":\"https:\/\/intermob.be\/de\/#organization\"},\"potentialAction\":[{\"@type\":\"SearchAction\",\"target\":{\"@type\":\"EntryPoint\",\"urlTemplate\":\"https:\/\/intermob.be\/de\/?s={search_term_string}\"},\"query-input\":{\"@type\":\"PropertyValueSpecification\",\"valueRequired\":true,\"valueName\":\"search_term_string\"}}],\"inLanguage\":\"de\"},{\"@type\":\"Organization\",\"@id\":\"https:\/\/intermob.be\/de\/#organization\",\"name\":\"Intermob Mobilier\",\"url\":\"https:\/\/intermob.be\/de\/\",\"logo\":{\"@type\":\"ImageObject\",\"inLanguage\":\"de\",\"@id\":\"https:\/\/intermob.be\/de\/#\/schema\/logo\/image\/\",\"url\":\"https:\/\/intermob.be\/wp-content\/uploads\/2025\/09\/intb-bold-logo.png\",\"contentUrl\":\"https:\/\/intermob.be\/wp-content\/uploads\/2025\/09\/intb-bold-logo.png\",\"width\":480,\"height\":158,\"caption\":\"Intermob Mobilier\"},\"image\":{\"@id\":\"https:\/\/intermob.be\/de\/#\/schema\/logo\/image\/\"}}]}<\/script>\n<!-- \/ Yoast SEO plugin. -->","yoast_head_json":{"title":"Horeca Sessel - Camille - Samt","robots":{"index":"index","follow":"follow","max-snippet":"max-snippet:-1","max-image-preview":"max-image-preview:large","max-video-preview":"max-video-preview:-1"},"canonical":"https:\/\/intermob.be\/de\/produkt\/horeca-stuhl-samt-camille\/","og_locale":"de_DE","og_type":"article","og_title":"Horeca Sessel - Camille - Samt","og_description":"Bringen Sie einen Hauch von Luxus und Raffinesse in Ihr Interieur mit diesem Samtsessel, erh\u00e4ltlich in trendigen Farben wie Grau,","og_url":"https:\/\/intermob.be\/de\/produkt\/horeca-stuhl-samt-camille\/","og_site_name":"Intermob Mobilier","article_modified_time":"2026-04-17T13:15:21+00:00","og_image":[{"width":1500,"height":1500,"url":"https:\/\/intermob.be\/wp-content\/uploads\/2022\/12\/Horeca-Armstoel-Camille-Velvet-Fluweel.jpg","type":"image\/jpeg"}],"twitter_card":"summary_large_image","twitter_misc":{"Gesch\u00e4tzte Lesezeit":"1\u00a0Minute"},"schema":{"@context":"https:\/\/schema.org","@graph":[{"@type":"WebPage","@id":"https:\/\/intermob.be\/de\/produkt\/horeca-stuhl-samt-camille\/","url":"https:\/\/intermob.be\/de\/produkt\/horeca-stuhl-samt-camille\/","name":"Horeca Sessel - Camille - Samt","isPartOf":{"@id":"https:\/\/intermob.be\/de\/#website"},"primaryImageOfPage":{"@id":"https:\/\/intermob.be\/de\/produkt\/horeca-stuhl-samt-camille\/#primaryimage"},"image":{"@id":"https:\/\/intermob.be\/de\/produkt\/horeca-stuhl-samt-camille\/#primaryimage"},"thumbnailUrl":"https:\/\/intermob.be\/wp-content\/uploads\/2022\/12\/Horeca-Armstoel-Camille-Velvet-Fluweel.jpg","datePublished":"2022-12-12T08:18:42+00:00","dateModified":"2026-04-17T13:15:21+00:00","breadcrumb":{"@id":"https:\/\/intermob.be\/de\/produkt\/horeca-stuhl-samt-camille\/#breadcrumb"},"inLanguage":"de","potentialAction":[{"@type":"ReadAction","target":["https:\/\/intermob.be\/de\/produkt\/horeca-stuhl-samt-camille\/"]}]},{"@type":"ImageObject","inLanguage":"de","@id":"https:\/\/intermob.be\/de\/produkt\/horeca-stuhl-samt-camille\/#primaryimage","url":"https:\/\/intermob.be\/wp-content\/uploads\/2022\/12\/Horeca-Armstoel-Camille-Velvet-Fluweel.jpg","contentUrl":"https:\/\/intermob.be\/wp-content\/uploads\/2022\/12\/Horeca-Armstoel-Camille-Velvet-Fluweel.jpg","width":1500,"height":1500,"caption":"Horeca-Armstoel-Camille-Velvet-Fluweel"},{"@type":"BreadcrumbList","@id":"https:\/\/intermob.be\/de\/produkt\/horeca-stuhl-samt-camille\/#breadcrumb","itemListElement":[{"@type":"ListItem","position":1,"name":"Home","item":"https:\/\/intermob.be\/de\/"},{"@type":"ListItem","position":2,"name":"Shop","item":"https:\/\/intermob.be\/de\/shop\/"},{"@type":"ListItem","position":3,"name":"Armstoel - Camille - Velvet\/Fluweel"}]},{"@type":"WebSite","@id":"https:\/\/intermob.be\/de\/#website","url":"https:\/\/intermob.be\/de\/","name":"Intermob","description":"","publisher":{"@id":"https:\/\/intermob.be\/de\/#organization"},"potentialAction":[{"@type":"SearchAction","target":{"@type":"EntryPoint","urlTemplate":"https:\/\/intermob.be\/de\/?s={search_term_string}"},"query-input":{"@type":"PropertyValueSpecification","valueRequired":true,"valueName":"search_term_string"}}],"inLanguage":"de"},{"@type":"Organization","@id":"https:\/\/intermob.be\/de\/#organization","name":"Intermob Mobilier","url":"https:\/\/intermob.be\/de\/","logo":{"@type":"ImageObject","inLanguage":"de","@id":"https:\/\/intermob.be\/de\/#\/schema\/logo\/image\/","url":"https:\/\/intermob.be\/wp-content\/uploads\/2025\/09\/intb-bold-logo.png","contentUrl":"https:\/\/intermob.be\/wp-content\/uploads\/2025\/09\/intb-bold-logo.png","width":480,"height":158,"caption":"Intermob Mobilier"},"image":{"@id":"https:\/\/intermob.be\/de\/#\/schema\/logo\/image\/"}}]}},"_links":{"self":[{"href":"https:\/\/intermob.be\/de\/wp-json\/wp\/v2\/product\/86898","targetHints":{"allow":["GET"]}}],"collection":[{"href":"https:\/\/intermob.be\/de\/wp-json\/wp\/v2\/product"}],"about":[{"href":"https:\/\/intermob.be\/de\/wp-json\/wp\/v2\/types\/product"}],"replies":[{"embeddable":true,"href":"https:\/\/intermob.be\/de\/wp-json\/wp\/v2\/comments?post=86898"}],"version-history":[{"count":1,"href":"https:\/\/intermob.be\/de\/wp-json\/wp\/v2\/product\/86898\/revisions"}],"predecessor-version":[{"id":157844,"href":"https:\/\/intermob.be\/de\/wp-json\/wp\/v2\/product\/86898\/revisions\/157844"}],"wp:featuredmedia":[{"embeddable":true,"href":"https:\/\/intermob.be\/de\/wp-json\/wp\/v2\/media\/126042"}],"wp:attachment":[{"href":"https:\/\/intermob.be\/de\/wp-json\/wp\/v2\/media?parent=86898"}],"wp:term":[{"taxonomy":"product_brand","embeddable":true,"href":"https:\/\/intermob.be\/de\/wp-json\/wp\/v2\/product_brand?post=86898"},{"taxonomy":"product_cat","embeddable":true,"href":"https:\/\/intermob.be\/de\/wp-json\/wp\/v2\/product_cat?post=86898"},{"taxonomy":"product_tag","embeddable":true,"href":"https:\/\/intermob.be\/de\/wp-json\/wp\/v2\/product_tag?post=86898"}],"curies":[{"name":"wp","href":"https:\/\/api.w.org\/{rel}","templated":true}]}}