{"id":87262,"date":"2023-01-17T06:08:51","date_gmt":"2023-01-17T06:08:51","guid":{"rendered":"https:\/\/intermob.be\/?post_type=product&#038;p=87262"},"modified":"2026-01-26T13:02:56","modified_gmt":"2026-01-26T13:02:56","slug":"horeca-terrassenstuhl-vega","status":"publish","type":"product","link":"https:\/\/intermob.be\/de\/produkt\/horeca-terrassenstuhl-vega\/","title":{"rendered":"Stapelbarer Terrassen Sessel - Vega - Aluminium\/Rattan"},"content":{"rendered":"<p><span style=\"color: #000000;\">Entdecken Sie den eleganten Aluminium-Terrassenstuhl in raffinierten Grau- und Beiget\u00f6nen. Im trendigen Rattan-Stil f\u00fcr eine einladende Optik gestaltet. Hergestellt aus hochwertigem Polyethylen (PE)-Material, bietet dieser Stuhl einen weichen, nat\u00fcrlichen Look und ist robust genug f\u00fcr den Innen- und Au\u00dfenbereich. Mit einem stabilen Aluminiumrahmen und einem bequemen Sitzkissen kombiniert dieser Sessel Stil mit Funktionalit\u00e4t. Ideal f\u00fcr den intensiven Einsatz in Gastgewerbebetrieben.<\/span><\/p>\n<p><span style=\"color: #000000;\">Perfekt f\u00fcr Caf\u00e9s, Restaurants oder Hotels, die ihren G\u00e4sten eine moderne, warme Atmosph\u00e4re bieten m\u00f6chten. Dieser Terrassenstuhl verleiht Ihrer Einrichtung eine vielseitige und charmante Note und macht Ihren Raum einladend und komfortabel, ideal f\u00fcr G\u00e4ste, die gerne l\u00e4nger verweilen m\u00f6chten.<\/span><\/p>\n<p><span style=\"color: #000000;\"><strong>Zusatzinformation:<\/strong><\/span><\/p>\n<ul>\n<li><span style=\"color: #000000;\">Aluminium-Drehstuhl im Rattan-Stil<\/span><\/li>\n<li><span style=\"color: #000000;\">Geschwei\u00dfter Rahmen<\/span><\/li>\n<li><span style=\"color: #000000;\">Pulverbeschichtung<\/span><\/li>\n<\/ul>\n","protected":false},"excerpt":{"rendered":"<p>Entdecken Sie den eleganten Aluminium-Terrassenstuhl in raffinierten Grau- und Beiget\u00f6nen. Im trendigen Rattan-Stil f\u00fcr eine einladende Optik gestaltet. Hergestellt aus<\/p>\n","protected":false},"featured_media":87263,"comment_status":"open","ping_status":"closed","template":"","meta":[],"product_brand":[],"product_cat":[9783],"product_tag":[17388,17390],"class_list":{"0":"post-87262","1":"product","2":"type-product","3":"status-publish","4":"has-post-thumbnail","6":"product_cat-terrassenstuhl","7":"product_tag-horeca-furniture","8":"product_tag-horeca-moebel","9":"pa_armrest-armrest-ja-de","10":"pa_diameter-tube-mm-32x1-50-diameter-tube-mm-de","11":"pa_frame-stapelbar-frame-de","12":"pa_product-color-color-grau-de","13":"pa_product-color-color-beige-de","14":"pa_product-material-material-aluminium-de","15":"pa_product-material-material-rattan-de","16":"pa_product-more-colors-ja-de","17":"pa_product-seats-1-seats-de","18":"pa_product-usage-usage-innen-draussen-de","19":"pa_seat-cushion-cm-5-sitzkissen-cm","21":"first","22":"instock","23":"sale","24":"taxable","25":"shipping-taxable","26":"purchasable","27":"product-type-variable","28":"hc-var-color"},"yoast_head":"<!-- This site is optimized with the Yoast SEO plugin v26.4 - https:\/\/yoast.com\/wordpress\/plugins\/seo\/ -->\n<title>Horeca Stapelbarer Terrassen Sessel - VEGA - Aluminium\/Rattan<\/title>\n<meta name=\"robots\" content=\"index, follow, max-snippet:-1, max-image-preview:large, max-video-preview:-1\" \/>\n<link rel=\"canonical\" href=\"https:\/\/intermob.be\/de\/produkt\/horeca-terrassenstuhl-vega\/\" \/>\n<meta property=\"og:locale\" content=\"de_DE\" \/>\n<meta property=\"og:type\" content=\"article\" \/>\n<meta property=\"og:title\" content=\"Horeca Stapelbarer Terrassen Sessel - VEGA - Aluminium\/Rattan\" \/>\n<meta property=\"og:description\" content=\"Entdecken Sie den eleganten Aluminium-Terrassenstuhl in raffinierten Grau- und Beiget\u00f6nen. Im trendigen Rattan-Stil f\u00fcr eine einladende Optik gestaltet. Hergestellt aus\" \/>\n<meta property=\"og:url\" content=\"https:\/\/intermob.be\/de\/produkt\/horeca-terrassenstuhl-vega\/\" \/>\n<meta property=\"og:site_name\" content=\"Intermob Mobilier\" \/>\n<meta property=\"article:modified_time\" content=\"2026-01-26T13:02:56+00:00\" \/>\n<meta property=\"og:image\" content=\"https:\/\/intermob.be\/wp-content\/uploads\/2024\/03\/products-Horeca-Terrasstoel-Vega-Beige-2.jpg\" \/>\n\t<meta property=\"og:image:width\" content=\"1000\" \/>\n\t<meta property=\"og:image:height\" content=\"1000\" \/>\n\t<meta property=\"og:image:type\" content=\"image\/jpeg\" \/>\n<meta name=\"twitter:card\" content=\"summary_large_image\" \/>\n<meta name=\"twitter:label1\" content=\"Gesch\u00e4tzte Lesezeit\" \/>\n\t<meta name=\"twitter:data1\" content=\"1\u00a0Minute\" \/>\n<script type=\"application\/ld+json\" class=\"yoast-schema-graph\">{\"@context\":\"https:\/\/schema.org\",\"@graph\":[{\"@type\":\"WebPage\",\"@id\":\"https:\/\/intermob.be\/de\/produkt\/horeca-terrassenstuhl-vega\/\",\"url\":\"https:\/\/intermob.be\/de\/produkt\/horeca-terrassenstuhl-vega\/\",\"name\":\"Horeca Stapelbarer Terrassen Sessel - VEGA - Aluminium\/Rattan\",\"isPartOf\":{\"@id\":\"https:\/\/intermob.be\/de\/#website\"},\"primaryImageOfPage\":{\"@id\":\"https:\/\/intermob.be\/de\/produkt\/horeca-terrassenstuhl-vega\/#primaryimage\"},\"image\":{\"@id\":\"https:\/\/intermob.be\/de\/produkt\/horeca-terrassenstuhl-vega\/#primaryimage\"},\"thumbnailUrl\":\"https:\/\/intermob.be\/wp-content\/uploads\/2024\/03\/products-Horeca-Terrasstoel-Vega-Beige-2.jpg\",\"datePublished\":\"2023-01-17T06:08:51+00:00\",\"dateModified\":\"2026-01-26T13:02:56+00:00\",\"breadcrumb\":{\"@id\":\"https:\/\/intermob.be\/de\/produkt\/horeca-terrassenstuhl-vega\/#breadcrumb\"},\"inLanguage\":\"de\",\"potentialAction\":[{\"@type\":\"ReadAction\",\"target\":[\"https:\/\/intermob.be\/de\/produkt\/horeca-terrassenstuhl-vega\/\"]}]},{\"@type\":\"ImageObject\",\"inLanguage\":\"de\",\"@id\":\"https:\/\/intermob.be\/de\/produkt\/horeca-terrassenstuhl-vega\/#primaryimage\",\"url\":\"https:\/\/intermob.be\/wp-content\/uploads\/2024\/03\/products-Horeca-Terrasstoel-Vega-Beige-2.jpg\",\"contentUrl\":\"https:\/\/intermob.be\/wp-content\/uploads\/2024\/03\/products-Horeca-Terrasstoel-Vega-Beige-2.jpg\",\"width\":1000,\"height\":1000,\"caption\":\"Horeca-Terrasstoel-Vega-Beige\"},{\"@type\":\"BreadcrumbList\",\"@id\":\"https:\/\/intermob.be\/de\/produkt\/horeca-terrassenstuhl-vega\/#breadcrumb\",\"itemListElement\":[{\"@type\":\"ListItem\",\"position\":1,\"name\":\"Home\",\"item\":\"https:\/\/intermob.be\/de\/\"},{\"@type\":\"ListItem\",\"position\":2,\"name\":\"Shop\",\"item\":\"https:\/\/intermob.be\/de\/shop\/\"},{\"@type\":\"ListItem\",\"position\":3,\"name\":\"Stapelbarer Terrassen Sessel - Vega - Aluminium\/Rattan\"}]},{\"@type\":\"WebSite\",\"@id\":\"https:\/\/intermob.be\/de\/#website\",\"url\":\"https:\/\/intermob.be\/de\/\",\"name\":\"Intermob\",\"description\":\"\",\"publisher\":{\"@id\":\"https:\/\/intermob.be\/de\/#organization\"},\"potentialAction\":[{\"@type\":\"SearchAction\",\"target\":{\"@type\":\"EntryPoint\",\"urlTemplate\":\"https:\/\/intermob.be\/de\/?s={search_term_string}\"},\"query-input\":{\"@type\":\"PropertyValueSpecification\",\"valueRequired\":true,\"valueName\":\"search_term_string\"}}],\"inLanguage\":\"de\"},{\"@type\":\"Organization\",\"@id\":\"https:\/\/intermob.be\/de\/#organization\",\"name\":\"Intermob Mobilier\",\"url\":\"https:\/\/intermob.be\/de\/\",\"logo\":{\"@type\":\"ImageObject\",\"inLanguage\":\"de\",\"@id\":\"https:\/\/intermob.be\/de\/#\/schema\/logo\/image\/\",\"url\":\"https:\/\/intermob.be\/wp-content\/uploads\/2025\/09\/intb-bold-logo.png\",\"contentUrl\":\"https:\/\/intermob.be\/wp-content\/uploads\/2025\/09\/intb-bold-logo.png\",\"width\":480,\"height\":158,\"caption\":\"Intermob Mobilier\"},\"image\":{\"@id\":\"https:\/\/intermob.be\/de\/#\/schema\/logo\/image\/\"}}]}<\/script>\n<!-- \/ Yoast SEO plugin. -->","yoast_head_json":{"title":"Horeca Stapelbarer Terrassen Sessel - VEGA - Aluminium\/Rattan","robots":{"index":"index","follow":"follow","max-snippet":"max-snippet:-1","max-image-preview":"max-image-preview:large","max-video-preview":"max-video-preview:-1"},"canonical":"https:\/\/intermob.be\/de\/produkt\/horeca-terrassenstuhl-vega\/","og_locale":"de_DE","og_type":"article","og_title":"Horeca Stapelbarer Terrassen Sessel - VEGA - Aluminium\/Rattan","og_description":"Entdecken Sie den eleganten Aluminium-Terrassenstuhl in raffinierten Grau- und Beiget\u00f6nen. Im trendigen Rattan-Stil f\u00fcr eine einladende Optik gestaltet. Hergestellt aus","og_url":"https:\/\/intermob.be\/de\/produkt\/horeca-terrassenstuhl-vega\/","og_site_name":"Intermob Mobilier","article_modified_time":"2026-01-26T13:02:56+00:00","og_image":[{"width":1000,"height":1000,"url":"https:\/\/intermob.be\/wp-content\/uploads\/2024\/03\/products-Horeca-Terrasstoel-Vega-Beige-2.jpg","type":"image\/jpeg"}],"twitter_card":"summary_large_image","twitter_misc":{"Gesch\u00e4tzte Lesezeit":"1\u00a0Minute"},"schema":{"@context":"https:\/\/schema.org","@graph":[{"@type":"WebPage","@id":"https:\/\/intermob.be\/de\/produkt\/horeca-terrassenstuhl-vega\/","url":"https:\/\/intermob.be\/de\/produkt\/horeca-terrassenstuhl-vega\/","name":"Horeca Stapelbarer Terrassen Sessel - VEGA - Aluminium\/Rattan","isPartOf":{"@id":"https:\/\/intermob.be\/de\/#website"},"primaryImageOfPage":{"@id":"https:\/\/intermob.be\/de\/produkt\/horeca-terrassenstuhl-vega\/#primaryimage"},"image":{"@id":"https:\/\/intermob.be\/de\/produkt\/horeca-terrassenstuhl-vega\/#primaryimage"},"thumbnailUrl":"https:\/\/intermob.be\/wp-content\/uploads\/2024\/03\/products-Horeca-Terrasstoel-Vega-Beige-2.jpg","datePublished":"2023-01-17T06:08:51+00:00","dateModified":"2026-01-26T13:02:56+00:00","breadcrumb":{"@id":"https:\/\/intermob.be\/de\/produkt\/horeca-terrassenstuhl-vega\/#breadcrumb"},"inLanguage":"de","potentialAction":[{"@type":"ReadAction","target":["https:\/\/intermob.be\/de\/produkt\/horeca-terrassenstuhl-vega\/"]}]},{"@type":"ImageObject","inLanguage":"de","@id":"https:\/\/intermob.be\/de\/produkt\/horeca-terrassenstuhl-vega\/#primaryimage","url":"https:\/\/intermob.be\/wp-content\/uploads\/2024\/03\/products-Horeca-Terrasstoel-Vega-Beige-2.jpg","contentUrl":"https:\/\/intermob.be\/wp-content\/uploads\/2024\/03\/products-Horeca-Terrasstoel-Vega-Beige-2.jpg","width":1000,"height":1000,"caption":"Horeca-Terrasstoel-Vega-Beige"},{"@type":"BreadcrumbList","@id":"https:\/\/intermob.be\/de\/produkt\/horeca-terrassenstuhl-vega\/#breadcrumb","itemListElement":[{"@type":"ListItem","position":1,"name":"Home","item":"https:\/\/intermob.be\/de\/"},{"@type":"ListItem","position":2,"name":"Shop","item":"https:\/\/intermob.be\/de\/shop\/"},{"@type":"ListItem","position":3,"name":"Stapelbarer Terrassen Sessel - Vega - Aluminium\/Rattan"}]},{"@type":"WebSite","@id":"https:\/\/intermob.be\/de\/#website","url":"https:\/\/intermob.be\/de\/","name":"Intermob","description":"","publisher":{"@id":"https:\/\/intermob.be\/de\/#organization"},"potentialAction":[{"@type":"SearchAction","target":{"@type":"EntryPoint","urlTemplate":"https:\/\/intermob.be\/de\/?s={search_term_string}"},"query-input":{"@type":"PropertyValueSpecification","valueRequired":true,"valueName":"search_term_string"}}],"inLanguage":"de"},{"@type":"Organization","@id":"https:\/\/intermob.be\/de\/#organization","name":"Intermob Mobilier","url":"https:\/\/intermob.be\/de\/","logo":{"@type":"ImageObject","inLanguage":"de","@id":"https:\/\/intermob.be\/de\/#\/schema\/logo\/image\/","url":"https:\/\/intermob.be\/wp-content\/uploads\/2025\/09\/intb-bold-logo.png","contentUrl":"https:\/\/intermob.be\/wp-content\/uploads\/2025\/09\/intb-bold-logo.png","width":480,"height":158,"caption":"Intermob Mobilier"},"image":{"@id":"https:\/\/intermob.be\/de\/#\/schema\/logo\/image\/"}}]}},"_links":{"self":[{"href":"https:\/\/intermob.be\/de\/wp-json\/wp\/v2\/product\/87262","targetHints":{"allow":["GET"]}}],"collection":[{"href":"https:\/\/intermob.be\/de\/wp-json\/wp\/v2\/product"}],"about":[{"href":"https:\/\/intermob.be\/de\/wp-json\/wp\/v2\/types\/product"}],"replies":[{"embeddable":true,"href":"https:\/\/intermob.be\/de\/wp-json\/wp\/v2\/comments?post=87262"}],"version-history":[{"count":1,"href":"https:\/\/intermob.be\/de\/wp-json\/wp\/v2\/product\/87262\/revisions"}],"predecessor-version":[{"id":156700,"href":"https:\/\/intermob.be\/de\/wp-json\/wp\/v2\/product\/87262\/revisions\/156700"}],"wp:featuredmedia":[{"embeddable":true,"href":"https:\/\/intermob.be\/de\/wp-json\/wp\/v2\/media\/87263"}],"wp:attachment":[{"href":"https:\/\/intermob.be\/de\/wp-json\/wp\/v2\/media?parent=87262"}],"wp:term":[{"taxonomy":"product_brand","embeddable":true,"href":"https:\/\/intermob.be\/de\/wp-json\/wp\/v2\/product_brand?post=87262"},{"taxonomy":"product_cat","embeddable":true,"href":"https:\/\/intermob.be\/de\/wp-json\/wp\/v2\/product_cat?post=87262"},{"taxonomy":"product_tag","embeddable":true,"href":"https:\/\/intermob.be\/de\/wp-json\/wp\/v2\/product_tag?post=87262"}],"curies":[{"name":"wp","href":"https:\/\/api.w.org\/{rel}","templated":true}]}}