{"id":88958,"date":"2023-05-22T11:51:46","date_gmt":"2023-05-22T11:51:46","guid":{"rendered":"https:\/\/intermob.be\/?post_type=product&#038;p=88958"},"modified":"2025-09-13T10:27:11","modified_gmt":"2025-09-13T10:27:11","slug":"horeca-sitzbank-samt-troje-eckbank-rosa","status":"publish","type":"product","link":"https:\/\/intermob.be\/de\/produkt\/horeca-sitzbank-samt-troje-eckbank-rosa\/","title":{"rendered":"Eck-Essbank - Troje - Samt"},"content":{"rendered":"<p><span style=\"color: #000000\"><em>Dieses luxuri\u00f6se Samtsofa mit einem goldfarbenen Metallrahmen strahlt Eleganz und Raffinesse aus. Die weiche Samtpolsterung bietet ultimativen Komfort, w\u00e4hrend der stabile goldene Rahmen einen Hauch von Glamour verleiht. Perfekt f\u00fcr Gastronomiebetriebe, die ihren Innenraum mit Stil und Langlebigkeit bereichern m\u00f6chten. Ein echter Hingucker f\u00fcr jedes Restaurant oder Caf\u00e9!<\/em><\/span><\/p>\n<p><span style=\"color: #000000\"><em>Bitte beachten! Die Abmessungen der Sofas k\u00f6nnen aufgrund der verwendeten Materialien um 1 bis 2 cm variieren.<\/em><\/span><\/p>\n<p><span style=\"color: #000000\"><em>Die Showroom-Modelle helfen Ihnen, Inspiration f\u00fcr die Einrichtung zu finden. Unsere fachkundigen Berater h\u00f6ren auf Ihre W\u00fcnsche und Erwartungen, um Ihnen bestm\u00f6glich bei der Gestaltung Ihres Interieurs zu helfen. Sie nehmen sich gerne die Zeit, alles bis ins Detail zu besprechen. Bitte vereinbaren Sie einen Termin unter der Nummer +32 3 685 73 03.<\/em><\/span><\/p>\n<p><span style=\"color: #000000\">Deze vertalingen benadrukken luxe, maatwerkopties, en de mogelijkheid om inspiratie op te doen in de showroom.<\/span><\/p>\n","protected":false},"excerpt":{"rendered":"<p>Dieses luxuri\u00f6se Samtsofa mit einem goldfarbenen Metallrahmen strahlt Eleganz und Raffinesse aus. Die weiche Samtpolsterung bietet ultimativen Komfort, w\u00e4hrend der<\/p>\n","protected":false},"featured_media":88959,"comment_status":"open","ping_status":"closed","template":"","meta":[],"product_brand":[],"product_cat":[10467],"product_tag":[],"class_list":{"0":"post-88958","1":"product","2":"type-product","3":"status-publish","4":"has-post-thumbnail","6":"product_cat-baenke-mit-goldenen-metallbeinen","7":"pa_product-color-color-rosa-de","8":"pa_product-frame-color-gold-frame-color-de","9":"pa_product-more-colors-ja-de","10":"pa_product-more-dimensions-ja-de","11":"pa_product-seat-height-cm-47-seat-height-cm-de","12":"pa_product-seats-1-seats-de","13":"pa_product-upholstery-upholstery-samt-de","14":"pa_product-usage-usage-innen-de","16":"first","17":"onbackorder","18":"sale","19":"taxable","20":"shipping-taxable","21":"purchasable","22":"product-type-simple"},"yoast_head":"<!-- This site is optimized with the Yoast SEO plugin v26.4 - https:\/\/yoast.com\/wordpress\/plugins\/seo\/ -->\n<title>Horeca Eck-Essbank - Troje - Samt<\/title>\n<meta name=\"robots\" content=\"index, follow, max-snippet:-1, max-image-preview:large, max-video-preview:-1\" \/>\n<link rel=\"canonical\" href=\"https:\/\/intermob.be\/de\/produkt\/horeca-sitzbank-samt-troje-eckbank-rosa\/\" \/>\n<meta property=\"og:locale\" content=\"de_DE\" \/>\n<meta property=\"og:type\" content=\"article\" \/>\n<meta property=\"og:title\" content=\"Horeca Eck-Essbank - Troje - Samt\" \/>\n<meta property=\"og:description\" content=\"Dieses luxuri\u00f6se Samtsofa mit einem goldfarbenen Metallrahmen strahlt Eleganz und Raffinesse aus. Die weiche Samtpolsterung bietet ultimativen Komfort, w\u00e4hrend der\" \/>\n<meta property=\"og:url\" content=\"https:\/\/intermob.be\/de\/produkt\/horeca-sitzbank-samt-troje-eckbank-rosa\/\" \/>\n<meta property=\"og:site_name\" content=\"Intermob Mobilier\" \/>\n<meta property=\"article:modified_time\" content=\"2025-09-13T10:27:11+00:00\" \/>\n<meta property=\"og:image\" content=\"https:\/\/intermob.be\/wp-content\/uploads\/2024\/03\/products-Horeca-Eetbank-Velvet-Fluwelen-Troje-Hoekstuk-Roze-2.jpg\" \/>\n\t<meta property=\"og:image:width\" content=\"1000\" \/>\n\t<meta property=\"og:image:height\" content=\"1000\" \/>\n\t<meta property=\"og:image:type\" content=\"image\/jpeg\" \/>\n<meta name=\"twitter:card\" content=\"summary_large_image\" \/>\n<meta name=\"twitter:label1\" content=\"Gesch\u00e4tzte Lesezeit\" \/>\n\t<meta name=\"twitter:data1\" content=\"2\u00a0Minuten\" \/>\n<script type=\"application\/ld+json\" class=\"yoast-schema-graph\">{\"@context\":\"https:\/\/schema.org\",\"@graph\":[{\"@type\":\"WebPage\",\"@id\":\"https:\/\/intermob.be\/de\/produkt\/horeca-sitzbank-samt-troje-eckbank-rosa\/\",\"url\":\"https:\/\/intermob.be\/de\/produkt\/horeca-sitzbank-samt-troje-eckbank-rosa\/\",\"name\":\"Horeca Eck-Essbank - Troje - Samt\",\"isPartOf\":{\"@id\":\"https:\/\/intermob.be\/de\/#website\"},\"primaryImageOfPage\":{\"@id\":\"https:\/\/intermob.be\/de\/produkt\/horeca-sitzbank-samt-troje-eckbank-rosa\/#primaryimage\"},\"image\":{\"@id\":\"https:\/\/intermob.be\/de\/produkt\/horeca-sitzbank-samt-troje-eckbank-rosa\/#primaryimage\"},\"thumbnailUrl\":\"https:\/\/intermob.be\/wp-content\/uploads\/2024\/03\/products-Horeca-Eetbank-Velvet-Fluwelen-Troje-Hoekstuk-Roze-2.jpg\",\"datePublished\":\"2023-05-22T11:51:46+00:00\",\"dateModified\":\"2025-09-13T10:27:11+00:00\",\"breadcrumb\":{\"@id\":\"https:\/\/intermob.be\/de\/produkt\/horeca-sitzbank-samt-troje-eckbank-rosa\/#breadcrumb\"},\"inLanguage\":\"de\",\"potentialAction\":[{\"@type\":\"ReadAction\",\"target\":[\"https:\/\/intermob.be\/de\/produkt\/horeca-sitzbank-samt-troje-eckbank-rosa\/\"]}]},{\"@type\":\"ImageObject\",\"inLanguage\":\"de\",\"@id\":\"https:\/\/intermob.be\/de\/produkt\/horeca-sitzbank-samt-troje-eckbank-rosa\/#primaryimage\",\"url\":\"https:\/\/intermob.be\/wp-content\/uploads\/2024\/03\/products-Horeca-Eetbank-Velvet-Fluwelen-Troje-Hoekstuk-Roze-2.jpg\",\"contentUrl\":\"https:\/\/intermob.be\/wp-content\/uploads\/2024\/03\/products-Horeca-Eetbank-Velvet-Fluwelen-Troje-Hoekstuk-Roze-2.jpg\",\"width\":1000,\"height\":1000,\"caption\":\"Horeca-Eetbank-Velvet-Fluwelen-Troje-Hoekstuk-Roze\"},{\"@type\":\"BreadcrumbList\",\"@id\":\"https:\/\/intermob.be\/de\/produkt\/horeca-sitzbank-samt-troje-eckbank-rosa\/#breadcrumb\",\"itemListElement\":[{\"@type\":\"ListItem\",\"position\":1,\"name\":\"Home\",\"item\":\"https:\/\/intermob.be\/de\/\"},{\"@type\":\"ListItem\",\"position\":2,\"name\":\"Shop\",\"item\":\"https:\/\/intermob.be\/de\/shop\/\"},{\"@type\":\"ListItem\",\"position\":3,\"name\":\"Banquette D&#039;angle - Troje - Velours\"}]},{\"@type\":\"WebSite\",\"@id\":\"https:\/\/intermob.be\/de\/#website\",\"url\":\"https:\/\/intermob.be\/de\/\",\"name\":\"Intermob\",\"description\":\"\",\"publisher\":{\"@id\":\"https:\/\/intermob.be\/de\/#organization\"},\"potentialAction\":[{\"@type\":\"SearchAction\",\"target\":{\"@type\":\"EntryPoint\",\"urlTemplate\":\"https:\/\/intermob.be\/de\/?s={search_term_string}\"},\"query-input\":{\"@type\":\"PropertyValueSpecification\",\"valueRequired\":true,\"valueName\":\"search_term_string\"}}],\"inLanguage\":\"de\"},{\"@type\":\"Organization\",\"@id\":\"https:\/\/intermob.be\/de\/#organization\",\"name\":\"Intermob Mobilier\",\"url\":\"https:\/\/intermob.be\/de\/\",\"logo\":{\"@type\":\"ImageObject\",\"inLanguage\":\"de\",\"@id\":\"https:\/\/intermob.be\/de\/#\/schema\/logo\/image\/\",\"url\":\"https:\/\/intermob.be\/wp-content\/uploads\/2025\/09\/intb-bold-logo.png\",\"contentUrl\":\"https:\/\/intermob.be\/wp-content\/uploads\/2025\/09\/intb-bold-logo.png\",\"width\":480,\"height\":158,\"caption\":\"Intermob Mobilier\"},\"image\":{\"@id\":\"https:\/\/intermob.be\/de\/#\/schema\/logo\/image\/\"}}]}<\/script>\n<!-- \/ Yoast SEO plugin. -->","yoast_head_json":{"title":"Horeca Eck-Essbank - Troje - Samt","robots":{"index":"index","follow":"follow","max-snippet":"max-snippet:-1","max-image-preview":"max-image-preview:large","max-video-preview":"max-video-preview:-1"},"canonical":"https:\/\/intermob.be\/de\/produkt\/horeca-sitzbank-samt-troje-eckbank-rosa\/","og_locale":"de_DE","og_type":"article","og_title":"Horeca Eck-Essbank - Troje - Samt","og_description":"Dieses luxuri\u00f6se Samtsofa mit einem goldfarbenen Metallrahmen strahlt Eleganz und Raffinesse aus. Die weiche Samtpolsterung bietet ultimativen Komfort, w\u00e4hrend der","og_url":"https:\/\/intermob.be\/de\/produkt\/horeca-sitzbank-samt-troje-eckbank-rosa\/","og_site_name":"Intermob Mobilier","article_modified_time":"2025-09-13T10:27:11+00:00","og_image":[{"width":1000,"height":1000,"url":"https:\/\/intermob.be\/wp-content\/uploads\/2024\/03\/products-Horeca-Eetbank-Velvet-Fluwelen-Troje-Hoekstuk-Roze-2.jpg","type":"image\/jpeg"}],"twitter_card":"summary_large_image","twitter_misc":{"Gesch\u00e4tzte Lesezeit":"2\u00a0Minuten"},"schema":{"@context":"https:\/\/schema.org","@graph":[{"@type":"WebPage","@id":"https:\/\/intermob.be\/de\/produkt\/horeca-sitzbank-samt-troje-eckbank-rosa\/","url":"https:\/\/intermob.be\/de\/produkt\/horeca-sitzbank-samt-troje-eckbank-rosa\/","name":"Horeca Eck-Essbank - Troje - Samt","isPartOf":{"@id":"https:\/\/intermob.be\/de\/#website"},"primaryImageOfPage":{"@id":"https:\/\/intermob.be\/de\/produkt\/horeca-sitzbank-samt-troje-eckbank-rosa\/#primaryimage"},"image":{"@id":"https:\/\/intermob.be\/de\/produkt\/horeca-sitzbank-samt-troje-eckbank-rosa\/#primaryimage"},"thumbnailUrl":"https:\/\/intermob.be\/wp-content\/uploads\/2024\/03\/products-Horeca-Eetbank-Velvet-Fluwelen-Troje-Hoekstuk-Roze-2.jpg","datePublished":"2023-05-22T11:51:46+00:00","dateModified":"2025-09-13T10:27:11+00:00","breadcrumb":{"@id":"https:\/\/intermob.be\/de\/produkt\/horeca-sitzbank-samt-troje-eckbank-rosa\/#breadcrumb"},"inLanguage":"de","potentialAction":[{"@type":"ReadAction","target":["https:\/\/intermob.be\/de\/produkt\/horeca-sitzbank-samt-troje-eckbank-rosa\/"]}]},{"@type":"ImageObject","inLanguage":"de","@id":"https:\/\/intermob.be\/de\/produkt\/horeca-sitzbank-samt-troje-eckbank-rosa\/#primaryimage","url":"https:\/\/intermob.be\/wp-content\/uploads\/2024\/03\/products-Horeca-Eetbank-Velvet-Fluwelen-Troje-Hoekstuk-Roze-2.jpg","contentUrl":"https:\/\/intermob.be\/wp-content\/uploads\/2024\/03\/products-Horeca-Eetbank-Velvet-Fluwelen-Troje-Hoekstuk-Roze-2.jpg","width":1000,"height":1000,"caption":"Horeca-Eetbank-Velvet-Fluwelen-Troje-Hoekstuk-Roze"},{"@type":"BreadcrumbList","@id":"https:\/\/intermob.be\/de\/produkt\/horeca-sitzbank-samt-troje-eckbank-rosa\/#breadcrumb","itemListElement":[{"@type":"ListItem","position":1,"name":"Home","item":"https:\/\/intermob.be\/de\/"},{"@type":"ListItem","position":2,"name":"Shop","item":"https:\/\/intermob.be\/de\/shop\/"},{"@type":"ListItem","position":3,"name":"Banquette D&#039;angle - Troje - Velours"}]},{"@type":"WebSite","@id":"https:\/\/intermob.be\/de\/#website","url":"https:\/\/intermob.be\/de\/","name":"Intermob","description":"","publisher":{"@id":"https:\/\/intermob.be\/de\/#organization"},"potentialAction":[{"@type":"SearchAction","target":{"@type":"EntryPoint","urlTemplate":"https:\/\/intermob.be\/de\/?s={search_term_string}"},"query-input":{"@type":"PropertyValueSpecification","valueRequired":true,"valueName":"search_term_string"}}],"inLanguage":"de"},{"@type":"Organization","@id":"https:\/\/intermob.be\/de\/#organization","name":"Intermob Mobilier","url":"https:\/\/intermob.be\/de\/","logo":{"@type":"ImageObject","inLanguage":"de","@id":"https:\/\/intermob.be\/de\/#\/schema\/logo\/image\/","url":"https:\/\/intermob.be\/wp-content\/uploads\/2025\/09\/intb-bold-logo.png","contentUrl":"https:\/\/intermob.be\/wp-content\/uploads\/2025\/09\/intb-bold-logo.png","width":480,"height":158,"caption":"Intermob Mobilier"},"image":{"@id":"https:\/\/intermob.be\/de\/#\/schema\/logo\/image\/"}}]}},"_links":{"self":[{"href":"https:\/\/intermob.be\/de\/wp-json\/wp\/v2\/product\/88958","targetHints":{"allow":["GET"]}}],"collection":[{"href":"https:\/\/intermob.be\/de\/wp-json\/wp\/v2\/product"}],"about":[{"href":"https:\/\/intermob.be\/de\/wp-json\/wp\/v2\/types\/product"}],"replies":[{"embeddable":true,"href":"https:\/\/intermob.be\/de\/wp-json\/wp\/v2\/comments?post=88958"}],"version-history":[{"count":0,"href":"https:\/\/intermob.be\/de\/wp-json\/wp\/v2\/product\/88958\/revisions"}],"wp:featuredmedia":[{"embeddable":true,"href":"https:\/\/intermob.be\/de\/wp-json\/wp\/v2\/media\/88959"}],"wp:attachment":[{"href":"https:\/\/intermob.be\/de\/wp-json\/wp\/v2\/media?parent=88958"}],"wp:term":[{"taxonomy":"product_brand","embeddable":true,"href":"https:\/\/intermob.be\/de\/wp-json\/wp\/v2\/product_brand?post=88958"},{"taxonomy":"product_cat","embeddable":true,"href":"https:\/\/intermob.be\/de\/wp-json\/wp\/v2\/product_cat?post=88958"},{"taxonomy":"product_tag","embeddable":true,"href":"https:\/\/intermob.be\/de\/wp-json\/wp\/v2\/product_tag?post=88958"}],"curies":[{"name":"wp","href":"https:\/\/api.w.org\/{rel}","templated":true}]}}