{"id":89748,"date":"2023-08-21T13:41:36","date_gmt":"2023-08-21T13:41:36","guid":{"rendered":"https:\/\/intermob.be\/?post_type=product&#038;p=89748"},"modified":"2025-06-26T06:46:47","modified_gmt":"2025-06-26T06:46:47","slug":"horeca-samt-lounge-sitz-beta","status":"publish","type":"product","link":"https:\/\/intermob.be\/de\/produkt\/horeca-samt-lounge-sitz-beta\/","title":{"rendered":"Lounge-Sitz - Beta - Samt"},"content":{"rendered":"<p><span style=\"color: #000000;\">Dieser elegante Samt-Lounge-Sessel mit einem schwarzen Buchenholzrahmen ist die perfekte Wahl f\u00fcr Restaurants und Caf\u00e9s, die eine stilvolle und komfortable Atmosph\u00e4re schaffen m\u00f6chten. Die luxuri\u00f6se Ausstrahlung und der weiche Sitzkomfort laden die G\u00e4ste ein, l\u00e4nger zu bleiben, w\u00e4hrend das moderne Design zur trendigen Ausstrahlung Ihres Interieurs beitr\u00e4gt. Ein Must-have f\u00fcr jedes Gastronomieunternehmen, das Raffinesse und Komfort kombinieren m\u00f6chte!<\/span><\/p>\n","protected":false},"excerpt":{"rendered":"<p>Dieser elegante Samt-Lounge-Sessel mit einem schwarzen Buchenholzrahmen ist die perfekte Wahl f\u00fcr Restaurants und Caf\u00e9s, die eine stilvolle und komfortable<\/p>\n","protected":false},"featured_media":86621,"comment_status":"open","ping_status":"closed","template":"","meta":[],"product_brand":[],"product_cat":[10175,10223],"product_tag":[12588,17388,17390,17393],"class_list":{"0":"post-89748","1":"product","2":"type-product","3":"status-publish","4":"has-post-thumbnail","6":"product_cat-aperitive-sitze","7":"product_cat-aperitiver-sitze","8":"product_tag-restaurantm-bel","9":"product_tag-horeca-furniture","10":"product_tag-horeca-moebel","11":"product_tag-restaurant-furniture","12":"pa_product-arm-height-cm-60-arm-height-cm-de","13":"pa_product-color-color-cognac-de","14":"pa_product-frame-color-schwarz-frame-color-de","15":"pa_product-more-colors-ja-de","16":"pa_product-more-dimensions-ja-de","17":"pa_product-seat-depth-cm-50-seat-depth-cm-de","18":"pa_product-seat-height-cm-42-seat-height-cm-de","19":"pa_product-seat-width-cm-48-seat-width-cm-de","20":"pa_product-seats-1-seats-de","21":"pa_product-upholstery-upholstery-samt-de","22":"pa_product-usage-usage-innen-de","24":"first","25":"instock","26":"sale","27":"taxable","28":"shipping-taxable","29":"purchasable","30":"product-type-simple"},"yoast_head":"<!-- This site is optimized with the Yoast SEO plugin v26.4 - https:\/\/yoast.com\/wordpress\/plugins\/seo\/ -->\n<title>Horeca Lounge-Sitz - Beta - Samt<\/title>\n<meta name=\"robots\" content=\"index, follow, max-snippet:-1, max-image-preview:large, max-video-preview:-1\" \/>\n<link rel=\"canonical\" href=\"https:\/\/intermob.be\/de\/produkt\/horeca-samt-lounge-sitz-beta\/\" \/>\n<meta property=\"og:locale\" content=\"de_DE\" \/>\n<meta property=\"og:type\" content=\"article\" \/>\n<meta property=\"og:title\" content=\"Horeca Lounge-Sitz - Beta - Samt\" \/>\n<meta property=\"og:description\" content=\"Dieser elegante Samt-Lounge-Sessel mit einem schwarzen Buchenholzrahmen ist die perfekte Wahl f\u00fcr Restaurants und Caf\u00e9s, die eine stilvolle und komfortable\" \/>\n<meta property=\"og:url\" content=\"https:\/\/intermob.be\/de\/produkt\/horeca-samt-lounge-sitz-beta\/\" \/>\n<meta property=\"og:site_name\" content=\"Intermob Mobilier\" \/>\n<meta property=\"article:modified_time\" content=\"2025-06-26T06:46:47+00:00\" \/>\n<meta property=\"og:image\" content=\"https:\/\/intermob.be\/wp-content\/uploads\/2024\/03\/products-Horeca-Lounge-Zetel-Velvet-Fluweel-Beta-Hunter-2.jpg\" \/>\n\t<meta property=\"og:image:width\" content=\"1000\" \/>\n\t<meta property=\"og:image:height\" content=\"1000\" \/>\n\t<meta property=\"og:image:type\" content=\"image\/jpeg\" \/>\n<meta name=\"twitter:card\" content=\"summary_large_image\" \/>\n<meta name=\"twitter:label1\" content=\"Gesch\u00e4tzte Lesezeit\" \/>\n\t<meta name=\"twitter:data1\" content=\"1\u00a0Minute\" \/>\n<script type=\"application\/ld+json\" class=\"yoast-schema-graph\">{\"@context\":\"https:\/\/schema.org\",\"@graph\":[{\"@type\":\"WebPage\",\"@id\":\"https:\/\/intermob.be\/de\/produkt\/horeca-samt-lounge-sitz-beta\/\",\"url\":\"https:\/\/intermob.be\/de\/produkt\/horeca-samt-lounge-sitz-beta\/\",\"name\":\"Horeca Lounge-Sitz - Beta - Samt\",\"isPartOf\":{\"@id\":\"https:\/\/intermob.be\/de\/#website\"},\"primaryImageOfPage\":{\"@id\":\"https:\/\/intermob.be\/de\/produkt\/horeca-samt-lounge-sitz-beta\/#primaryimage\"},\"image\":{\"@id\":\"https:\/\/intermob.be\/de\/produkt\/horeca-samt-lounge-sitz-beta\/#primaryimage\"},\"thumbnailUrl\":\"https:\/\/intermob.be\/wp-content\/uploads\/2024\/03\/products-Horeca-Aperitiefzetel-Beta-Cognac-2.jpg\",\"datePublished\":\"2023-08-21T13:41:36+00:00\",\"dateModified\":\"2025-06-26T06:46:47+00:00\",\"breadcrumb\":{\"@id\":\"https:\/\/intermob.be\/de\/produkt\/horeca-samt-lounge-sitz-beta\/#breadcrumb\"},\"inLanguage\":\"de\",\"potentialAction\":[{\"@type\":\"ReadAction\",\"target\":[\"https:\/\/intermob.be\/de\/produkt\/horeca-samt-lounge-sitz-beta\/\"]}]},{\"@type\":\"ImageObject\",\"inLanguage\":\"de\",\"@id\":\"https:\/\/intermob.be\/de\/produkt\/horeca-samt-lounge-sitz-beta\/#primaryimage\",\"url\":\"https:\/\/intermob.be\/wp-content\/uploads\/2024\/03\/products-Horeca-Aperitiefzetel-Beta-Cognac-2.jpg\",\"contentUrl\":\"https:\/\/intermob.be\/wp-content\/uploads\/2024\/03\/products-Horeca-Aperitiefzetel-Beta-Cognac-2.jpg\",\"width\":1000,\"height\":1000,\"caption\":\"Horeca-Aperitiefzetel-Beta-Cognac\"},{\"@type\":\"BreadcrumbList\",\"@id\":\"https:\/\/intermob.be\/de\/produkt\/horeca-samt-lounge-sitz-beta\/#breadcrumb\",\"itemListElement\":[{\"@type\":\"ListItem\",\"position\":1,\"name\":\"Home\",\"item\":\"https:\/\/intermob.be\/de\/\"},{\"@type\":\"ListItem\",\"position\":2,\"name\":\"Shop\",\"item\":\"https:\/\/intermob.be\/de\/shop\/\"},{\"@type\":\"ListItem\",\"position\":3,\"name\":\"Horeca Lounge-Sitz &#8211; Beta &#8211; Samt\"}]},{\"@type\":\"WebSite\",\"@id\":\"https:\/\/intermob.be\/de\/#website\",\"url\":\"https:\/\/intermob.be\/de\/\",\"name\":\"Intermob\",\"description\":\"\",\"publisher\":{\"@id\":\"https:\/\/intermob.be\/de\/#organization\"},\"potentialAction\":[{\"@type\":\"SearchAction\",\"target\":{\"@type\":\"EntryPoint\",\"urlTemplate\":\"https:\/\/intermob.be\/de\/?s={search_term_string}\"},\"query-input\":{\"@type\":\"PropertyValueSpecification\",\"valueRequired\":true,\"valueName\":\"search_term_string\"}}],\"inLanguage\":\"de\"},{\"@type\":\"Organization\",\"@id\":\"https:\/\/intermob.be\/de\/#organization\",\"name\":\"Intermob Mobilier\",\"url\":\"https:\/\/intermob.be\/de\/\",\"logo\":{\"@type\":\"ImageObject\",\"inLanguage\":\"de\",\"@id\":\"https:\/\/intermob.be\/de\/#\/schema\/logo\/image\/\",\"url\":\"https:\/\/intermob.be\/wp-content\/uploads\/2025\/09\/intb-bold-logo.png\",\"contentUrl\":\"https:\/\/intermob.be\/wp-content\/uploads\/2025\/09\/intb-bold-logo.png\",\"width\":480,\"height\":158,\"caption\":\"Intermob Mobilier\"},\"image\":{\"@id\":\"https:\/\/intermob.be\/de\/#\/schema\/logo\/image\/\"}}]}<\/script>\n<!-- \/ Yoast SEO plugin. -->","yoast_head_json":{"title":"Horeca Lounge-Sitz - Beta - Samt","robots":{"index":"index","follow":"follow","max-snippet":"max-snippet:-1","max-image-preview":"max-image-preview:large","max-video-preview":"max-video-preview:-1"},"canonical":"https:\/\/intermob.be\/de\/produkt\/horeca-samt-lounge-sitz-beta\/","og_locale":"de_DE","og_type":"article","og_title":"Horeca Lounge-Sitz - Beta - Samt","og_description":"Dieser elegante Samt-Lounge-Sessel mit einem schwarzen Buchenholzrahmen ist die perfekte Wahl f\u00fcr Restaurants und Caf\u00e9s, die eine stilvolle und komfortable","og_url":"https:\/\/intermob.be\/de\/produkt\/horeca-samt-lounge-sitz-beta\/","og_site_name":"Intermob Mobilier","article_modified_time":"2025-06-26T06:46:47+00:00","og_image":[{"width":1000,"height":1000,"url":"https:\/\/intermob.be\/wp-content\/uploads\/2024\/03\/products-Horeca-Lounge-Zetel-Velvet-Fluweel-Beta-Hunter-2.jpg","type":"image\/jpeg"}],"twitter_card":"summary_large_image","twitter_misc":{"Gesch\u00e4tzte Lesezeit":"1\u00a0Minute"},"schema":{"@context":"https:\/\/schema.org","@graph":[{"@type":"WebPage","@id":"https:\/\/intermob.be\/de\/produkt\/horeca-samt-lounge-sitz-beta\/","url":"https:\/\/intermob.be\/de\/produkt\/horeca-samt-lounge-sitz-beta\/","name":"Horeca Lounge-Sitz - Beta - Samt","isPartOf":{"@id":"https:\/\/intermob.be\/de\/#website"},"primaryImageOfPage":{"@id":"https:\/\/intermob.be\/de\/produkt\/horeca-samt-lounge-sitz-beta\/#primaryimage"},"image":{"@id":"https:\/\/intermob.be\/de\/produkt\/horeca-samt-lounge-sitz-beta\/#primaryimage"},"thumbnailUrl":"https:\/\/intermob.be\/wp-content\/uploads\/2024\/03\/products-Horeca-Aperitiefzetel-Beta-Cognac-2.jpg","datePublished":"2023-08-21T13:41:36+00:00","dateModified":"2025-06-26T06:46:47+00:00","breadcrumb":{"@id":"https:\/\/intermob.be\/de\/produkt\/horeca-samt-lounge-sitz-beta\/#breadcrumb"},"inLanguage":"de","potentialAction":[{"@type":"ReadAction","target":["https:\/\/intermob.be\/de\/produkt\/horeca-samt-lounge-sitz-beta\/"]}]},{"@type":"ImageObject","inLanguage":"de","@id":"https:\/\/intermob.be\/de\/produkt\/horeca-samt-lounge-sitz-beta\/#primaryimage","url":"https:\/\/intermob.be\/wp-content\/uploads\/2024\/03\/products-Horeca-Aperitiefzetel-Beta-Cognac-2.jpg","contentUrl":"https:\/\/intermob.be\/wp-content\/uploads\/2024\/03\/products-Horeca-Aperitiefzetel-Beta-Cognac-2.jpg","width":1000,"height":1000,"caption":"Horeca-Aperitiefzetel-Beta-Cognac"},{"@type":"BreadcrumbList","@id":"https:\/\/intermob.be\/de\/produkt\/horeca-samt-lounge-sitz-beta\/#breadcrumb","itemListElement":[{"@type":"ListItem","position":1,"name":"Home","item":"https:\/\/intermob.be\/de\/"},{"@type":"ListItem","position":2,"name":"Shop","item":"https:\/\/intermob.be\/de\/shop\/"},{"@type":"ListItem","position":3,"name":"Horeca Lounge-Sitz &#8211; Beta &#8211; Samt"}]},{"@type":"WebSite","@id":"https:\/\/intermob.be\/de\/#website","url":"https:\/\/intermob.be\/de\/","name":"Intermob","description":"","publisher":{"@id":"https:\/\/intermob.be\/de\/#organization"},"potentialAction":[{"@type":"SearchAction","target":{"@type":"EntryPoint","urlTemplate":"https:\/\/intermob.be\/de\/?s={search_term_string}"},"query-input":{"@type":"PropertyValueSpecification","valueRequired":true,"valueName":"search_term_string"}}],"inLanguage":"de"},{"@type":"Organization","@id":"https:\/\/intermob.be\/de\/#organization","name":"Intermob Mobilier","url":"https:\/\/intermob.be\/de\/","logo":{"@type":"ImageObject","inLanguage":"de","@id":"https:\/\/intermob.be\/de\/#\/schema\/logo\/image\/","url":"https:\/\/intermob.be\/wp-content\/uploads\/2025\/09\/intb-bold-logo.png","contentUrl":"https:\/\/intermob.be\/wp-content\/uploads\/2025\/09\/intb-bold-logo.png","width":480,"height":158,"caption":"Intermob Mobilier"},"image":{"@id":"https:\/\/intermob.be\/de\/#\/schema\/logo\/image\/"}}]}},"_links":{"self":[{"href":"https:\/\/intermob.be\/de\/wp-json\/wp\/v2\/product\/89748","targetHints":{"allow":["GET"]}}],"collection":[{"href":"https:\/\/intermob.be\/de\/wp-json\/wp\/v2\/product"}],"about":[{"href":"https:\/\/intermob.be\/de\/wp-json\/wp\/v2\/types\/product"}],"replies":[{"embeddable":true,"href":"https:\/\/intermob.be\/de\/wp-json\/wp\/v2\/comments?post=89748"}],"version-history":[{"count":0,"href":"https:\/\/intermob.be\/de\/wp-json\/wp\/v2\/product\/89748\/revisions"}],"wp:featuredmedia":[{"embeddable":true,"href":"https:\/\/intermob.be\/de\/wp-json\/wp\/v2\/media\/86621"}],"wp:attachment":[{"href":"https:\/\/intermob.be\/de\/wp-json\/wp\/v2\/media?parent=89748"}],"wp:term":[{"taxonomy":"product_brand","embeddable":true,"href":"https:\/\/intermob.be\/de\/wp-json\/wp\/v2\/product_brand?post=89748"},{"taxonomy":"product_cat","embeddable":true,"href":"https:\/\/intermob.be\/de\/wp-json\/wp\/v2\/product_cat?post=89748"},{"taxonomy":"product_tag","embeddable":true,"href":"https:\/\/intermob.be\/de\/wp-json\/wp\/v2\/product_tag?post=89748"}],"curies":[{"name":"wp","href":"https:\/\/api.w.org\/{rel}","templated":true}]}}