{"id":90306,"date":"2023-09-27T13:59:14","date_gmt":"2023-09-27T13:59:14","guid":{"rendered":"https:\/\/intermob.be\/?post_type=product&#038;p=90306"},"modified":"2026-01-26T13:15:14","modified_gmt":"2026-01-26T13:15:14","slug":"horeca-stapelbarer-terrassenstuhl-aus-kunststoff-lugano","status":"publish","type":"product","link":"https:\/\/intermob.be\/de\/produkt\/horeca-stapelbarer-terrassenstuhl-aus-kunststoff-lugano\/","title":{"rendered":"Stapelbarer Stuhl - Lugano - Kunststoff"},"content":{"rendered":"<p><span style=\"color: #000000;\">Dieser elegante Kunststoffstuhl, erh\u00e4ltlich in verschiedenen Farben, besteht aus innovativem, gasunterst\u00fctztem Polypropylen, das mit Glasfaser verst\u00e4rkt ist und maximale Festigkeit und leichte Haltbarkeit gew\u00e4hrleistet. Die stapelbare Konstruktion macht ihn ideal f\u00fcr eine effiziente Einrichtung und schnelle Lagerung in hoch frequentierten Gastronomiebetrieben. Perfekt f\u00fcr den Einsatz in Caf\u00e9s, Restaurants und Terrassen, bietet dieser Stuhl ein modernes Erscheinungsbild, das sich m\u00fchelos in jedes trendige Ambiente einf\u00fcgt. W\u00e4hlen Sie Stil und Funktionalit\u00e4t mit diesem komfortablen und pflegeleichten Stuhl, der daf\u00fcr ausgelegt ist, Eindruck zu hinterlassen und in intensiven Umgebungen lange zu bestehen.<\/span><\/p>\n","protected":false},"excerpt":{"rendered":"<p>Dieser elegante Kunststoffstuhl, erh\u00e4ltlich in verschiedenen Farben, besteht aus innovativem, gasunterst\u00fctztem Polypropylen, das mit Glasfaser verst\u00e4rkt ist und maximale Festigkeit<\/p>\n","protected":false},"featured_media":90363,"comment_status":"open","ping_status":"closed","template":"","meta":[],"product_brand":[],"product_cat":[9783,9775,10043],"product_tag":[11628,11629,11630,11631,17388,17389,17390,17392],"class_list":{"0":"post-90306","1":"product","2":"type-product","3":"status-publish","4":"has-post-thumbnail","6":"product_cat-terrassenstuhl","7":"product_cat-kunststoff-stuhl","8":"product_cat-staphel-stuhle","9":"product_tag-kunststof","10":"product_tag-plastic-chair","11":"product_tag-plastik-stuhl","12":"product_tag-chaise-en-plastique","13":"product_tag-horeca-furniture","14":"product_tag-horeca-meubelen","15":"product_tag-horeca-moebel","16":"product_tag-meubles-horeca","17":"pa_armrest-armrest-nein-de","18":"pa_frame-stapelbar-frame-de","19":"pa_product-color-color-schwarz-de","20":"pa_product-color-color-braun-de","21":"pa_product-color-color-olive-de","22":"pa_product-color-color-taupe-de","23":"pa_product-color-color-weiss-de","24":"pa_product-color-color-backstein-de","25":"pa_product-material-material-synthetik","26":"pa_product-more-colors-ja-de","27":"pa_product-seats-1-seats-de","28":"pa_product-usage-usage-innen-draussen-de","30":"first","31":"instock","32":"sale","33":"taxable","34":"shipping-taxable","35":"purchasable","36":"product-type-variable","37":"hc-var-color"},"yoast_head":"<!-- This site is optimized with the Yoast SEO plugin v26.4 - https:\/\/yoast.com\/wordpress\/plugins\/seo\/ -->\n<title>Horeca Stapelbarer Terrassenstuhl - Lugano - Kunststoff<\/title>\n<meta name=\"robots\" content=\"index, follow, max-snippet:-1, max-image-preview:large, max-video-preview:-1\" \/>\n<link rel=\"canonical\" href=\"https:\/\/intermob.be\/de\/produkt\/horeca-stapelbarer-terrassenstuhl-aus-kunststoff-lugano\/\" \/>\n<meta property=\"og:locale\" content=\"de_DE\" \/>\n<meta property=\"og:type\" content=\"article\" \/>\n<meta property=\"og:title\" content=\"Horeca Stapelbarer Terrassenstuhl - Lugano - Kunststoff\" \/>\n<meta property=\"og:description\" content=\"Dieser elegante Kunststoffstuhl, erh\u00e4ltlich in verschiedenen Farben, besteht aus innovativem, gasunterst\u00fctztem Polypropylen, das mit Glasfaser verst\u00e4rkt ist und maximale Festigkeit\" \/>\n<meta property=\"og:url\" content=\"https:\/\/intermob.be\/de\/produkt\/horeca-stapelbarer-terrassenstuhl-aus-kunststoff-lugano\/\" \/>\n<meta property=\"og:site_name\" content=\"Intermob Mobilier\" \/>\n<meta property=\"article:modified_time\" content=\"2026-01-26T13:15:14+00:00\" \/>\n<meta property=\"og:image\" content=\"https:\/\/intermob.be\/wp-content\/uploads\/2024\/03\/products-Stapelbaar-Horeca-Terrasstoel-Lugano-Zwart-2.jpg\" \/>\n\t<meta property=\"og:image:width\" content=\"1000\" \/>\n\t<meta property=\"og:image:height\" content=\"1000\" \/>\n\t<meta property=\"og:image:type\" content=\"image\/jpeg\" \/>\n<meta name=\"twitter:card\" content=\"summary_large_image\" \/>\n<meta name=\"twitter:label1\" content=\"Gesch\u00e4tzte Lesezeit\" \/>\n\t<meta name=\"twitter:data1\" content=\"1\u00a0Minute\" \/>\n<script type=\"application\/ld+json\" class=\"yoast-schema-graph\">{\"@context\":\"https:\/\/schema.org\",\"@graph\":[{\"@type\":\"WebPage\",\"@id\":\"https:\/\/intermob.be\/de\/produkt\/horeca-stapelbarer-terrassenstuhl-aus-kunststoff-lugano\/\",\"url\":\"https:\/\/intermob.be\/de\/produkt\/horeca-stapelbarer-terrassenstuhl-aus-kunststoff-lugano\/\",\"name\":\"Horeca Stapelbarer Terrassenstuhl - Lugano - Kunststoff\",\"isPartOf\":{\"@id\":\"https:\/\/intermob.be\/de\/#website\"},\"primaryImageOfPage\":{\"@id\":\"https:\/\/intermob.be\/de\/produkt\/horeca-stapelbarer-terrassenstuhl-aus-kunststoff-lugano\/#primaryimage\"},\"image\":{\"@id\":\"https:\/\/intermob.be\/de\/produkt\/horeca-stapelbarer-terrassenstuhl-aus-kunststoff-lugano\/#primaryimage\"},\"thumbnailUrl\":\"https:\/\/intermob.be\/wp-content\/uploads\/2024\/03\/products-Stapelbaar-Horeca-Terrasstoel-Lugano-Zwart-2.jpg\",\"datePublished\":\"2023-09-27T13:59:14+00:00\",\"dateModified\":\"2026-01-26T13:15:14+00:00\",\"breadcrumb\":{\"@id\":\"https:\/\/intermob.be\/de\/produkt\/horeca-stapelbarer-terrassenstuhl-aus-kunststoff-lugano\/#breadcrumb\"},\"inLanguage\":\"de\",\"potentialAction\":[{\"@type\":\"ReadAction\",\"target\":[\"https:\/\/intermob.be\/de\/produkt\/horeca-stapelbarer-terrassenstuhl-aus-kunststoff-lugano\/\"]}]},{\"@type\":\"ImageObject\",\"inLanguage\":\"de\",\"@id\":\"https:\/\/intermob.be\/de\/produkt\/horeca-stapelbarer-terrassenstuhl-aus-kunststoff-lugano\/#primaryimage\",\"url\":\"https:\/\/intermob.be\/wp-content\/uploads\/2024\/03\/products-Stapelbaar-Horeca-Terrasstoel-Lugano-Zwart-2.jpg\",\"contentUrl\":\"https:\/\/intermob.be\/wp-content\/uploads\/2024\/03\/products-Stapelbaar-Horeca-Terrasstoel-Lugano-Zwart-2.jpg\",\"width\":1000,\"height\":1000,\"caption\":\"Stapelbaar-Horeca-Terrasstoel-Lugano-Zwart\"},{\"@type\":\"BreadcrumbList\",\"@id\":\"https:\/\/intermob.be\/de\/produkt\/horeca-stapelbarer-terrassenstuhl-aus-kunststoff-lugano\/#breadcrumb\",\"itemListElement\":[{\"@type\":\"ListItem\",\"position\":1,\"name\":\"Home\",\"item\":\"https:\/\/intermob.be\/de\/\"},{\"@type\":\"ListItem\",\"position\":2,\"name\":\"Shop\",\"item\":\"https:\/\/intermob.be\/de\/shop\/\"},{\"@type\":\"ListItem\",\"position\":3,\"name\":\"Stapelbarer Stuhl - Lugano - Kunststoff\"}]},{\"@type\":\"WebSite\",\"@id\":\"https:\/\/intermob.be\/de\/#website\",\"url\":\"https:\/\/intermob.be\/de\/\",\"name\":\"Intermob\",\"description\":\"\",\"publisher\":{\"@id\":\"https:\/\/intermob.be\/de\/#organization\"},\"potentialAction\":[{\"@type\":\"SearchAction\",\"target\":{\"@type\":\"EntryPoint\",\"urlTemplate\":\"https:\/\/intermob.be\/de\/?s={search_term_string}\"},\"query-input\":{\"@type\":\"PropertyValueSpecification\",\"valueRequired\":true,\"valueName\":\"search_term_string\"}}],\"inLanguage\":\"de\"},{\"@type\":\"Organization\",\"@id\":\"https:\/\/intermob.be\/de\/#organization\",\"name\":\"Intermob Mobilier\",\"url\":\"https:\/\/intermob.be\/de\/\",\"logo\":{\"@type\":\"ImageObject\",\"inLanguage\":\"de\",\"@id\":\"https:\/\/intermob.be\/de\/#\/schema\/logo\/image\/\",\"url\":\"https:\/\/intermob.be\/wp-content\/uploads\/2025\/09\/intb-bold-logo.png\",\"contentUrl\":\"https:\/\/intermob.be\/wp-content\/uploads\/2025\/09\/intb-bold-logo.png\",\"width\":480,\"height\":158,\"caption\":\"Intermob Mobilier\"},\"image\":{\"@id\":\"https:\/\/intermob.be\/de\/#\/schema\/logo\/image\/\"}}]}<\/script>\n<!-- \/ Yoast SEO plugin. -->","yoast_head_json":{"title":"Horeca Stapelbarer Terrassenstuhl - Lugano - Kunststoff","robots":{"index":"index","follow":"follow","max-snippet":"max-snippet:-1","max-image-preview":"max-image-preview:large","max-video-preview":"max-video-preview:-1"},"canonical":"https:\/\/intermob.be\/de\/produkt\/horeca-stapelbarer-terrassenstuhl-aus-kunststoff-lugano\/","og_locale":"de_DE","og_type":"article","og_title":"Horeca Stapelbarer Terrassenstuhl - Lugano - Kunststoff","og_description":"Dieser elegante Kunststoffstuhl, erh\u00e4ltlich in verschiedenen Farben, besteht aus innovativem, gasunterst\u00fctztem Polypropylen, das mit Glasfaser verst\u00e4rkt ist und maximale Festigkeit","og_url":"https:\/\/intermob.be\/de\/produkt\/horeca-stapelbarer-terrassenstuhl-aus-kunststoff-lugano\/","og_site_name":"Intermob Mobilier","article_modified_time":"2026-01-26T13:15:14+00:00","og_image":[{"width":1000,"height":1000,"url":"https:\/\/intermob.be\/wp-content\/uploads\/2024\/03\/products-Stapelbaar-Horeca-Terrasstoel-Lugano-Zwart-2.jpg","type":"image\/jpeg"}],"twitter_card":"summary_large_image","twitter_misc":{"Gesch\u00e4tzte Lesezeit":"1\u00a0Minute"},"schema":{"@context":"https:\/\/schema.org","@graph":[{"@type":"WebPage","@id":"https:\/\/intermob.be\/de\/produkt\/horeca-stapelbarer-terrassenstuhl-aus-kunststoff-lugano\/","url":"https:\/\/intermob.be\/de\/produkt\/horeca-stapelbarer-terrassenstuhl-aus-kunststoff-lugano\/","name":"Horeca Stapelbarer Terrassenstuhl - Lugano - Kunststoff","isPartOf":{"@id":"https:\/\/intermob.be\/de\/#website"},"primaryImageOfPage":{"@id":"https:\/\/intermob.be\/de\/produkt\/horeca-stapelbarer-terrassenstuhl-aus-kunststoff-lugano\/#primaryimage"},"image":{"@id":"https:\/\/intermob.be\/de\/produkt\/horeca-stapelbarer-terrassenstuhl-aus-kunststoff-lugano\/#primaryimage"},"thumbnailUrl":"https:\/\/intermob.be\/wp-content\/uploads\/2024\/03\/products-Stapelbaar-Horeca-Terrasstoel-Lugano-Zwart-2.jpg","datePublished":"2023-09-27T13:59:14+00:00","dateModified":"2026-01-26T13:15:14+00:00","breadcrumb":{"@id":"https:\/\/intermob.be\/de\/produkt\/horeca-stapelbarer-terrassenstuhl-aus-kunststoff-lugano\/#breadcrumb"},"inLanguage":"de","potentialAction":[{"@type":"ReadAction","target":["https:\/\/intermob.be\/de\/produkt\/horeca-stapelbarer-terrassenstuhl-aus-kunststoff-lugano\/"]}]},{"@type":"ImageObject","inLanguage":"de","@id":"https:\/\/intermob.be\/de\/produkt\/horeca-stapelbarer-terrassenstuhl-aus-kunststoff-lugano\/#primaryimage","url":"https:\/\/intermob.be\/wp-content\/uploads\/2024\/03\/products-Stapelbaar-Horeca-Terrasstoel-Lugano-Zwart-2.jpg","contentUrl":"https:\/\/intermob.be\/wp-content\/uploads\/2024\/03\/products-Stapelbaar-Horeca-Terrasstoel-Lugano-Zwart-2.jpg","width":1000,"height":1000,"caption":"Stapelbaar-Horeca-Terrasstoel-Lugano-Zwart"},{"@type":"BreadcrumbList","@id":"https:\/\/intermob.be\/de\/produkt\/horeca-stapelbarer-terrassenstuhl-aus-kunststoff-lugano\/#breadcrumb","itemListElement":[{"@type":"ListItem","position":1,"name":"Home","item":"https:\/\/intermob.be\/de\/"},{"@type":"ListItem","position":2,"name":"Shop","item":"https:\/\/intermob.be\/de\/shop\/"},{"@type":"ListItem","position":3,"name":"Stapelbarer Stuhl - Lugano - Kunststoff"}]},{"@type":"WebSite","@id":"https:\/\/intermob.be\/de\/#website","url":"https:\/\/intermob.be\/de\/","name":"Intermob","description":"","publisher":{"@id":"https:\/\/intermob.be\/de\/#organization"},"potentialAction":[{"@type":"SearchAction","target":{"@type":"EntryPoint","urlTemplate":"https:\/\/intermob.be\/de\/?s={search_term_string}"},"query-input":{"@type":"PropertyValueSpecification","valueRequired":true,"valueName":"search_term_string"}}],"inLanguage":"de"},{"@type":"Organization","@id":"https:\/\/intermob.be\/de\/#organization","name":"Intermob Mobilier","url":"https:\/\/intermob.be\/de\/","logo":{"@type":"ImageObject","inLanguage":"de","@id":"https:\/\/intermob.be\/de\/#\/schema\/logo\/image\/","url":"https:\/\/intermob.be\/wp-content\/uploads\/2025\/09\/intb-bold-logo.png","contentUrl":"https:\/\/intermob.be\/wp-content\/uploads\/2025\/09\/intb-bold-logo.png","width":480,"height":158,"caption":"Intermob Mobilier"},"image":{"@id":"https:\/\/intermob.be\/de\/#\/schema\/logo\/image\/"}}]}},"_links":{"self":[{"href":"https:\/\/intermob.be\/de\/wp-json\/wp\/v2\/product\/90306","targetHints":{"allow":["GET"]}}],"collection":[{"href":"https:\/\/intermob.be\/de\/wp-json\/wp\/v2\/product"}],"about":[{"href":"https:\/\/intermob.be\/de\/wp-json\/wp\/v2\/types\/product"}],"replies":[{"embeddable":true,"href":"https:\/\/intermob.be\/de\/wp-json\/wp\/v2\/comments?post=90306"}],"version-history":[{"count":1,"href":"https:\/\/intermob.be\/de\/wp-json\/wp\/v2\/product\/90306\/revisions"}],"predecessor-version":[{"id":156717,"href":"https:\/\/intermob.be\/de\/wp-json\/wp\/v2\/product\/90306\/revisions\/156717"}],"wp:featuredmedia":[{"embeddable":true,"href":"https:\/\/intermob.be\/de\/wp-json\/wp\/v2\/media\/90363"}],"wp:attachment":[{"href":"https:\/\/intermob.be\/de\/wp-json\/wp\/v2\/media?parent=90306"}],"wp:term":[{"taxonomy":"product_brand","embeddable":true,"href":"https:\/\/intermob.be\/de\/wp-json\/wp\/v2\/product_brand?post=90306"},{"taxonomy":"product_cat","embeddable":true,"href":"https:\/\/intermob.be\/de\/wp-json\/wp\/v2\/product_cat?post=90306"},{"taxonomy":"product_tag","embeddable":true,"href":"https:\/\/intermob.be\/de\/wp-json\/wp\/v2\/product_tag?post=90306"}],"curies":[{"name":"wp","href":"https:\/\/api.w.org\/{rel}","templated":true}]}}