{"id":90322,"date":"2023-09-28T07:56:10","date_gmt":"2023-09-28T07:56:10","guid":{"rendered":"https:\/\/intermob.be\/?post_type=product&#038;p=90322"},"modified":"2026-01-26T13:15:19","modified_gmt":"2026-01-26T13:15:19","slug":"horeca-stapelbarer-terrassenstuhl-aus-kunststoff-mit-armlehne-lugano","status":"publish","type":"product","link":"https:\/\/intermob.be\/de\/produkt\/horeca-stapelbarer-terrassenstuhl-aus-kunststoff-mit-armlehne-lugano\/","title":{"rendered":"Stapelbarer Sessel - Lugano - Kunststoff"},"content":{"rendered":"<p><span style=\"color: #000000;\">Entdecken Sie den vielseitigen Kunststoff-Armstuhl, erh\u00e4ltlich in verschiedenen Farben, hergestellt aus innovativem, gasunterst\u00fctztem Polypropylen und mit Glasfaser verst\u00e4rkt f\u00fcr maximale Stabilit\u00e4t und leichte Haltbarkeit. Dieser Armstuhl ist nicht nur praktisch und komfortabel, sondern auch stapelbar, was die Lagerung und Anordnung in dynamischen Gastronomieumgebungen wie Caf\u00e9s und Restaurants erleichtert. Das schlanke, moderne Design passt perfekt zu trendigen Einrichtungsstilen, w\u00e4hrend das robuste Material f\u00fcr eine lange Lebensdauer selbst bei intensiver Nutzung sorgt. Ideal f\u00fcr alle, die Funktionalit\u00e4t und Design in einem Stuhl suchen.<\/span><\/p>\n<p><span style=\"color: #000000;\">Minderstverkauf 20 St\u00fcck. Fragen Sie nach Informationen f\u00fcr den Kauf von weniger als 20 St\u00fcck. Bei Lagerbestand k\u00f6nnen wir auch weniger als 20 St\u00fcck liefern.<\/span><\/p>\n","protected":false},"excerpt":{"rendered":"<p>Entdecken Sie den vielseitigen Kunststoff-Armstuhl, erh\u00e4ltlich in verschiedenen Farben, hergestellt aus innovativem, gasunterst\u00fctztem Polypropylen und mit Glasfaser verst\u00e4rkt f\u00fcr maximale<\/p>\n","protected":false},"featured_media":90299,"comment_status":"open","ping_status":"closed","template":"","meta":[],"product_brand":[],"product_cat":[9783,9775,10043],"product_tag":[11628,11629,11630,11631,17388,17389,17390,17392],"class_list":{"0":"post-90322","1":"product","2":"type-product","3":"status-publish","4":"has-post-thumbnail","6":"product_cat-terrassenstuhl","7":"product_cat-kunststoff-stuhl","8":"product_cat-staphel-stuhle","9":"product_tag-kunststof","10":"product_tag-plastic-chair","11":"product_tag-plastik-stuhl","12":"product_tag-chaise-en-plastique","13":"product_tag-horeca-furniture","14":"product_tag-horeca-meubelen","15":"product_tag-horeca-moebel","16":"product_tag-meubles-horeca","17":"pa_armrest-armrest-ja-de","18":"pa_frame-stapelbar-frame-de","19":"pa_product-color-color-schwarz-de","20":"pa_product-color-color-braun-de","21":"pa_product-color-color-olive-de","22":"pa_product-color-color-taupe-de","23":"pa_product-color-color-weiss-de","24":"pa_product-color-color-backstein-de","25":"pa_product-material-material-synthetik","26":"pa_product-more-colors-ja-de","27":"pa_product-seats-1-seats-de","28":"pa_product-usage-usage-innen-draussen-de","30":"first","31":"instock","32":"sale","33":"taxable","34":"shipping-taxable","35":"purchasable","36":"product-type-variable","37":"hc-var-color"},"yoast_head":"<!-- This site is optimized with the Yoast SEO plugin v26.4 - https:\/\/yoast.com\/wordpress\/plugins\/seo\/ -->\n<title>Horeca Stapelbarer Terrassen Sessel - Lugano - Kunststoff<\/title>\n<meta name=\"robots\" content=\"index, follow, max-snippet:-1, max-image-preview:large, max-video-preview:-1\" \/>\n<link rel=\"canonical\" href=\"https:\/\/intermob.be\/de\/produkt\/horeca-stapelbarer-terrassenstuhl-aus-kunststoff-mit-armlehne-lugano\/\" \/>\n<meta property=\"og:locale\" content=\"de_DE\" \/>\n<meta property=\"og:type\" content=\"article\" \/>\n<meta property=\"og:title\" content=\"Horeca Stapelbarer Terrassen Sessel - Lugano - Kunststoff\" \/>\n<meta property=\"og:description\" content=\"Entdecken Sie den vielseitigen Kunststoff-Armstuhl, erh\u00e4ltlich in verschiedenen Farben, hergestellt aus innovativem, gasunterst\u00fctztem Polypropylen und mit Glasfaser verst\u00e4rkt f\u00fcr maximale\" \/>\n<meta property=\"og:url\" content=\"https:\/\/intermob.be\/de\/produkt\/horeca-stapelbarer-terrassenstuhl-aus-kunststoff-mit-armlehne-lugano\/\" \/>\n<meta property=\"og:site_name\" content=\"Intermob Mobilier\" \/>\n<meta property=\"article:modified_time\" content=\"2026-01-26T13:15:19+00:00\" \/>\n<meta property=\"og:image\" content=\"https:\/\/intermob.be\/wp-content\/uploads\/2024\/03\/products-Stapelbaar-Horeca-Terrasstoel-Lugano-Arm-Zwart-1-2.jpg\" \/>\n\t<meta property=\"og:image:width\" content=\"1000\" \/>\n\t<meta property=\"og:image:height\" content=\"1000\" \/>\n\t<meta property=\"og:image:type\" content=\"image\/jpeg\" \/>\n<meta name=\"twitter:card\" content=\"summary_large_image\" \/>\n<meta name=\"twitter:label1\" content=\"Gesch\u00e4tzte Lesezeit\" \/>\n\t<meta name=\"twitter:data1\" content=\"1\u00a0Minute\" \/>\n<script type=\"application\/ld+json\" class=\"yoast-schema-graph\">{\"@context\":\"https:\/\/schema.org\",\"@graph\":[{\"@type\":\"WebPage\",\"@id\":\"https:\/\/intermob.be\/de\/produkt\/horeca-stapelbarer-terrassenstuhl-aus-kunststoff-mit-armlehne-lugano\/\",\"url\":\"https:\/\/intermob.be\/de\/produkt\/horeca-stapelbarer-terrassenstuhl-aus-kunststoff-mit-armlehne-lugano\/\",\"name\":\"Horeca Stapelbarer Terrassen Sessel - Lugano - Kunststoff\",\"isPartOf\":{\"@id\":\"https:\/\/intermob.be\/de\/#website\"},\"primaryImageOfPage\":{\"@id\":\"https:\/\/intermob.be\/de\/produkt\/horeca-stapelbarer-terrassenstuhl-aus-kunststoff-mit-armlehne-lugano\/#primaryimage\"},\"image\":{\"@id\":\"https:\/\/intermob.be\/de\/produkt\/horeca-stapelbarer-terrassenstuhl-aus-kunststoff-mit-armlehne-lugano\/#primaryimage\"},\"thumbnailUrl\":\"https:\/\/intermob.be\/wp-content\/uploads\/2024\/03\/products-Stapelbaar-Horeca-Terrasstoel-Lugano-Arm-Zwart-1-2.jpg\",\"datePublished\":\"2023-09-28T07:56:10+00:00\",\"dateModified\":\"2026-01-26T13:15:19+00:00\",\"breadcrumb\":{\"@id\":\"https:\/\/intermob.be\/de\/produkt\/horeca-stapelbarer-terrassenstuhl-aus-kunststoff-mit-armlehne-lugano\/#breadcrumb\"},\"inLanguage\":\"de\",\"potentialAction\":[{\"@type\":\"ReadAction\",\"target\":[\"https:\/\/intermob.be\/de\/produkt\/horeca-stapelbarer-terrassenstuhl-aus-kunststoff-mit-armlehne-lugano\/\"]}]},{\"@type\":\"ImageObject\",\"inLanguage\":\"de\",\"@id\":\"https:\/\/intermob.be\/de\/produkt\/horeca-stapelbarer-terrassenstuhl-aus-kunststoff-mit-armlehne-lugano\/#primaryimage\",\"url\":\"https:\/\/intermob.be\/wp-content\/uploads\/2024\/03\/products-Stapelbaar-Horeca-Terrasstoel-Lugano-Arm-Zwart-1-2.jpg\",\"contentUrl\":\"https:\/\/intermob.be\/wp-content\/uploads\/2024\/03\/products-Stapelbaar-Horeca-Terrasstoel-Lugano-Arm-Zwart-1-2.jpg\",\"width\":1000,\"height\":1000,\"caption\":\"Stapelbaar-Horeca-Terrasstoel-Lugano-Arm-Zwart-1\"},{\"@type\":\"BreadcrumbList\",\"@id\":\"https:\/\/intermob.be\/de\/produkt\/horeca-stapelbarer-terrassenstuhl-aus-kunststoff-mit-armlehne-lugano\/#breadcrumb\",\"itemListElement\":[{\"@type\":\"ListItem\",\"position\":1,\"name\":\"Home\",\"item\":\"https:\/\/intermob.be\/de\/\"},{\"@type\":\"ListItem\",\"position\":2,\"name\":\"Shop\",\"item\":\"https:\/\/intermob.be\/de\/shop\/\"},{\"@type\":\"ListItem\",\"position\":3,\"name\":\"Stapelbarer Sessel - Lugano - Kunststoff\"}]},{\"@type\":\"WebSite\",\"@id\":\"https:\/\/intermob.be\/de\/#website\",\"url\":\"https:\/\/intermob.be\/de\/\",\"name\":\"Intermob\",\"description\":\"\",\"publisher\":{\"@id\":\"https:\/\/intermob.be\/de\/#organization\"},\"potentialAction\":[{\"@type\":\"SearchAction\",\"target\":{\"@type\":\"EntryPoint\",\"urlTemplate\":\"https:\/\/intermob.be\/de\/?s={search_term_string}\"},\"query-input\":{\"@type\":\"PropertyValueSpecification\",\"valueRequired\":true,\"valueName\":\"search_term_string\"}}],\"inLanguage\":\"de\"},{\"@type\":\"Organization\",\"@id\":\"https:\/\/intermob.be\/de\/#organization\",\"name\":\"Intermob Mobilier\",\"url\":\"https:\/\/intermob.be\/de\/\",\"logo\":{\"@type\":\"ImageObject\",\"inLanguage\":\"de\",\"@id\":\"https:\/\/intermob.be\/de\/#\/schema\/logo\/image\/\",\"url\":\"https:\/\/intermob.be\/wp-content\/uploads\/2025\/09\/intb-bold-logo.png\",\"contentUrl\":\"https:\/\/intermob.be\/wp-content\/uploads\/2025\/09\/intb-bold-logo.png\",\"width\":480,\"height\":158,\"caption\":\"Intermob Mobilier\"},\"image\":{\"@id\":\"https:\/\/intermob.be\/de\/#\/schema\/logo\/image\/\"}}]}<\/script>\n<!-- \/ Yoast SEO plugin. -->","yoast_head_json":{"title":"Horeca Stapelbarer Terrassen Sessel - Lugano - Kunststoff","robots":{"index":"index","follow":"follow","max-snippet":"max-snippet:-1","max-image-preview":"max-image-preview:large","max-video-preview":"max-video-preview:-1"},"canonical":"https:\/\/intermob.be\/de\/produkt\/horeca-stapelbarer-terrassenstuhl-aus-kunststoff-mit-armlehne-lugano\/","og_locale":"de_DE","og_type":"article","og_title":"Horeca Stapelbarer Terrassen Sessel - Lugano - Kunststoff","og_description":"Entdecken Sie den vielseitigen Kunststoff-Armstuhl, erh\u00e4ltlich in verschiedenen Farben, hergestellt aus innovativem, gasunterst\u00fctztem Polypropylen und mit Glasfaser verst\u00e4rkt f\u00fcr maximale","og_url":"https:\/\/intermob.be\/de\/produkt\/horeca-stapelbarer-terrassenstuhl-aus-kunststoff-mit-armlehne-lugano\/","og_site_name":"Intermob Mobilier","article_modified_time":"2026-01-26T13:15:19+00:00","og_image":[{"width":1000,"height":1000,"url":"https:\/\/intermob.be\/wp-content\/uploads\/2024\/03\/products-Stapelbaar-Horeca-Terrasstoel-Lugano-Arm-Zwart-1-2.jpg","type":"image\/jpeg"}],"twitter_card":"summary_large_image","twitter_misc":{"Gesch\u00e4tzte Lesezeit":"1\u00a0Minute"},"schema":{"@context":"https:\/\/schema.org","@graph":[{"@type":"WebPage","@id":"https:\/\/intermob.be\/de\/produkt\/horeca-stapelbarer-terrassenstuhl-aus-kunststoff-mit-armlehne-lugano\/","url":"https:\/\/intermob.be\/de\/produkt\/horeca-stapelbarer-terrassenstuhl-aus-kunststoff-mit-armlehne-lugano\/","name":"Horeca Stapelbarer Terrassen Sessel - Lugano - Kunststoff","isPartOf":{"@id":"https:\/\/intermob.be\/de\/#website"},"primaryImageOfPage":{"@id":"https:\/\/intermob.be\/de\/produkt\/horeca-stapelbarer-terrassenstuhl-aus-kunststoff-mit-armlehne-lugano\/#primaryimage"},"image":{"@id":"https:\/\/intermob.be\/de\/produkt\/horeca-stapelbarer-terrassenstuhl-aus-kunststoff-mit-armlehne-lugano\/#primaryimage"},"thumbnailUrl":"https:\/\/intermob.be\/wp-content\/uploads\/2024\/03\/products-Stapelbaar-Horeca-Terrasstoel-Lugano-Arm-Zwart-1-2.jpg","datePublished":"2023-09-28T07:56:10+00:00","dateModified":"2026-01-26T13:15:19+00:00","breadcrumb":{"@id":"https:\/\/intermob.be\/de\/produkt\/horeca-stapelbarer-terrassenstuhl-aus-kunststoff-mit-armlehne-lugano\/#breadcrumb"},"inLanguage":"de","potentialAction":[{"@type":"ReadAction","target":["https:\/\/intermob.be\/de\/produkt\/horeca-stapelbarer-terrassenstuhl-aus-kunststoff-mit-armlehne-lugano\/"]}]},{"@type":"ImageObject","inLanguage":"de","@id":"https:\/\/intermob.be\/de\/produkt\/horeca-stapelbarer-terrassenstuhl-aus-kunststoff-mit-armlehne-lugano\/#primaryimage","url":"https:\/\/intermob.be\/wp-content\/uploads\/2024\/03\/products-Stapelbaar-Horeca-Terrasstoel-Lugano-Arm-Zwart-1-2.jpg","contentUrl":"https:\/\/intermob.be\/wp-content\/uploads\/2024\/03\/products-Stapelbaar-Horeca-Terrasstoel-Lugano-Arm-Zwart-1-2.jpg","width":1000,"height":1000,"caption":"Stapelbaar-Horeca-Terrasstoel-Lugano-Arm-Zwart-1"},{"@type":"BreadcrumbList","@id":"https:\/\/intermob.be\/de\/produkt\/horeca-stapelbarer-terrassenstuhl-aus-kunststoff-mit-armlehne-lugano\/#breadcrumb","itemListElement":[{"@type":"ListItem","position":1,"name":"Home","item":"https:\/\/intermob.be\/de\/"},{"@type":"ListItem","position":2,"name":"Shop","item":"https:\/\/intermob.be\/de\/shop\/"},{"@type":"ListItem","position":3,"name":"Stapelbarer Sessel - Lugano - Kunststoff"}]},{"@type":"WebSite","@id":"https:\/\/intermob.be\/de\/#website","url":"https:\/\/intermob.be\/de\/","name":"Intermob","description":"","publisher":{"@id":"https:\/\/intermob.be\/de\/#organization"},"potentialAction":[{"@type":"SearchAction","target":{"@type":"EntryPoint","urlTemplate":"https:\/\/intermob.be\/de\/?s={search_term_string}"},"query-input":{"@type":"PropertyValueSpecification","valueRequired":true,"valueName":"search_term_string"}}],"inLanguage":"de"},{"@type":"Organization","@id":"https:\/\/intermob.be\/de\/#organization","name":"Intermob Mobilier","url":"https:\/\/intermob.be\/de\/","logo":{"@type":"ImageObject","inLanguage":"de","@id":"https:\/\/intermob.be\/de\/#\/schema\/logo\/image\/","url":"https:\/\/intermob.be\/wp-content\/uploads\/2025\/09\/intb-bold-logo.png","contentUrl":"https:\/\/intermob.be\/wp-content\/uploads\/2025\/09\/intb-bold-logo.png","width":480,"height":158,"caption":"Intermob Mobilier"},"image":{"@id":"https:\/\/intermob.be\/de\/#\/schema\/logo\/image\/"}}]}},"_links":{"self":[{"href":"https:\/\/intermob.be\/de\/wp-json\/wp\/v2\/product\/90322","targetHints":{"allow":["GET"]}}],"collection":[{"href":"https:\/\/intermob.be\/de\/wp-json\/wp\/v2\/product"}],"about":[{"href":"https:\/\/intermob.be\/de\/wp-json\/wp\/v2\/types\/product"}],"replies":[{"embeddable":true,"href":"https:\/\/intermob.be\/de\/wp-json\/wp\/v2\/comments?post=90322"}],"version-history":[{"count":1,"href":"https:\/\/intermob.be\/de\/wp-json\/wp\/v2\/product\/90322\/revisions"}],"predecessor-version":[{"id":156718,"href":"https:\/\/intermob.be\/de\/wp-json\/wp\/v2\/product\/90322\/revisions\/156718"}],"wp:featuredmedia":[{"embeddable":true,"href":"https:\/\/intermob.be\/de\/wp-json\/wp\/v2\/media\/90299"}],"wp:attachment":[{"href":"https:\/\/intermob.be\/de\/wp-json\/wp\/v2\/media?parent=90322"}],"wp:term":[{"taxonomy":"product_brand","embeddable":true,"href":"https:\/\/intermob.be\/de\/wp-json\/wp\/v2\/product_brand?post=90322"},{"taxonomy":"product_cat","embeddable":true,"href":"https:\/\/intermob.be\/de\/wp-json\/wp\/v2\/product_cat?post=90322"},{"taxonomy":"product_tag","embeddable":true,"href":"https:\/\/intermob.be\/de\/wp-json\/wp\/v2\/product_tag?post=90322"}],"curies":[{"name":"wp","href":"https:\/\/api.w.org\/{rel}","templated":true}]}}