{"id":91170,"date":"2023-12-15T14:15:25","date_gmt":"2023-12-15T14:15:25","guid":{"rendered":"https:\/\/intermob.be\/?post_type=product&#038;p=91170"},"modified":"2024-02-29T11:42:36","modified_gmt":"2024-02-29T11:42:36","slug":"horeca-malerei-422-80x120-cm","status":"publish","type":"product","link":"https:\/\/intermob.be\/de\/produkt\/horeca-malerei-422-80x120-cm\/","title":{"rendered":"3D Malerei - 422 - 80x120 Cm"},"content":{"rendered":"<p><span style=\"color: #000000;\">Bereichern Sie die Atmosph\u00e4re Ihres Gastronomiebetriebes mit unseren kunstvollen Gem\u00e4lden. Von zeitgen\u00f6ssischer Abstraktion bis hin zu beruhigenden Landschaften wurde jede Auswahl sorgf\u00e4ltig ausgew\u00e4hlt, um Ihrem Restaurant, Caf\u00e9 oder Ihrer Bar eine einzigartige visuelle Identit\u00e4t zu verleihen. Entdecken Sie die perfekte Harmonie zwischen Kunst und Ambiente mit unseren sorgf\u00e4ltig ausgew\u00e4hlten Gem\u00e4lden.<\/span><\/p>\n","protected":false},"excerpt":{"rendered":"<p>Bereichern Sie die Atmosph\u00e4re Ihres Gastronomiebetriebes mit unseren kunstvollen Gem\u00e4lden. Von zeitgen\u00f6ssischer Abstraktion bis hin zu beruhigenden Landschaften wurde jede<\/p>\n","protected":false},"featured_media":91171,"comment_status":"open","ping_status":"closed","template":"","meta":[],"product_brand":[],"product_cat":[10495],"product_tag":[],"class_list":{"0":"post-91170","1":"product","2":"type-product","3":"status-publish","4":"has-post-thumbnail","6":"product_cat-malereien","7":"pa_product-color-color-mehrfarbig-de","8":"pa_product-material-material-metall-de","9":"pa_product-usage-usage-innen-de","11":"first","12":"outofstock","13":"sale","14":"taxable","15":"shipping-taxable","16":"purchasable","17":"product-type-simple"},"yoast_head":"<!-- This site is optimized with the Yoast SEO plugin v26.4 - https:\/\/yoast.com\/wordpress\/plugins\/seo\/ -->\n<title>Horeca Malerei - 422 - 80x120 Cm<\/title>\n<meta name=\"robots\" content=\"index, follow, max-snippet:-1, max-image-preview:large, max-video-preview:-1\" \/>\n<link rel=\"canonical\" href=\"https:\/\/intermob.be\/de\/produkt\/horeca-malerei-422-80x120-cm\/\" \/>\n<meta property=\"og:locale\" content=\"de_DE\" \/>\n<meta property=\"og:type\" content=\"article\" \/>\n<meta property=\"og:title\" content=\"Horeca Malerei - 422 - 80x120 Cm\" \/>\n<meta property=\"og:description\" content=\"Bereichern Sie die Atmosph\u00e4re Ihres Gastronomiebetriebes mit unseren kunstvollen Gem\u00e4lden. Von zeitgen\u00f6ssischer Abstraktion bis hin zu beruhigenden Landschaften wurde jede\" \/>\n<meta property=\"og:url\" content=\"https:\/\/intermob.be\/de\/produkt\/horeca-malerei-422-80x120-cm\/\" \/>\n<meta property=\"og:site_name\" content=\"Intermob Mobilier\" \/>\n<meta property=\"article:modified_time\" content=\"2024-02-29T11:42:36+00:00\" \/>\n<meta property=\"og:image\" content=\"https:\/\/intermob.be\/wp-content\/uploads\/2024\/03\/products-Horeca-Schilderij-422-80x120-Cm-2.jpg\" \/>\n\t<meta property=\"og:image:width\" content=\"1080\" \/>\n\t<meta property=\"og:image:height\" content=\"1080\" \/>\n\t<meta property=\"og:image:type\" content=\"image\/jpeg\" \/>\n<meta name=\"twitter:card\" content=\"summary_large_image\" \/>\n<script type=\"application\/ld+json\" class=\"yoast-schema-graph\">{\"@context\":\"https:\/\/schema.org\",\"@graph\":[{\"@type\":\"WebPage\",\"@id\":\"https:\/\/intermob.be\/de\/produkt\/horeca-malerei-422-80x120-cm\/\",\"url\":\"https:\/\/intermob.be\/de\/produkt\/horeca-malerei-422-80x120-cm\/\",\"name\":\"Horeca Malerei - 422 - 80x120 Cm\",\"isPartOf\":{\"@id\":\"https:\/\/intermob.be\/de\/#website\"},\"primaryImageOfPage\":{\"@id\":\"https:\/\/intermob.be\/de\/produkt\/horeca-malerei-422-80x120-cm\/#primaryimage\"},\"image\":{\"@id\":\"https:\/\/intermob.be\/de\/produkt\/horeca-malerei-422-80x120-cm\/#primaryimage\"},\"thumbnailUrl\":\"https:\/\/intermob.be\/wp-content\/uploads\/2024\/03\/products-Horeca-Schilderij-422-80x120-Cm-2.jpg\",\"datePublished\":\"2023-12-15T14:15:25+00:00\",\"dateModified\":\"2024-02-29T11:42:36+00:00\",\"breadcrumb\":{\"@id\":\"https:\/\/intermob.be\/de\/produkt\/horeca-malerei-422-80x120-cm\/#breadcrumb\"},\"inLanguage\":\"de\",\"potentialAction\":[{\"@type\":\"ReadAction\",\"target\":[\"https:\/\/intermob.be\/de\/produkt\/horeca-malerei-422-80x120-cm\/\"]}]},{\"@type\":\"ImageObject\",\"inLanguage\":\"de\",\"@id\":\"https:\/\/intermob.be\/de\/produkt\/horeca-malerei-422-80x120-cm\/#primaryimage\",\"url\":\"https:\/\/intermob.be\/wp-content\/uploads\/2024\/03\/products-Horeca-Schilderij-422-80x120-Cm-2.jpg\",\"contentUrl\":\"https:\/\/intermob.be\/wp-content\/uploads\/2024\/03\/products-Horeca-Schilderij-422-80x120-Cm-2.jpg\",\"width\":1080,\"height\":1080,\"caption\":\"Horeca-Schilderij-422-80x120-Cm\"},{\"@type\":\"BreadcrumbList\",\"@id\":\"https:\/\/intermob.be\/de\/produkt\/horeca-malerei-422-80x120-cm\/#breadcrumb\",\"itemListElement\":[{\"@type\":\"ListItem\",\"position\":1,\"name\":\"Home\",\"item\":\"https:\/\/intermob.be\/de\/\"},{\"@type\":\"ListItem\",\"position\":2,\"name\":\"Shop\",\"item\":\"https:\/\/intermob.be\/de\/shop\/\"},{\"@type\":\"ListItem\",\"position\":3,\"name\":\"3D Malerei auf Metall &#8211; 422 &#8211; 80&#215;120 Cm\"}]},{\"@type\":\"WebSite\",\"@id\":\"https:\/\/intermob.be\/de\/#website\",\"url\":\"https:\/\/intermob.be\/de\/\",\"name\":\"Intermob\",\"description\":\"\",\"publisher\":{\"@id\":\"https:\/\/intermob.be\/de\/#organization\"},\"potentialAction\":[{\"@type\":\"SearchAction\",\"target\":{\"@type\":\"EntryPoint\",\"urlTemplate\":\"https:\/\/intermob.be\/de\/?s={search_term_string}\"},\"query-input\":{\"@type\":\"PropertyValueSpecification\",\"valueRequired\":true,\"valueName\":\"search_term_string\"}}],\"inLanguage\":\"de\"},{\"@type\":\"Organization\",\"@id\":\"https:\/\/intermob.be\/de\/#organization\",\"name\":\"Intermob Mobilier\",\"url\":\"https:\/\/intermob.be\/de\/\",\"logo\":{\"@type\":\"ImageObject\",\"inLanguage\":\"de\",\"@id\":\"https:\/\/intermob.be\/de\/#\/schema\/logo\/image\/\",\"url\":\"https:\/\/intermob.be\/wp-content\/uploads\/2025\/09\/intb-bold-logo.png\",\"contentUrl\":\"https:\/\/intermob.be\/wp-content\/uploads\/2025\/09\/intb-bold-logo.png\",\"width\":480,\"height\":158,\"caption\":\"Intermob Mobilier\"},\"image\":{\"@id\":\"https:\/\/intermob.be\/de\/#\/schema\/logo\/image\/\"}}]}<\/script>\n<!-- \/ Yoast SEO plugin. -->","yoast_head_json":{"title":"Horeca Malerei - 422 - 80x120 Cm","robots":{"index":"index","follow":"follow","max-snippet":"max-snippet:-1","max-image-preview":"max-image-preview:large","max-video-preview":"max-video-preview:-1"},"canonical":"https:\/\/intermob.be\/de\/produkt\/horeca-malerei-422-80x120-cm\/","og_locale":"de_DE","og_type":"article","og_title":"Horeca Malerei - 422 - 80x120 Cm","og_description":"Bereichern Sie die Atmosph\u00e4re Ihres Gastronomiebetriebes mit unseren kunstvollen Gem\u00e4lden. Von zeitgen\u00f6ssischer Abstraktion bis hin zu beruhigenden Landschaften wurde jede","og_url":"https:\/\/intermob.be\/de\/produkt\/horeca-malerei-422-80x120-cm\/","og_site_name":"Intermob Mobilier","article_modified_time":"2024-02-29T11:42:36+00:00","og_image":[{"width":1080,"height":1080,"url":"https:\/\/intermob.be\/wp-content\/uploads\/2024\/03\/products-Horeca-Schilderij-422-80x120-Cm-2.jpg","type":"image\/jpeg"}],"twitter_card":"summary_large_image","schema":{"@context":"https:\/\/schema.org","@graph":[{"@type":"WebPage","@id":"https:\/\/intermob.be\/de\/produkt\/horeca-malerei-422-80x120-cm\/","url":"https:\/\/intermob.be\/de\/produkt\/horeca-malerei-422-80x120-cm\/","name":"Horeca Malerei - 422 - 80x120 Cm","isPartOf":{"@id":"https:\/\/intermob.be\/de\/#website"},"primaryImageOfPage":{"@id":"https:\/\/intermob.be\/de\/produkt\/horeca-malerei-422-80x120-cm\/#primaryimage"},"image":{"@id":"https:\/\/intermob.be\/de\/produkt\/horeca-malerei-422-80x120-cm\/#primaryimage"},"thumbnailUrl":"https:\/\/intermob.be\/wp-content\/uploads\/2024\/03\/products-Horeca-Schilderij-422-80x120-Cm-2.jpg","datePublished":"2023-12-15T14:15:25+00:00","dateModified":"2024-02-29T11:42:36+00:00","breadcrumb":{"@id":"https:\/\/intermob.be\/de\/produkt\/horeca-malerei-422-80x120-cm\/#breadcrumb"},"inLanguage":"de","potentialAction":[{"@type":"ReadAction","target":["https:\/\/intermob.be\/de\/produkt\/horeca-malerei-422-80x120-cm\/"]}]},{"@type":"ImageObject","inLanguage":"de","@id":"https:\/\/intermob.be\/de\/produkt\/horeca-malerei-422-80x120-cm\/#primaryimage","url":"https:\/\/intermob.be\/wp-content\/uploads\/2024\/03\/products-Horeca-Schilderij-422-80x120-Cm-2.jpg","contentUrl":"https:\/\/intermob.be\/wp-content\/uploads\/2024\/03\/products-Horeca-Schilderij-422-80x120-Cm-2.jpg","width":1080,"height":1080,"caption":"Horeca-Schilderij-422-80x120-Cm"},{"@type":"BreadcrumbList","@id":"https:\/\/intermob.be\/de\/produkt\/horeca-malerei-422-80x120-cm\/#breadcrumb","itemListElement":[{"@type":"ListItem","position":1,"name":"Home","item":"https:\/\/intermob.be\/de\/"},{"@type":"ListItem","position":2,"name":"Shop","item":"https:\/\/intermob.be\/de\/shop\/"},{"@type":"ListItem","position":3,"name":"3D Malerei auf Metall &#8211; 422 &#8211; 80&#215;120 Cm"}]},{"@type":"WebSite","@id":"https:\/\/intermob.be\/de\/#website","url":"https:\/\/intermob.be\/de\/","name":"Intermob","description":"","publisher":{"@id":"https:\/\/intermob.be\/de\/#organization"},"potentialAction":[{"@type":"SearchAction","target":{"@type":"EntryPoint","urlTemplate":"https:\/\/intermob.be\/de\/?s={search_term_string}"},"query-input":{"@type":"PropertyValueSpecification","valueRequired":true,"valueName":"search_term_string"}}],"inLanguage":"de"},{"@type":"Organization","@id":"https:\/\/intermob.be\/de\/#organization","name":"Intermob Mobilier","url":"https:\/\/intermob.be\/de\/","logo":{"@type":"ImageObject","inLanguage":"de","@id":"https:\/\/intermob.be\/de\/#\/schema\/logo\/image\/","url":"https:\/\/intermob.be\/wp-content\/uploads\/2025\/09\/intb-bold-logo.png","contentUrl":"https:\/\/intermob.be\/wp-content\/uploads\/2025\/09\/intb-bold-logo.png","width":480,"height":158,"caption":"Intermob Mobilier"},"image":{"@id":"https:\/\/intermob.be\/de\/#\/schema\/logo\/image\/"}}]}},"_links":{"self":[{"href":"https:\/\/intermob.be\/de\/wp-json\/wp\/v2\/product\/91170","targetHints":{"allow":["GET"]}}],"collection":[{"href":"https:\/\/intermob.be\/de\/wp-json\/wp\/v2\/product"}],"about":[{"href":"https:\/\/intermob.be\/de\/wp-json\/wp\/v2\/types\/product"}],"replies":[{"embeddable":true,"href":"https:\/\/intermob.be\/de\/wp-json\/wp\/v2\/comments?post=91170"}],"version-history":[{"count":0,"href":"https:\/\/intermob.be\/de\/wp-json\/wp\/v2\/product\/91170\/revisions"}],"wp:featuredmedia":[{"embeddable":true,"href":"https:\/\/intermob.be\/de\/wp-json\/wp\/v2\/media\/91171"}],"wp:attachment":[{"href":"https:\/\/intermob.be\/de\/wp-json\/wp\/v2\/media?parent=91170"}],"wp:term":[{"taxonomy":"product_brand","embeddable":true,"href":"https:\/\/intermob.be\/de\/wp-json\/wp\/v2\/product_brand?post=91170"},{"taxonomy":"product_cat","embeddable":true,"href":"https:\/\/intermob.be\/de\/wp-json\/wp\/v2\/product_cat?post=91170"},{"taxonomy":"product_tag","embeddable":true,"href":"https:\/\/intermob.be\/de\/wp-json\/wp\/v2\/product_tag?post=91170"}],"curies":[{"name":"wp","href":"https:\/\/api.w.org\/{rel}","templated":true}]}}