{"id":92556,"date":"2024-04-25T07:21:09","date_gmt":"2024-04-25T07:21:09","guid":{"rendered":"https:\/\/intermob.be\/?post_type=product&#038;p=92556"},"modified":"2025-06-27T14:20:14","modified_gmt":"2025-06-27T14:20:14","slug":"horeca-terrassenstuhl-sahara-ahorn","status":"publish","type":"product","link":"https:\/\/intermob.be\/de\/produkt\/horeca-terrassenstuhl-sahara-ahorn\/","title":{"rendered":"Terrassenstuhl - Karen - Aluminium\/Rattan"},"content":{"rendered":"<p><span style=\"color: #000000;\">Bringen Sie eine raffinierte, nat\u00fcrliche Atmosph\u00e4re auf Ihre Terrasse mit diesem wundersch\u00f6nen Terrassenstuhl in Rattan-Optik. Hergestellt aus langlebigem Aluminium, bietet dieser Stuhl die perfekte Kombination aus Stabilit\u00e4t und \u00c4sthetik, wodurch er leicht und wetterbest\u00e4ndig ist. Das offene Flechtwerk in Naturfarbe verleiht eine luftige Ausstrahlung, ideal f\u00fcr Sommertage und Au\u00dfenbereiche.<\/span><\/p>\n<p><span style=\"color: #000000;\">Dieser Terrassenstuhl ist perfekt f\u00fcr Caf\u00e9s, Restaurants und Bistros, die ihren G\u00e4sten eine komfortable und stilvolle Sitzgelegenheit bieten m\u00f6chten. Mit seinem eleganten Design und pflegeleichten Materialien verleiht dieser Stuhl jeder Gastst\u00e4tte eine warme Atmosph\u00e4re und l\u00e4dt die G\u00e4ste ein, entspannt zu genie\u00dfen. Eine vielseitige Wahl f\u00fcr Unternehmer, die eine moderne, einladende Ausstrahlung anstreben.<\/span><\/p>\n<p><span style=\"color: #000000;\"><strong>Zus\u00e4tzliche Information:<\/strong><\/span><\/p>\n<p><span style=\"color: #000000;\">Leicht mit einem feuchten Tuch zu reinigen; Empfohlen zum Schutz bei extremen Wetterbedingungen.<\/span><\/p>\n","protected":false},"excerpt":{"rendered":"<p>Bringen Sie eine raffinierte, nat\u00fcrliche Atmosph\u00e4re auf Ihre Terrasse mit diesem wundersch\u00f6nen Terrassenstuhl in Rattan-Optik. Hergestellt aus langlebigem Aluminium, bietet<\/p>\n","protected":false},"featured_media":92557,"comment_status":"open","ping_status":"closed","template":"","meta":[],"product_brand":[],"product_cat":[9783,10511],"product_tag":[],"class_list":{"0":"post-92556","1":"product","2":"type-product","3":"status-publish","4":"has-post-thumbnail","6":"product_cat-terrassenstuhl","7":"product_cat-kommt-demnaechst","8":"pa_buisstructuur-cm-210x015-3x015-buisstructuur-cm-en-de","9":"pa_frame-stapelbar-frame-de","10":"pa_product-color-color-natuerliche-de","11":"pa_product-frame-color-natuerliche-frame-color-de","12":"pa_product-material-material-aluminium-de","13":"pa_product-material-material-rattan-de","14":"pa_product-seats-1-seats-de","15":"pa_product-usage-usage-innen-draussen-de","17":"first","18":"instock","19":"sale","20":"taxable","21":"shipping-taxable","22":"purchasable","23":"product-type-simple"},"yoast_head":"<!-- This site is optimized with the Yoast SEO plugin v26.4 - https:\/\/yoast.com\/wordpress\/plugins\/seo\/ -->\n<title>Horeca Terrassenstuhl - Karen - Aluminium\/Rattan<\/title>\n<meta name=\"robots\" content=\"index, follow, max-snippet:-1, max-image-preview:large, max-video-preview:-1\" \/>\n<link rel=\"canonical\" href=\"https:\/\/intermob.be\/de\/produkt\/horeca-terrassenstuhl-sahara-ahorn\/\" \/>\n<meta property=\"og:locale\" content=\"de_DE\" \/>\n<meta property=\"og:type\" content=\"article\" \/>\n<meta property=\"og:title\" content=\"Horeca Terrassenstuhl - Karen - Aluminium\/Rattan\" \/>\n<meta property=\"og:description\" content=\"Bringen Sie eine raffinierte, nat\u00fcrliche Atmosph\u00e4re auf Ihre Terrasse mit diesem wundersch\u00f6nen Terrassenstuhl in Rattan-Optik. Hergestellt aus langlebigem Aluminium, bietet\" \/>\n<meta property=\"og:url\" content=\"https:\/\/intermob.be\/de\/produkt\/horeca-terrassenstuhl-sahara-ahorn\/\" \/>\n<meta property=\"og:site_name\" content=\"Intermob Mobilier\" \/>\n<meta property=\"article:modified_time\" content=\"2025-06-27T14:20:14+00:00\" \/>\n<meta property=\"og:image\" content=\"https:\/\/intermob.be\/wp-content\/uploads\/2024\/04\/products-Horeca-Terrasstoel-Sahara-Esdoorn-2.jpg\" \/>\n\t<meta property=\"og:image:width\" content=\"1500\" \/>\n\t<meta property=\"og:image:height\" content=\"1500\" \/>\n\t<meta property=\"og:image:type\" content=\"image\/jpeg\" \/>\n<meta name=\"twitter:card\" content=\"summary_large_image\" \/>\n<meta name=\"twitter:label1\" content=\"Gesch\u00e4tzte Lesezeit\" \/>\n\t<meta name=\"twitter:data1\" content=\"1\u00a0Minute\" \/>\n<script type=\"application\/ld+json\" class=\"yoast-schema-graph\">{\"@context\":\"https:\/\/schema.org\",\"@graph\":[{\"@type\":\"WebPage\",\"@id\":\"https:\/\/intermob.be\/de\/produkt\/horeca-terrassenstuhl-sahara-ahorn\/\",\"url\":\"https:\/\/intermob.be\/de\/produkt\/horeca-terrassenstuhl-sahara-ahorn\/\",\"name\":\"Horeca Terrassenstuhl - Karen - Aluminium\/Rattan\",\"isPartOf\":{\"@id\":\"https:\/\/intermob.be\/de\/#website\"},\"primaryImageOfPage\":{\"@id\":\"https:\/\/intermob.be\/de\/produkt\/horeca-terrassenstuhl-sahara-ahorn\/#primaryimage\"},\"image\":{\"@id\":\"https:\/\/intermob.be\/de\/produkt\/horeca-terrassenstuhl-sahara-ahorn\/#primaryimage\"},\"thumbnailUrl\":\"https:\/\/intermob.be\/wp-content\/uploads\/2024\/04\/products-Horeca-Terrasstoel-Sahara-Esdoorn-2.jpg\",\"datePublished\":\"2024-04-25T07:21:09+00:00\",\"dateModified\":\"2025-06-27T14:20:14+00:00\",\"breadcrumb\":{\"@id\":\"https:\/\/intermob.be\/de\/produkt\/horeca-terrassenstuhl-sahara-ahorn\/#breadcrumb\"},\"inLanguage\":\"de\",\"potentialAction\":[{\"@type\":\"ReadAction\",\"target\":[\"https:\/\/intermob.be\/de\/produkt\/horeca-terrassenstuhl-sahara-ahorn\/\"]}]},{\"@type\":\"ImageObject\",\"inLanguage\":\"de\",\"@id\":\"https:\/\/intermob.be\/de\/produkt\/horeca-terrassenstuhl-sahara-ahorn\/#primaryimage\",\"url\":\"https:\/\/intermob.be\/wp-content\/uploads\/2024\/04\/products-Horeca-Terrasstoel-Sahara-Esdoorn-2.jpg\",\"contentUrl\":\"https:\/\/intermob.be\/wp-content\/uploads\/2024\/04\/products-Horeca-Terrasstoel-Sahara-Esdoorn-2.jpg\",\"width\":1500,\"height\":1500,\"caption\":\"Horeca-Terrasstoel-Sahara-Esdoorn\"},{\"@type\":\"BreadcrumbList\",\"@id\":\"https:\/\/intermob.be\/de\/produkt\/horeca-terrassenstuhl-sahara-ahorn\/#breadcrumb\",\"itemListElement\":[{\"@type\":\"ListItem\",\"position\":1,\"name\":\"Home\",\"item\":\"https:\/\/intermob.be\/de\/\"},{\"@type\":\"ListItem\",\"position\":2,\"name\":\"Shop\",\"item\":\"https:\/\/intermob.be\/de\/shop\/\"},{\"@type\":\"ListItem\",\"position\":3,\"name\":\"Horeca Terrassenstuhl &#8211; Karen &#8211; Aluminium\/Rattan\"}]},{\"@type\":\"WebSite\",\"@id\":\"https:\/\/intermob.be\/de\/#website\",\"url\":\"https:\/\/intermob.be\/de\/\",\"name\":\"Intermob\",\"description\":\"\",\"publisher\":{\"@id\":\"https:\/\/intermob.be\/de\/#organization\"},\"potentialAction\":[{\"@type\":\"SearchAction\",\"target\":{\"@type\":\"EntryPoint\",\"urlTemplate\":\"https:\/\/intermob.be\/de\/?s={search_term_string}\"},\"query-input\":{\"@type\":\"PropertyValueSpecification\",\"valueRequired\":true,\"valueName\":\"search_term_string\"}}],\"inLanguage\":\"de\"},{\"@type\":\"Organization\",\"@id\":\"https:\/\/intermob.be\/de\/#organization\",\"name\":\"Intermob Mobilier\",\"url\":\"https:\/\/intermob.be\/de\/\",\"logo\":{\"@type\":\"ImageObject\",\"inLanguage\":\"de\",\"@id\":\"https:\/\/intermob.be\/de\/#\/schema\/logo\/image\/\",\"url\":\"https:\/\/intermob.be\/wp-content\/uploads\/2025\/09\/intb-bold-logo.png\",\"contentUrl\":\"https:\/\/intermob.be\/wp-content\/uploads\/2025\/09\/intb-bold-logo.png\",\"width\":480,\"height\":158,\"caption\":\"Intermob Mobilier\"},\"image\":{\"@id\":\"https:\/\/intermob.be\/de\/#\/schema\/logo\/image\/\"}}]}<\/script>\n<!-- \/ Yoast SEO plugin. -->","yoast_head_json":{"title":"Horeca Terrassenstuhl - Karen - Aluminium\/Rattan","robots":{"index":"index","follow":"follow","max-snippet":"max-snippet:-1","max-image-preview":"max-image-preview:large","max-video-preview":"max-video-preview:-1"},"canonical":"https:\/\/intermob.be\/de\/produkt\/horeca-terrassenstuhl-sahara-ahorn\/","og_locale":"de_DE","og_type":"article","og_title":"Horeca Terrassenstuhl - Karen - Aluminium\/Rattan","og_description":"Bringen Sie eine raffinierte, nat\u00fcrliche Atmosph\u00e4re auf Ihre Terrasse mit diesem wundersch\u00f6nen Terrassenstuhl in Rattan-Optik. Hergestellt aus langlebigem Aluminium, bietet","og_url":"https:\/\/intermob.be\/de\/produkt\/horeca-terrassenstuhl-sahara-ahorn\/","og_site_name":"Intermob Mobilier","article_modified_time":"2025-06-27T14:20:14+00:00","og_image":[{"width":1500,"height":1500,"url":"https:\/\/intermob.be\/wp-content\/uploads\/2024\/04\/products-Horeca-Terrasstoel-Sahara-Esdoorn-2.jpg","type":"image\/jpeg"}],"twitter_card":"summary_large_image","twitter_misc":{"Gesch\u00e4tzte Lesezeit":"1\u00a0Minute"},"schema":{"@context":"https:\/\/schema.org","@graph":[{"@type":"WebPage","@id":"https:\/\/intermob.be\/de\/produkt\/horeca-terrassenstuhl-sahara-ahorn\/","url":"https:\/\/intermob.be\/de\/produkt\/horeca-terrassenstuhl-sahara-ahorn\/","name":"Horeca Terrassenstuhl - Karen - Aluminium\/Rattan","isPartOf":{"@id":"https:\/\/intermob.be\/de\/#website"},"primaryImageOfPage":{"@id":"https:\/\/intermob.be\/de\/produkt\/horeca-terrassenstuhl-sahara-ahorn\/#primaryimage"},"image":{"@id":"https:\/\/intermob.be\/de\/produkt\/horeca-terrassenstuhl-sahara-ahorn\/#primaryimage"},"thumbnailUrl":"https:\/\/intermob.be\/wp-content\/uploads\/2024\/04\/products-Horeca-Terrasstoel-Sahara-Esdoorn-2.jpg","datePublished":"2024-04-25T07:21:09+00:00","dateModified":"2025-06-27T14:20:14+00:00","breadcrumb":{"@id":"https:\/\/intermob.be\/de\/produkt\/horeca-terrassenstuhl-sahara-ahorn\/#breadcrumb"},"inLanguage":"de","potentialAction":[{"@type":"ReadAction","target":["https:\/\/intermob.be\/de\/produkt\/horeca-terrassenstuhl-sahara-ahorn\/"]}]},{"@type":"ImageObject","inLanguage":"de","@id":"https:\/\/intermob.be\/de\/produkt\/horeca-terrassenstuhl-sahara-ahorn\/#primaryimage","url":"https:\/\/intermob.be\/wp-content\/uploads\/2024\/04\/products-Horeca-Terrasstoel-Sahara-Esdoorn-2.jpg","contentUrl":"https:\/\/intermob.be\/wp-content\/uploads\/2024\/04\/products-Horeca-Terrasstoel-Sahara-Esdoorn-2.jpg","width":1500,"height":1500,"caption":"Horeca-Terrasstoel-Sahara-Esdoorn"},{"@type":"BreadcrumbList","@id":"https:\/\/intermob.be\/de\/produkt\/horeca-terrassenstuhl-sahara-ahorn\/#breadcrumb","itemListElement":[{"@type":"ListItem","position":1,"name":"Home","item":"https:\/\/intermob.be\/de\/"},{"@type":"ListItem","position":2,"name":"Shop","item":"https:\/\/intermob.be\/de\/shop\/"},{"@type":"ListItem","position":3,"name":"Horeca Terrassenstuhl &#8211; Karen &#8211; Aluminium\/Rattan"}]},{"@type":"WebSite","@id":"https:\/\/intermob.be\/de\/#website","url":"https:\/\/intermob.be\/de\/","name":"Intermob","description":"","publisher":{"@id":"https:\/\/intermob.be\/de\/#organization"},"potentialAction":[{"@type":"SearchAction","target":{"@type":"EntryPoint","urlTemplate":"https:\/\/intermob.be\/de\/?s={search_term_string}"},"query-input":{"@type":"PropertyValueSpecification","valueRequired":true,"valueName":"search_term_string"}}],"inLanguage":"de"},{"@type":"Organization","@id":"https:\/\/intermob.be\/de\/#organization","name":"Intermob Mobilier","url":"https:\/\/intermob.be\/de\/","logo":{"@type":"ImageObject","inLanguage":"de","@id":"https:\/\/intermob.be\/de\/#\/schema\/logo\/image\/","url":"https:\/\/intermob.be\/wp-content\/uploads\/2025\/09\/intb-bold-logo.png","contentUrl":"https:\/\/intermob.be\/wp-content\/uploads\/2025\/09\/intb-bold-logo.png","width":480,"height":158,"caption":"Intermob Mobilier"},"image":{"@id":"https:\/\/intermob.be\/de\/#\/schema\/logo\/image\/"}}]}},"_links":{"self":[{"href":"https:\/\/intermob.be\/de\/wp-json\/wp\/v2\/product\/92556","targetHints":{"allow":["GET"]}}],"collection":[{"href":"https:\/\/intermob.be\/de\/wp-json\/wp\/v2\/product"}],"about":[{"href":"https:\/\/intermob.be\/de\/wp-json\/wp\/v2\/types\/product"}],"replies":[{"embeddable":true,"href":"https:\/\/intermob.be\/de\/wp-json\/wp\/v2\/comments?post=92556"}],"version-history":[{"count":0,"href":"https:\/\/intermob.be\/de\/wp-json\/wp\/v2\/product\/92556\/revisions"}],"wp:featuredmedia":[{"embeddable":true,"href":"https:\/\/intermob.be\/de\/wp-json\/wp\/v2\/media\/92557"}],"wp:attachment":[{"href":"https:\/\/intermob.be\/de\/wp-json\/wp\/v2\/media?parent=92556"}],"wp:term":[{"taxonomy":"product_brand","embeddable":true,"href":"https:\/\/intermob.be\/de\/wp-json\/wp\/v2\/product_brand?post=92556"},{"taxonomy":"product_cat","embeddable":true,"href":"https:\/\/intermob.be\/de\/wp-json\/wp\/v2\/product_cat?post=92556"},{"taxonomy":"product_tag","embeddable":true,"href":"https:\/\/intermob.be\/de\/wp-json\/wp\/v2\/product_tag?post=92556"}],"curies":[{"name":"wp","href":"https:\/\/api.w.org\/{rel}","templated":true}]}}