{"id":92646,"date":"2024-04-26T08:06:56","date_gmt":"2024-04-26T08:06:56","guid":{"rendered":"https:\/\/intermob.be\/?post_type=product&#038;p=92646"},"modified":"2026-01-26T13:02:24","modified_gmt":"2026-01-26T13:02:24","slug":"horeca-terrassenstuhl-karin","status":"publish","type":"product","link":"https:\/\/intermob.be\/de\/produkt\/horeca-terrassenstuhl-karin\/","title":{"rendered":"Stapelbarer Terrassen Sessel - Karin - Aluminium"},"content":{"rendered":"<p><span style=\"color: #000000;\">Erleben Sie den Komfort und Stil dieses vielseitigen Aluminium-Terrassen-Armstuhls. Erh\u00e4ltlich in verschiedenen trendigen Farben, die sich perfekt an jedes Terrassendesign anpassen. Dieser Stuhl ist leicht, wetterbest\u00e4ndig und pflegeleicht, ideal f\u00fcr den intensiven Einsatz im Au\u00dfenbereich. Das elegante Design im Rattan-Stil und das bequeme Sitzkissen sorgen f\u00fcr ein entspanntes Sitzerlebnis, wodurch sich Ihre G\u00e4ste sofort willkommen f\u00fchlen.<\/span><\/p>\n<p><span style=\"color: #000000;\">Perfekt f\u00fcr Caf\u00e9s, Restaurants und andere Gastgewerbebetriebe, die eine zeitgem\u00e4\u00dfe und einladende Atmosph\u00e4re schaffen m\u00f6chten. Dieser Terrassenstuhl bietet nicht nur funktionalen Komfort, sondern verleiht Ihrer Au\u00dfengestaltung auch einen stilvollen Touch, der zu einer gastfreundlichen Atmosph\u00e4re beitr\u00e4gt und G\u00e4ste dazu einl\u00e4dt, l\u00e4nger zu verweilen.<\/span><\/p>\n","protected":false},"excerpt":{"rendered":"<p>Erleben Sie den Komfort und Stil dieses vielseitigen Aluminium-Terrassen-Armstuhls. Erh\u00e4ltlich in verschiedenen trendigen Farben, die sich perfekt an jedes Terrassendesign<\/p>\n","protected":false},"featured_media":92647,"comment_status":"open","ping_status":"closed","template":"","meta":[],"product_brand":[],"product_cat":[9783,10511],"product_tag":[],"class_list":{"0":"post-92646","1":"product","2":"type-product","3":"status-publish","4":"has-post-thumbnail","6":"product_cat-terrassenstuhl","7":"product_cat-kommt-demnaechst","8":"pa_armrest-armrest-ja-de","9":"pa_diameter-tube-mm-280x015-diameter-tube-mm-de","10":"pa_frame-stapelbar-frame-de","11":"pa_product-color-color-rot-de","12":"pa_product-color-color-blau-de","13":"pa_product-color-color-gruen-de","14":"pa_product-material-material-aluminium-de","15":"pa_product-more-colors-ja-de","16":"pa_product-seats-1-seats-de","17":"pa_product-usage-usage-innen-draussen-de","18":"pa_seat-cushion-cm-5-sitzkissen-cm","20":"first","21":"instock","22":"sale","23":"taxable","24":"shipping-taxable","25":"purchasable","26":"product-type-variable","27":"hc-var-color"},"yoast_head":"<!-- This site is optimized with the Yoast SEO plugin v26.4 - https:\/\/yoast.com\/wordpress\/plugins\/seo\/ -->\n<title>Horeca Stapelbarer Terrassen Sessel - KARIN - Aluminium<\/title>\n<meta name=\"robots\" content=\"index, follow, max-snippet:-1, max-image-preview:large, max-video-preview:-1\" \/>\n<link rel=\"canonical\" href=\"https:\/\/intermob.be\/de\/produkt\/horeca-terrassenstuhl-karin\/\" \/>\n<meta property=\"og:locale\" content=\"de_DE\" \/>\n<meta property=\"og:type\" content=\"article\" \/>\n<meta property=\"og:title\" content=\"Horeca Stapelbarer Terrassen Sessel - KARIN - Aluminium\" \/>\n<meta property=\"og:description\" content=\"Erleben Sie den Komfort und Stil dieses vielseitigen Aluminium-Terrassen-Armstuhls. Erh\u00e4ltlich in verschiedenen trendigen Farben, die sich perfekt an jedes Terrassendesign\" \/>\n<meta property=\"og:url\" content=\"https:\/\/intermob.be\/de\/produkt\/horeca-terrassenstuhl-karin\/\" \/>\n<meta property=\"og:site_name\" content=\"Intermob Mobilier\" \/>\n<meta property=\"article:modified_time\" content=\"2026-01-26T13:02:24+00:00\" \/>\n<meta property=\"og:image\" content=\"https:\/\/intermob.be\/wp-content\/uploads\/2024\/04\/products-Horeca-Terrasstoel-Vega-Groen-1-2.jpg\" \/>\n\t<meta property=\"og:image:width\" content=\"1500\" \/>\n\t<meta property=\"og:image:height\" content=\"1500\" \/>\n\t<meta property=\"og:image:type\" content=\"image\/jpeg\" \/>\n<meta name=\"twitter:card\" content=\"summary_large_image\" \/>\n<meta name=\"twitter:label1\" content=\"Gesch\u00e4tzte Lesezeit\" \/>\n\t<meta name=\"twitter:data1\" content=\"1\u00a0Minute\" \/>\n<script type=\"application\/ld+json\" class=\"yoast-schema-graph\">{\"@context\":\"https:\/\/schema.org\",\"@graph\":[{\"@type\":\"WebPage\",\"@id\":\"https:\/\/intermob.be\/de\/produkt\/horeca-terrassenstuhl-karin\/\",\"url\":\"https:\/\/intermob.be\/de\/produkt\/horeca-terrassenstuhl-karin\/\",\"name\":\"Horeca Stapelbarer Terrassen Sessel - KARIN - Aluminium\",\"isPartOf\":{\"@id\":\"https:\/\/intermob.be\/de\/#website\"},\"primaryImageOfPage\":{\"@id\":\"https:\/\/intermob.be\/de\/produkt\/horeca-terrassenstuhl-karin\/#primaryimage\"},\"image\":{\"@id\":\"https:\/\/intermob.be\/de\/produkt\/horeca-terrassenstuhl-karin\/#primaryimage\"},\"thumbnailUrl\":\"https:\/\/intermob.be\/wp-content\/uploads\/2024\/04\/products-Horeca-Terrasstoel-Vega-Groen-1-2.jpg\",\"datePublished\":\"2024-04-26T08:06:56+00:00\",\"dateModified\":\"2026-01-26T13:02:24+00:00\",\"breadcrumb\":{\"@id\":\"https:\/\/intermob.be\/de\/produkt\/horeca-terrassenstuhl-karin\/#breadcrumb\"},\"inLanguage\":\"de\",\"potentialAction\":[{\"@type\":\"ReadAction\",\"target\":[\"https:\/\/intermob.be\/de\/produkt\/horeca-terrassenstuhl-karin\/\"]}]},{\"@type\":\"ImageObject\",\"inLanguage\":\"de\",\"@id\":\"https:\/\/intermob.be\/de\/produkt\/horeca-terrassenstuhl-karin\/#primaryimage\",\"url\":\"https:\/\/intermob.be\/wp-content\/uploads\/2024\/04\/products-Horeca-Terrasstoel-Vega-Groen-1-2.jpg\",\"contentUrl\":\"https:\/\/intermob.be\/wp-content\/uploads\/2024\/04\/products-Horeca-Terrasstoel-Vega-Groen-1-2.jpg\",\"width\":1500,\"height\":1500,\"caption\":\"Horeca-Terrasstoel-Vega-Groen-1\"},{\"@type\":\"BreadcrumbList\",\"@id\":\"https:\/\/intermob.be\/de\/produkt\/horeca-terrassenstuhl-karin\/#breadcrumb\",\"itemListElement\":[{\"@type\":\"ListItem\",\"position\":1,\"name\":\"Home\",\"item\":\"https:\/\/intermob.be\/de\/\"},{\"@type\":\"ListItem\",\"position\":2,\"name\":\"Shop\",\"item\":\"https:\/\/intermob.be\/de\/shop\/\"},{\"@type\":\"ListItem\",\"position\":3,\"name\":\"Stapelbarer Terrassen Sessel - Karin - Aluminium\"}]},{\"@type\":\"WebSite\",\"@id\":\"https:\/\/intermob.be\/de\/#website\",\"url\":\"https:\/\/intermob.be\/de\/\",\"name\":\"Intermob\",\"description\":\"\",\"publisher\":{\"@id\":\"https:\/\/intermob.be\/de\/#organization\"},\"potentialAction\":[{\"@type\":\"SearchAction\",\"target\":{\"@type\":\"EntryPoint\",\"urlTemplate\":\"https:\/\/intermob.be\/de\/?s={search_term_string}\"},\"query-input\":{\"@type\":\"PropertyValueSpecification\",\"valueRequired\":true,\"valueName\":\"search_term_string\"}}],\"inLanguage\":\"de\"},{\"@type\":\"Organization\",\"@id\":\"https:\/\/intermob.be\/de\/#organization\",\"name\":\"Intermob Mobilier\",\"url\":\"https:\/\/intermob.be\/de\/\",\"logo\":{\"@type\":\"ImageObject\",\"inLanguage\":\"de\",\"@id\":\"https:\/\/intermob.be\/de\/#\/schema\/logo\/image\/\",\"url\":\"https:\/\/intermob.be\/wp-content\/uploads\/2025\/09\/intb-bold-logo.png\",\"contentUrl\":\"https:\/\/intermob.be\/wp-content\/uploads\/2025\/09\/intb-bold-logo.png\",\"width\":480,\"height\":158,\"caption\":\"Intermob Mobilier\"},\"image\":{\"@id\":\"https:\/\/intermob.be\/de\/#\/schema\/logo\/image\/\"}}]}<\/script>\n<!-- \/ Yoast SEO plugin. -->","yoast_head_json":{"title":"Horeca Stapelbarer Terrassen Sessel - KARIN - Aluminium","robots":{"index":"index","follow":"follow","max-snippet":"max-snippet:-1","max-image-preview":"max-image-preview:large","max-video-preview":"max-video-preview:-1"},"canonical":"https:\/\/intermob.be\/de\/produkt\/horeca-terrassenstuhl-karin\/","og_locale":"de_DE","og_type":"article","og_title":"Horeca Stapelbarer Terrassen Sessel - KARIN - Aluminium","og_description":"Erleben Sie den Komfort und Stil dieses vielseitigen Aluminium-Terrassen-Armstuhls. Erh\u00e4ltlich in verschiedenen trendigen Farben, die sich perfekt an jedes Terrassendesign","og_url":"https:\/\/intermob.be\/de\/produkt\/horeca-terrassenstuhl-karin\/","og_site_name":"Intermob Mobilier","article_modified_time":"2026-01-26T13:02:24+00:00","og_image":[{"width":1500,"height":1500,"url":"https:\/\/intermob.be\/wp-content\/uploads\/2024\/04\/products-Horeca-Terrasstoel-Vega-Groen-1-2.jpg","type":"image\/jpeg"}],"twitter_card":"summary_large_image","twitter_misc":{"Gesch\u00e4tzte Lesezeit":"1\u00a0Minute"},"schema":{"@context":"https:\/\/schema.org","@graph":[{"@type":"WebPage","@id":"https:\/\/intermob.be\/de\/produkt\/horeca-terrassenstuhl-karin\/","url":"https:\/\/intermob.be\/de\/produkt\/horeca-terrassenstuhl-karin\/","name":"Horeca Stapelbarer Terrassen Sessel - KARIN - Aluminium","isPartOf":{"@id":"https:\/\/intermob.be\/de\/#website"},"primaryImageOfPage":{"@id":"https:\/\/intermob.be\/de\/produkt\/horeca-terrassenstuhl-karin\/#primaryimage"},"image":{"@id":"https:\/\/intermob.be\/de\/produkt\/horeca-terrassenstuhl-karin\/#primaryimage"},"thumbnailUrl":"https:\/\/intermob.be\/wp-content\/uploads\/2024\/04\/products-Horeca-Terrasstoel-Vega-Groen-1-2.jpg","datePublished":"2024-04-26T08:06:56+00:00","dateModified":"2026-01-26T13:02:24+00:00","breadcrumb":{"@id":"https:\/\/intermob.be\/de\/produkt\/horeca-terrassenstuhl-karin\/#breadcrumb"},"inLanguage":"de","potentialAction":[{"@type":"ReadAction","target":["https:\/\/intermob.be\/de\/produkt\/horeca-terrassenstuhl-karin\/"]}]},{"@type":"ImageObject","inLanguage":"de","@id":"https:\/\/intermob.be\/de\/produkt\/horeca-terrassenstuhl-karin\/#primaryimage","url":"https:\/\/intermob.be\/wp-content\/uploads\/2024\/04\/products-Horeca-Terrasstoel-Vega-Groen-1-2.jpg","contentUrl":"https:\/\/intermob.be\/wp-content\/uploads\/2024\/04\/products-Horeca-Terrasstoel-Vega-Groen-1-2.jpg","width":1500,"height":1500,"caption":"Horeca-Terrasstoel-Vega-Groen-1"},{"@type":"BreadcrumbList","@id":"https:\/\/intermob.be\/de\/produkt\/horeca-terrassenstuhl-karin\/#breadcrumb","itemListElement":[{"@type":"ListItem","position":1,"name":"Home","item":"https:\/\/intermob.be\/de\/"},{"@type":"ListItem","position":2,"name":"Shop","item":"https:\/\/intermob.be\/de\/shop\/"},{"@type":"ListItem","position":3,"name":"Stapelbarer Terrassen Sessel - Karin - Aluminium"}]},{"@type":"WebSite","@id":"https:\/\/intermob.be\/de\/#website","url":"https:\/\/intermob.be\/de\/","name":"Intermob","description":"","publisher":{"@id":"https:\/\/intermob.be\/de\/#organization"},"potentialAction":[{"@type":"SearchAction","target":{"@type":"EntryPoint","urlTemplate":"https:\/\/intermob.be\/de\/?s={search_term_string}"},"query-input":{"@type":"PropertyValueSpecification","valueRequired":true,"valueName":"search_term_string"}}],"inLanguage":"de"},{"@type":"Organization","@id":"https:\/\/intermob.be\/de\/#organization","name":"Intermob Mobilier","url":"https:\/\/intermob.be\/de\/","logo":{"@type":"ImageObject","inLanguage":"de","@id":"https:\/\/intermob.be\/de\/#\/schema\/logo\/image\/","url":"https:\/\/intermob.be\/wp-content\/uploads\/2025\/09\/intb-bold-logo.png","contentUrl":"https:\/\/intermob.be\/wp-content\/uploads\/2025\/09\/intb-bold-logo.png","width":480,"height":158,"caption":"Intermob Mobilier"},"image":{"@id":"https:\/\/intermob.be\/de\/#\/schema\/logo\/image\/"}}]}},"_links":{"self":[{"href":"https:\/\/intermob.be\/de\/wp-json\/wp\/v2\/product\/92646","targetHints":{"allow":["GET"]}}],"collection":[{"href":"https:\/\/intermob.be\/de\/wp-json\/wp\/v2\/product"}],"about":[{"href":"https:\/\/intermob.be\/de\/wp-json\/wp\/v2\/types\/product"}],"replies":[{"embeddable":true,"href":"https:\/\/intermob.be\/de\/wp-json\/wp\/v2\/comments?post=92646"}],"version-history":[{"count":1,"href":"https:\/\/intermob.be\/de\/wp-json\/wp\/v2\/product\/92646\/revisions"}],"predecessor-version":[{"id":156698,"href":"https:\/\/intermob.be\/de\/wp-json\/wp\/v2\/product\/92646\/revisions\/156698"}],"wp:featuredmedia":[{"embeddable":true,"href":"https:\/\/intermob.be\/de\/wp-json\/wp\/v2\/media\/92647"}],"wp:attachment":[{"href":"https:\/\/intermob.be\/de\/wp-json\/wp\/v2\/media?parent=92646"}],"wp:term":[{"taxonomy":"product_brand","embeddable":true,"href":"https:\/\/intermob.be\/de\/wp-json\/wp\/v2\/product_brand?post=92646"},{"taxonomy":"product_cat","embeddable":true,"href":"https:\/\/intermob.be\/de\/wp-json\/wp\/v2\/product_cat?post=92646"},{"taxonomy":"product_tag","embeddable":true,"href":"https:\/\/intermob.be\/de\/wp-json\/wp\/v2\/product_tag?post=92646"}],"curies":[{"name":"wp","href":"https:\/\/api.w.org\/{rel}","templated":true}]}}