{"id":92734,"date":"2024-04-26T11:00:03","date_gmt":"2024-04-26T11:00:03","guid":{"rendered":"https:\/\/intermob.be\/?post_type=product&#038;p=92734"},"modified":"2026-01-26T13:14:28","modified_gmt":"2026-01-26T13:14:28","slug":"horeca-terrassenstuhl-eva-roter-mix","status":"publish","type":"product","link":"https:\/\/intermob.be\/de\/produkt\/horeca-terrassenstuhl-eva-roter-mix\/","title":{"rendered":"Terrassenstuhl - Siena - Aluminium\/Rattan"},"content":{"rendered":"<p><span style=\"color: #000000;\">Bringen Sie Lebendigkeit auf Ihre Terrasse mit diesem Aluminium-Terrassen-Armstuhl in auff\u00e4lligen Rot- und Mehrfarbt\u00f6nen, kombiniert mit einem Holzoptik-Schwei\u00dfrahmen. Dieser Stuhl bietet nicht nur eine robuste Konstruktion dank des langlebigen Aluminiumrahmens, sondern auch eine spielerische, moderne Optik durch die bunte, geflochtene Rattan-Stil-Sitzfl\u00e4che und R\u00fcckenlehne. Das wetterbest\u00e4ndige Design und das leichte Gewicht machen diesen Stuhl perfekt f\u00fcr den Innen- und Au\u00dfenbereich.<\/span><\/p>\n<p><span style=\"color: #000000;\">Ideal f\u00fcr Caf\u00e9s, Restaurants und Bistros, die eine dynamische und einladende Atmosph\u00e4re schaffen m\u00f6chten. Dieser Terrassenstuhl bietet nicht nur Komfort, sondern zieht auch sofort die Blicke auf sich, wodurch sich G\u00e4ste willkommen f\u00fchlen und gerne in einer stilvollen Umgebung verweilen.<\/span><\/p>\n","protected":false},"excerpt":{"rendered":"<p>Bringen Sie Lebendigkeit auf Ihre Terrasse mit diesem Aluminium-Terrassen-Armstuhl in auff\u00e4lligen Rot- und Mehrfarbt\u00f6nen, kombiniert mit einem Holzoptik-Schwei\u00dfrahmen. Dieser Stuhl<\/p>\n","protected":false},"featured_media":92735,"comment_status":"open","ping_status":"closed","template":"","meta":[],"product_brand":[],"product_cat":[9783,10511],"product_tag":[],"class_list":{"0":"post-92734","1":"product","2":"type-product","3":"status-publish","4":"has-post-thumbnail","6":"product_cat-terrassenstuhl","7":"product_cat-kommt-demnaechst","8":"pa_armrest-armrest-ja-de","9":"pa_frame-stapelbar-frame-de","10":"pa_product-color-color-rot-de","11":"pa_product-color-color-mehrfarbig-de","12":"pa_product-frame-color-naturholz-frame-color-de","13":"pa_product-material-material-aluminium-de","14":"pa_product-material-material-rattan-de","15":"pa_product-seats-1-seats-de","16":"pa_product-usage-usage-innen-draussen-de","18":"first","19":"instock","20":"sale","21":"taxable","22":"shipping-taxable","23":"purchasable","24":"product-type-simple"},"yoast_head":"<!-- This site is optimized with the Yoast SEO plugin v26.4 - https:\/\/yoast.com\/wordpress\/plugins\/seo\/ -->\n<title>Horeca Terrassen Armstuhl - Siena - Aluminium\/Rattan<\/title>\n<meta name=\"robots\" content=\"index, follow, max-snippet:-1, max-image-preview:large, max-video-preview:-1\" \/>\n<link rel=\"canonical\" href=\"https:\/\/intermob.be\/de\/produkt\/horeca-terrassenstuhl-eva-roter-mix\/\" \/>\n<meta property=\"og:locale\" content=\"de_DE\" \/>\n<meta property=\"og:type\" content=\"article\" \/>\n<meta property=\"og:title\" content=\"Horeca Terrassen Armstuhl - Siena - Aluminium\/Rattan\" \/>\n<meta property=\"og:description\" content=\"Bringen Sie Lebendigkeit auf Ihre Terrasse mit diesem Aluminium-Terrassen-Armstuhl in auff\u00e4lligen Rot- und Mehrfarbt\u00f6nen, kombiniert mit einem Holzoptik-Schwei\u00dfrahmen. Dieser Stuhl\" \/>\n<meta property=\"og:url\" content=\"https:\/\/intermob.be\/de\/produkt\/horeca-terrassenstuhl-eva-roter-mix\/\" \/>\n<meta property=\"og:site_name\" content=\"Intermob Mobilier\" \/>\n<meta property=\"article:modified_time\" content=\"2026-01-26T13:14:28+00:00\" \/>\n<meta property=\"og:image\" content=\"https:\/\/intermob.be\/wp-content\/uploads\/2024\/04\/products-Horeca-Terrasstoel-Eva-Rood-Mix-2.jpg\" \/>\n\t<meta property=\"og:image:width\" content=\"1500\" \/>\n\t<meta property=\"og:image:height\" content=\"1500\" \/>\n\t<meta property=\"og:image:type\" content=\"image\/jpeg\" \/>\n<meta name=\"twitter:card\" content=\"summary_large_image\" \/>\n<meta name=\"twitter:label1\" content=\"Gesch\u00e4tzte Lesezeit\" \/>\n\t<meta name=\"twitter:data1\" content=\"1\u00a0Minute\" \/>\n<script type=\"application\/ld+json\" class=\"yoast-schema-graph\">{\"@context\":\"https:\/\/schema.org\",\"@graph\":[{\"@type\":\"WebPage\",\"@id\":\"https:\/\/intermob.be\/de\/produkt\/horeca-terrassenstuhl-eva-roter-mix\/\",\"url\":\"https:\/\/intermob.be\/de\/produkt\/horeca-terrassenstuhl-eva-roter-mix\/\",\"name\":\"Horeca Terrassen Armstuhl - Siena - Aluminium\/Rattan\",\"isPartOf\":{\"@id\":\"https:\/\/intermob.be\/de\/#website\"},\"primaryImageOfPage\":{\"@id\":\"https:\/\/intermob.be\/de\/produkt\/horeca-terrassenstuhl-eva-roter-mix\/#primaryimage\"},\"image\":{\"@id\":\"https:\/\/intermob.be\/de\/produkt\/horeca-terrassenstuhl-eva-roter-mix\/#primaryimage\"},\"thumbnailUrl\":\"https:\/\/intermob.be\/wp-content\/uploads\/2024\/04\/products-Horeca-Terrasstoel-Eva-Rood-Mix-2.jpg\",\"datePublished\":\"2024-04-26T11:00:03+00:00\",\"dateModified\":\"2026-01-26T13:14:28+00:00\",\"breadcrumb\":{\"@id\":\"https:\/\/intermob.be\/de\/produkt\/horeca-terrassenstuhl-eva-roter-mix\/#breadcrumb\"},\"inLanguage\":\"de\",\"potentialAction\":[{\"@type\":\"ReadAction\",\"target\":[\"https:\/\/intermob.be\/de\/produkt\/horeca-terrassenstuhl-eva-roter-mix\/\"]}]},{\"@type\":\"ImageObject\",\"inLanguage\":\"de\",\"@id\":\"https:\/\/intermob.be\/de\/produkt\/horeca-terrassenstuhl-eva-roter-mix\/#primaryimage\",\"url\":\"https:\/\/intermob.be\/wp-content\/uploads\/2024\/04\/products-Horeca-Terrasstoel-Eva-Rood-Mix-2.jpg\",\"contentUrl\":\"https:\/\/intermob.be\/wp-content\/uploads\/2024\/04\/products-Horeca-Terrasstoel-Eva-Rood-Mix-2.jpg\",\"width\":1500,\"height\":1500,\"caption\":\"Horeca-Terrasstoel-Eva-Rood-Mix\"},{\"@type\":\"BreadcrumbList\",\"@id\":\"https:\/\/intermob.be\/de\/produkt\/horeca-terrassenstuhl-eva-roter-mix\/#breadcrumb\",\"itemListElement\":[{\"@type\":\"ListItem\",\"position\":1,\"name\":\"Home\",\"item\":\"https:\/\/intermob.be\/de\/\"},{\"@type\":\"ListItem\",\"position\":2,\"name\":\"Shop\",\"item\":\"https:\/\/intermob.be\/de\/shop\/\"},{\"@type\":\"ListItem\",\"position\":3,\"name\":\"Terrassenstuhl - Siena - Aluminium\/Rattan\"}]},{\"@type\":\"WebSite\",\"@id\":\"https:\/\/intermob.be\/de\/#website\",\"url\":\"https:\/\/intermob.be\/de\/\",\"name\":\"Intermob\",\"description\":\"\",\"publisher\":{\"@id\":\"https:\/\/intermob.be\/de\/#organization\"},\"potentialAction\":[{\"@type\":\"SearchAction\",\"target\":{\"@type\":\"EntryPoint\",\"urlTemplate\":\"https:\/\/intermob.be\/de\/?s={search_term_string}\"},\"query-input\":{\"@type\":\"PropertyValueSpecification\",\"valueRequired\":true,\"valueName\":\"search_term_string\"}}],\"inLanguage\":\"de\"},{\"@type\":\"Organization\",\"@id\":\"https:\/\/intermob.be\/de\/#organization\",\"name\":\"Intermob Mobilier\",\"url\":\"https:\/\/intermob.be\/de\/\",\"logo\":{\"@type\":\"ImageObject\",\"inLanguage\":\"de\",\"@id\":\"https:\/\/intermob.be\/de\/#\/schema\/logo\/image\/\",\"url\":\"https:\/\/intermob.be\/wp-content\/uploads\/2025\/09\/intb-bold-logo.png\",\"contentUrl\":\"https:\/\/intermob.be\/wp-content\/uploads\/2025\/09\/intb-bold-logo.png\",\"width\":480,\"height\":158,\"caption\":\"Intermob Mobilier\"},\"image\":{\"@id\":\"https:\/\/intermob.be\/de\/#\/schema\/logo\/image\/\"}}]}<\/script>\n<!-- \/ Yoast SEO plugin. -->","yoast_head_json":{"title":"Horeca Terrassen Armstuhl - Siena - Aluminium\/Rattan","robots":{"index":"index","follow":"follow","max-snippet":"max-snippet:-1","max-image-preview":"max-image-preview:large","max-video-preview":"max-video-preview:-1"},"canonical":"https:\/\/intermob.be\/de\/produkt\/horeca-terrassenstuhl-eva-roter-mix\/","og_locale":"de_DE","og_type":"article","og_title":"Horeca Terrassen Armstuhl - Siena - Aluminium\/Rattan","og_description":"Bringen Sie Lebendigkeit auf Ihre Terrasse mit diesem Aluminium-Terrassen-Armstuhl in auff\u00e4lligen Rot- und Mehrfarbt\u00f6nen, kombiniert mit einem Holzoptik-Schwei\u00dfrahmen. Dieser Stuhl","og_url":"https:\/\/intermob.be\/de\/produkt\/horeca-terrassenstuhl-eva-roter-mix\/","og_site_name":"Intermob Mobilier","article_modified_time":"2026-01-26T13:14:28+00:00","og_image":[{"width":1500,"height":1500,"url":"https:\/\/intermob.be\/wp-content\/uploads\/2024\/04\/products-Horeca-Terrasstoel-Eva-Rood-Mix-2.jpg","type":"image\/jpeg"}],"twitter_card":"summary_large_image","twitter_misc":{"Gesch\u00e4tzte Lesezeit":"1\u00a0Minute"},"schema":{"@context":"https:\/\/schema.org","@graph":[{"@type":"WebPage","@id":"https:\/\/intermob.be\/de\/produkt\/horeca-terrassenstuhl-eva-roter-mix\/","url":"https:\/\/intermob.be\/de\/produkt\/horeca-terrassenstuhl-eva-roter-mix\/","name":"Horeca Terrassen Armstuhl - Siena - Aluminium\/Rattan","isPartOf":{"@id":"https:\/\/intermob.be\/de\/#website"},"primaryImageOfPage":{"@id":"https:\/\/intermob.be\/de\/produkt\/horeca-terrassenstuhl-eva-roter-mix\/#primaryimage"},"image":{"@id":"https:\/\/intermob.be\/de\/produkt\/horeca-terrassenstuhl-eva-roter-mix\/#primaryimage"},"thumbnailUrl":"https:\/\/intermob.be\/wp-content\/uploads\/2024\/04\/products-Horeca-Terrasstoel-Eva-Rood-Mix-2.jpg","datePublished":"2024-04-26T11:00:03+00:00","dateModified":"2026-01-26T13:14:28+00:00","breadcrumb":{"@id":"https:\/\/intermob.be\/de\/produkt\/horeca-terrassenstuhl-eva-roter-mix\/#breadcrumb"},"inLanguage":"de","potentialAction":[{"@type":"ReadAction","target":["https:\/\/intermob.be\/de\/produkt\/horeca-terrassenstuhl-eva-roter-mix\/"]}]},{"@type":"ImageObject","inLanguage":"de","@id":"https:\/\/intermob.be\/de\/produkt\/horeca-terrassenstuhl-eva-roter-mix\/#primaryimage","url":"https:\/\/intermob.be\/wp-content\/uploads\/2024\/04\/products-Horeca-Terrasstoel-Eva-Rood-Mix-2.jpg","contentUrl":"https:\/\/intermob.be\/wp-content\/uploads\/2024\/04\/products-Horeca-Terrasstoel-Eva-Rood-Mix-2.jpg","width":1500,"height":1500,"caption":"Horeca-Terrasstoel-Eva-Rood-Mix"},{"@type":"BreadcrumbList","@id":"https:\/\/intermob.be\/de\/produkt\/horeca-terrassenstuhl-eva-roter-mix\/#breadcrumb","itemListElement":[{"@type":"ListItem","position":1,"name":"Home","item":"https:\/\/intermob.be\/de\/"},{"@type":"ListItem","position":2,"name":"Shop","item":"https:\/\/intermob.be\/de\/shop\/"},{"@type":"ListItem","position":3,"name":"Terrassenstuhl - Siena - Aluminium\/Rattan"}]},{"@type":"WebSite","@id":"https:\/\/intermob.be\/de\/#website","url":"https:\/\/intermob.be\/de\/","name":"Intermob","description":"","publisher":{"@id":"https:\/\/intermob.be\/de\/#organization"},"potentialAction":[{"@type":"SearchAction","target":{"@type":"EntryPoint","urlTemplate":"https:\/\/intermob.be\/de\/?s={search_term_string}"},"query-input":{"@type":"PropertyValueSpecification","valueRequired":true,"valueName":"search_term_string"}}],"inLanguage":"de"},{"@type":"Organization","@id":"https:\/\/intermob.be\/de\/#organization","name":"Intermob Mobilier","url":"https:\/\/intermob.be\/de\/","logo":{"@type":"ImageObject","inLanguage":"de","@id":"https:\/\/intermob.be\/de\/#\/schema\/logo\/image\/","url":"https:\/\/intermob.be\/wp-content\/uploads\/2025\/09\/intb-bold-logo.png","contentUrl":"https:\/\/intermob.be\/wp-content\/uploads\/2025\/09\/intb-bold-logo.png","width":480,"height":158,"caption":"Intermob Mobilier"},"image":{"@id":"https:\/\/intermob.be\/de\/#\/schema\/logo\/image\/"}}]}},"_links":{"self":[{"href":"https:\/\/intermob.be\/de\/wp-json\/wp\/v2\/product\/92734","targetHints":{"allow":["GET"]}}],"collection":[{"href":"https:\/\/intermob.be\/de\/wp-json\/wp\/v2\/product"}],"about":[{"href":"https:\/\/intermob.be\/de\/wp-json\/wp\/v2\/types\/product"}],"replies":[{"embeddable":true,"href":"https:\/\/intermob.be\/de\/wp-json\/wp\/v2\/comments?post=92734"}],"version-history":[{"count":1,"href":"https:\/\/intermob.be\/de\/wp-json\/wp\/v2\/product\/92734\/revisions"}],"predecessor-version":[{"id":156713,"href":"https:\/\/intermob.be\/de\/wp-json\/wp\/v2\/product\/92734\/revisions\/156713"}],"wp:featuredmedia":[{"embeddable":true,"href":"https:\/\/intermob.be\/de\/wp-json\/wp\/v2\/media\/92735"}],"wp:attachment":[{"href":"https:\/\/intermob.be\/de\/wp-json\/wp\/v2\/media?parent=92734"}],"wp:term":[{"taxonomy":"product_brand","embeddable":true,"href":"https:\/\/intermob.be\/de\/wp-json\/wp\/v2\/product_brand?post=92734"},{"taxonomy":"product_cat","embeddable":true,"href":"https:\/\/intermob.be\/de\/wp-json\/wp\/v2\/product_cat?post=92734"},{"taxonomy":"product_tag","embeddable":true,"href":"https:\/\/intermob.be\/de\/wp-json\/wp\/v2\/product_tag?post=92734"}],"curies":[{"name":"wp","href":"https:\/\/api.w.org\/{rel}","templated":true}]}}