{"id":93140,"date":"2024-05-07T09:39:56","date_gmt":"2024-05-07T09:39:56","guid":{"rendered":"https:\/\/intermob.be\/?post_type=product&#038;p=93140"},"modified":"2025-09-30T14:02:00","modified_gmt":"2025-09-30T14:02:00","slug":"horeca-tischplatte-rund-faux-marmor-gruen-3-cm-dick","status":"publish","type":"product","link":"https:\/\/intermob.be\/de\/produkt\/horeca-tischplatte-rund-faux-marmor-gruen-3-cm-dick\/","title":{"rendered":"Runde Tischplatte - Faux Marmor Gr\u00fcn - 3 cm Dick"},"content":{"rendered":"<p><span style=\"color: #000000\">Die Faux Translucent Stone ist eine Kollektion eleganter und ansprechender Platten, die als Kunstmarmor\u00a0dienen. Daher wird Sinterstein im M\u00f6beldesign immer beliebter. Diese Tischplatte aus gr\u00fcnem und mehrfarbigem gesintertem Stein kombiniert eine nat\u00fcrliche, luxuri\u00f6se Optik mit au\u00dfergew\u00f6hnlicher Haltbarkeit. Die subtile Marmoroptik verleiht einen raffinierten Touch, w\u00e4hrend der Edelstahlrand und die Sperrholzunterlage f\u00fcr Stabilit\u00e4t und eine moderne Ausf\u00fchrung sorgen.<\/span><\/p>\n<p><span style=\"color: #000000\">Ideal f\u00fcr den Innenbereich und in verschiedenen Gr\u00f6\u00dfen erh\u00e4ltlich, ist diese Tischplatte perfekt f\u00fcr trendige Gastronomiebetriebe wie Caf\u00e9s, Restaurants und Bars. Die pflegeleichten Eigenschaften und die robuste Konstruktion machen sie ideal f\u00fcr den intensiven t\u00e4glichen Gebrauch. Schaffen Sie eine stilvolle und einladende Atmosph\u00e4re, die Ihre G\u00e4ste beeindruckt und Ihr Interieur auf das n\u00e4chste Level hebt.<\/span><\/p>\n<p><span style=\"color: #000000\">Gesinterter Stein <strong>ist kein echter Stein<\/strong>. Die Tischplatte besteht aus Sinterstein und hat eine sch\u00f6ne Marmoroptik. Es ist wasser- und schmutzabweisend und leicht zu reinigen. Das Material ist kratzfest.<\/span><\/p>\n<p><span style=\"color: #ff0000\"><strong>Bitte beachten Sie, dass es sich nicht um echten Marmor handelt!<\/strong><\/span><\/p>\n<p><i class=\"fas fa-check-circle description-icon-green\" aria-hidden=\"true\"><\/i><span style=\"color: #339966\"> Die Tischplatten sind nicht vorgebohrt<\/span><br \/>\n<i class=\"fas fa-check-circle description-icon-green\" aria-hidden=\"true\"><\/i><span style=\"color: #ff6600\"> Schrauben sind inklusive, wenn die Tischplatten zusammen mit den Untergestellen bestellt werden<\/span><\/p>\n","protected":false},"excerpt":{"rendered":"<p>Die Faux Translucent Stone ist eine Kollektion eleganter und ansprechender Platten, die als Kunstmarmor\u00a0dienen. Daher wird Sinterstein im M\u00f6beldesign immer<\/p>\n","protected":false},"featured_media":139735,"comment_status":"open","ping_status":"closed","template":"","meta":[],"product_brand":[],"product_cat":[10427],"product_tag":[12503,12504,12505,12506,12588,12702,12703,12732,12733,17388,17390,17391,12495,17392,12496,17393,12497,12502],"class_list":{"0":"post-93140","1":"product","2":"type-product","3":"status-publish","4":"has-post-thumbnail","6":"product_cat-faux-marmor-tischplatte-30-mm-dicke-innen","7":"product_tag-gesinterde-steen","8":"product_tag-roestvrij-staal-2","9":"product_tag-pierre-fritt-e","10":"product_tag-acier-inoxydable-2","11":"product_tag-restaurantm-bel","12":"product_tag-stainless-steel-2","13":"product_tag-edelstahl-2","14":"product_tag-sintered-stone","15":"product_tag-sinterstein","16":"product_tag-horeca-furniture","17":"product_tag-horeca-moebel","18":"product_tag-meubles-de-restaurant","19":"product_tag-marbre","20":"product_tag-meubles-horeca","21":"product_tag-marble","22":"product_tag-restaurant-furniture","23":"product_tag-marmor","24":"product_tag-multiplex","25":"pa_dimension-r70o-cm-de","26":"pa_dimension-r70o-cm-de-de","27":"pa_product-color-color-gruen-de","28":"pa_product-color-color-mehrfarbig-de","29":"pa_product-more-colors-ja-de","30":"pa_product-usage-usage-innen-de","32":"first","33":"instock","34":"sale","35":"taxable","36":"shipping-taxable","37":"purchasable","38":"product-type-variable","39":"hc-var-dimension"},"yoast_head":"<!-- This site is optimized with the Yoast SEO plugin v26.4 - https:\/\/yoast.com\/wordpress\/plugins\/seo\/ -->\n<title>Horeca Tischplatte Rund - Faux Marmor Gr\u00fcn - 3 cm Dick<\/title>\n<meta name=\"robots\" content=\"index, follow, max-snippet:-1, max-image-preview:large, max-video-preview:-1\" \/>\n<link rel=\"canonical\" href=\"https:\/\/intermob.be\/de\/produkt\/horeca-tischplatte-rund-faux-marmor-gruen-3-cm-dick\/\" \/>\n<meta property=\"og:locale\" content=\"de_DE\" \/>\n<meta property=\"og:type\" content=\"article\" \/>\n<meta property=\"og:title\" content=\"Horeca Tischplatte Rund - Faux Marmor Gr\u00fcn - 3 cm Dick\" \/>\n<meta property=\"og:description\" content=\"Die Faux Translucent Stone ist eine Kollektion eleganter und ansprechender Platten, die als Kunstmarmor\u00a0dienen. Daher wird Sinterstein im M\u00f6beldesign immer\" \/>\n<meta property=\"og:url\" content=\"https:\/\/intermob.be\/de\/produkt\/horeca-tischplatte-rund-faux-marmor-gruen-3-cm-dick\/\" \/>\n<meta property=\"og:site_name\" content=\"Intermob Mobilier\" \/>\n<meta property=\"article:modified_time\" content=\"2025-09-30T14:02:00+00:00\" \/>\n<meta property=\"og:image\" content=\"https:\/\/intermob.be\/wp-content\/uploads\/2024\/05\/Tafelblad-Categorie-Faux-Marmer-Green-1.jpg\" \/>\n\t<meta property=\"og:image:width\" content=\"1500\" \/>\n\t<meta property=\"og:image:height\" content=\"1500\" \/>\n\t<meta property=\"og:image:type\" content=\"image\/jpeg\" \/>\n<meta name=\"twitter:card\" content=\"summary_large_image\" \/>\n<meta name=\"twitter:label1\" content=\"Gesch\u00e4tzte Lesezeit\" \/>\n\t<meta name=\"twitter:data1\" content=\"2\u00a0Minuten\" \/>\n<script type=\"application\/ld+json\" class=\"yoast-schema-graph\">{\"@context\":\"https:\/\/schema.org\",\"@graph\":[{\"@type\":\"WebPage\",\"@id\":\"https:\/\/intermob.be\/de\/produkt\/horeca-tischplatte-rund-faux-marmor-gruen-3-cm-dick\/\",\"url\":\"https:\/\/intermob.be\/de\/produkt\/horeca-tischplatte-rund-faux-marmor-gruen-3-cm-dick\/\",\"name\":\"Horeca Tischplatte Rund - Faux Marmor Gr\u00fcn - 3 cm Dick\",\"isPartOf\":{\"@id\":\"https:\/\/intermob.be\/de\/#website\"},\"primaryImageOfPage\":{\"@id\":\"https:\/\/intermob.be\/de\/produkt\/horeca-tischplatte-rund-faux-marmor-gruen-3-cm-dick\/#primaryimage\"},\"image\":{\"@id\":\"https:\/\/intermob.be\/de\/produkt\/horeca-tischplatte-rund-faux-marmor-gruen-3-cm-dick\/#primaryimage\"},\"thumbnailUrl\":\"https:\/\/intermob.be\/wp-content\/uploads\/2024\/05\/Tafelblad-Categorie-Faux-Marmer-Green-1.jpg\",\"datePublished\":\"2024-05-07T09:39:56+00:00\",\"dateModified\":\"2025-09-30T14:02:00+00:00\",\"breadcrumb\":{\"@id\":\"https:\/\/intermob.be\/de\/produkt\/horeca-tischplatte-rund-faux-marmor-gruen-3-cm-dick\/#breadcrumb\"},\"inLanguage\":\"de\",\"potentialAction\":[{\"@type\":\"ReadAction\",\"target\":[\"https:\/\/intermob.be\/de\/produkt\/horeca-tischplatte-rund-faux-marmor-gruen-3-cm-dick\/\"]}]},{\"@type\":\"ImageObject\",\"inLanguage\":\"de\",\"@id\":\"https:\/\/intermob.be\/de\/produkt\/horeca-tischplatte-rund-faux-marmor-gruen-3-cm-dick\/#primaryimage\",\"url\":\"https:\/\/intermob.be\/wp-content\/uploads\/2024\/05\/Tafelblad-Categorie-Faux-Marmer-Green-1.jpg\",\"contentUrl\":\"https:\/\/intermob.be\/wp-content\/uploads\/2024\/05\/Tafelblad-Categorie-Faux-Marmer-Green-1.jpg\",\"width\":1500,\"height\":1500,\"caption\":\"Tafelblad-Categorie-Faux-Marmer-Green-1\"},{\"@type\":\"BreadcrumbList\",\"@id\":\"https:\/\/intermob.be\/de\/produkt\/horeca-tischplatte-rund-faux-marmor-gruen-3-cm-dick\/#breadcrumb\",\"itemListElement\":[{\"@type\":\"ListItem\",\"position\":1,\"name\":\"Home\",\"item\":\"https:\/\/intermob.be\/de\/\"},{\"@type\":\"ListItem\",\"position\":2,\"name\":\"Shop\",\"item\":\"https:\/\/intermob.be\/de\/shop\/\"},{\"@type\":\"ListItem\",\"position\":3,\"name\":\"Plateau de Table Rond - Faux Marbre Vert - 3 cm D&#039;\u00e9paisseur\"}]},{\"@type\":\"WebSite\",\"@id\":\"https:\/\/intermob.be\/de\/#website\",\"url\":\"https:\/\/intermob.be\/de\/\",\"name\":\"Intermob\",\"description\":\"\",\"publisher\":{\"@id\":\"https:\/\/intermob.be\/de\/#organization\"},\"potentialAction\":[{\"@type\":\"SearchAction\",\"target\":{\"@type\":\"EntryPoint\",\"urlTemplate\":\"https:\/\/intermob.be\/de\/?s={search_term_string}\"},\"query-input\":{\"@type\":\"PropertyValueSpecification\",\"valueRequired\":true,\"valueName\":\"search_term_string\"}}],\"inLanguage\":\"de\"},{\"@type\":\"Organization\",\"@id\":\"https:\/\/intermob.be\/de\/#organization\",\"name\":\"Intermob Mobilier\",\"url\":\"https:\/\/intermob.be\/de\/\",\"logo\":{\"@type\":\"ImageObject\",\"inLanguage\":\"de\",\"@id\":\"https:\/\/intermob.be\/de\/#\/schema\/logo\/image\/\",\"url\":\"https:\/\/intermob.be\/wp-content\/uploads\/2025\/09\/intb-bold-logo.png\",\"contentUrl\":\"https:\/\/intermob.be\/wp-content\/uploads\/2025\/09\/intb-bold-logo.png\",\"width\":480,\"height\":158,\"caption\":\"Intermob Mobilier\"},\"image\":{\"@id\":\"https:\/\/intermob.be\/de\/#\/schema\/logo\/image\/\"}}]}<\/script>\n<!-- \/ Yoast SEO plugin. -->","yoast_head_json":{"title":"Horeca Tischplatte Rund - Faux Marmor Gr\u00fcn - 3 cm Dick","robots":{"index":"index","follow":"follow","max-snippet":"max-snippet:-1","max-image-preview":"max-image-preview:large","max-video-preview":"max-video-preview:-1"},"canonical":"https:\/\/intermob.be\/de\/produkt\/horeca-tischplatte-rund-faux-marmor-gruen-3-cm-dick\/","og_locale":"de_DE","og_type":"article","og_title":"Horeca Tischplatte Rund - Faux Marmor Gr\u00fcn - 3 cm Dick","og_description":"Die Faux Translucent Stone ist eine Kollektion eleganter und ansprechender Platten, die als Kunstmarmor\u00a0dienen. Daher wird Sinterstein im M\u00f6beldesign immer","og_url":"https:\/\/intermob.be\/de\/produkt\/horeca-tischplatte-rund-faux-marmor-gruen-3-cm-dick\/","og_site_name":"Intermob Mobilier","article_modified_time":"2025-09-30T14:02:00+00:00","og_image":[{"width":1500,"height":1500,"url":"https:\/\/intermob.be\/wp-content\/uploads\/2024\/05\/Tafelblad-Categorie-Faux-Marmer-Green-1.jpg","type":"image\/jpeg"}],"twitter_card":"summary_large_image","twitter_misc":{"Gesch\u00e4tzte Lesezeit":"2\u00a0Minuten"},"schema":{"@context":"https:\/\/schema.org","@graph":[{"@type":"WebPage","@id":"https:\/\/intermob.be\/de\/produkt\/horeca-tischplatte-rund-faux-marmor-gruen-3-cm-dick\/","url":"https:\/\/intermob.be\/de\/produkt\/horeca-tischplatte-rund-faux-marmor-gruen-3-cm-dick\/","name":"Horeca Tischplatte Rund - Faux Marmor Gr\u00fcn - 3 cm Dick","isPartOf":{"@id":"https:\/\/intermob.be\/de\/#website"},"primaryImageOfPage":{"@id":"https:\/\/intermob.be\/de\/produkt\/horeca-tischplatte-rund-faux-marmor-gruen-3-cm-dick\/#primaryimage"},"image":{"@id":"https:\/\/intermob.be\/de\/produkt\/horeca-tischplatte-rund-faux-marmor-gruen-3-cm-dick\/#primaryimage"},"thumbnailUrl":"https:\/\/intermob.be\/wp-content\/uploads\/2024\/05\/Tafelblad-Categorie-Faux-Marmer-Green-1.jpg","datePublished":"2024-05-07T09:39:56+00:00","dateModified":"2025-09-30T14:02:00+00:00","breadcrumb":{"@id":"https:\/\/intermob.be\/de\/produkt\/horeca-tischplatte-rund-faux-marmor-gruen-3-cm-dick\/#breadcrumb"},"inLanguage":"de","potentialAction":[{"@type":"ReadAction","target":["https:\/\/intermob.be\/de\/produkt\/horeca-tischplatte-rund-faux-marmor-gruen-3-cm-dick\/"]}]},{"@type":"ImageObject","inLanguage":"de","@id":"https:\/\/intermob.be\/de\/produkt\/horeca-tischplatte-rund-faux-marmor-gruen-3-cm-dick\/#primaryimage","url":"https:\/\/intermob.be\/wp-content\/uploads\/2024\/05\/Tafelblad-Categorie-Faux-Marmer-Green-1.jpg","contentUrl":"https:\/\/intermob.be\/wp-content\/uploads\/2024\/05\/Tafelblad-Categorie-Faux-Marmer-Green-1.jpg","width":1500,"height":1500,"caption":"Tafelblad-Categorie-Faux-Marmer-Green-1"},{"@type":"BreadcrumbList","@id":"https:\/\/intermob.be\/de\/produkt\/horeca-tischplatte-rund-faux-marmor-gruen-3-cm-dick\/#breadcrumb","itemListElement":[{"@type":"ListItem","position":1,"name":"Home","item":"https:\/\/intermob.be\/de\/"},{"@type":"ListItem","position":2,"name":"Shop","item":"https:\/\/intermob.be\/de\/shop\/"},{"@type":"ListItem","position":3,"name":"Plateau de Table Rond - Faux Marbre Vert - 3 cm D&#039;\u00e9paisseur"}]},{"@type":"WebSite","@id":"https:\/\/intermob.be\/de\/#website","url":"https:\/\/intermob.be\/de\/","name":"Intermob","description":"","publisher":{"@id":"https:\/\/intermob.be\/de\/#organization"},"potentialAction":[{"@type":"SearchAction","target":{"@type":"EntryPoint","urlTemplate":"https:\/\/intermob.be\/de\/?s={search_term_string}"},"query-input":{"@type":"PropertyValueSpecification","valueRequired":true,"valueName":"search_term_string"}}],"inLanguage":"de"},{"@type":"Organization","@id":"https:\/\/intermob.be\/de\/#organization","name":"Intermob Mobilier","url":"https:\/\/intermob.be\/de\/","logo":{"@type":"ImageObject","inLanguage":"de","@id":"https:\/\/intermob.be\/de\/#\/schema\/logo\/image\/","url":"https:\/\/intermob.be\/wp-content\/uploads\/2025\/09\/intb-bold-logo.png","contentUrl":"https:\/\/intermob.be\/wp-content\/uploads\/2025\/09\/intb-bold-logo.png","width":480,"height":158,"caption":"Intermob Mobilier"},"image":{"@id":"https:\/\/intermob.be\/de\/#\/schema\/logo\/image\/"}}]}},"_links":{"self":[{"href":"https:\/\/intermob.be\/de\/wp-json\/wp\/v2\/product\/93140","targetHints":{"allow":["GET"]}}],"collection":[{"href":"https:\/\/intermob.be\/de\/wp-json\/wp\/v2\/product"}],"about":[{"href":"https:\/\/intermob.be\/de\/wp-json\/wp\/v2\/types\/product"}],"replies":[{"embeddable":true,"href":"https:\/\/intermob.be\/de\/wp-json\/wp\/v2\/comments?post=93140"}],"version-history":[{"count":0,"href":"https:\/\/intermob.be\/de\/wp-json\/wp\/v2\/product\/93140\/revisions"}],"wp:featuredmedia":[{"embeddable":true,"href":"https:\/\/intermob.be\/de\/wp-json\/wp\/v2\/media\/139735"}],"wp:attachment":[{"href":"https:\/\/intermob.be\/de\/wp-json\/wp\/v2\/media?parent=93140"}],"wp:term":[{"taxonomy":"product_brand","embeddable":true,"href":"https:\/\/intermob.be\/de\/wp-json\/wp\/v2\/product_brand?post=93140"},{"taxonomy":"product_cat","embeddable":true,"href":"https:\/\/intermob.be\/de\/wp-json\/wp\/v2\/product_cat?post=93140"},{"taxonomy":"product_tag","embeddable":true,"href":"https:\/\/intermob.be\/de\/wp-json\/wp\/v2\/product_tag?post=93140"}],"curies":[{"name":"wp","href":"https:\/\/api.w.org\/{rel}","templated":true}]}}