{"id":119015,"date":"2024-11-05T08:05:04","date_gmt":"2024-11-05T08:05:04","guid":{"rendered":"https:\/\/intermob.be\/?post_type=product&#038;p=119015"},"modified":"2024-11-05T08:06:31","modified_gmt":"2024-11-05T08:06:31","slug":"horeca-table-with-gold-edge-dublin-marble-black-60x60-cm-with-base","status":"publish","type":"product","link":"https:\/\/intermob.be\/en\/product\/horeca-table-with-gold-edge-dublin-marble-black-60x60-cm-with-base\/","title":{"rendered":"Table With Gold Edge - Dublin Marble Black - 60x60 Cm"},"content":{"rendered":"<p><i class=\"fas fa-check-circle description-icon-green\" aria-hidden=\"true\"><\/i><span style=\"color: #ff6600;\"> The tables are unassembled<\/span><br \/>\n<i class=\"fas fa-check-circle description-icon-green\" aria-hidden=\"true\"><\/i><span style=\"color: #339966;\"> The table tops are not pre-drilled<\/span><br \/>\n<i class=\"fas fa-check-circle description-icon-green\" aria-hidden=\"true\"><\/i><span style=\"color: #ff6600;\"> Screws are included if the table tops are ordered together with the bases<\/span><br \/>\n<i class=\"fas fa-check-circle description-icon-green\" aria-hidden=\"true\"><\/i><span style=\"color: #339966;\"> Necessary material for assembly is included in the box<\/span><\/p>\n","protected":false},"excerpt":{"rendered":"<p>The tables are unassembled The table tops are not pre-drilled Screws are included if the table tops are ordered together<\/p>\n","protected":false},"featured_media":119004,"comment_status":"open","ping_status":"closed","template":"","meta":[],"product_brand":[],"product_cat":[16592,10510],"product_tag":[],"class_list":{"0":"post-119015","1":"product","2":"type-product","3":"status-publish","4":"has-post-thumbnail","6":"product_cat-dublin-marble-black-gold-table-assortment","7":"product_cat-coming-soon","8":"pa_product-frame-color-black-frame-color-en","9":"pa_product-more-colors-yes-en","10":"pa_product-more-dimensions-yes-en","11":"pa_product-seats-2-seats-en","12":"pa_product-tabletop-color-black-tabletop-color-en","13":"pa_product-tabletop-color-gold-tabletop-color-en","14":"pa_product-tabletop-color-white-tabletop-color-en","15":"pa_product-usage-usage-indoor-en","16":"pa_table-height-cm-77-cm-en","18":"first","19":"instock","20":"sale","21":"taxable","22":"shipping-taxable","23":"purchasable","24":"product-type-simple"},"yoast_head":"<!-- This site is optimized with the Yoast SEO plugin v26.4 - https:\/\/yoast.com\/wordpress\/plugins\/seo\/ -->\n<title>Horeca Table With Gold Edge - Dublin Marble Black - 60x60 Cm With Base<\/title>\n<meta name=\"robots\" content=\"index, follow, max-snippet:-1, max-image-preview:large, max-video-preview:-1\" \/>\n<link rel=\"canonical\" href=\"https:\/\/intermob.be\/en\/product\/horeca-table-with-gold-edge-dublin-marble-black-60x60-cm-with-base\/\" \/>\n<meta property=\"og:locale\" content=\"en_US\" \/>\n<meta property=\"og:type\" content=\"article\" \/>\n<meta property=\"og:title\" content=\"Horeca Table With Gold Edge - Dublin Marble Black - 60x60 Cm With Base\" \/>\n<meta property=\"og:description\" content=\"The tables are unassembled The table tops are not pre-drilled Screws are included if the table tops are ordered together\" \/>\n<meta property=\"og:url\" content=\"https:\/\/intermob.be\/en\/product\/horeca-table-with-gold-edge-dublin-marble-black-60x60-cm-with-base\/\" \/>\n<meta property=\"og:site_name\" content=\"Intermob Mobilier\" \/>\n<meta property=\"article:modified_time\" content=\"2024-11-05T08:06:31+00:00\" \/>\n<meta property=\"og:image\" content=\"https:\/\/intermob.be\/wp-content\/uploads\/2024\/11\/Horeca-Tafel-Met-Gouden-Rand-Dublin-Marmer-Zwart-60x60-Cm-Met-Onderstel-1.jpg\" \/>\n\t<meta property=\"og:image:width\" content=\"1500\" \/>\n\t<meta property=\"og:image:height\" content=\"1500\" \/>\n\t<meta property=\"og:image:type\" content=\"image\/jpeg\" \/>\n<meta name=\"twitter:card\" content=\"summary_large_image\" \/>\n<script type=\"application\/ld+json\" class=\"yoast-schema-graph\">{\"@context\":\"https:\/\/schema.org\",\"@graph\":[{\"@type\":\"WebPage\",\"@id\":\"https:\/\/intermob.be\/en\/product\/horeca-table-with-gold-edge-dublin-marble-black-60x60-cm-with-base\/\",\"url\":\"https:\/\/intermob.be\/en\/product\/horeca-table-with-gold-edge-dublin-marble-black-60x60-cm-with-base\/\",\"name\":\"Horeca Table With Gold Edge - Dublin Marble Black - 60x60 Cm With Base\",\"isPartOf\":{\"@id\":\"https:\/\/intermob.be\/en\/#website\"},\"primaryImageOfPage\":{\"@id\":\"https:\/\/intermob.be\/en\/product\/horeca-table-with-gold-edge-dublin-marble-black-60x60-cm-with-base\/#primaryimage\"},\"image\":{\"@id\":\"https:\/\/intermob.be\/en\/product\/horeca-table-with-gold-edge-dublin-marble-black-60x60-cm-with-base\/#primaryimage\"},\"thumbnailUrl\":\"https:\/\/intermob.be\/wp-content\/uploads\/2024\/11\/Horeca-Tafel-Met-Gouden-Rand-Dublin-Marmer-Zwart-60x60-Cm-Met-Onderstel-1.jpg\",\"datePublished\":\"2024-11-05T08:05:04+00:00\",\"dateModified\":\"2024-11-05T08:06:31+00:00\",\"breadcrumb\":{\"@id\":\"https:\/\/intermob.be\/en\/product\/horeca-table-with-gold-edge-dublin-marble-black-60x60-cm-with-base\/#breadcrumb\"},\"inLanguage\":\"en-US\",\"potentialAction\":[{\"@type\":\"ReadAction\",\"target\":[\"https:\/\/intermob.be\/en\/product\/horeca-table-with-gold-edge-dublin-marble-black-60x60-cm-with-base\/\"]}]},{\"@type\":\"ImageObject\",\"inLanguage\":\"en-US\",\"@id\":\"https:\/\/intermob.be\/en\/product\/horeca-table-with-gold-edge-dublin-marble-black-60x60-cm-with-base\/#primaryimage\",\"url\":\"https:\/\/intermob.be\/wp-content\/uploads\/2024\/11\/Horeca-Tafel-Met-Gouden-Rand-Dublin-Marmer-Zwart-60x60-Cm-Met-Onderstel-1.jpg\",\"contentUrl\":\"https:\/\/intermob.be\/wp-content\/uploads\/2024\/11\/Horeca-Tafel-Met-Gouden-Rand-Dublin-Marmer-Zwart-60x60-Cm-Met-Onderstel-1.jpg\",\"width\":1500,\"height\":1500,\"caption\":\"DUBLIN STIJL TAFELS, INDUSTRI\u00cbLE UITSTRALING, METALEN ONDERSTEL, RUSTIEK ONTWERP, MODERNE HORECATAFEL, HOUT EN METAAL COMBINATIE, RESTAURANT TAFEL, CAFE, TABLES DE STYLE DUBLIN, ASPECT INDUSTRIEL, PIETEMENT EN M\u00c9TAL, DESIGN RUSTIQUE, TABLE DE RESTAURATION MODERNE, COMBINAISON BOIS ET M\u00c9TAL, TABLE DE RESTAURANT, CAF\u00c9, DUBLIN STYLE TABLES, INDUSTRIAL APPEARANCE, METAL BASE, RUSTIC DESIGN, MODERN CATERING TABLE, WOOD AND METAL COMBINATION, RESTAURANT TABLE, TISCHE IM DUBLIN-STIL, INDUSTRIELLES AUSSEHEN, METALLGESTELL, RUSTIKALES DESIGN, MODERNER CATERING-TISCH, KOMBINATION AUS HOLZ UND METALL, RESTAURANT-TISCH\"},{\"@type\":\"BreadcrumbList\",\"@id\":\"https:\/\/intermob.be\/en\/product\/horeca-table-with-gold-edge-dublin-marble-black-60x60-cm-with-base\/#breadcrumb\",\"itemListElement\":[{\"@type\":\"ListItem\",\"position\":1,\"name\":\"Home\",\"item\":\"https:\/\/intermob.be\/en\/\"},{\"@type\":\"ListItem\",\"position\":2,\"name\":\"Shop\",\"item\":\"https:\/\/intermob.be\/en\/shop\/\"},{\"@type\":\"ListItem\",\"position\":3,\"name\":\"Horeca Table With Gold Edge &#8211; Dublin Marble Black &#8211; 60&#215;60 Cm With Base\"}]},{\"@type\":\"WebSite\",\"@id\":\"https:\/\/intermob.be\/en\/#website\",\"url\":\"https:\/\/intermob.be\/en\/\",\"name\":\"Intermob\",\"description\":\"\",\"publisher\":{\"@id\":\"https:\/\/intermob.be\/en\/#organization\"},\"potentialAction\":[{\"@type\":\"SearchAction\",\"target\":{\"@type\":\"EntryPoint\",\"urlTemplate\":\"https:\/\/intermob.be\/en\/?s={search_term_string}\"},\"query-input\":{\"@type\":\"PropertyValueSpecification\",\"valueRequired\":true,\"valueName\":\"search_term_string\"}}],\"inLanguage\":\"en-US\"},{\"@type\":\"Organization\",\"@id\":\"https:\/\/intermob.be\/en\/#organization\",\"name\":\"Intermob Mobilier\",\"url\":\"https:\/\/intermob.be\/en\/\",\"logo\":{\"@type\":\"ImageObject\",\"inLanguage\":\"en-US\",\"@id\":\"https:\/\/intermob.be\/en\/#\/schema\/logo\/image\/\",\"url\":\"https:\/\/intermob.be\/wp-content\/uploads\/2025\/09\/intb-bold-logo.png\",\"contentUrl\":\"https:\/\/intermob.be\/wp-content\/uploads\/2025\/09\/intb-bold-logo.png\",\"width\":480,\"height\":158,\"caption\":\"Intermob Mobilier\"},\"image\":{\"@id\":\"https:\/\/intermob.be\/en\/#\/schema\/logo\/image\/\"}}]}<\/script>\n<!-- \/ Yoast SEO plugin. -->","yoast_head_json":{"title":"Horeca Table With Gold Edge - Dublin Marble Black - 60x60 Cm With Base","robots":{"index":"index","follow":"follow","max-snippet":"max-snippet:-1","max-image-preview":"max-image-preview:large","max-video-preview":"max-video-preview:-1"},"canonical":"https:\/\/intermob.be\/en\/product\/horeca-table-with-gold-edge-dublin-marble-black-60x60-cm-with-base\/","og_locale":"en_US","og_type":"article","og_title":"Horeca Table With Gold Edge - Dublin Marble Black - 60x60 Cm With Base","og_description":"The tables are unassembled The table tops are not pre-drilled Screws are included if the table tops are ordered together","og_url":"https:\/\/intermob.be\/en\/product\/horeca-table-with-gold-edge-dublin-marble-black-60x60-cm-with-base\/","og_site_name":"Intermob Mobilier","article_modified_time":"2024-11-05T08:06:31+00:00","og_image":[{"width":1500,"height":1500,"url":"https:\/\/intermob.be\/wp-content\/uploads\/2024\/11\/Horeca-Tafel-Met-Gouden-Rand-Dublin-Marmer-Zwart-60x60-Cm-Met-Onderstel-1.jpg","type":"image\/jpeg"}],"twitter_card":"summary_large_image","schema":{"@context":"https:\/\/schema.org","@graph":[{"@type":"WebPage","@id":"https:\/\/intermob.be\/en\/product\/horeca-table-with-gold-edge-dublin-marble-black-60x60-cm-with-base\/","url":"https:\/\/intermob.be\/en\/product\/horeca-table-with-gold-edge-dublin-marble-black-60x60-cm-with-base\/","name":"Horeca Table With Gold Edge - Dublin Marble Black - 60x60 Cm With Base","isPartOf":{"@id":"https:\/\/intermob.be\/en\/#website"},"primaryImageOfPage":{"@id":"https:\/\/intermob.be\/en\/product\/horeca-table-with-gold-edge-dublin-marble-black-60x60-cm-with-base\/#primaryimage"},"image":{"@id":"https:\/\/intermob.be\/en\/product\/horeca-table-with-gold-edge-dublin-marble-black-60x60-cm-with-base\/#primaryimage"},"thumbnailUrl":"https:\/\/intermob.be\/wp-content\/uploads\/2024\/11\/Horeca-Tafel-Met-Gouden-Rand-Dublin-Marmer-Zwart-60x60-Cm-Met-Onderstel-1.jpg","datePublished":"2024-11-05T08:05:04+00:00","dateModified":"2024-11-05T08:06:31+00:00","breadcrumb":{"@id":"https:\/\/intermob.be\/en\/product\/horeca-table-with-gold-edge-dublin-marble-black-60x60-cm-with-base\/#breadcrumb"},"inLanguage":"en-US","potentialAction":[{"@type":"ReadAction","target":["https:\/\/intermob.be\/en\/product\/horeca-table-with-gold-edge-dublin-marble-black-60x60-cm-with-base\/"]}]},{"@type":"ImageObject","inLanguage":"en-US","@id":"https:\/\/intermob.be\/en\/product\/horeca-table-with-gold-edge-dublin-marble-black-60x60-cm-with-base\/#primaryimage","url":"https:\/\/intermob.be\/wp-content\/uploads\/2024\/11\/Horeca-Tafel-Met-Gouden-Rand-Dublin-Marmer-Zwart-60x60-Cm-Met-Onderstel-1.jpg","contentUrl":"https:\/\/intermob.be\/wp-content\/uploads\/2024\/11\/Horeca-Tafel-Met-Gouden-Rand-Dublin-Marmer-Zwart-60x60-Cm-Met-Onderstel-1.jpg","width":1500,"height":1500,"caption":"DUBLIN STIJL TAFELS, INDUSTRI\u00cbLE UITSTRALING, METALEN ONDERSTEL, RUSTIEK ONTWERP, MODERNE HORECATAFEL, HOUT EN METAAL COMBINATIE, RESTAURANT TAFEL, CAFE, TABLES DE STYLE DUBLIN, ASPECT INDUSTRIEL, PIETEMENT EN M\u00c9TAL, DESIGN RUSTIQUE, TABLE DE RESTAURATION MODERNE, COMBINAISON BOIS ET M\u00c9TAL, TABLE DE RESTAURANT, CAF\u00c9, DUBLIN STYLE TABLES, INDUSTRIAL APPEARANCE, METAL BASE, RUSTIC DESIGN, MODERN CATERING TABLE, WOOD AND METAL COMBINATION, RESTAURANT TABLE, TISCHE IM DUBLIN-STIL, INDUSTRIELLES AUSSEHEN, METALLGESTELL, RUSTIKALES DESIGN, MODERNER CATERING-TISCH, KOMBINATION AUS HOLZ UND METALL, RESTAURANT-TISCH"},{"@type":"BreadcrumbList","@id":"https:\/\/intermob.be\/en\/product\/horeca-table-with-gold-edge-dublin-marble-black-60x60-cm-with-base\/#breadcrumb","itemListElement":[{"@type":"ListItem","position":1,"name":"Home","item":"https:\/\/intermob.be\/en\/"},{"@type":"ListItem","position":2,"name":"Shop","item":"https:\/\/intermob.be\/en\/shop\/"},{"@type":"ListItem","position":3,"name":"Horeca Table With Gold Edge &#8211; Dublin Marble Black &#8211; 60&#215;60 Cm With Base"}]},{"@type":"WebSite","@id":"https:\/\/intermob.be\/en\/#website","url":"https:\/\/intermob.be\/en\/","name":"Intermob","description":"","publisher":{"@id":"https:\/\/intermob.be\/en\/#organization"},"potentialAction":[{"@type":"SearchAction","target":{"@type":"EntryPoint","urlTemplate":"https:\/\/intermob.be\/en\/?s={search_term_string}"},"query-input":{"@type":"PropertyValueSpecification","valueRequired":true,"valueName":"search_term_string"}}],"inLanguage":"en-US"},{"@type":"Organization","@id":"https:\/\/intermob.be\/en\/#organization","name":"Intermob Mobilier","url":"https:\/\/intermob.be\/en\/","logo":{"@type":"ImageObject","inLanguage":"en-US","@id":"https:\/\/intermob.be\/en\/#\/schema\/logo\/image\/","url":"https:\/\/intermob.be\/wp-content\/uploads\/2025\/09\/intb-bold-logo.png","contentUrl":"https:\/\/intermob.be\/wp-content\/uploads\/2025\/09\/intb-bold-logo.png","width":480,"height":158,"caption":"Intermob Mobilier"},"image":{"@id":"https:\/\/intermob.be\/en\/#\/schema\/logo\/image\/"}}]}},"_links":{"self":[{"href":"https:\/\/intermob.be\/en\/wp-json\/wp\/v2\/product\/119015","targetHints":{"allow":["GET"]}}],"collection":[{"href":"https:\/\/intermob.be\/en\/wp-json\/wp\/v2\/product"}],"about":[{"href":"https:\/\/intermob.be\/en\/wp-json\/wp\/v2\/types\/product"}],"replies":[{"embeddable":true,"href":"https:\/\/intermob.be\/en\/wp-json\/wp\/v2\/comments?post=119015"}],"version-history":[{"count":0,"href":"https:\/\/intermob.be\/en\/wp-json\/wp\/v2\/product\/119015\/revisions"}],"wp:featuredmedia":[{"embeddable":true,"href":"https:\/\/intermob.be\/en\/wp-json\/wp\/v2\/media\/119004"}],"wp:attachment":[{"href":"https:\/\/intermob.be\/en\/wp-json\/wp\/v2\/media?parent=119015"}],"wp:term":[{"taxonomy":"product_brand","embeddable":true,"href":"https:\/\/intermob.be\/en\/wp-json\/wp\/v2\/product_brand?post=119015"},{"taxonomy":"product_cat","embeddable":true,"href":"https:\/\/intermob.be\/en\/wp-json\/wp\/v2\/product_cat?post=119015"},{"taxonomy":"product_tag","embeddable":true,"href":"https:\/\/intermob.be\/en\/wp-json\/wp\/v2\/product_tag?post=119015"}],"curies":[{"name":"wp","href":"https:\/\/api.w.org\/{rel}","templated":true}]}}