{"id":151576,"date":"2025-10-03T10:54:30","date_gmt":"2025-10-03T10:54:30","guid":{"rendered":"https:\/\/intermob.be\/?post_type=product&#038;p=151576"},"modified":"2025-10-03T10:55:42","modified_gmt":"2025-10-03T10:55:42","slug":"horeca-dining-bench-american-artificial-leather","status":"publish","type":"product","link":"https:\/\/intermob.be\/en\/product\/horeca-dining-bench-american-artificial-leather\/","title":{"rendered":"Dining Bench - American - Artificial Leather"},"content":{"rendered":"<p><span style=\"color: #000000;\">Old-school American sofa with a fine border that provides a contrast. In addition, it is also easy to maintain. It is suitable for all catering establishments and with its width of 120 cm it can accommodate 2 person.<\/span><\/p>\n<p><span style=\"color: #000000;\">Attention ! Les dimensions des banquettes sont susceptibles de varier de 1 \u00e0 2 cm selon le mat\u00e9riel utilis\u00e9.<\/span><\/p>\n","protected":false},"excerpt":{"rendered":"<p>Old-school American sofa with a fine border that provides a contrast. In addition, it is also easy to maintain. It<\/p>\n","protected":false},"featured_media":151566,"comment_status":"closed","ping_status":"closed","template":"","meta":[],"product_brand":[],"product_cat":[9790],"product_tag":[15984],"class_list":{"0":"post-151576","1":"product","2":"type-product","3":"status-publish","4":"has-post-thumbnail","6":"product_cat-american-benches","7":"product_tag-horeca-mobel-en","8":"pa_product-color-color-bordeaux-en","9":"pa_product-frame-color-wenge-frame-color-en","10":"pa_product-more-colors-yes-en","11":"pa_product-seat-height-cm-47-seat-height-cm-en","12":"pa_product-seats-2-seats-en","13":"pa_product-upholstery-upholstery-leatherette-en","14":"pa_product-usage-usage-indoor-en","16":"first","17":"onbackorder","18":"sale","19":"taxable","20":"shipping-taxable","21":"purchasable","22":"product-type-simple"},"yoast_head":"<!-- This site is optimized with the Yoast SEO plugin v26.4 - https:\/\/yoast.com\/wordpress\/plugins\/seo\/ -->\n<title>Horeca Dining Bench - American - Artificial Leather<\/title>\n<meta name=\"robots\" content=\"index, follow, max-snippet:-1, max-image-preview:large, max-video-preview:-1\" \/>\n<link rel=\"canonical\" href=\"https:\/\/intermob.be\/en\/product\/horeca-dining-bench-american-artificial-leather\/\" \/>\n<meta property=\"og:locale\" content=\"en_US\" \/>\n<meta property=\"og:type\" content=\"article\" \/>\n<meta property=\"og:title\" content=\"Horeca Dining Bench - American - Artificial Leather\" \/>\n<meta property=\"og:description\" content=\"Old-school American sofa with a fine border that provides a contrast. In addition, it is also easy to maintain. It\" \/>\n<meta property=\"og:url\" content=\"https:\/\/intermob.be\/en\/product\/horeca-dining-bench-american-artificial-leather\/\" \/>\n<meta property=\"og:site_name\" content=\"Intermob Mobilier\" \/>\n<meta property=\"article:modified_time\" content=\"2025-10-03T10:55:42+00:00\" \/>\n<meta property=\"og:image\" content=\"https:\/\/intermob.be\/wp-content\/uploads\/2025\/10\/Horeca-Eetbank-American-Bordeaux.jpg\" \/>\n\t<meta property=\"og:image:width\" content=\"800\" \/>\n\t<meta property=\"og:image:height\" content=\"800\" \/>\n\t<meta property=\"og:image:type\" content=\"image\/jpeg\" \/>\n<meta name=\"twitter:card\" content=\"summary_large_image\" \/>\n<meta name=\"twitter:label1\" content=\"Est. reading time\" \/>\n\t<meta name=\"twitter:data1\" content=\"1 minute\" \/>\n<script type=\"application\/ld+json\" class=\"yoast-schema-graph\">{\"@context\":\"https:\/\/schema.org\",\"@graph\":[{\"@type\":\"WebPage\",\"@id\":\"https:\/\/intermob.be\/en\/product\/horeca-dining-bench-american-artificial-leather\/\",\"url\":\"https:\/\/intermob.be\/en\/product\/horeca-dining-bench-american-artificial-leather\/\",\"name\":\"Horeca Dining Bench - American - Artificial Leather\",\"isPartOf\":{\"@id\":\"https:\/\/intermob.be\/en\/#website\"},\"primaryImageOfPage\":{\"@id\":\"https:\/\/intermob.be\/en\/product\/horeca-dining-bench-american-artificial-leather\/#primaryimage\"},\"image\":{\"@id\":\"https:\/\/intermob.be\/en\/product\/horeca-dining-bench-american-artificial-leather\/#primaryimage\"},\"thumbnailUrl\":\"https:\/\/intermob.be\/wp-content\/uploads\/2025\/10\/Horeca-Eetbank-American-Bordeaux.jpg\",\"datePublished\":\"2025-10-03T10:54:30+00:00\",\"dateModified\":\"2025-10-03T10:55:42+00:00\",\"breadcrumb\":{\"@id\":\"https:\/\/intermob.be\/en\/product\/horeca-dining-bench-american-artificial-leather\/#breadcrumb\"},\"inLanguage\":\"en-US\",\"potentialAction\":[{\"@type\":\"ReadAction\",\"target\":[\"https:\/\/intermob.be\/en\/product\/horeca-dining-bench-american-artificial-leather\/\"]}]},{\"@type\":\"ImageObject\",\"inLanguage\":\"en-US\",\"@id\":\"https:\/\/intermob.be\/en\/product\/horeca-dining-bench-american-artificial-leather\/#primaryimage\",\"url\":\"https:\/\/intermob.be\/wp-content\/uploads\/2025\/10\/Horeca-Eetbank-American-Bordeaux.jpg\",\"contentUrl\":\"https:\/\/intermob.be\/wp-content\/uploads\/2025\/10\/Horeca-Eetbank-American-Bordeaux.jpg\",\"width\":800,\"height\":800},{\"@type\":\"BreadcrumbList\",\"@id\":\"https:\/\/intermob.be\/en\/product\/horeca-dining-bench-american-artificial-leather\/#breadcrumb\",\"itemListElement\":[{\"@type\":\"ListItem\",\"position\":1,\"name\":\"Home\",\"item\":\"https:\/\/intermob.be\/en\/\"},{\"@type\":\"ListItem\",\"position\":2,\"name\":\"Shop\",\"item\":\"https:\/\/intermob.be\/en\/shop\/\"},{\"@type\":\"ListItem\",\"position\":3,\"name\":\"Dining Bench - American - Artificial Leather\"}]},{\"@type\":\"WebSite\",\"@id\":\"https:\/\/intermob.be\/en\/#website\",\"url\":\"https:\/\/intermob.be\/en\/\",\"name\":\"Intermob\",\"description\":\"\",\"publisher\":{\"@id\":\"https:\/\/intermob.be\/en\/#organization\"},\"potentialAction\":[{\"@type\":\"SearchAction\",\"target\":{\"@type\":\"EntryPoint\",\"urlTemplate\":\"https:\/\/intermob.be\/en\/?s={search_term_string}\"},\"query-input\":{\"@type\":\"PropertyValueSpecification\",\"valueRequired\":true,\"valueName\":\"search_term_string\"}}],\"inLanguage\":\"en-US\"},{\"@type\":\"Organization\",\"@id\":\"https:\/\/intermob.be\/en\/#organization\",\"name\":\"Intermob Mobilier\",\"url\":\"https:\/\/intermob.be\/en\/\",\"logo\":{\"@type\":\"ImageObject\",\"inLanguage\":\"en-US\",\"@id\":\"https:\/\/intermob.be\/en\/#\/schema\/logo\/image\/\",\"url\":\"https:\/\/intermob.be\/wp-content\/uploads\/2025\/09\/intb-bold-logo.png\",\"contentUrl\":\"https:\/\/intermob.be\/wp-content\/uploads\/2025\/09\/intb-bold-logo.png\",\"width\":480,\"height\":158,\"caption\":\"Intermob Mobilier\"},\"image\":{\"@id\":\"https:\/\/intermob.be\/en\/#\/schema\/logo\/image\/\"}}]}<\/script>\n<!-- \/ Yoast SEO plugin. -->","yoast_head_json":{"title":"Horeca Dining Bench - American - Artificial Leather","robots":{"index":"index","follow":"follow","max-snippet":"max-snippet:-1","max-image-preview":"max-image-preview:large","max-video-preview":"max-video-preview:-1"},"canonical":"https:\/\/intermob.be\/en\/product\/horeca-dining-bench-american-artificial-leather\/","og_locale":"en_US","og_type":"article","og_title":"Horeca Dining Bench - American - Artificial Leather","og_description":"Old-school American sofa with a fine border that provides a contrast. In addition, it is also easy to maintain. It","og_url":"https:\/\/intermob.be\/en\/product\/horeca-dining-bench-american-artificial-leather\/","og_site_name":"Intermob Mobilier","article_modified_time":"2025-10-03T10:55:42+00:00","og_image":[{"width":800,"height":800,"url":"https:\/\/intermob.be\/wp-content\/uploads\/2025\/10\/Horeca-Eetbank-American-Bordeaux.jpg","type":"image\/jpeg"}],"twitter_card":"summary_large_image","twitter_misc":{"Est. reading time":"1 minute"},"schema":{"@context":"https:\/\/schema.org","@graph":[{"@type":"WebPage","@id":"https:\/\/intermob.be\/en\/product\/horeca-dining-bench-american-artificial-leather\/","url":"https:\/\/intermob.be\/en\/product\/horeca-dining-bench-american-artificial-leather\/","name":"Horeca Dining Bench - American - Artificial Leather","isPartOf":{"@id":"https:\/\/intermob.be\/en\/#website"},"primaryImageOfPage":{"@id":"https:\/\/intermob.be\/en\/product\/horeca-dining-bench-american-artificial-leather\/#primaryimage"},"image":{"@id":"https:\/\/intermob.be\/en\/product\/horeca-dining-bench-american-artificial-leather\/#primaryimage"},"thumbnailUrl":"https:\/\/intermob.be\/wp-content\/uploads\/2025\/10\/Horeca-Eetbank-American-Bordeaux.jpg","datePublished":"2025-10-03T10:54:30+00:00","dateModified":"2025-10-03T10:55:42+00:00","breadcrumb":{"@id":"https:\/\/intermob.be\/en\/product\/horeca-dining-bench-american-artificial-leather\/#breadcrumb"},"inLanguage":"en-US","potentialAction":[{"@type":"ReadAction","target":["https:\/\/intermob.be\/en\/product\/horeca-dining-bench-american-artificial-leather\/"]}]},{"@type":"ImageObject","inLanguage":"en-US","@id":"https:\/\/intermob.be\/en\/product\/horeca-dining-bench-american-artificial-leather\/#primaryimage","url":"https:\/\/intermob.be\/wp-content\/uploads\/2025\/10\/Horeca-Eetbank-American-Bordeaux.jpg","contentUrl":"https:\/\/intermob.be\/wp-content\/uploads\/2025\/10\/Horeca-Eetbank-American-Bordeaux.jpg","width":800,"height":800},{"@type":"BreadcrumbList","@id":"https:\/\/intermob.be\/en\/product\/horeca-dining-bench-american-artificial-leather\/#breadcrumb","itemListElement":[{"@type":"ListItem","position":1,"name":"Home","item":"https:\/\/intermob.be\/en\/"},{"@type":"ListItem","position":2,"name":"Shop","item":"https:\/\/intermob.be\/en\/shop\/"},{"@type":"ListItem","position":3,"name":"Dining Bench - American - Artificial Leather"}]},{"@type":"WebSite","@id":"https:\/\/intermob.be\/en\/#website","url":"https:\/\/intermob.be\/en\/","name":"Intermob","description":"","publisher":{"@id":"https:\/\/intermob.be\/en\/#organization"},"potentialAction":[{"@type":"SearchAction","target":{"@type":"EntryPoint","urlTemplate":"https:\/\/intermob.be\/en\/?s={search_term_string}"},"query-input":{"@type":"PropertyValueSpecification","valueRequired":true,"valueName":"search_term_string"}}],"inLanguage":"en-US"},{"@type":"Organization","@id":"https:\/\/intermob.be\/en\/#organization","name":"Intermob Mobilier","url":"https:\/\/intermob.be\/en\/","logo":{"@type":"ImageObject","inLanguage":"en-US","@id":"https:\/\/intermob.be\/en\/#\/schema\/logo\/image\/","url":"https:\/\/intermob.be\/wp-content\/uploads\/2025\/09\/intb-bold-logo.png","contentUrl":"https:\/\/intermob.be\/wp-content\/uploads\/2025\/09\/intb-bold-logo.png","width":480,"height":158,"caption":"Intermob Mobilier"},"image":{"@id":"https:\/\/intermob.be\/en\/#\/schema\/logo\/image\/"}}]}},"_links":{"self":[{"href":"https:\/\/intermob.be\/en\/wp-json\/wp\/v2\/product\/151576","targetHints":{"allow":["GET"]}}],"collection":[{"href":"https:\/\/intermob.be\/en\/wp-json\/wp\/v2\/product"}],"about":[{"href":"https:\/\/intermob.be\/en\/wp-json\/wp\/v2\/types\/product"}],"replies":[{"embeddable":true,"href":"https:\/\/intermob.be\/en\/wp-json\/wp\/v2\/comments?post=151576"}],"version-history":[{"count":0,"href":"https:\/\/intermob.be\/en\/wp-json\/wp\/v2\/product\/151576\/revisions"}],"wp:featuredmedia":[{"embeddable":true,"href":"https:\/\/intermob.be\/en\/wp-json\/wp\/v2\/media\/151566"}],"wp:attachment":[{"href":"https:\/\/intermob.be\/en\/wp-json\/wp\/v2\/media?parent=151576"}],"wp:term":[{"taxonomy":"product_brand","embeddable":true,"href":"https:\/\/intermob.be\/en\/wp-json\/wp\/v2\/product_brand?post=151576"},{"taxonomy":"product_cat","embeddable":true,"href":"https:\/\/intermob.be\/en\/wp-json\/wp\/v2\/product_cat?post=151576"},{"taxonomy":"product_tag","embeddable":true,"href":"https:\/\/intermob.be\/en\/wp-json\/wp\/v2\/product_tag?post=151576"}],"curies":[{"name":"wp","href":"https:\/\/api.w.org\/{rel}","templated":true}]}}