{"id":153542,"date":"2025-11-04T06:54:02","date_gmt":"2025-11-04T06:54:02","guid":{"rendered":"https:\/\/intermob.be\/?post_type=product&#038;p=153542"},"modified":"2025-11-20T22:05:46","modified_gmt":"2025-11-20T22:05:46","slug":"table-de-restaurant-avec-pied-dublin-302-oak-60x60-cm","status":"publish","type":"product","link":"https:\/\/intermob.be\/en\/produit\/table-de-restaurant-avec-pied-dublin-302-oak-60x60-cm\/","title":{"rendered":"Table - DUBLIN 302 OAK - 60x60 cm"},"content":{"rendered":"<p><i class=\"fas fa-check-circle description-icon-green\" aria-hidden=\"true\"><\/i><span style=\"color: #ff6600;\"> Les tables ne sont pas assembl\u00e9es.<\/span><br \/>\n<i class=\"fas fa-check-circle description-icon-green\" aria-hidden=\"true\"><\/i><span style=\"color: #339966;\"> Les plateaux de table ne sont pas pr\u00e9-perc\u00e9s.<\/span><br \/>\n<i class=\"fas fa-check-circle description-icon-green\" aria-hidden=\"true\"><\/i><span style=\"color: #ff6600;\"> Les vis sont incluses si les plateaux de table sont command\u00e9s avec les pieds de table.<\/span><br \/>\n<i class=\"fas fa-check-circle description-icon-green\" aria-hidden=\"true\"><\/i><span style=\"color: #339966;\"> Le mat\u00e9riel n\u00e9cessaire pour l\u2019assemblage est inclus dans la bo\u00eete.<\/span><\/p>\n","protected":false},"excerpt":{"rendered":"<p>Les tables ne sont pas assembl\u00e9es. Les plateaux de table ne sont pas pr\u00e9-perc\u00e9s. Les vis sont incluses si les<\/p>\n","protected":false},"featured_media":153619,"comment_status":"closed","ping_status":"closed","template":"","meta":[],"product_brand":[],"product_cat":[17382,10512],"product_tag":[13941],"class_list":{"0":"post-153542","1":"product","2":"type-product","3":"status-publish","4":"has-post-thumbnail","6":"product_cat-dublin-302-oak-assortiment-de-table","7":"product_cat-bientot-disponible","8":"product_tag-restaurant-tafel","10":"first","11":"instock","12":"sale","13":"taxable","14":"shipping-taxable","15":"purchasable","16":"product-type-simple"},"yoast_head":"<!-- This site is optimized with the Yoast SEO plugin v26.4 - https:\/\/yoast.com\/wordpress\/plugins\/seo\/ -->\n<title>Table de Restaurant Avec Pied - DUBLIN 302 OAK - 60x60 cm<\/title>\n<meta name=\"robots\" content=\"index, follow, max-snippet:-1, max-image-preview:large, max-video-preview:-1\" \/>\n<link rel=\"canonical\" href=\"https:\/\/intermob.be\/en\/produit\/table-de-restaurant-avec-pied-dublin-302-oak-60x60-cm\/\" \/>\n<meta property=\"og:locale\" content=\"en_US\" \/>\n<meta property=\"og:type\" content=\"article\" \/>\n<meta property=\"og:title\" content=\"Table de Restaurant Avec Pied - DUBLIN 302 OAK - 60x60 cm\" \/>\n<meta property=\"og:description\" content=\"Les tables ne sont pas assembl\u00e9es. Les plateaux de table ne sont pas pr\u00e9-perc\u00e9s. Les vis sont incluses si les\" \/>\n<meta property=\"og:url\" content=\"https:\/\/intermob.be\/en\/produit\/table-de-restaurant-avec-pied-dublin-302-oak-60x60-cm\/\" \/>\n<meta property=\"og:site_name\" content=\"Intermob Mobilier\" \/>\n<meta property=\"article:modified_time\" content=\"2025-11-20T22:05:46+00:00\" \/>\n<meta property=\"og:image\" content=\"https:\/\/intermob.be\/wp-content\/uploads\/2025\/11\/Horeca-Tafel-Met-Onderstel-DUBLIN-302-OAK-60x60-cm.jpg\" \/>\n\t<meta property=\"og:image:width\" content=\"1000\" \/>\n\t<meta property=\"og:image:height\" content=\"1000\" \/>\n\t<meta property=\"og:image:type\" content=\"image\/jpeg\" \/>\n<meta name=\"twitter:card\" content=\"summary_large_image\" \/>\n<meta name=\"twitter:label1\" content=\"Est. reading time\" \/>\n\t<meta name=\"twitter:data1\" content=\"1 minute\" \/>\n<script type=\"application\/ld+json\" class=\"yoast-schema-graph\">{\"@context\":\"https:\/\/schema.org\",\"@graph\":[{\"@type\":\"WebPage\",\"@id\":\"https:\/\/intermob.be\/en\/produit\/table-de-restaurant-avec-pied-dublin-302-oak-60x60-cm\/\",\"url\":\"https:\/\/intermob.be\/en\/produit\/table-de-restaurant-avec-pied-dublin-302-oak-60x60-cm\/\",\"name\":\"Table de Restaurant Avec Pied - DUBLIN 302 OAK - 60x60 cm\",\"isPartOf\":{\"@id\":\"https:\/\/intermob.be\/en\/#website\"},\"primaryImageOfPage\":{\"@id\":\"https:\/\/intermob.be\/en\/produit\/table-de-restaurant-avec-pied-dublin-302-oak-60x60-cm\/#primaryimage\"},\"image\":{\"@id\":\"https:\/\/intermob.be\/en\/produit\/table-de-restaurant-avec-pied-dublin-302-oak-60x60-cm\/#primaryimage\"},\"thumbnailUrl\":\"https:\/\/intermob.be\/wp-content\/uploads\/2025\/11\/Horeca-Tafel-Met-Onderstel-DUBLIN-302-OAK-60x60-cm.jpg\",\"datePublished\":\"2025-11-04T06:54:02+00:00\",\"dateModified\":\"2025-11-20T22:05:46+00:00\",\"breadcrumb\":{\"@id\":\"https:\/\/intermob.be\/en\/produit\/table-de-restaurant-avec-pied-dublin-302-oak-60x60-cm\/#breadcrumb\"},\"inLanguage\":\"en-US\",\"potentialAction\":[{\"@type\":\"ReadAction\",\"target\":[\"https:\/\/intermob.be\/en\/produit\/table-de-restaurant-avec-pied-dublin-302-oak-60x60-cm\/\"]}]},{\"@type\":\"ImageObject\",\"inLanguage\":\"en-US\",\"@id\":\"https:\/\/intermob.be\/en\/produit\/table-de-restaurant-avec-pied-dublin-302-oak-60x60-cm\/#primaryimage\",\"url\":\"https:\/\/intermob.be\/wp-content\/uploads\/2025\/11\/Horeca-Tafel-Met-Onderstel-DUBLIN-302-OAK-60x60-cm.jpg\",\"contentUrl\":\"https:\/\/intermob.be\/wp-content\/uploads\/2025\/11\/Horeca-Tafel-Met-Onderstel-DUBLIN-302-OAK-60x60-cm.jpg\",\"width\":1000,\"height\":1000,\"caption\":\"Horeca-Tafel-Met-Onderstel-DUBLIN-302-OAK-60x60-cm\"},{\"@type\":\"BreadcrumbList\",\"@id\":\"https:\/\/intermob.be\/en\/produit\/table-de-restaurant-avec-pied-dublin-302-oak-60x60-cm\/#breadcrumb\",\"itemListElement\":[{\"@type\":\"ListItem\",\"position\":1,\"name\":\"Home\",\"item\":\"https:\/\/intermob.be\/en\/\"},{\"@type\":\"ListItem\",\"position\":2,\"name\":\"Shop\",\"item\":\"https:\/\/intermob.be\/en\/shop\/\"},{\"@type\":\"ListItem\",\"position\":3,\"name\":\"Table de Restaurant Avec Pied &#8211; DUBLIN 302 OAK &#8211; 60&#215;60 cm\"}]},{\"@type\":\"WebSite\",\"@id\":\"https:\/\/intermob.be\/en\/#website\",\"url\":\"https:\/\/intermob.be\/en\/\",\"name\":\"Intermob\",\"description\":\"\",\"publisher\":{\"@id\":\"https:\/\/intermob.be\/en\/#organization\"},\"potentialAction\":[{\"@type\":\"SearchAction\",\"target\":{\"@type\":\"EntryPoint\",\"urlTemplate\":\"https:\/\/intermob.be\/en\/?s={search_term_string}\"},\"query-input\":{\"@type\":\"PropertyValueSpecification\",\"valueRequired\":true,\"valueName\":\"search_term_string\"}}],\"inLanguage\":\"en-US\"},{\"@type\":\"Organization\",\"@id\":\"https:\/\/intermob.be\/en\/#organization\",\"name\":\"Intermob Mobilier\",\"url\":\"https:\/\/intermob.be\/en\/\",\"logo\":{\"@type\":\"ImageObject\",\"inLanguage\":\"en-US\",\"@id\":\"https:\/\/intermob.be\/en\/#\/schema\/logo\/image\/\",\"url\":\"https:\/\/intermob.be\/wp-content\/uploads\/2025\/09\/intb-bold-logo.png\",\"contentUrl\":\"https:\/\/intermob.be\/wp-content\/uploads\/2025\/09\/intb-bold-logo.png\",\"width\":480,\"height\":158,\"caption\":\"Intermob Mobilier\"},\"image\":{\"@id\":\"https:\/\/intermob.be\/en\/#\/schema\/logo\/image\/\"}}]}<\/script>\n<!-- \/ Yoast SEO plugin. -->","yoast_head_json":{"title":"Table de Restaurant Avec Pied - DUBLIN 302 OAK - 60x60 cm","robots":{"index":"index","follow":"follow","max-snippet":"max-snippet:-1","max-image-preview":"max-image-preview:large","max-video-preview":"max-video-preview:-1"},"canonical":"https:\/\/intermob.be\/en\/produit\/table-de-restaurant-avec-pied-dublin-302-oak-60x60-cm\/","og_locale":"en_US","og_type":"article","og_title":"Table de Restaurant Avec Pied - DUBLIN 302 OAK - 60x60 cm","og_description":"Les tables ne sont pas assembl\u00e9es. Les plateaux de table ne sont pas pr\u00e9-perc\u00e9s. Les vis sont incluses si les","og_url":"https:\/\/intermob.be\/en\/produit\/table-de-restaurant-avec-pied-dublin-302-oak-60x60-cm\/","og_site_name":"Intermob Mobilier","article_modified_time":"2025-11-20T22:05:46+00:00","og_image":[{"width":1000,"height":1000,"url":"https:\/\/intermob.be\/wp-content\/uploads\/2025\/11\/Horeca-Tafel-Met-Onderstel-DUBLIN-302-OAK-60x60-cm.jpg","type":"image\/jpeg"}],"twitter_card":"summary_large_image","twitter_misc":{"Est. reading time":"1 minute"},"schema":{"@context":"https:\/\/schema.org","@graph":[{"@type":"WebPage","@id":"https:\/\/intermob.be\/en\/produit\/table-de-restaurant-avec-pied-dublin-302-oak-60x60-cm\/","url":"https:\/\/intermob.be\/en\/produit\/table-de-restaurant-avec-pied-dublin-302-oak-60x60-cm\/","name":"Table de Restaurant Avec Pied - DUBLIN 302 OAK - 60x60 cm","isPartOf":{"@id":"https:\/\/intermob.be\/en\/#website"},"primaryImageOfPage":{"@id":"https:\/\/intermob.be\/en\/produit\/table-de-restaurant-avec-pied-dublin-302-oak-60x60-cm\/#primaryimage"},"image":{"@id":"https:\/\/intermob.be\/en\/produit\/table-de-restaurant-avec-pied-dublin-302-oak-60x60-cm\/#primaryimage"},"thumbnailUrl":"https:\/\/intermob.be\/wp-content\/uploads\/2025\/11\/Horeca-Tafel-Met-Onderstel-DUBLIN-302-OAK-60x60-cm.jpg","datePublished":"2025-11-04T06:54:02+00:00","dateModified":"2025-11-20T22:05:46+00:00","breadcrumb":{"@id":"https:\/\/intermob.be\/en\/produit\/table-de-restaurant-avec-pied-dublin-302-oak-60x60-cm\/#breadcrumb"},"inLanguage":"en-US","potentialAction":[{"@type":"ReadAction","target":["https:\/\/intermob.be\/en\/produit\/table-de-restaurant-avec-pied-dublin-302-oak-60x60-cm\/"]}]},{"@type":"ImageObject","inLanguage":"en-US","@id":"https:\/\/intermob.be\/en\/produit\/table-de-restaurant-avec-pied-dublin-302-oak-60x60-cm\/#primaryimage","url":"https:\/\/intermob.be\/wp-content\/uploads\/2025\/11\/Horeca-Tafel-Met-Onderstel-DUBLIN-302-OAK-60x60-cm.jpg","contentUrl":"https:\/\/intermob.be\/wp-content\/uploads\/2025\/11\/Horeca-Tafel-Met-Onderstel-DUBLIN-302-OAK-60x60-cm.jpg","width":1000,"height":1000,"caption":"Horeca-Tafel-Met-Onderstel-DUBLIN-302-OAK-60x60-cm"},{"@type":"BreadcrumbList","@id":"https:\/\/intermob.be\/en\/produit\/table-de-restaurant-avec-pied-dublin-302-oak-60x60-cm\/#breadcrumb","itemListElement":[{"@type":"ListItem","position":1,"name":"Home","item":"https:\/\/intermob.be\/en\/"},{"@type":"ListItem","position":2,"name":"Shop","item":"https:\/\/intermob.be\/en\/shop\/"},{"@type":"ListItem","position":3,"name":"Table de Restaurant Avec Pied &#8211; DUBLIN 302 OAK &#8211; 60&#215;60 cm"}]},{"@type":"WebSite","@id":"https:\/\/intermob.be\/en\/#website","url":"https:\/\/intermob.be\/en\/","name":"Intermob","description":"","publisher":{"@id":"https:\/\/intermob.be\/en\/#organization"},"potentialAction":[{"@type":"SearchAction","target":{"@type":"EntryPoint","urlTemplate":"https:\/\/intermob.be\/en\/?s={search_term_string}"},"query-input":{"@type":"PropertyValueSpecification","valueRequired":true,"valueName":"search_term_string"}}],"inLanguage":"en-US"},{"@type":"Organization","@id":"https:\/\/intermob.be\/en\/#organization","name":"Intermob Mobilier","url":"https:\/\/intermob.be\/en\/","logo":{"@type":"ImageObject","inLanguage":"en-US","@id":"https:\/\/intermob.be\/en\/#\/schema\/logo\/image\/","url":"https:\/\/intermob.be\/wp-content\/uploads\/2025\/09\/intb-bold-logo.png","contentUrl":"https:\/\/intermob.be\/wp-content\/uploads\/2025\/09\/intb-bold-logo.png","width":480,"height":158,"caption":"Intermob Mobilier"},"image":{"@id":"https:\/\/intermob.be\/en\/#\/schema\/logo\/image\/"}}]}},"_links":{"self":[{"href":"https:\/\/intermob.be\/en\/wp-json\/wp\/v2\/product\/153542","targetHints":{"allow":["GET"]}}],"collection":[{"href":"https:\/\/intermob.be\/en\/wp-json\/wp\/v2\/product"}],"about":[{"href":"https:\/\/intermob.be\/en\/wp-json\/wp\/v2\/types\/product"}],"replies":[{"embeddable":true,"href":"https:\/\/intermob.be\/en\/wp-json\/wp\/v2\/comments?post=153542"}],"version-history":[{"count":0,"href":"https:\/\/intermob.be\/en\/wp-json\/wp\/v2\/product\/153542\/revisions"}],"wp:featuredmedia":[{"embeddable":true,"href":"https:\/\/intermob.be\/en\/wp-json\/wp\/v2\/media\/153619"}],"wp:attachment":[{"href":"https:\/\/intermob.be\/en\/wp-json\/wp\/v2\/media?parent=153542"}],"wp:term":[{"taxonomy":"product_brand","embeddable":true,"href":"https:\/\/intermob.be\/en\/wp-json\/wp\/v2\/product_brand?post=153542"},{"taxonomy":"product_cat","embeddable":true,"href":"https:\/\/intermob.be\/en\/wp-json\/wp\/v2\/product_cat?post=153542"},{"taxonomy":"product_tag","embeddable":true,"href":"https:\/\/intermob.be\/en\/wp-json\/wp\/v2\/product_tag?post=153542"}],"curies":[{"name":"wp","href":"https:\/\/api.w.org\/{rel}","templated":true}]}}