{"id":91340,"date":"2023-12-22T13:38:57","date_gmt":"2023-12-22T13:38:57","guid":{"rendered":"https:\/\/intermob.be\/?post_type=product&#038;p=91340"},"modified":"2025-06-27T08:47:08","modified_gmt":"2025-06-27T08:47:08","slug":"horeca-metal-bar-chair-zadig-vintage","status":"publish","type":"product","link":"https:\/\/intermob.be\/en\/product\/horeca-metal-bar-chair-zadig-vintage\/","title":{"rendered":"Metal Bar Chair - Zadig - Ribcord"},"content":{"rendered":"<p><span style=\"color: #000000;\">Ribcord is a practical and stylish fabric choice for catering furniture, known for its soft, ribbed texture that adds both comfort and a touch of sophistication.\u00a0<\/span><span style=\"color: #000000;\">It is a durable material that can withstand heavy use in restaurants, cafes and bars, making it ideal for a busy hospitality environment.\u00a0<\/span><span style=\"color: #000000;\">With a wide range of colors, corduroy fits into various interior styles, from classic to modern.\u00a0<\/span><span style=\"color: #000000;\"> To keep the fabric beautiful for as long as possible, it is recommended to impregnate the fabric with a spray before use.<\/span><\/p>\n<ul>\n<li><span style=\"color: #000000;\">The chairs are unassembled and are always packed in pairs in cardboard boxes<\/span><\/li>\n<li><span style=\"color: #000000;\">Necessary material for assembly is included in the box<\/span><\/li>\n<\/ul>\n","protected":false},"excerpt":{"rendered":"<p>Ribcord is a practical and stylish fabric choice for catering furniture, known for its soft, ribbed texture that adds both<\/p>\n","protected":false},"featured_media":145067,"comment_status":"open","ping_status":"closed","template":"","meta":[],"product_brand":[],"product_cat":[10270],"product_tag":[],"class_list":{"0":"post-91340","1":"product","2":"type-product","3":"status-publish","4":"has-post-thumbnail","6":"product_cat-metal-bar-chairs","7":"pa_frame-not-stackable-frame-en","8":"pa_product-backrest-cm-105-backrest-cm-en","9":"pa_product-color-color-rust-en","10":"pa_product-frame-color-black-frame-color-en","11":"pa_product-material-metal-frame-material-en","12":"pa_product-more-colors-yes-en","13":"pa_product-seat-depth-cm-43-seat-depth-cm-en","14":"pa_product-seat-height-cm-78-seat-height-cm-en","15":"pa_product-seats-1-seats-en","16":"pa_product-upholstery-upholstery-ribcord-en","17":"pa_product-usage-usage-indoor-en","19":"first","20":"instock","21":"sale","22":"taxable","23":"shipping-taxable","24":"purchasable","25":"product-type-simple"},"yoast_head":"<!-- This site is optimized with the Yoast SEO plugin v26.4 - https:\/\/yoast.com\/wordpress\/plugins\/seo\/ -->\n<title>Horeca Metal Bar Chair - Zadig - Vintage Ribcord<\/title>\n<meta name=\"robots\" content=\"index, follow, max-snippet:-1, max-image-preview:large, max-video-preview:-1\" \/>\n<link rel=\"canonical\" href=\"https:\/\/intermob.be\/en\/product\/horeca-metal-bar-chair-zadig-vintage\/\" \/>\n<meta property=\"og:locale\" content=\"en_US\" \/>\n<meta property=\"og:type\" content=\"article\" \/>\n<meta property=\"og:title\" content=\"Horeca Metal Bar Chair - Zadig - Vintage Ribcord\" \/>\n<meta property=\"og:description\" content=\"Ribcord is a practical and stylish fabric choice for catering furniture, known for its soft, ribbed texture that adds both\" \/>\n<meta property=\"og:url\" content=\"https:\/\/intermob.be\/en\/product\/horeca-metal-bar-chair-zadig-vintage\/\" \/>\n<meta property=\"og:site_name\" content=\"Intermob Mobilier\" \/>\n<meta property=\"article:modified_time\" content=\"2025-06-27T08:47:08+00:00\" \/>\n<meta property=\"og:image\" content=\"https:\/\/intermob.be\/wp-content\/uploads\/2023\/12\/Horeca-Barstoel-Zadig-Vintage-Roest.jpg\" \/>\n\t<meta property=\"og:image:width\" content=\"1000\" \/>\n\t<meta property=\"og:image:height\" content=\"1000\" \/>\n\t<meta property=\"og:image:type\" content=\"image\/jpeg\" \/>\n<meta name=\"twitter:card\" content=\"summary_large_image\" \/>\n<meta name=\"twitter:label1\" content=\"Est. reading time\" \/>\n\t<meta name=\"twitter:data1\" content=\"1 minute\" \/>\n<script type=\"application\/ld+json\" class=\"yoast-schema-graph\">{\"@context\":\"https:\/\/schema.org\",\"@graph\":[{\"@type\":\"WebPage\",\"@id\":\"https:\/\/intermob.be\/en\/product\/horeca-metal-bar-chair-zadig-vintage\/\",\"url\":\"https:\/\/intermob.be\/en\/product\/horeca-metal-bar-chair-zadig-vintage\/\",\"name\":\"Horeca Metal Bar Chair - Zadig - Vintage Ribcord\",\"isPartOf\":{\"@id\":\"https:\/\/intermob.be\/en\/#website\"},\"primaryImageOfPage\":{\"@id\":\"https:\/\/intermob.be\/en\/product\/horeca-metal-bar-chair-zadig-vintage\/#primaryimage\"},\"image\":{\"@id\":\"https:\/\/intermob.be\/en\/product\/horeca-metal-bar-chair-zadig-vintage\/#primaryimage\"},\"thumbnailUrl\":\"https:\/\/intermob.be\/wp-content\/uploads\/2023\/12\/Horeca-Barstoel-Zadig-Vintage-Roest.jpg\",\"datePublished\":\"2023-12-22T13:38:57+00:00\",\"dateModified\":\"2025-06-27T08:47:08+00:00\",\"breadcrumb\":{\"@id\":\"https:\/\/intermob.be\/en\/product\/horeca-metal-bar-chair-zadig-vintage\/#breadcrumb\"},\"inLanguage\":\"en-US\",\"potentialAction\":[{\"@type\":\"ReadAction\",\"target\":[\"https:\/\/intermob.be\/en\/product\/horeca-metal-bar-chair-zadig-vintage\/\"]}]},{\"@type\":\"ImageObject\",\"inLanguage\":\"en-US\",\"@id\":\"https:\/\/intermob.be\/en\/product\/horeca-metal-bar-chair-zadig-vintage\/#primaryimage\",\"url\":\"https:\/\/intermob.be\/wp-content\/uploads\/2023\/12\/Horeca-Barstoel-Zadig-Vintage-Roest.jpg\",\"contentUrl\":\"https:\/\/intermob.be\/wp-content\/uploads\/2023\/12\/Horeca-Barstoel-Zadig-Vintage-Roest.jpg\",\"width\":1000,\"height\":1000,\"caption\":\"Horeca-Barstoel-Zadig-Vintage-Roest\"},{\"@type\":\"BreadcrumbList\",\"@id\":\"https:\/\/intermob.be\/en\/product\/horeca-metal-bar-chair-zadig-vintage\/#breadcrumb\",\"itemListElement\":[{\"@type\":\"ListItem\",\"position\":1,\"name\":\"Home\",\"item\":\"https:\/\/intermob.be\/en\/\"},{\"@type\":\"ListItem\",\"position\":2,\"name\":\"Shop\",\"item\":\"https:\/\/intermob.be\/en\/shop\/\"},{\"@type\":\"ListItem\",\"position\":3,\"name\":\"Chaise De Bar En M\u00e9tal - Zadig - Cordon c\u00f4tel\u00e9\"}]},{\"@type\":\"WebSite\",\"@id\":\"https:\/\/intermob.be\/en\/#website\",\"url\":\"https:\/\/intermob.be\/en\/\",\"name\":\"Intermob\",\"description\":\"\",\"publisher\":{\"@id\":\"https:\/\/intermob.be\/en\/#organization\"},\"potentialAction\":[{\"@type\":\"SearchAction\",\"target\":{\"@type\":\"EntryPoint\",\"urlTemplate\":\"https:\/\/intermob.be\/en\/?s={search_term_string}\"},\"query-input\":{\"@type\":\"PropertyValueSpecification\",\"valueRequired\":true,\"valueName\":\"search_term_string\"}}],\"inLanguage\":\"en-US\"},{\"@type\":\"Organization\",\"@id\":\"https:\/\/intermob.be\/en\/#organization\",\"name\":\"Intermob Mobilier\",\"url\":\"https:\/\/intermob.be\/en\/\",\"logo\":{\"@type\":\"ImageObject\",\"inLanguage\":\"en-US\",\"@id\":\"https:\/\/intermob.be\/en\/#\/schema\/logo\/image\/\",\"url\":\"https:\/\/intermob.be\/wp-content\/uploads\/2025\/09\/intb-bold-logo.png\",\"contentUrl\":\"https:\/\/intermob.be\/wp-content\/uploads\/2025\/09\/intb-bold-logo.png\",\"width\":480,\"height\":158,\"caption\":\"Intermob Mobilier\"},\"image\":{\"@id\":\"https:\/\/intermob.be\/en\/#\/schema\/logo\/image\/\"}}]}<\/script>\n<!-- \/ Yoast SEO plugin. -->","yoast_head_json":{"title":"Horeca Metal Bar Chair - Zadig - Vintage Ribcord","robots":{"index":"index","follow":"follow","max-snippet":"max-snippet:-1","max-image-preview":"max-image-preview:large","max-video-preview":"max-video-preview:-1"},"canonical":"https:\/\/intermob.be\/en\/product\/horeca-metal-bar-chair-zadig-vintage\/","og_locale":"en_US","og_type":"article","og_title":"Horeca Metal Bar Chair - Zadig - Vintage Ribcord","og_description":"Ribcord is a practical and stylish fabric choice for catering furniture, known for its soft, ribbed texture that adds both","og_url":"https:\/\/intermob.be\/en\/product\/horeca-metal-bar-chair-zadig-vintage\/","og_site_name":"Intermob Mobilier","article_modified_time":"2025-06-27T08:47:08+00:00","og_image":[{"width":1000,"height":1000,"url":"https:\/\/intermob.be\/wp-content\/uploads\/2023\/12\/Horeca-Barstoel-Zadig-Vintage-Roest.jpg","type":"image\/jpeg"}],"twitter_card":"summary_large_image","twitter_misc":{"Est. reading time":"1 minute"},"schema":{"@context":"https:\/\/schema.org","@graph":[{"@type":"WebPage","@id":"https:\/\/intermob.be\/en\/product\/horeca-metal-bar-chair-zadig-vintage\/","url":"https:\/\/intermob.be\/en\/product\/horeca-metal-bar-chair-zadig-vintage\/","name":"Horeca Metal Bar Chair - Zadig - Vintage Ribcord","isPartOf":{"@id":"https:\/\/intermob.be\/en\/#website"},"primaryImageOfPage":{"@id":"https:\/\/intermob.be\/en\/product\/horeca-metal-bar-chair-zadig-vintage\/#primaryimage"},"image":{"@id":"https:\/\/intermob.be\/en\/product\/horeca-metal-bar-chair-zadig-vintage\/#primaryimage"},"thumbnailUrl":"https:\/\/intermob.be\/wp-content\/uploads\/2023\/12\/Horeca-Barstoel-Zadig-Vintage-Roest.jpg","datePublished":"2023-12-22T13:38:57+00:00","dateModified":"2025-06-27T08:47:08+00:00","breadcrumb":{"@id":"https:\/\/intermob.be\/en\/product\/horeca-metal-bar-chair-zadig-vintage\/#breadcrumb"},"inLanguage":"en-US","potentialAction":[{"@type":"ReadAction","target":["https:\/\/intermob.be\/en\/product\/horeca-metal-bar-chair-zadig-vintage\/"]}]},{"@type":"ImageObject","inLanguage":"en-US","@id":"https:\/\/intermob.be\/en\/product\/horeca-metal-bar-chair-zadig-vintage\/#primaryimage","url":"https:\/\/intermob.be\/wp-content\/uploads\/2023\/12\/Horeca-Barstoel-Zadig-Vintage-Roest.jpg","contentUrl":"https:\/\/intermob.be\/wp-content\/uploads\/2023\/12\/Horeca-Barstoel-Zadig-Vintage-Roest.jpg","width":1000,"height":1000,"caption":"Horeca-Barstoel-Zadig-Vintage-Roest"},{"@type":"BreadcrumbList","@id":"https:\/\/intermob.be\/en\/product\/horeca-metal-bar-chair-zadig-vintage\/#breadcrumb","itemListElement":[{"@type":"ListItem","position":1,"name":"Home","item":"https:\/\/intermob.be\/en\/"},{"@type":"ListItem","position":2,"name":"Shop","item":"https:\/\/intermob.be\/en\/shop\/"},{"@type":"ListItem","position":3,"name":"Chaise De Bar En M\u00e9tal - Zadig - Cordon c\u00f4tel\u00e9"}]},{"@type":"WebSite","@id":"https:\/\/intermob.be\/en\/#website","url":"https:\/\/intermob.be\/en\/","name":"Intermob","description":"","publisher":{"@id":"https:\/\/intermob.be\/en\/#organization"},"potentialAction":[{"@type":"SearchAction","target":{"@type":"EntryPoint","urlTemplate":"https:\/\/intermob.be\/en\/?s={search_term_string}"},"query-input":{"@type":"PropertyValueSpecification","valueRequired":true,"valueName":"search_term_string"}}],"inLanguage":"en-US"},{"@type":"Organization","@id":"https:\/\/intermob.be\/en\/#organization","name":"Intermob Mobilier","url":"https:\/\/intermob.be\/en\/","logo":{"@type":"ImageObject","inLanguage":"en-US","@id":"https:\/\/intermob.be\/en\/#\/schema\/logo\/image\/","url":"https:\/\/intermob.be\/wp-content\/uploads\/2025\/09\/intb-bold-logo.png","contentUrl":"https:\/\/intermob.be\/wp-content\/uploads\/2025\/09\/intb-bold-logo.png","width":480,"height":158,"caption":"Intermob Mobilier"},"image":{"@id":"https:\/\/intermob.be\/en\/#\/schema\/logo\/image\/"}}]}},"_links":{"self":[{"href":"https:\/\/intermob.be\/en\/wp-json\/wp\/v2\/product\/91340","targetHints":{"allow":["GET"]}}],"collection":[{"href":"https:\/\/intermob.be\/en\/wp-json\/wp\/v2\/product"}],"about":[{"href":"https:\/\/intermob.be\/en\/wp-json\/wp\/v2\/types\/product"}],"replies":[{"embeddable":true,"href":"https:\/\/intermob.be\/en\/wp-json\/wp\/v2\/comments?post=91340"}],"version-history":[{"count":0,"href":"https:\/\/intermob.be\/en\/wp-json\/wp\/v2\/product\/91340\/revisions"}],"wp:featuredmedia":[{"embeddable":true,"href":"https:\/\/intermob.be\/en\/wp-json\/wp\/v2\/media\/145067"}],"wp:attachment":[{"href":"https:\/\/intermob.be\/en\/wp-json\/wp\/v2\/media?parent=91340"}],"wp:term":[{"taxonomy":"product_brand","embeddable":true,"href":"https:\/\/intermob.be\/en\/wp-json\/wp\/v2\/product_brand?post=91340"},{"taxonomy":"product_cat","embeddable":true,"href":"https:\/\/intermob.be\/en\/wp-json\/wp\/v2\/product_cat?post=91340"},{"taxonomy":"product_tag","embeddable":true,"href":"https:\/\/intermob.be\/en\/wp-json\/wp\/v2\/product_tag?post=91340"}],"curies":[{"name":"wp","href":"https:\/\/api.w.org\/{rel}","templated":true}]}}