{"id":116422,"date":"2024-10-05T07:19:23","date_gmt":"2024-10-05T07:19:23","guid":{"rendered":"https:\/\/intermob.be\/?post_type=product&#038;p=116422"},"modified":"2025-11-03T11:44:54","modified_gmt":"2025-11-03T11:44:54","slug":"horeca-stoel-spectra-vintage","status":"publish","type":"product","link":"https:\/\/intermob.be\/nl\/product\/horeca-stoel-spectra-vintage\/","title":{"rendered":"Stoel - Spectra - Microvezel"},"content":{"rendered":"<p><span style=\"color: #000000;\">Deze stijlvolle stoel in cognac microvezel met een strak zwart metalen frame brengt een warme en moderne uitstraling naar elke ruimte. De zachte bekleding zorgt voor een comfortabele zitervaring, terwijl het slanke frame stabiliteit en duurzaamheid biedt. Ideaal voor trendy caf\u00e9s en restaurants die een uitnodigende sfeer willen cre\u00ebren met een vleugje industri\u00eble charme. Deze stoel voegt niet alleen comfort toe, maar ook een verfijnde uitstraling, waardoor uw horecagelegenheid zich onderscheidt en klanten zich direct welkom voelen.<\/span><\/p>\n<p><span style=\"color: #000000;\"><strong>Onderhoud en reinigingsvoorschrift:<br \/>\n<\/strong>Bij vuil en vlekken, het vuil direct met een doek wegnemen en daarna zacht met een neutrale vloeibare zeepoplossing reinigen. Na reiniging met zuiver water, bijvoorbeeld gekookt of bronwater.<\/span><\/p>\n<p><span style=\"color: #000000;\"><strong>Extra informatie:<\/strong><\/span><\/p>\n<ul>\n<li><span style=\"color: #000000;\">De stoelen zijn ongemonteerd en steeds per 2 ingepakt in kartonnen dozen<\/span><\/li>\n<li><span style=\"color: #000000;\">De zit wordt aan het frame geschroefd door middel van 4 schroeven<\/span><\/li>\n<li><span style=\"color: #000000;\">Nodige materiaal voor de montage bevindt zich in de doos<\/span><\/li>\n<li><span style=\"color: #000000;\">De stoelen zijn eenvoudig te monteren<\/span><\/li>\n<\/ul>\n","protected":false},"excerpt":{"rendered":"<p>Deze stijlvolle stoel in cognac microvezel met een strak zwart metalen frame brengt een warme en moderne uitstraling naar elke<\/p>\n","protected":false},"featured_media":144982,"comment_status":"open","ping_status":"closed","template":"","meta":[],"product_brand":[],"product_cat":[10065,10061],"product_tag":[13186,15836,13285,16068,13440,16069,13441,16070,13443,16071,13444,16072,13445,16073,13446,16074,13447,16075,13448,16076,15830,16077,15831,16078,15832,16079,15833,16080,13181,15834,13183,15835],"class_list":{"0":"post-116422","1":"product","2":"type-product","3":"status-publish","4":"has-post-thumbnail","6":"product_cat-vintage-stoelen","7":"product_cat-vintage-metalen-stoelen","8":"product_tag-cafe-m-bel","9":"product_tag-horeca-mobel","10":"product_tag-cafe-meubels","11":"product_tag-vintage-stuhl","12":"product_tag-vintage-stoel","13":"product_tag-horeca-stoelen-2","14":"product_tag-vintage-chair","15":"product_tag-restaurant-meubels-2","16":"product_tag-chaise-vintage","17":"product_tag-stoelen","18":"product_tag-bistro-stoelen","19":"product_tag-chaises-horeca-2","20":"product_tag-industrial-stoelen","21":"product_tag-chaises","22":"product_tag-chaises-de-bistro","23":"product_tag-chaises-industrielles-2","24":"product_tag-bistro-chairs","25":"product_tag-horeca-chairs-2","26":"product_tag-bistro-st-hle","27":"product_tag-chairs","28":"product_tag-restaurant-inrichting-2","29":"product_tag-industrial-chairs-2","30":"product_tag-horeca-furniture-2","31":"product_tag-horeca-stuhle","32":"product_tag-meubles-de-restaurant-2","33":"product_tag-stuhle","34":"product_tag-meubles-horeca-2","35":"product_tag-industriestuhle","36":"product_tag-cafe-furniture","37":"product_tag-restaurant-furniture-2","38":"product_tag-meubles-de-caf","39":"product_tag-restaurant-mobel","40":"pa_armrest-armrest-nee-nl","41":"pa_frame-niet-stapelbaar-frame-nl","42":"pa_product-color-color-cognac-nl","43":"pa_product-color-color-olijf-nl","44":"pa_product-frame-color-zwart-frame-color-nl","45":"pa_product-material-metalen-frame-material-nl","46":"pa_product-more-colors-ja-nl","47":"pa_product-seat-height-cm-47-seat-height-cm-nl","48":"pa_product-seats-1-seats-nl","49":"pa_product-upholstery-upholstery-microvezel-nl","50":"pa_product-usage-usage-binnen-nl","52":"first","53":"instock","54":"sale","55":"taxable","56":"shipping-taxable","57":"purchasable","58":"product-type-variable","59":"hc-var-color"},"yoast_head":"<!-- This site is optimized with the Yoast SEO plugin v26.4 - https:\/\/yoast.com\/wordpress\/plugins\/seo\/ -->\n<title>Horeca Stoel - Spectra - Vintage Microvezel<\/title>\n<meta name=\"robots\" content=\"index, follow, max-snippet:-1, max-image-preview:large, max-video-preview:-1\" \/>\n<link rel=\"canonical\" href=\"https:\/\/intermob.be\/nl\/product\/horeca-stoel-spectra-vintage\/\" \/>\n<meta property=\"og:locale\" content=\"nl_NL\" \/>\n<meta property=\"og:type\" content=\"article\" \/>\n<meta property=\"og:title\" content=\"Horeca Stoel - Spectra - Vintage Microvezel\" \/>\n<meta property=\"og:description\" content=\"Deze stijlvolle stoel in cognac microvezel met een strak zwart metalen frame brengt een warme en moderne uitstraling naar elke\" \/>\n<meta property=\"og:url\" content=\"https:\/\/intermob.be\/nl\/product\/horeca-stoel-spectra-vintage\/\" \/>\n<meta property=\"og:site_name\" content=\"Intermob\" \/>\n<meta property=\"article:modified_time\" content=\"2025-11-03T11:44:54+00:00\" \/>\n<meta property=\"og:image\" content=\"https:\/\/intermob.be\/wp-content\/uploads\/2024\/10\/Horeca-Stoel-Spectra-Vintage-Cognac.jpg\" \/>\n\t<meta property=\"og:image:width\" content=\"1500\" \/>\n\t<meta property=\"og:image:height\" content=\"1500\" \/>\n\t<meta property=\"og:image:type\" content=\"image\/jpeg\" \/>\n<meta name=\"twitter:card\" content=\"summary_large_image\" \/>\n<meta name=\"twitter:label1\" content=\"Geschatte leestijd\" \/>\n\t<meta name=\"twitter:data1\" content=\"1 minuut\" \/>\n<script type=\"application\/ld+json\" class=\"yoast-schema-graph\">{\"@context\":\"https:\/\/schema.org\",\"@graph\":[{\"@type\":\"WebPage\",\"@id\":\"https:\/\/intermob.be\/nl\/product\/horeca-stoel-spectra-vintage\/\",\"url\":\"https:\/\/intermob.be\/nl\/product\/horeca-stoel-spectra-vintage\/\",\"name\":\"Horeca Stoel - Spectra - Vintage Microvezel\",\"isPartOf\":{\"@id\":\"https:\/\/intermob.be\/nl\/#website\"},\"primaryImageOfPage\":{\"@id\":\"https:\/\/intermob.be\/nl\/product\/horeca-stoel-spectra-vintage\/#primaryimage\"},\"image\":{\"@id\":\"https:\/\/intermob.be\/nl\/product\/horeca-stoel-spectra-vintage\/#primaryimage\"},\"thumbnailUrl\":\"https:\/\/intermob.be\/wp-content\/uploads\/2024\/10\/Horeca-Stoel-Spectra-Vintage-Cognac.jpg\",\"datePublished\":\"2024-10-05T07:19:23+00:00\",\"dateModified\":\"2025-11-03T11:44:54+00:00\",\"breadcrumb\":{\"@id\":\"https:\/\/intermob.be\/nl\/product\/horeca-stoel-spectra-vintage\/#breadcrumb\"},\"inLanguage\":\"nl-NL\",\"potentialAction\":[{\"@type\":\"ReadAction\",\"target\":[\"https:\/\/intermob.be\/nl\/product\/horeca-stoel-spectra-vintage\/\"]}]},{\"@type\":\"ImageObject\",\"inLanguage\":\"nl-NL\",\"@id\":\"https:\/\/intermob.be\/nl\/product\/horeca-stoel-spectra-vintage\/#primaryimage\",\"url\":\"https:\/\/intermob.be\/wp-content\/uploads\/2024\/10\/Horeca-Stoel-Spectra-Vintage-Cognac.jpg\",\"contentUrl\":\"https:\/\/intermob.be\/wp-content\/uploads\/2024\/10\/Horeca-Stoel-Spectra-Vintage-Cognac.jpg\",\"width\":1500,\"height\":1500,\"caption\":\"Horeca-Stoel-Spectra-Vintage-Cognac\"},{\"@type\":\"BreadcrumbList\",\"@id\":\"https:\/\/intermob.be\/nl\/product\/horeca-stoel-spectra-vintage\/#breadcrumb\",\"itemListElement\":[{\"@type\":\"ListItem\",\"position\":1,\"name\":\"Home\",\"item\":\"https:\/\/intermob.be\/nl\/\"},{\"@type\":\"ListItem\",\"position\":2,\"name\":\"Winkel\",\"item\":\"https:\/\/intermob.be\/nl\/winkel\/\"},{\"@type\":\"ListItem\",\"position\":3,\"name\":\"Horeca Stoel &#8211; Spectra &#8211; Vintage Microvezel\"}]},{\"@type\":\"WebSite\",\"@id\":\"https:\/\/intermob.be\/nl\/#website\",\"url\":\"https:\/\/intermob.be\/nl\/\",\"name\":\"Intermob\",\"description\":\"Mobilier\",\"publisher\":{\"@id\":\"https:\/\/intermob.be\/nl\/#organization\"},\"potentialAction\":[{\"@type\":\"SearchAction\",\"target\":{\"@type\":\"EntryPoint\",\"urlTemplate\":\"https:\/\/intermob.be\/nl\/?s={search_term_string}\"},\"query-input\":{\"@type\":\"PropertyValueSpecification\",\"valueRequired\":true,\"valueName\":\"search_term_string\"}}],\"inLanguage\":\"nl-NL\"},{\"@type\":\"Organization\",\"@id\":\"https:\/\/intermob.be\/nl\/#organization\",\"name\":\"Intermob Mobilier\",\"url\":\"https:\/\/intermob.be\/nl\/\",\"logo\":{\"@type\":\"ImageObject\",\"inLanguage\":\"nl-NL\",\"@id\":\"https:\/\/intermob.be\/nl\/#\/schema\/logo\/image\/\",\"url\":\"https:\/\/intermob.be\/wp-content\/uploads\/2025\/09\/intb-bold-logo.png\",\"contentUrl\":\"https:\/\/intermob.be\/wp-content\/uploads\/2025\/09\/intb-bold-logo.png\",\"width\":480,\"height\":158,\"caption\":\"Intermob Mobilier\"},\"image\":{\"@id\":\"https:\/\/intermob.be\/nl\/#\/schema\/logo\/image\/\"}}]}<\/script>\n<!-- \/ Yoast SEO plugin. -->","yoast_head_json":{"title":"Horeca Stoel - Spectra - Vintage Microvezel","robots":{"index":"index","follow":"follow","max-snippet":"max-snippet:-1","max-image-preview":"max-image-preview:large","max-video-preview":"max-video-preview:-1"},"canonical":"https:\/\/intermob.be\/nl\/product\/horeca-stoel-spectra-vintage\/","og_locale":"nl_NL","og_type":"article","og_title":"Horeca Stoel - Spectra - Vintage Microvezel","og_description":"Deze stijlvolle stoel in cognac microvezel met een strak zwart metalen frame brengt een warme en moderne uitstraling naar elke","og_url":"https:\/\/intermob.be\/nl\/product\/horeca-stoel-spectra-vintage\/","og_site_name":"Intermob","article_modified_time":"2025-11-03T11:44:54+00:00","og_image":[{"width":1500,"height":1500,"url":"https:\/\/intermob.be\/wp-content\/uploads\/2024\/10\/Horeca-Stoel-Spectra-Vintage-Cognac.jpg","type":"image\/jpeg"}],"twitter_card":"summary_large_image","twitter_misc":{"Geschatte leestijd":"1 minuut"},"schema":{"@context":"https:\/\/schema.org","@graph":[{"@type":"WebPage","@id":"https:\/\/intermob.be\/nl\/product\/horeca-stoel-spectra-vintage\/","url":"https:\/\/intermob.be\/nl\/product\/horeca-stoel-spectra-vintage\/","name":"Horeca Stoel - Spectra - Vintage Microvezel","isPartOf":{"@id":"https:\/\/intermob.be\/nl\/#website"},"primaryImageOfPage":{"@id":"https:\/\/intermob.be\/nl\/product\/horeca-stoel-spectra-vintage\/#primaryimage"},"image":{"@id":"https:\/\/intermob.be\/nl\/product\/horeca-stoel-spectra-vintage\/#primaryimage"},"thumbnailUrl":"https:\/\/intermob.be\/wp-content\/uploads\/2024\/10\/Horeca-Stoel-Spectra-Vintage-Cognac.jpg","datePublished":"2024-10-05T07:19:23+00:00","dateModified":"2025-11-03T11:44:54+00:00","breadcrumb":{"@id":"https:\/\/intermob.be\/nl\/product\/horeca-stoel-spectra-vintage\/#breadcrumb"},"inLanguage":"nl-NL","potentialAction":[{"@type":"ReadAction","target":["https:\/\/intermob.be\/nl\/product\/horeca-stoel-spectra-vintage\/"]}]},{"@type":"ImageObject","inLanguage":"nl-NL","@id":"https:\/\/intermob.be\/nl\/product\/horeca-stoel-spectra-vintage\/#primaryimage","url":"https:\/\/intermob.be\/wp-content\/uploads\/2024\/10\/Horeca-Stoel-Spectra-Vintage-Cognac.jpg","contentUrl":"https:\/\/intermob.be\/wp-content\/uploads\/2024\/10\/Horeca-Stoel-Spectra-Vintage-Cognac.jpg","width":1500,"height":1500,"caption":"Horeca-Stoel-Spectra-Vintage-Cognac"},{"@type":"BreadcrumbList","@id":"https:\/\/intermob.be\/nl\/product\/horeca-stoel-spectra-vintage\/#breadcrumb","itemListElement":[{"@type":"ListItem","position":1,"name":"Home","item":"https:\/\/intermob.be\/nl\/"},{"@type":"ListItem","position":2,"name":"Winkel","item":"https:\/\/intermob.be\/nl\/winkel\/"},{"@type":"ListItem","position":3,"name":"Horeca Stoel &#8211; Spectra &#8211; Vintage Microvezel"}]},{"@type":"WebSite","@id":"https:\/\/intermob.be\/nl\/#website","url":"https:\/\/intermob.be\/nl\/","name":"Intermob","description":"Mobilier","publisher":{"@id":"https:\/\/intermob.be\/nl\/#organization"},"potentialAction":[{"@type":"SearchAction","target":{"@type":"EntryPoint","urlTemplate":"https:\/\/intermob.be\/nl\/?s={search_term_string}"},"query-input":{"@type":"PropertyValueSpecification","valueRequired":true,"valueName":"search_term_string"}}],"inLanguage":"nl-NL"},{"@type":"Organization","@id":"https:\/\/intermob.be\/nl\/#organization","name":"Intermob Mobilier","url":"https:\/\/intermob.be\/nl\/","logo":{"@type":"ImageObject","inLanguage":"nl-NL","@id":"https:\/\/intermob.be\/nl\/#\/schema\/logo\/image\/","url":"https:\/\/intermob.be\/wp-content\/uploads\/2025\/09\/intb-bold-logo.png","contentUrl":"https:\/\/intermob.be\/wp-content\/uploads\/2025\/09\/intb-bold-logo.png","width":480,"height":158,"caption":"Intermob Mobilier"},"image":{"@id":"https:\/\/intermob.be\/nl\/#\/schema\/logo\/image\/"}}]}},"_links":{"self":[{"href":"https:\/\/intermob.be\/nl\/wp-json\/wp\/v2\/product\/116422","targetHints":{"allow":["GET"]}}],"collection":[{"href":"https:\/\/intermob.be\/nl\/wp-json\/wp\/v2\/product"}],"about":[{"href":"https:\/\/intermob.be\/nl\/wp-json\/wp\/v2\/types\/product"}],"replies":[{"embeddable":true,"href":"https:\/\/intermob.be\/nl\/wp-json\/wp\/v2\/comments?post=116422"}],"version-history":[{"count":0,"href":"https:\/\/intermob.be\/nl\/wp-json\/wp\/v2\/product\/116422\/revisions"}],"wp:featuredmedia":[{"embeddable":true,"href":"https:\/\/intermob.be\/nl\/wp-json\/wp\/v2\/media\/144982"}],"wp:attachment":[{"href":"https:\/\/intermob.be\/nl\/wp-json\/wp\/v2\/media?parent=116422"}],"wp:term":[{"taxonomy":"product_brand","embeddable":true,"href":"https:\/\/intermob.be\/nl\/wp-json\/wp\/v2\/product_brand?post=116422"},{"taxonomy":"product_cat","embeddable":true,"href":"https:\/\/intermob.be\/nl\/wp-json\/wp\/v2\/product_cat?post=116422"},{"taxonomy":"product_tag","embeddable":true,"href":"https:\/\/intermob.be\/nl\/wp-json\/wp\/v2\/product_tag?post=116422"}],"curies":[{"name":"wp","href":"https:\/\/api.w.org\/{rel}","templated":true}]}}