{"id":119002,"date":"2024-11-05T08:05:04","date_gmt":"2024-11-05T08:05:04","guid":{"rendered":"https:\/\/intermob.be\/?post_type=product&#038;p=119002"},"modified":"2025-11-13T08:58:44","modified_gmt":"2025-11-13T08:58:44","slug":"horeca-tafel-met-gouden-rand-dublin-marmer-zwart-60x60-cm-met-onderstel","status":"publish","type":"product","link":"https:\/\/intermob.be\/nl\/product\/horeca-tafel-met-gouden-rand-dublin-marmer-zwart-60x60-cm-met-onderstel\/","title":{"rendered":"Tafel Met Gouden Rand - Dublin Marmer Zwart - 60x60 Cm"},"content":{"rendered":"<p><i class=\"fas fa-check-circle description-icon-green\" aria-hidden=\"true\"><\/i><span style=\"color: #ff6600;\"> De tafels zijn ongemonteerd<\/span><br \/>\n<i class=\"fas fa-check-circle description-icon-green\" aria-hidden=\"true\"><\/i><span style=\"color: #339966;\"> De tafelbladen zijn niet voorgeboord<\/span><br \/>\n<i class=\"fas fa-check-circle description-icon-green\" aria-hidden=\"true\"><\/i><span style=\"color: #ff6600;\"> Schroeven worden meegeleverd indien de tafelbladen samen met de onderstellen in combinatie worden besteld<\/span><br \/>\n<i class=\"fas fa-check-circle description-icon-green\" aria-hidden=\"true\"><\/i><span style=\"color: #339966;\"> Nodige materiaal voor de montage bevindt zich in de doos<\/span><\/p>\n","protected":false},"excerpt":{"rendered":"<p>De tafels zijn ongemonteerd De tafelbladen zijn niet voorgeboord Schroeven worden meegeleverd indien de tafelbladen samen met de onderstellen in<\/p>\n","protected":false},"featured_media":119003,"comment_status":"open","ping_status":"closed","template":"","meta":[],"product_brand":[],"product_cat":[16590,10509],"product_tag":[13955,13956,12516,13957,13942,13958,13943,13959,13944,13960,13945,13961,13946,13962,13947,13963,13948,13964,13949,13965,13950,13966,13951,13967,13952,13968,13953,16594,13954],"class_list":{"0":"post-119002","1":"product","2":"type-product","3":"status-publish","4":"has-post-thumbnail","6":"product_cat-dublin-marmer-zwart-goud-tafel-assortiment","7":"product_cat-komt-binnenkort","8":"product_tag-combinaison-bois-et-m-tal","9":"product_tag-dublin-style-tables","10":"product_tag-cafe","11":"product_tag-industrial-appearance","12":"product_tag-table-de-restaurant","13":"product_tag-metal-base","14":"product_tag-restaurant-table","15":"product_tag-rustic-design","16":"product_tag-dublin-stijl-tafels","17":"product_tag-modern-catering-table","18":"product_tag-industri-le-uitstraling","19":"product_tag-wood-and-metal-combination","20":"product_tag-metalen-onderstel","21":"product_tag-tische-im-dublin-stil","22":"product_tag-rustiek-ontwerp","23":"product_tag-industrielles-aussehen","24":"product_tag-moderne-horecatafel","25":"product_tag-metallgestell","26":"product_tag-hout-en-metaal-combinatie","27":"product_tag-rustikales-design","28":"product_tag-tables-de-style-dublin","29":"product_tag-moderner-catering-tisch","30":"product_tag-aspect-industriel","31":"product_tag-kombination-aus-holz-und-metall","32":"product_tag-pietement-en-m-tal","33":"product_tag-restaurant-tisch","34":"product_tag-design-rustique","35":"product_tag-restaurant-tafel-2","36":"product_tag-table-de-restauration-moderne","37":"pa_product-frame-color-zwart-frame-color-nl","38":"pa_product-more-colors-ja-nl","39":"pa_product-more-dimensions-ja-nl","40":"pa_product-seats-2-seats-nl","41":"pa_product-tabletop-color-goud-tabletop-color-nl","42":"pa_product-tabletop-color-wit-tabletop-color-nl","43":"pa_product-tabletop-color-zwart-tabletop-color-nl","44":"pa_product-usage-usage-binnen-nl","45":"pa_table-height-cm-77-cm-nl","47":"first","48":"instock","49":"sale","50":"taxable","51":"shipping-taxable","52":"purchasable","53":"product-type-simple"},"yoast_head":"<!-- This site is optimized with the Yoast SEO plugin v26.4 - https:\/\/yoast.com\/wordpress\/plugins\/seo\/ -->\n<title>Horeca Tafel Met Gouden Rand - Dublin Marmer Zwart - 60x60 Cm Met Onderstel<\/title>\n<meta name=\"description\" content=\"Ontdek onze Dublin Marmer Zwart tafel 60x60 cm in melamine met stalen onderstel. Verkrijgbaar in verschillende kleuren, vormen en maten.\" \/>\n<meta name=\"robots\" content=\"index, follow, max-snippet:-1, max-image-preview:large, max-video-preview:-1\" \/>\n<link rel=\"canonical\" href=\"https:\/\/intermob.be\/nl\/product\/horeca-tafel-met-gouden-rand-dublin-marmer-zwart-60x60-cm-met-onderstel\/\" \/>\n<meta property=\"og:locale\" content=\"nl_NL\" \/>\n<meta property=\"og:type\" content=\"article\" \/>\n<meta property=\"og:title\" content=\"Horeca Tafel Met Gouden Rand - Dublin Marmer Zwart - 60x60 Cm Met Onderstel\" \/>\n<meta property=\"og:description\" content=\"Ontdek onze Dublin Marmer Zwart tafel 60x60 cm in melamine met stalen onderstel. Verkrijgbaar in verschillende kleuren, vormen en maten.\" \/>\n<meta property=\"og:url\" content=\"https:\/\/intermob.be\/nl\/product\/horeca-tafel-met-gouden-rand-dublin-marmer-zwart-60x60-cm-met-onderstel\/\" \/>\n<meta property=\"og:site_name\" content=\"Intermob\" \/>\n<meta property=\"article:modified_time\" content=\"2025-11-13T08:58:44+00:00\" \/>\n<meta property=\"og:image\" content=\"https:\/\/intermob.be\/wp-content\/uploads\/2024\/11\/Horeca-Tafel-Met-Gouden-Rand-Dublin-Marmer-Zwart-60x60-Cm-Met-Onderstel-1.jpg\" \/>\n\t<meta property=\"og:image:width\" content=\"1500\" \/>\n\t<meta property=\"og:image:height\" content=\"1500\" \/>\n\t<meta property=\"og:image:type\" content=\"image\/jpeg\" \/>\n<meta name=\"twitter:card\" content=\"summary_large_image\" \/>\n<meta name=\"twitter:label1\" content=\"Geschatte leestijd\" \/>\n\t<meta name=\"twitter:data1\" content=\"1 minuut\" \/>\n<script type=\"application\/ld+json\" class=\"yoast-schema-graph\">{\"@context\":\"https:\/\/schema.org\",\"@graph\":[{\"@type\":\"WebPage\",\"@id\":\"https:\/\/intermob.be\/nl\/product\/horeca-tafel-met-gouden-rand-dublin-marmer-zwart-60x60-cm-met-onderstel\/\",\"url\":\"https:\/\/intermob.be\/nl\/product\/horeca-tafel-met-gouden-rand-dublin-marmer-zwart-60x60-cm-met-onderstel\/\",\"name\":\"Horeca Tafel Met Gouden Rand - Dublin Marmer Zwart - 60x60 Cm Met Onderstel\",\"isPartOf\":{\"@id\":\"https:\/\/intermob.be\/nl\/#website\"},\"primaryImageOfPage\":{\"@id\":\"https:\/\/intermob.be\/nl\/product\/horeca-tafel-met-gouden-rand-dublin-marmer-zwart-60x60-cm-met-onderstel\/#primaryimage\"},\"image\":{\"@id\":\"https:\/\/intermob.be\/nl\/product\/horeca-tafel-met-gouden-rand-dublin-marmer-zwart-60x60-cm-met-onderstel\/#primaryimage\"},\"thumbnailUrl\":\"https:\/\/intermob.be\/wp-content\/uploads\/2024\/11\/Horeca-Tafel-Met-Gouden-Rand-Dublin-Marmer-Zwart-60x60-Cm-Met-Onderstel-1.jpg\",\"datePublished\":\"2024-11-05T08:05:04+00:00\",\"dateModified\":\"2025-11-13T08:58:44+00:00\",\"description\":\"Ontdek onze Dublin Marmer Zwart tafel 60x60 cm in melamine met stalen onderstel. Verkrijgbaar in verschillende kleuren, vormen en maten.\",\"breadcrumb\":{\"@id\":\"https:\/\/intermob.be\/nl\/product\/horeca-tafel-met-gouden-rand-dublin-marmer-zwart-60x60-cm-met-onderstel\/#breadcrumb\"},\"inLanguage\":\"nl-NL\",\"potentialAction\":[{\"@type\":\"ReadAction\",\"target\":[\"https:\/\/intermob.be\/nl\/product\/horeca-tafel-met-gouden-rand-dublin-marmer-zwart-60x60-cm-met-onderstel\/\"]}]},{\"@type\":\"ImageObject\",\"inLanguage\":\"nl-NL\",\"@id\":\"https:\/\/intermob.be\/nl\/product\/horeca-tafel-met-gouden-rand-dublin-marmer-zwart-60x60-cm-met-onderstel\/#primaryimage\",\"url\":\"https:\/\/intermob.be\/wp-content\/uploads\/2024\/11\/Horeca-Tafel-Met-Gouden-Rand-Dublin-Marmer-Zwart-60x60-Cm-Met-Onderstel-1.jpg\",\"contentUrl\":\"https:\/\/intermob.be\/wp-content\/uploads\/2024\/11\/Horeca-Tafel-Met-Gouden-Rand-Dublin-Marmer-Zwart-60x60-Cm-Met-Onderstel-1.jpg\",\"width\":1500,\"height\":1500,\"caption\":\"DUBLIN STIJL TAFELS, INDUSTRI\u00cbLE UITSTRALING, METALEN ONDERSTEL, RUSTIEK ONTWERP, MODERNE HORECATAFEL, HOUT EN METAAL COMBINATIE, RESTAURANT TAFEL, CAFE, TABLES DE STYLE DUBLIN, ASPECT INDUSTRIEL, PIETEMENT EN M\u00c9TAL, DESIGN RUSTIQUE, TABLE DE RESTAURATION MODERNE, COMBINAISON BOIS ET M\u00c9TAL, TABLE DE RESTAURANT, CAF\u00c9, DUBLIN STYLE TABLES, INDUSTRIAL APPEARANCE, METAL BASE, RUSTIC DESIGN, MODERN CATERING TABLE, WOOD AND METAL COMBINATION, RESTAURANT TABLE, TISCHE IM DUBLIN-STIL, INDUSTRIELLES AUSSEHEN, METALLGESTELL, RUSTIKALES DESIGN, MODERNER CATERING-TISCH, KOMBINATION AUS HOLZ UND METALL, RESTAURANT-TISCH\"},{\"@type\":\"BreadcrumbList\",\"@id\":\"https:\/\/intermob.be\/nl\/product\/horeca-tafel-met-gouden-rand-dublin-marmer-zwart-60x60-cm-met-onderstel\/#breadcrumb\",\"itemListElement\":[{\"@type\":\"ListItem\",\"position\":1,\"name\":\"Home\",\"item\":\"https:\/\/intermob.be\/nl\/\"},{\"@type\":\"ListItem\",\"position\":2,\"name\":\"Winkel\",\"item\":\"https:\/\/intermob.be\/nl\/winkel\/\"},{\"@type\":\"ListItem\",\"position\":3,\"name\":\"Table Avec Bord Dor\u00e9 - Dublin Marbre Noir - 60x60 Cm\"}]},{\"@type\":\"WebSite\",\"@id\":\"https:\/\/intermob.be\/nl\/#website\",\"url\":\"https:\/\/intermob.be\/nl\/\",\"name\":\"Intermob\",\"description\":\"Mobilier\",\"publisher\":{\"@id\":\"https:\/\/intermob.be\/nl\/#organization\"},\"potentialAction\":[{\"@type\":\"SearchAction\",\"target\":{\"@type\":\"EntryPoint\",\"urlTemplate\":\"https:\/\/intermob.be\/nl\/?s={search_term_string}\"},\"query-input\":{\"@type\":\"PropertyValueSpecification\",\"valueRequired\":true,\"valueName\":\"search_term_string\"}}],\"inLanguage\":\"nl-NL\"},{\"@type\":\"Organization\",\"@id\":\"https:\/\/intermob.be\/nl\/#organization\",\"name\":\"Intermob Mobilier\",\"url\":\"https:\/\/intermob.be\/nl\/\",\"logo\":{\"@type\":\"ImageObject\",\"inLanguage\":\"nl-NL\",\"@id\":\"https:\/\/intermob.be\/nl\/#\/schema\/logo\/image\/\",\"url\":\"https:\/\/intermob.be\/wp-content\/uploads\/2025\/09\/intb-bold-logo.png\",\"contentUrl\":\"https:\/\/intermob.be\/wp-content\/uploads\/2025\/09\/intb-bold-logo.png\",\"width\":480,\"height\":158,\"caption\":\"Intermob Mobilier\"},\"image\":{\"@id\":\"https:\/\/intermob.be\/nl\/#\/schema\/logo\/image\/\"}}]}<\/script>\n<!-- \/ Yoast SEO plugin. -->","yoast_head_json":{"title":"Horeca Tafel Met Gouden Rand - Dublin Marmer Zwart - 60x60 Cm Met Onderstel","description":"Ontdek onze Dublin Marmer Zwart tafel 60x60 cm in melamine met stalen onderstel. Verkrijgbaar in verschillende kleuren, vormen en maten.","robots":{"index":"index","follow":"follow","max-snippet":"max-snippet:-1","max-image-preview":"max-image-preview:large","max-video-preview":"max-video-preview:-1"},"canonical":"https:\/\/intermob.be\/nl\/product\/horeca-tafel-met-gouden-rand-dublin-marmer-zwart-60x60-cm-met-onderstel\/","og_locale":"nl_NL","og_type":"article","og_title":"Horeca Tafel Met Gouden Rand - Dublin Marmer Zwart - 60x60 Cm Met Onderstel","og_description":"Ontdek onze Dublin Marmer Zwart tafel 60x60 cm in melamine met stalen onderstel. Verkrijgbaar in verschillende kleuren, vormen en maten.","og_url":"https:\/\/intermob.be\/nl\/product\/horeca-tafel-met-gouden-rand-dublin-marmer-zwart-60x60-cm-met-onderstel\/","og_site_name":"Intermob","article_modified_time":"2025-11-13T08:58:44+00:00","og_image":[{"width":1500,"height":1500,"url":"https:\/\/intermob.be\/wp-content\/uploads\/2024\/11\/Horeca-Tafel-Met-Gouden-Rand-Dublin-Marmer-Zwart-60x60-Cm-Met-Onderstel-1.jpg","type":"image\/jpeg"}],"twitter_card":"summary_large_image","twitter_misc":{"Geschatte leestijd":"1 minuut"},"schema":{"@context":"https:\/\/schema.org","@graph":[{"@type":"WebPage","@id":"https:\/\/intermob.be\/nl\/product\/horeca-tafel-met-gouden-rand-dublin-marmer-zwart-60x60-cm-met-onderstel\/","url":"https:\/\/intermob.be\/nl\/product\/horeca-tafel-met-gouden-rand-dublin-marmer-zwart-60x60-cm-met-onderstel\/","name":"Horeca Tafel Met Gouden Rand - Dublin Marmer Zwart - 60x60 Cm Met Onderstel","isPartOf":{"@id":"https:\/\/intermob.be\/nl\/#website"},"primaryImageOfPage":{"@id":"https:\/\/intermob.be\/nl\/product\/horeca-tafel-met-gouden-rand-dublin-marmer-zwart-60x60-cm-met-onderstel\/#primaryimage"},"image":{"@id":"https:\/\/intermob.be\/nl\/product\/horeca-tafel-met-gouden-rand-dublin-marmer-zwart-60x60-cm-met-onderstel\/#primaryimage"},"thumbnailUrl":"https:\/\/intermob.be\/wp-content\/uploads\/2024\/11\/Horeca-Tafel-Met-Gouden-Rand-Dublin-Marmer-Zwart-60x60-Cm-Met-Onderstel-1.jpg","datePublished":"2024-11-05T08:05:04+00:00","dateModified":"2025-11-13T08:58:44+00:00","description":"Ontdek onze Dublin Marmer Zwart tafel 60x60 cm in melamine met stalen onderstel. Verkrijgbaar in verschillende kleuren, vormen en maten.","breadcrumb":{"@id":"https:\/\/intermob.be\/nl\/product\/horeca-tafel-met-gouden-rand-dublin-marmer-zwart-60x60-cm-met-onderstel\/#breadcrumb"},"inLanguage":"nl-NL","potentialAction":[{"@type":"ReadAction","target":["https:\/\/intermob.be\/nl\/product\/horeca-tafel-met-gouden-rand-dublin-marmer-zwart-60x60-cm-met-onderstel\/"]}]},{"@type":"ImageObject","inLanguage":"nl-NL","@id":"https:\/\/intermob.be\/nl\/product\/horeca-tafel-met-gouden-rand-dublin-marmer-zwart-60x60-cm-met-onderstel\/#primaryimage","url":"https:\/\/intermob.be\/wp-content\/uploads\/2024\/11\/Horeca-Tafel-Met-Gouden-Rand-Dublin-Marmer-Zwart-60x60-Cm-Met-Onderstel-1.jpg","contentUrl":"https:\/\/intermob.be\/wp-content\/uploads\/2024\/11\/Horeca-Tafel-Met-Gouden-Rand-Dublin-Marmer-Zwart-60x60-Cm-Met-Onderstel-1.jpg","width":1500,"height":1500,"caption":"DUBLIN STIJL TAFELS, INDUSTRI\u00cbLE UITSTRALING, METALEN ONDERSTEL, RUSTIEK ONTWERP, MODERNE HORECATAFEL, HOUT EN METAAL COMBINATIE, RESTAURANT TAFEL, CAFE, TABLES DE STYLE DUBLIN, ASPECT INDUSTRIEL, PIETEMENT EN M\u00c9TAL, DESIGN RUSTIQUE, TABLE DE RESTAURATION MODERNE, COMBINAISON BOIS ET M\u00c9TAL, TABLE DE RESTAURANT, CAF\u00c9, DUBLIN STYLE TABLES, INDUSTRIAL APPEARANCE, METAL BASE, RUSTIC DESIGN, MODERN CATERING TABLE, WOOD AND METAL COMBINATION, RESTAURANT TABLE, TISCHE IM DUBLIN-STIL, INDUSTRIELLES AUSSEHEN, METALLGESTELL, RUSTIKALES DESIGN, MODERNER CATERING-TISCH, KOMBINATION AUS HOLZ UND METALL, RESTAURANT-TISCH"},{"@type":"BreadcrumbList","@id":"https:\/\/intermob.be\/nl\/product\/horeca-tafel-met-gouden-rand-dublin-marmer-zwart-60x60-cm-met-onderstel\/#breadcrumb","itemListElement":[{"@type":"ListItem","position":1,"name":"Home","item":"https:\/\/intermob.be\/nl\/"},{"@type":"ListItem","position":2,"name":"Winkel","item":"https:\/\/intermob.be\/nl\/winkel\/"},{"@type":"ListItem","position":3,"name":"Table Avec Bord Dor\u00e9 - Dublin Marbre Noir - 60x60 Cm"}]},{"@type":"WebSite","@id":"https:\/\/intermob.be\/nl\/#website","url":"https:\/\/intermob.be\/nl\/","name":"Intermob","description":"Mobilier","publisher":{"@id":"https:\/\/intermob.be\/nl\/#organization"},"potentialAction":[{"@type":"SearchAction","target":{"@type":"EntryPoint","urlTemplate":"https:\/\/intermob.be\/nl\/?s={search_term_string}"},"query-input":{"@type":"PropertyValueSpecification","valueRequired":true,"valueName":"search_term_string"}}],"inLanguage":"nl-NL"},{"@type":"Organization","@id":"https:\/\/intermob.be\/nl\/#organization","name":"Intermob Mobilier","url":"https:\/\/intermob.be\/nl\/","logo":{"@type":"ImageObject","inLanguage":"nl-NL","@id":"https:\/\/intermob.be\/nl\/#\/schema\/logo\/image\/","url":"https:\/\/intermob.be\/wp-content\/uploads\/2025\/09\/intb-bold-logo.png","contentUrl":"https:\/\/intermob.be\/wp-content\/uploads\/2025\/09\/intb-bold-logo.png","width":480,"height":158,"caption":"Intermob Mobilier"},"image":{"@id":"https:\/\/intermob.be\/nl\/#\/schema\/logo\/image\/"}}]}},"_links":{"self":[{"href":"https:\/\/intermob.be\/nl\/wp-json\/wp\/v2\/product\/119002","targetHints":{"allow":["GET"]}}],"collection":[{"href":"https:\/\/intermob.be\/nl\/wp-json\/wp\/v2\/product"}],"about":[{"href":"https:\/\/intermob.be\/nl\/wp-json\/wp\/v2\/types\/product"}],"replies":[{"embeddable":true,"href":"https:\/\/intermob.be\/nl\/wp-json\/wp\/v2\/comments?post=119002"}],"version-history":[{"count":0,"href":"https:\/\/intermob.be\/nl\/wp-json\/wp\/v2\/product\/119002\/revisions"}],"wp:featuredmedia":[{"embeddable":true,"href":"https:\/\/intermob.be\/nl\/wp-json\/wp\/v2\/media\/119003"}],"wp:attachment":[{"href":"https:\/\/intermob.be\/nl\/wp-json\/wp\/v2\/media?parent=119002"}],"wp:term":[{"taxonomy":"product_brand","embeddable":true,"href":"https:\/\/intermob.be\/nl\/wp-json\/wp\/v2\/product_brand?post=119002"},{"taxonomy":"product_cat","embeddable":true,"href":"https:\/\/intermob.be\/nl\/wp-json\/wp\/v2\/product_cat?post=119002"},{"taxonomy":"product_tag","embeddable":true,"href":"https:\/\/intermob.be\/nl\/wp-json\/wp\/v2\/product_tag?post=119002"}],"curies":[{"name":"wp","href":"https:\/\/api.w.org\/{rel}","templated":true}]}}