{"id":149203,"date":"2025-09-11T08:03:16","date_gmt":"2025-09-11T08:03:16","guid":{"rendered":"https:\/\/intermob.be\/?post_type=product&#038;p=149203"},"modified":"2025-11-13T13:43:15","modified_gmt":"2025-11-13T13:43:15","slug":"horeca-tafelblad-madrid-k4-280-cm","status":"publish","type":"product","link":"https:\/\/intermob.be\/nl\/product\/horeca-tafelblad-madrid-k4-280-cm\/","title":{"rendered":"Tafelblad - Madrid K4 - 2,80 cm Dik"},"content":{"rendered":"<p><i class=\"fas fa-check-circle description-icon-green\" aria-hidden=\"true\"><\/i><span style=\"color: #339966;\"> De tafelbladen zijn niet voorgeboord<\/span><br \/>\n<i class=\"fas fa-check-circle description-icon-green\" aria-hidden=\"true\"><\/i><span style=\"color: #ff6600;\"> Schroeven worden meegeleverd indien de tafelbladen samen met de onderstellen in combinatie worden besteld<\/span><\/p>\n","protected":false},"excerpt":{"rendered":"<p>De tafelbladen zijn niet voorgeboord Schroeven worden meegeleverd indien de tafelbladen samen met de onderstellen in combinatie worden besteld<\/p>\n","protected":false},"featured_media":78825,"comment_status":"closed","ping_status":"closed","template":"","meta":[],"product_brand":[],"product_cat":[9889],"product_tag":[16419,16435,16420,16436,13636,16421,16437,13638,16422,16438,13639,16423,16439,13645,16424,16440,13655,16425,13662,16426,13663,16427,16106,16428,16413,16429,16414,16430,16415,16431,16416,16432,16417,16433,16418,16434],"class_list":{"0":"post-149203","1":"product","2":"type-product","3":"status-publish","4":"has-post-thumbnail","6":"product_cat-madrid-tafelbladen-28mm-dikte-indoor","7":"product_tag-finition-durable","8":"product_tag-kratzfeste-oberflache","9":"product_tag-resistante-aux-rayures","10":"product_tag-budgetfreundliches-design","11":"product_tag-duurzaam","12":"product_tag-conception-elegante","13":"product_tag-verschleissfestes-material","14":"product_tag-veelzijdig","15":"product_tag-polyvalente","16":"product_tag-leicht","17":"product_tag-stijlvol","18":"product_tag-economique","19":"product_tag-robust","20":"product_tag-durable","21":"product_tag-materiau-resistant-a-lusure","22":"product_tag-schlankes-optik","23":"product_tag-versatile","24":"product_tag-leger","25":"product_tag-vielseitig","26":"product_tag-robuste","27":"product_tag-stilvoll","28":"product_tag-look-elegant","29":"product_tag-stylish-2","30":"product_tag-scratch-resistant-finish","31":"product_tag-krasbestendige-afwerking","32":"product_tag-budget-friendly-design","33":"product_tag-budgetvriendelijk-design","34":"product_tag-hard-wearing-material","35":"product_tag-slijtvast-materiaal","36":"product_tag-lightweight","37":"product_tag-lichtgewicht","38":"product_tag-sturdy","39":"product_tag-stevig","40":"product_tag-sleek-look","41":"product_tag-strakke-look","42":"product_tag-langlebige","43":"pa_dimension-60x60-cm-nl","44":"pa_dimension-70x70-cm-nl","45":"pa_dimension-70x120-cm-nl","46":"pa_dimension-r60o-cm-nl","47":"pa_dimension-r70o-cm-nl","48":"pa_dimension-r110o-cm-nl","49":"pa_dimension-r120o-cm-nl","50":"pa_dimension-130-cm-nl","51":"pa_dimension-150-cm-nl","52":"pa_dimension-r170o-cm-nl","53":"pa_dimension-100x180-cm-nl","54":"pa_dimension-100x200-cm-nl","55":"pa_dimension-100x220-cm-nl","56":"pa_product-color-color-houtlook-nl","57":"pa_product-more-colors-ja-nl","58":"pa_product-usage-usage-binnen-nl","60":"first","61":"instock","62":"sale","63":"taxable","64":"shipping-taxable","65":"purchasable","66":"product-type-variable","67":"hc-var-dimension"},"yoast_head":"<!-- This site is optimized with the Yoast SEO plugin v26.4 - https:\/\/yoast.com\/wordpress\/plugins\/seo\/ -->\n<title>Horeca Tafelblad - Madrid K4 - 2,80 cm Dik<\/title>\n<meta name=\"description\" content=\"Ontdek onze Madrid K4 melamine tafelbladen 50x60, 60x60, 70x70, \u00d860, \u00d870, \u00d8110, \u00d8120, \u00d8130, \u00d8150, \u00d8170, 60x100, 70x120 cm.\" \/>\n<meta name=\"robots\" content=\"index, follow, max-snippet:-1, max-image-preview:large, max-video-preview:-1\" \/>\n<link rel=\"canonical\" href=\"https:\/\/intermob.be\/nl\/product\/horeca-tafelblad-madrid-k4-280-cm\/\" \/>\n<meta property=\"og:locale\" content=\"nl_NL\" \/>\n<meta property=\"og:type\" content=\"article\" \/>\n<meta property=\"og:title\" content=\"Horeca Tafelblad - Madrid K4 - 2,80 cm Dik\" \/>\n<meta property=\"og:description\" content=\"Ontdek onze Madrid K4 melamine tafelbladen 50x60, 60x60, 70x70, \u00d860, \u00d870, \u00d8110, \u00d8120, \u00d8130, \u00d8150, \u00d8170, 60x100, 70x120 cm.\" \/>\n<meta property=\"og:url\" content=\"https:\/\/intermob.be\/nl\/product\/horeca-tafelblad-madrid-k4-280-cm\/\" \/>\n<meta property=\"og:site_name\" content=\"Intermob\" \/>\n<meta property=\"article:modified_time\" content=\"2025-11-13T13:43:15+00:00\" \/>\n<meta property=\"og:image\" content=\"https:\/\/intermob.be\/wp-content\/uploads\/2024\/04\/products-Horeca-Tafelblad-Madrid-K4-2.8-Cm-Dik-1.jpg\" \/>\n\t<meta property=\"og:image:width\" content=\"1500\" \/>\n\t<meta property=\"og:image:height\" content=\"1500\" \/>\n\t<meta property=\"og:image:type\" content=\"image\/jpeg\" \/>\n<meta name=\"twitter:card\" content=\"summary_large_image\" \/>\n<meta name=\"twitter:label1\" content=\"Geschatte leestijd\" \/>\n\t<meta name=\"twitter:data1\" content=\"1 minuut\" \/>\n<script type=\"application\/ld+json\" class=\"yoast-schema-graph\">{\"@context\":\"https:\/\/schema.org\",\"@graph\":[{\"@type\":\"WebPage\",\"@id\":\"https:\/\/intermob.be\/nl\/product\/horeca-tafelblad-madrid-k4-280-cm\/\",\"url\":\"https:\/\/intermob.be\/nl\/product\/horeca-tafelblad-madrid-k4-280-cm\/\",\"name\":\"Horeca Tafelblad - Madrid K4 - 2,80 cm Dik\",\"isPartOf\":{\"@id\":\"https:\/\/intermob.be\/nl\/#website\"},\"primaryImageOfPage\":{\"@id\":\"https:\/\/intermob.be\/nl\/product\/horeca-tafelblad-madrid-k4-280-cm\/#primaryimage\"},\"image\":{\"@id\":\"https:\/\/intermob.be\/nl\/product\/horeca-tafelblad-madrid-k4-280-cm\/#primaryimage\"},\"thumbnailUrl\":\"https:\/\/intermob.be\/wp-content\/uploads\/2024\/04\/products-Horeca-Tafelblad-Madrid-K4-2.8-Cm-Dik-1.jpg\",\"datePublished\":\"2025-09-11T08:03:16+00:00\",\"dateModified\":\"2025-11-13T13:43:15+00:00\",\"description\":\"Ontdek onze Madrid K4 melamine tafelbladen 50x60, 60x60, 70x70, \u00d860, \u00d870, \u00d8110, \u00d8120, \u00d8130, \u00d8150, \u00d8170, 60x100, 70x120 cm.\",\"breadcrumb\":{\"@id\":\"https:\/\/intermob.be\/nl\/product\/horeca-tafelblad-madrid-k4-280-cm\/#breadcrumb\"},\"inLanguage\":\"nl-NL\",\"potentialAction\":[{\"@type\":\"ReadAction\",\"target\":[\"https:\/\/intermob.be\/nl\/product\/horeca-tafelblad-madrid-k4-280-cm\/\"]}]},{\"@type\":\"ImageObject\",\"inLanguage\":\"nl-NL\",\"@id\":\"https:\/\/intermob.be\/nl\/product\/horeca-tafelblad-madrid-k4-280-cm\/#primaryimage\",\"url\":\"https:\/\/intermob.be\/wp-content\/uploads\/2024\/04\/products-Horeca-Tafelblad-Madrid-K4-2.8-Cm-Dik-1.jpg\",\"contentUrl\":\"https:\/\/intermob.be\/wp-content\/uploads\/2024\/04\/products-Horeca-Tafelblad-Madrid-K4-2.8-Cm-Dik-1.jpg\",\"width\":1500,\"height\":1500,\"caption\":\"Horeca-Tafelblad-Madrid-K4-2.8-Cm-Dik-1\"},{\"@type\":\"BreadcrumbList\",\"@id\":\"https:\/\/intermob.be\/nl\/product\/horeca-tafelblad-madrid-k4-280-cm\/#breadcrumb\",\"itemListElement\":[{\"@type\":\"ListItem\",\"position\":1,\"name\":\"Home\",\"item\":\"https:\/\/intermob.be\/nl\/\"},{\"@type\":\"ListItem\",\"position\":2,\"name\":\"Winkel\",\"item\":\"https:\/\/intermob.be\/nl\/winkel\/\"},{\"@type\":\"ListItem\",\"position\":3,\"name\":\"Horeca Tafelblad &#8211; Madrid K4 &#8211; 2,80 cm Dik\"}]},{\"@type\":\"WebSite\",\"@id\":\"https:\/\/intermob.be\/nl\/#website\",\"url\":\"https:\/\/intermob.be\/nl\/\",\"name\":\"Intermob\",\"description\":\"Mobilier\",\"publisher\":{\"@id\":\"https:\/\/intermob.be\/nl\/#organization\"},\"potentialAction\":[{\"@type\":\"SearchAction\",\"target\":{\"@type\":\"EntryPoint\",\"urlTemplate\":\"https:\/\/intermob.be\/nl\/?s={search_term_string}\"},\"query-input\":{\"@type\":\"PropertyValueSpecification\",\"valueRequired\":true,\"valueName\":\"search_term_string\"}}],\"inLanguage\":\"nl-NL\"},{\"@type\":\"Organization\",\"@id\":\"https:\/\/intermob.be\/nl\/#organization\",\"name\":\"Intermob Mobilier\",\"url\":\"https:\/\/intermob.be\/nl\/\",\"logo\":{\"@type\":\"ImageObject\",\"inLanguage\":\"nl-NL\",\"@id\":\"https:\/\/intermob.be\/nl\/#\/schema\/logo\/image\/\",\"url\":\"https:\/\/intermob.be\/wp-content\/uploads\/2025\/09\/intb-bold-logo.png\",\"contentUrl\":\"https:\/\/intermob.be\/wp-content\/uploads\/2025\/09\/intb-bold-logo.png\",\"width\":480,\"height\":158,\"caption\":\"Intermob Mobilier\"},\"image\":{\"@id\":\"https:\/\/intermob.be\/nl\/#\/schema\/logo\/image\/\"}}]}<\/script>\n<!-- \/ Yoast SEO plugin. -->","yoast_head_json":{"title":"Horeca Tafelblad - Madrid K4 - 2,80 cm Dik","description":"Ontdek onze Madrid K4 melamine tafelbladen 50x60, 60x60, 70x70, \u00d860, \u00d870, \u00d8110, \u00d8120, \u00d8130, \u00d8150, \u00d8170, 60x100, 70x120 cm.","robots":{"index":"index","follow":"follow","max-snippet":"max-snippet:-1","max-image-preview":"max-image-preview:large","max-video-preview":"max-video-preview:-1"},"canonical":"https:\/\/intermob.be\/nl\/product\/horeca-tafelblad-madrid-k4-280-cm\/","og_locale":"nl_NL","og_type":"article","og_title":"Horeca Tafelblad - Madrid K4 - 2,80 cm Dik","og_description":"Ontdek onze Madrid K4 melamine tafelbladen 50x60, 60x60, 70x70, \u00d860, \u00d870, \u00d8110, \u00d8120, \u00d8130, \u00d8150, \u00d8170, 60x100, 70x120 cm.","og_url":"https:\/\/intermob.be\/nl\/product\/horeca-tafelblad-madrid-k4-280-cm\/","og_site_name":"Intermob","article_modified_time":"2025-11-13T13:43:15+00:00","og_image":[{"width":1500,"height":1500,"url":"https:\/\/intermob.be\/wp-content\/uploads\/2024\/04\/products-Horeca-Tafelblad-Madrid-K4-2.8-Cm-Dik-1.jpg","type":"image\/jpeg"}],"twitter_card":"summary_large_image","twitter_misc":{"Geschatte leestijd":"1 minuut"},"schema":{"@context":"https:\/\/schema.org","@graph":[{"@type":"WebPage","@id":"https:\/\/intermob.be\/nl\/product\/horeca-tafelblad-madrid-k4-280-cm\/","url":"https:\/\/intermob.be\/nl\/product\/horeca-tafelblad-madrid-k4-280-cm\/","name":"Horeca Tafelblad - Madrid K4 - 2,80 cm Dik","isPartOf":{"@id":"https:\/\/intermob.be\/nl\/#website"},"primaryImageOfPage":{"@id":"https:\/\/intermob.be\/nl\/product\/horeca-tafelblad-madrid-k4-280-cm\/#primaryimage"},"image":{"@id":"https:\/\/intermob.be\/nl\/product\/horeca-tafelblad-madrid-k4-280-cm\/#primaryimage"},"thumbnailUrl":"https:\/\/intermob.be\/wp-content\/uploads\/2024\/04\/products-Horeca-Tafelblad-Madrid-K4-2.8-Cm-Dik-1.jpg","datePublished":"2025-09-11T08:03:16+00:00","dateModified":"2025-11-13T13:43:15+00:00","description":"Ontdek onze Madrid K4 melamine tafelbladen 50x60, 60x60, 70x70, \u00d860, \u00d870, \u00d8110, \u00d8120, \u00d8130, \u00d8150, \u00d8170, 60x100, 70x120 cm.","breadcrumb":{"@id":"https:\/\/intermob.be\/nl\/product\/horeca-tafelblad-madrid-k4-280-cm\/#breadcrumb"},"inLanguage":"nl-NL","potentialAction":[{"@type":"ReadAction","target":["https:\/\/intermob.be\/nl\/product\/horeca-tafelblad-madrid-k4-280-cm\/"]}]},{"@type":"ImageObject","inLanguage":"nl-NL","@id":"https:\/\/intermob.be\/nl\/product\/horeca-tafelblad-madrid-k4-280-cm\/#primaryimage","url":"https:\/\/intermob.be\/wp-content\/uploads\/2024\/04\/products-Horeca-Tafelblad-Madrid-K4-2.8-Cm-Dik-1.jpg","contentUrl":"https:\/\/intermob.be\/wp-content\/uploads\/2024\/04\/products-Horeca-Tafelblad-Madrid-K4-2.8-Cm-Dik-1.jpg","width":1500,"height":1500,"caption":"Horeca-Tafelblad-Madrid-K4-2.8-Cm-Dik-1"},{"@type":"BreadcrumbList","@id":"https:\/\/intermob.be\/nl\/product\/horeca-tafelblad-madrid-k4-280-cm\/#breadcrumb","itemListElement":[{"@type":"ListItem","position":1,"name":"Home","item":"https:\/\/intermob.be\/nl\/"},{"@type":"ListItem","position":2,"name":"Winkel","item":"https:\/\/intermob.be\/nl\/winkel\/"},{"@type":"ListItem","position":3,"name":"Horeca Tafelblad &#8211; Madrid K4 &#8211; 2,80 cm Dik"}]},{"@type":"WebSite","@id":"https:\/\/intermob.be\/nl\/#website","url":"https:\/\/intermob.be\/nl\/","name":"Intermob","description":"Mobilier","publisher":{"@id":"https:\/\/intermob.be\/nl\/#organization"},"potentialAction":[{"@type":"SearchAction","target":{"@type":"EntryPoint","urlTemplate":"https:\/\/intermob.be\/nl\/?s={search_term_string}"},"query-input":{"@type":"PropertyValueSpecification","valueRequired":true,"valueName":"search_term_string"}}],"inLanguage":"nl-NL"},{"@type":"Organization","@id":"https:\/\/intermob.be\/nl\/#organization","name":"Intermob Mobilier","url":"https:\/\/intermob.be\/nl\/","logo":{"@type":"ImageObject","inLanguage":"nl-NL","@id":"https:\/\/intermob.be\/nl\/#\/schema\/logo\/image\/","url":"https:\/\/intermob.be\/wp-content\/uploads\/2025\/09\/intb-bold-logo.png","contentUrl":"https:\/\/intermob.be\/wp-content\/uploads\/2025\/09\/intb-bold-logo.png","width":480,"height":158,"caption":"Intermob Mobilier"},"image":{"@id":"https:\/\/intermob.be\/nl\/#\/schema\/logo\/image\/"}}]}},"_links":{"self":[{"href":"https:\/\/intermob.be\/nl\/wp-json\/wp\/v2\/product\/149203","targetHints":{"allow":["GET"]}}],"collection":[{"href":"https:\/\/intermob.be\/nl\/wp-json\/wp\/v2\/product"}],"about":[{"href":"https:\/\/intermob.be\/nl\/wp-json\/wp\/v2\/types\/product"}],"replies":[{"embeddable":true,"href":"https:\/\/intermob.be\/nl\/wp-json\/wp\/v2\/comments?post=149203"}],"version-history":[{"count":0,"href":"https:\/\/intermob.be\/nl\/wp-json\/wp\/v2\/product\/149203\/revisions"}],"wp:featuredmedia":[{"embeddable":true,"href":"https:\/\/intermob.be\/nl\/wp-json\/wp\/v2\/media\/78825"}],"wp:attachment":[{"href":"https:\/\/intermob.be\/nl\/wp-json\/wp\/v2\/media?parent=149203"}],"wp:term":[{"taxonomy":"product_brand","embeddable":true,"href":"https:\/\/intermob.be\/nl\/wp-json\/wp\/v2\/product_brand?post=149203"},{"taxonomy":"product_cat","embeddable":true,"href":"https:\/\/intermob.be\/nl\/wp-json\/wp\/v2\/product_cat?post=149203"},{"taxonomy":"product_tag","embeddable":true,"href":"https:\/\/intermob.be\/nl\/wp-json\/wp\/v2\/product_tag?post=149203"}],"curies":[{"name":"wp","href":"https:\/\/api.w.org\/{rel}","templated":true}]}}