{"id":74898,"date":"2020-01-22T16:26:12","date_gmt":"2020-01-22T16:26:12","guid":{"rendered":"https:\/\/intermob.be\/?post_type=product&#038;p=74898"},"modified":"2025-11-03T10:58:07","modified_gmt":"2025-11-03T10:58:07","slug":"horeca-lounge-zetel-leto","status":"publish","type":"product","link":"https:\/\/intermob.be\/nl\/product\/horeca-lounge-zetel-leto\/","title":{"rendered":"Lounge Zetel - Leto - Microvezel"},"content":{"rendered":"<p><span style=\"color: #000000;\">Deze stijlvolle lounge zetel met microvezel bekleding en een zwart beukenhouten frame combineert comfort met verfijning. De rugleuning is voorzien van elegante verticale naden en knopen, wat zorgt voor een luxe uitstraling. Perfect voor horecazaken, restaurant en caf\u00e9s die een moderne en uitnodigende sfeer willen cre\u00ebren. Comfort en klasse in \u00e9\u00e9n!<\/span><\/p>\n","protected":false},"excerpt":{"rendered":"<p>Deze stijlvolle lounge zetel met microvezel bekleding en een zwart beukenhouten frame combineert comfort met verfijning. De rugleuning is voorzien<\/p>\n","protected":false},"featured_media":74899,"comment_status":"open","ping_status":"closed","template":"","meta":[],"product_brand":[],"product_cat":[10173,10221],"product_tag":[10538,10539,10541,10542,10543,10544,10545,10546,10547,10548,10549,15831,15836,10534,15878,10536,10537],"class_list":{"0":"post-74898","1":"product","2":"type-product","3":"status-publish","4":"has-post-thumbnail","6":"product_cat-aperitiefzetels","7":"product_cat-aperitiefbank","8":"product_tag-nachtluis-bank","9":"product_tag-restaurant-bank","10":"product_tag-banquette-brasserie","11":"product_tag-banquette-bistro","12":"product_tag-banquette-boite-de-nuit","13":"product_tag-banquette-restaurant","14":"product_tag-brasserie-bench","15":"product_tag-bistro-bench","16":"product_tag-nightlock-bench","17":"product_tag-restaurant-bench","18":"product_tag-nightlock-bank","19":"product_tag-horeca-furniture-2","20":"product_tag-horeca-mobel","21":"product_tag-meuble-horeca","22":"product_tag-horeca-meubelen-2","23":"product_tag-brasserie-bank","24":"product_tag-bistro-bank","25":"pa_product-color-color-bruin-nl","26":"pa_product-color-color-cognac-nl","27":"pa_product-color-color-olijf-nl","28":"pa_product-frame-color-zwart-frame-color-nl","29":"pa_product-more-colors-ja-nl","30":"pa_product-more-dimensions-ja-nl","31":"pa_product-seat-height-cm-43-seat-height-cm-nl","32":"pa_product-seats-1-seats-nl","33":"pa_product-upholstery-upholstery-microvezel-nl","34":"pa_product-usage-usage-binnen-nl","36":"first","37":"instock","38":"sale","39":"taxable","40":"shipping-taxable","41":"purchasable","42":"product-type-variable","43":"hc-var-color"},"yoast_head":"<!-- This site is optimized with the Yoast SEO plugin v26.4 - https:\/\/yoast.com\/wordpress\/plugins\/seo\/ -->\n<title>Horeca Lounge Zetel - Leto - Microvezel<\/title>\n<meta name=\"description\" content=\"Ontdek het Leto lounge zetel op \u00e9\u00e9n plaats. Bekleed met su\u00e8de en metalen structuur. De afmetingen zijn 60x68x77 cm en de hoogte is 43 cm.\" \/>\n<meta name=\"robots\" content=\"index, follow, max-snippet:-1, max-image-preview:large, max-video-preview:-1\" \/>\n<link rel=\"canonical\" href=\"https:\/\/intermob.be\/nl\/product\/horeca-lounge-zetel-leto\/\" \/>\n<meta property=\"og:locale\" content=\"nl_NL\" \/>\n<meta property=\"og:type\" content=\"article\" \/>\n<meta property=\"og:title\" content=\"Horeca Lounge Zetel - Leto - Microvezel\" \/>\n<meta property=\"og:description\" content=\"Ontdek het Leto lounge zetel op \u00e9\u00e9n plaats. Bekleed met su\u00e8de en metalen structuur. De afmetingen zijn 60x68x77 cm en de hoogte is 43 cm.\" \/>\n<meta property=\"og:url\" content=\"https:\/\/intermob.be\/nl\/product\/horeca-lounge-zetel-leto\/\" \/>\n<meta property=\"og:site_name\" content=\"Intermob\" \/>\n<meta property=\"article:modified_time\" content=\"2025-11-03T10:58:07+00:00\" \/>\n<meta property=\"og:image\" content=\"https:\/\/intermob.be\/wp-content\/uploads\/2024\/03\/products-Horeca-Aperitiefzetel-Leto-Camel-Z.jpg\" \/>\n\t<meta property=\"og:image:width\" content=\"512\" \/>\n\t<meta property=\"og:image:height\" content=\"512\" \/>\n\t<meta property=\"og:image:type\" content=\"image\/jpeg\" \/>\n<meta name=\"twitter:card\" content=\"summary_large_image\" \/>\n<meta name=\"twitter:label1\" content=\"Geschatte leestijd\" \/>\n\t<meta name=\"twitter:data1\" content=\"1 minuut\" \/>\n<script type=\"application\/ld+json\" class=\"yoast-schema-graph\">{\"@context\":\"https:\/\/schema.org\",\"@graph\":[{\"@type\":\"WebPage\",\"@id\":\"https:\/\/intermob.be\/nl\/product\/horeca-lounge-zetel-leto\/\",\"url\":\"https:\/\/intermob.be\/nl\/product\/horeca-lounge-zetel-leto\/\",\"name\":\"Horeca Lounge Zetel - Leto - Microvezel\",\"isPartOf\":{\"@id\":\"https:\/\/intermob.be\/nl\/#website\"},\"primaryImageOfPage\":{\"@id\":\"https:\/\/intermob.be\/nl\/product\/horeca-lounge-zetel-leto\/#primaryimage\"},\"image\":{\"@id\":\"https:\/\/intermob.be\/nl\/product\/horeca-lounge-zetel-leto\/#primaryimage\"},\"thumbnailUrl\":\"https:\/\/intermob.be\/wp-content\/uploads\/2024\/03\/products-Horeca-Aperitiefzetel-Leto-Camel-Z.jpg\",\"datePublished\":\"2020-01-22T16:26:12+00:00\",\"dateModified\":\"2025-11-03T10:58:07+00:00\",\"description\":\"Ontdek het Leto lounge zetel op \u00e9\u00e9n plaats. Bekleed met su\u00e8de en metalen structuur. De afmetingen zijn 60x68x77 cm en de hoogte is 43 cm.\",\"breadcrumb\":{\"@id\":\"https:\/\/intermob.be\/nl\/product\/horeca-lounge-zetel-leto\/#breadcrumb\"},\"inLanguage\":\"nl-NL\",\"potentialAction\":[{\"@type\":\"ReadAction\",\"target\":[\"https:\/\/intermob.be\/nl\/product\/horeca-lounge-zetel-leto\/\"]}]},{\"@type\":\"ImageObject\",\"inLanguage\":\"nl-NL\",\"@id\":\"https:\/\/intermob.be\/nl\/product\/horeca-lounge-zetel-leto\/#primaryimage\",\"url\":\"https:\/\/intermob.be\/wp-content\/uploads\/2024\/03\/products-Horeca-Aperitiefzetel-Leto-Camel-Z.jpg\",\"contentUrl\":\"https:\/\/intermob.be\/wp-content\/uploads\/2024\/03\/products-Horeca-Aperitiefzetel-Leto-Camel-Z.jpg\",\"width\":512,\"height\":512,\"caption\":\"Horeca Aperitiefzetel - Leto - Camel - Z\"},{\"@type\":\"BreadcrumbList\",\"@id\":\"https:\/\/intermob.be\/nl\/product\/horeca-lounge-zetel-leto\/#breadcrumb\",\"itemListElement\":[{\"@type\":\"ListItem\",\"position\":1,\"name\":\"Home\",\"item\":\"https:\/\/intermob.be\/nl\/\"},{\"@type\":\"ListItem\",\"position\":2,\"name\":\"Winkel\",\"item\":\"https:\/\/intermob.be\/nl\/winkel\/\"},{\"@type\":\"ListItem\",\"position\":3,\"name\":\"Horeca Lounge Zetel &#8211; Leto &#8211; Microvezel\"}]},{\"@type\":\"WebSite\",\"@id\":\"https:\/\/intermob.be\/nl\/#website\",\"url\":\"https:\/\/intermob.be\/nl\/\",\"name\":\"Intermob\",\"description\":\"Mobilier\",\"publisher\":{\"@id\":\"https:\/\/intermob.be\/nl\/#organization\"},\"potentialAction\":[{\"@type\":\"SearchAction\",\"target\":{\"@type\":\"EntryPoint\",\"urlTemplate\":\"https:\/\/intermob.be\/nl\/?s={search_term_string}\"},\"query-input\":{\"@type\":\"PropertyValueSpecification\",\"valueRequired\":true,\"valueName\":\"search_term_string\"}}],\"inLanguage\":\"nl-NL\"},{\"@type\":\"Organization\",\"@id\":\"https:\/\/intermob.be\/nl\/#organization\",\"name\":\"Intermob Mobilier\",\"url\":\"https:\/\/intermob.be\/nl\/\",\"logo\":{\"@type\":\"ImageObject\",\"inLanguage\":\"nl-NL\",\"@id\":\"https:\/\/intermob.be\/nl\/#\/schema\/logo\/image\/\",\"url\":\"https:\/\/intermob.be\/wp-content\/uploads\/2025\/09\/intb-bold-logo.png\",\"contentUrl\":\"https:\/\/intermob.be\/wp-content\/uploads\/2025\/09\/intb-bold-logo.png\",\"width\":480,\"height\":158,\"caption\":\"Intermob Mobilier\"},\"image\":{\"@id\":\"https:\/\/intermob.be\/nl\/#\/schema\/logo\/image\/\"}}]}<\/script>\n<!-- \/ Yoast SEO plugin. -->","yoast_head_json":{"title":"Horeca Lounge Zetel - Leto - Microvezel","description":"Ontdek het Leto lounge zetel op \u00e9\u00e9n plaats. Bekleed met su\u00e8de en metalen structuur. De afmetingen zijn 60x68x77 cm en de hoogte is 43 cm.","robots":{"index":"index","follow":"follow","max-snippet":"max-snippet:-1","max-image-preview":"max-image-preview:large","max-video-preview":"max-video-preview:-1"},"canonical":"https:\/\/intermob.be\/nl\/product\/horeca-lounge-zetel-leto\/","og_locale":"nl_NL","og_type":"article","og_title":"Horeca Lounge Zetel - Leto - Microvezel","og_description":"Ontdek het Leto lounge zetel op \u00e9\u00e9n plaats. Bekleed met su\u00e8de en metalen structuur. De afmetingen zijn 60x68x77 cm en de hoogte is 43 cm.","og_url":"https:\/\/intermob.be\/nl\/product\/horeca-lounge-zetel-leto\/","og_site_name":"Intermob","article_modified_time":"2025-11-03T10:58:07+00:00","og_image":[{"width":512,"height":512,"url":"https:\/\/intermob.be\/wp-content\/uploads\/2024\/03\/products-Horeca-Aperitiefzetel-Leto-Camel-Z.jpg","type":"image\/jpeg"}],"twitter_card":"summary_large_image","twitter_misc":{"Geschatte leestijd":"1 minuut"},"schema":{"@context":"https:\/\/schema.org","@graph":[{"@type":"WebPage","@id":"https:\/\/intermob.be\/nl\/product\/horeca-lounge-zetel-leto\/","url":"https:\/\/intermob.be\/nl\/product\/horeca-lounge-zetel-leto\/","name":"Horeca Lounge Zetel - Leto - Microvezel","isPartOf":{"@id":"https:\/\/intermob.be\/nl\/#website"},"primaryImageOfPage":{"@id":"https:\/\/intermob.be\/nl\/product\/horeca-lounge-zetel-leto\/#primaryimage"},"image":{"@id":"https:\/\/intermob.be\/nl\/product\/horeca-lounge-zetel-leto\/#primaryimage"},"thumbnailUrl":"https:\/\/intermob.be\/wp-content\/uploads\/2024\/03\/products-Horeca-Aperitiefzetel-Leto-Camel-Z.jpg","datePublished":"2020-01-22T16:26:12+00:00","dateModified":"2025-11-03T10:58:07+00:00","description":"Ontdek het Leto lounge zetel op \u00e9\u00e9n plaats. Bekleed met su\u00e8de en metalen structuur. De afmetingen zijn 60x68x77 cm en de hoogte is 43 cm.","breadcrumb":{"@id":"https:\/\/intermob.be\/nl\/product\/horeca-lounge-zetel-leto\/#breadcrumb"},"inLanguage":"nl-NL","potentialAction":[{"@type":"ReadAction","target":["https:\/\/intermob.be\/nl\/product\/horeca-lounge-zetel-leto\/"]}]},{"@type":"ImageObject","inLanguage":"nl-NL","@id":"https:\/\/intermob.be\/nl\/product\/horeca-lounge-zetel-leto\/#primaryimage","url":"https:\/\/intermob.be\/wp-content\/uploads\/2024\/03\/products-Horeca-Aperitiefzetel-Leto-Camel-Z.jpg","contentUrl":"https:\/\/intermob.be\/wp-content\/uploads\/2024\/03\/products-Horeca-Aperitiefzetel-Leto-Camel-Z.jpg","width":512,"height":512,"caption":"Horeca Aperitiefzetel - Leto - Camel - Z"},{"@type":"BreadcrumbList","@id":"https:\/\/intermob.be\/nl\/product\/horeca-lounge-zetel-leto\/#breadcrumb","itemListElement":[{"@type":"ListItem","position":1,"name":"Home","item":"https:\/\/intermob.be\/nl\/"},{"@type":"ListItem","position":2,"name":"Winkel","item":"https:\/\/intermob.be\/nl\/winkel\/"},{"@type":"ListItem","position":3,"name":"Horeca Lounge Zetel &#8211; Leto &#8211; Microvezel"}]},{"@type":"WebSite","@id":"https:\/\/intermob.be\/nl\/#website","url":"https:\/\/intermob.be\/nl\/","name":"Intermob","description":"Mobilier","publisher":{"@id":"https:\/\/intermob.be\/nl\/#organization"},"potentialAction":[{"@type":"SearchAction","target":{"@type":"EntryPoint","urlTemplate":"https:\/\/intermob.be\/nl\/?s={search_term_string}"},"query-input":{"@type":"PropertyValueSpecification","valueRequired":true,"valueName":"search_term_string"}}],"inLanguage":"nl-NL"},{"@type":"Organization","@id":"https:\/\/intermob.be\/nl\/#organization","name":"Intermob Mobilier","url":"https:\/\/intermob.be\/nl\/","logo":{"@type":"ImageObject","inLanguage":"nl-NL","@id":"https:\/\/intermob.be\/nl\/#\/schema\/logo\/image\/","url":"https:\/\/intermob.be\/wp-content\/uploads\/2025\/09\/intb-bold-logo.png","contentUrl":"https:\/\/intermob.be\/wp-content\/uploads\/2025\/09\/intb-bold-logo.png","width":480,"height":158,"caption":"Intermob Mobilier"},"image":{"@id":"https:\/\/intermob.be\/nl\/#\/schema\/logo\/image\/"}}]}},"_links":{"self":[{"href":"https:\/\/intermob.be\/nl\/wp-json\/wp\/v2\/product\/74898","targetHints":{"allow":["GET"]}}],"collection":[{"href":"https:\/\/intermob.be\/nl\/wp-json\/wp\/v2\/product"}],"about":[{"href":"https:\/\/intermob.be\/nl\/wp-json\/wp\/v2\/types\/product"}],"replies":[{"embeddable":true,"href":"https:\/\/intermob.be\/nl\/wp-json\/wp\/v2\/comments?post=74898"}],"version-history":[{"count":0,"href":"https:\/\/intermob.be\/nl\/wp-json\/wp\/v2\/product\/74898\/revisions"}],"wp:featuredmedia":[{"embeddable":true,"href":"https:\/\/intermob.be\/nl\/wp-json\/wp\/v2\/media\/74899"}],"wp:attachment":[{"href":"https:\/\/intermob.be\/nl\/wp-json\/wp\/v2\/media?parent=74898"}],"wp:term":[{"taxonomy":"product_brand","embeddable":true,"href":"https:\/\/intermob.be\/nl\/wp-json\/wp\/v2\/product_brand?post=74898"},{"taxonomy":"product_cat","embeddable":true,"href":"https:\/\/intermob.be\/nl\/wp-json\/wp\/v2\/product_cat?post=74898"},{"taxonomy":"product_tag","embeddable":true,"href":"https:\/\/intermob.be\/nl\/wp-json\/wp\/v2\/product_tag?post=74898"}],"curies":[{"name":"wp","href":"https:\/\/api.w.org\/{rel}","templated":true}]}}