{"id":75442,"date":"2020-02-22T13:56:02","date_gmt":"2020-02-22T13:56:02","guid":{"rendered":"https:\/\/intermob.be\/?post_type=product&#038;p=75442"},"modified":"2025-09-22T11:19:18","modified_gmt":"2025-09-22T11:19:18","slug":"ruben-hanglamp-zwart-uno","status":"publish","type":"product","link":"https:\/\/intermob.be\/nl\/product\/ruben-hanglamp-zwart-uno\/","title":{"rendered":"Ruben Hanglamp Zwart Uno"},"content":{"rendered":"<p><span style=\"color: #000000\">Van rustiek tot industrieel tot Scandinavisch interieur: deze hanglamp, genaamd Ruben, voelt zich echt overal thuis. Het is een minimalistische metalen kubus, met een bol in het midden in een messingkleurige fitting. Ruben zorgt meteen voor de juiste sfeer. Met een afmeting van 22 bij 22 centimeter is de lamp vrij compact en zal daarom gemakkelijk zijn plaats vinden boven een aanrecht of een eettafel. Dankzij het in hoogte verstelbare snoer hang je het op de gewenste hoogte in je ruimte. Ruben is compatibel met een LED-lamp en u kunt deze eenvoudig aansluiten op een lichtdimmer. Installeer een gloeilamp boven uw eettafel, dim het licht een beetje en cre\u00eber de sfeer voor een romantische t\u00eate-\u00e0-t\u00eate thuis.<\/span><\/p>\n<p><span style=\"color: #000000\"><strong>Extra informatie:<\/strong><\/span><\/p>\n<ul>\n<li><span style=\"color: #000000\">Kan worden gebruikt met een LED-lichtbron<\/span><\/li>\n<li><span style=\"color: #000000\">Deze lamp is in hoogte verstelbaar<\/span><\/li>\n<li><span style=\"color: #000000\">Eenvoudig aan te sluiten op een dimmer (niet meegeleverd)<\/span><\/li>\n<li><span style=\"color: #000000\">Energieverbruik: 1x40W \/ 230V \/ A ++ &#8211; E (excl.) &#8211; Bij variabele intensiteit<\/span><\/li>\n<li><span style=\"color: #000000\">Minimale hoogte 50 cm &#8211; Maximale hoogte 150 cm<\/span><\/li>\n<li><span style=\"color: #000000\">Stijl: Modern<\/span><\/li>\n<li><span style=\"color: #000000\">Vorm: Vierkant<\/span><\/li>\n<li><span style=\"color: #000000\">Dimbaar: Ja<\/span><\/li>\n<li><span style=\"color: #000000\">Lichthoek: Rond<\/span><\/li>\n<li><span style=\"color: #000000\">In hoogte verstelbaar (v\u00f3\u00f3r installatie)<\/span><\/li>\n<li><span style=\"color: #000000\">Niet richtbaar<\/span><\/li>\n<li><span style=\"color: #000000\">Kabel naar product<\/span><\/li>\n<li><span style=\"color: #000000\">Kabellengte: 130 cm<\/span><\/li>\n<li><span style=\"color: #000000\">Zonder detector<\/span><\/li>\n<li><span style=\"color: #000000\">Bediening: Wandschakelaarbediening<\/span><\/li>\n<li><span style=\"color: #000000\">Power Type: Adapter \/ Elektrisch netwerk<\/span><\/li>\n<li><span style=\"color: #000000\">Klasse IP 20<\/span><\/li>\n<li><span style=\"color: #000000\">Elektrische klasse 1<\/span><\/li>\n<li><span style=\"color: #000000\">Verbruikseenheid (stuks) 1<\/span><\/li>\n<li><span style=\"color: #000000\">Installatie-accessoire inbegrepen<\/span><\/li>\n<\/ul>\n<p><span style=\"color: #000000\"><strong>LAMPEN NIET INBEGREPEN!<\/strong><\/span><br \/>\n<span style=\"color: #000000\"><strong>MINIMUM VERKOOP VAN 4 STUKS VANUIT GEHELE COLLECTIE.<\/strong><\/span><\/p>\n","protected":false},"excerpt":{"rendered":"<p>Van rustiek tot industrieel tot Scandinavisch interieur: deze hanglamp, genaamd Ruben, voelt zich echt overal thuis. Het is een minimalistische<\/p>\n","protected":false},"featured_media":75443,"comment_status":"open","ping_status":"closed","template":"","meta":[],"product_brand":[],"product_cat":[10177],"product_tag":[15832,15833,11319,15834,11320,15835,11321,15836,11322,15878,11323,11324,11325,11326,11327,11328,11329,11330,11331,15831],"class_list":{"0":"post-75442","1":"product","2":"type-product","3":"status-publish","4":"has-post-thumbnail","6":"product_cat-industriele-verlichting","7":"product_tag-meubles-de-restaurant-2","8":"product_tag-meubles-horeca-2","9":"product_tag-restaurant-meubilair","10":"product_tag-restaurant-furniture-2","11":"product_tag-lamp","12":"product_tag-restaurant-mobel","13":"product_tag-armatuurophanging","14":"product_tag-horeca-mobel","15":"product_tag-industri-le-verlichting","16":"product_tag-horeca-meubelen-2","17":"product_tag-lampe","18":"product_tag-suspension-luminaire","19":"product_tag-eclairage-industriel-2","20":"product_tag-ampoule","21":"product_tag-leuchtenfederung","22":"product_tag-industrielle-beleuchtung-2","23":"product_tag-gl-hbirne","24":"product_tag-industrial-lighting-2","25":"product_tag-bulb","26":"product_tag-horeca-furniture-2","27":"pa_product-color-color-zwart-nl","28":"pa_product-color-color-mat-goud-nl","29":"pa_product-color-color-messing-nl","30":"pa_product-material-metalen-frame-material-nl","31":"pa_product-material-material-pvc","32":"pa_product-usage-usage-binnen-nl","34":"first","35":"onbackorder","36":"taxable","37":"shipping-taxable","38":"purchasable","39":"product-type-simple"},"yoast_head":"<!-- This site is optimized with the Yoast SEO plugin v26.4 - https:\/\/yoast.com\/wordpress\/plugins\/seo\/ -->\n<title>Ruben Hanglamp Zwart Uno<\/title>\n<meta name=\"robots\" content=\"index, follow, max-snippet:-1, max-image-preview:large, max-video-preview:-1\" \/>\n<link rel=\"canonical\" href=\"https:\/\/intermob.be\/nl\/product\/ruben-hanglamp-zwart-uno\/\" \/>\n<meta property=\"og:locale\" content=\"nl_NL\" \/>\n<meta property=\"og:type\" content=\"article\" \/>\n<meta property=\"og:title\" content=\"Ruben Hanglamp Zwart Uno\" \/>\n<meta property=\"og:description\" content=\"Van rustiek tot industrieel tot Scandinavisch interieur: deze hanglamp, genaamd Ruben, voelt zich echt overal thuis. Het is een minimalistische\" \/>\n<meta property=\"og:url\" content=\"https:\/\/intermob.be\/nl\/product\/ruben-hanglamp-zwart-uno\/\" \/>\n<meta property=\"og:site_name\" content=\"Intermob\" \/>\n<meta property=\"article:modified_time\" content=\"2025-09-22T11:19:18+00:00\" \/>\n<meta property=\"og:image\" content=\"https:\/\/intermob.be\/wp-content\/uploads\/2024\/03\/products-Ruben-Hanglamp-Zwart-Uno.jpg\" \/>\n\t<meta property=\"og:image:width\" content=\"800\" \/>\n\t<meta property=\"og:image:height\" content=\"800\" \/>\n\t<meta property=\"og:image:type\" content=\"image\/jpeg\" \/>\n<meta name=\"twitter:card\" content=\"summary_large_image\" \/>\n<meta name=\"twitter:label1\" content=\"Geschatte leestijd\" \/>\n\t<meta name=\"twitter:data1\" content=\"2 minuten\" \/>\n<script type=\"application\/ld+json\" class=\"yoast-schema-graph\">{\"@context\":\"https:\/\/schema.org\",\"@graph\":[{\"@type\":\"WebPage\",\"@id\":\"https:\/\/intermob.be\/nl\/product\/ruben-hanglamp-zwart-uno\/\",\"url\":\"https:\/\/intermob.be\/nl\/product\/ruben-hanglamp-zwart-uno\/\",\"name\":\"Ruben Hanglamp Zwart Uno\",\"isPartOf\":{\"@id\":\"https:\/\/intermob.be\/nl\/#website\"},\"primaryImageOfPage\":{\"@id\":\"https:\/\/intermob.be\/nl\/product\/ruben-hanglamp-zwart-uno\/#primaryimage\"},\"image\":{\"@id\":\"https:\/\/intermob.be\/nl\/product\/ruben-hanglamp-zwart-uno\/#primaryimage\"},\"thumbnailUrl\":\"https:\/\/intermob.be\/wp-content\/uploads\/2024\/03\/products-Ruben-Hanglamp-Zwart-Uno.jpg\",\"datePublished\":\"2020-02-22T13:56:02+00:00\",\"dateModified\":\"2025-09-22T11:19:18+00:00\",\"breadcrumb\":{\"@id\":\"https:\/\/intermob.be\/nl\/product\/ruben-hanglamp-zwart-uno\/#breadcrumb\"},\"inLanguage\":\"nl-NL\",\"potentialAction\":[{\"@type\":\"ReadAction\",\"target\":[\"https:\/\/intermob.be\/nl\/product\/ruben-hanglamp-zwart-uno\/\"]}]},{\"@type\":\"ImageObject\",\"inLanguage\":\"nl-NL\",\"@id\":\"https:\/\/intermob.be\/nl\/product\/ruben-hanglamp-zwart-uno\/#primaryimage\",\"url\":\"https:\/\/intermob.be\/wp-content\/uploads\/2024\/03\/products-Ruben-Hanglamp-Zwart-Uno.jpg\",\"contentUrl\":\"https:\/\/intermob.be\/wp-content\/uploads\/2024\/03\/products-Ruben-Hanglamp-Zwart-Uno.jpg\",\"width\":800,\"height\":800,\"caption\":\"Ruben Hanglamp Zwart Uno\"},{\"@type\":\"BreadcrumbList\",\"@id\":\"https:\/\/intermob.be\/nl\/product\/ruben-hanglamp-zwart-uno\/#breadcrumb\",\"itemListElement\":[{\"@type\":\"ListItem\",\"position\":1,\"name\":\"Home\",\"item\":\"https:\/\/intermob.be\/nl\/\"},{\"@type\":\"ListItem\",\"position\":2,\"name\":\"Winkel\",\"item\":\"https:\/\/intermob.be\/nl\/winkel\/\"},{\"@type\":\"ListItem\",\"position\":3,\"name\":\"Ruben Lampe Pendentif Noir Uno\"}]},{\"@type\":\"WebSite\",\"@id\":\"https:\/\/intermob.be\/nl\/#website\",\"url\":\"https:\/\/intermob.be\/nl\/\",\"name\":\"Intermob\",\"description\":\"Mobilier\",\"publisher\":{\"@id\":\"https:\/\/intermob.be\/nl\/#organization\"},\"potentialAction\":[{\"@type\":\"SearchAction\",\"target\":{\"@type\":\"EntryPoint\",\"urlTemplate\":\"https:\/\/intermob.be\/nl\/?s={search_term_string}\"},\"query-input\":{\"@type\":\"PropertyValueSpecification\",\"valueRequired\":true,\"valueName\":\"search_term_string\"}}],\"inLanguage\":\"nl-NL\"},{\"@type\":\"Organization\",\"@id\":\"https:\/\/intermob.be\/nl\/#organization\",\"name\":\"Intermob Mobilier\",\"url\":\"https:\/\/intermob.be\/nl\/\",\"logo\":{\"@type\":\"ImageObject\",\"inLanguage\":\"nl-NL\",\"@id\":\"https:\/\/intermob.be\/nl\/#\/schema\/logo\/image\/\",\"url\":\"https:\/\/intermob.be\/wp-content\/uploads\/2025\/09\/intb-bold-logo.png\",\"contentUrl\":\"https:\/\/intermob.be\/wp-content\/uploads\/2025\/09\/intb-bold-logo.png\",\"width\":480,\"height\":158,\"caption\":\"Intermob Mobilier\"},\"image\":{\"@id\":\"https:\/\/intermob.be\/nl\/#\/schema\/logo\/image\/\"}}]}<\/script>\n<!-- \/ Yoast SEO plugin. -->","yoast_head_json":{"title":"Ruben Hanglamp Zwart Uno","robots":{"index":"index","follow":"follow","max-snippet":"max-snippet:-1","max-image-preview":"max-image-preview:large","max-video-preview":"max-video-preview:-1"},"canonical":"https:\/\/intermob.be\/nl\/product\/ruben-hanglamp-zwart-uno\/","og_locale":"nl_NL","og_type":"article","og_title":"Ruben Hanglamp Zwart Uno","og_description":"Van rustiek tot industrieel tot Scandinavisch interieur: deze hanglamp, genaamd Ruben, voelt zich echt overal thuis. Het is een minimalistische","og_url":"https:\/\/intermob.be\/nl\/product\/ruben-hanglamp-zwart-uno\/","og_site_name":"Intermob","article_modified_time":"2025-09-22T11:19:18+00:00","og_image":[{"width":800,"height":800,"url":"https:\/\/intermob.be\/wp-content\/uploads\/2024\/03\/products-Ruben-Hanglamp-Zwart-Uno.jpg","type":"image\/jpeg"}],"twitter_card":"summary_large_image","twitter_misc":{"Geschatte leestijd":"2 minuten"},"schema":{"@context":"https:\/\/schema.org","@graph":[{"@type":"WebPage","@id":"https:\/\/intermob.be\/nl\/product\/ruben-hanglamp-zwart-uno\/","url":"https:\/\/intermob.be\/nl\/product\/ruben-hanglamp-zwart-uno\/","name":"Ruben Hanglamp Zwart Uno","isPartOf":{"@id":"https:\/\/intermob.be\/nl\/#website"},"primaryImageOfPage":{"@id":"https:\/\/intermob.be\/nl\/product\/ruben-hanglamp-zwart-uno\/#primaryimage"},"image":{"@id":"https:\/\/intermob.be\/nl\/product\/ruben-hanglamp-zwart-uno\/#primaryimage"},"thumbnailUrl":"https:\/\/intermob.be\/wp-content\/uploads\/2024\/03\/products-Ruben-Hanglamp-Zwart-Uno.jpg","datePublished":"2020-02-22T13:56:02+00:00","dateModified":"2025-09-22T11:19:18+00:00","breadcrumb":{"@id":"https:\/\/intermob.be\/nl\/product\/ruben-hanglamp-zwart-uno\/#breadcrumb"},"inLanguage":"nl-NL","potentialAction":[{"@type":"ReadAction","target":["https:\/\/intermob.be\/nl\/product\/ruben-hanglamp-zwart-uno\/"]}]},{"@type":"ImageObject","inLanguage":"nl-NL","@id":"https:\/\/intermob.be\/nl\/product\/ruben-hanglamp-zwart-uno\/#primaryimage","url":"https:\/\/intermob.be\/wp-content\/uploads\/2024\/03\/products-Ruben-Hanglamp-Zwart-Uno.jpg","contentUrl":"https:\/\/intermob.be\/wp-content\/uploads\/2024\/03\/products-Ruben-Hanglamp-Zwart-Uno.jpg","width":800,"height":800,"caption":"Ruben Hanglamp Zwart Uno"},{"@type":"BreadcrumbList","@id":"https:\/\/intermob.be\/nl\/product\/ruben-hanglamp-zwart-uno\/#breadcrumb","itemListElement":[{"@type":"ListItem","position":1,"name":"Home","item":"https:\/\/intermob.be\/nl\/"},{"@type":"ListItem","position":2,"name":"Winkel","item":"https:\/\/intermob.be\/nl\/winkel\/"},{"@type":"ListItem","position":3,"name":"Ruben Lampe Pendentif Noir Uno"}]},{"@type":"WebSite","@id":"https:\/\/intermob.be\/nl\/#website","url":"https:\/\/intermob.be\/nl\/","name":"Intermob","description":"Mobilier","publisher":{"@id":"https:\/\/intermob.be\/nl\/#organization"},"potentialAction":[{"@type":"SearchAction","target":{"@type":"EntryPoint","urlTemplate":"https:\/\/intermob.be\/nl\/?s={search_term_string}"},"query-input":{"@type":"PropertyValueSpecification","valueRequired":true,"valueName":"search_term_string"}}],"inLanguage":"nl-NL"},{"@type":"Organization","@id":"https:\/\/intermob.be\/nl\/#organization","name":"Intermob Mobilier","url":"https:\/\/intermob.be\/nl\/","logo":{"@type":"ImageObject","inLanguage":"nl-NL","@id":"https:\/\/intermob.be\/nl\/#\/schema\/logo\/image\/","url":"https:\/\/intermob.be\/wp-content\/uploads\/2025\/09\/intb-bold-logo.png","contentUrl":"https:\/\/intermob.be\/wp-content\/uploads\/2025\/09\/intb-bold-logo.png","width":480,"height":158,"caption":"Intermob Mobilier"},"image":{"@id":"https:\/\/intermob.be\/nl\/#\/schema\/logo\/image\/"}}]}},"_links":{"self":[{"href":"https:\/\/intermob.be\/nl\/wp-json\/wp\/v2\/product\/75442","targetHints":{"allow":["GET"]}}],"collection":[{"href":"https:\/\/intermob.be\/nl\/wp-json\/wp\/v2\/product"}],"about":[{"href":"https:\/\/intermob.be\/nl\/wp-json\/wp\/v2\/types\/product"}],"replies":[{"embeddable":true,"href":"https:\/\/intermob.be\/nl\/wp-json\/wp\/v2\/comments?post=75442"}],"version-history":[{"count":0,"href":"https:\/\/intermob.be\/nl\/wp-json\/wp\/v2\/product\/75442\/revisions"}],"wp:featuredmedia":[{"embeddable":true,"href":"https:\/\/intermob.be\/nl\/wp-json\/wp\/v2\/media\/75443"}],"wp:attachment":[{"href":"https:\/\/intermob.be\/nl\/wp-json\/wp\/v2\/media?parent=75442"}],"wp:term":[{"taxonomy":"product_brand","embeddable":true,"href":"https:\/\/intermob.be\/nl\/wp-json\/wp\/v2\/product_brand?post=75442"},{"taxonomy":"product_cat","embeddable":true,"href":"https:\/\/intermob.be\/nl\/wp-json\/wp\/v2\/product_cat?post=75442"},{"taxonomy":"product_tag","embeddable":true,"href":"https:\/\/intermob.be\/nl\/wp-json\/wp\/v2\/product_tag?post=75442"}],"curies":[{"name":"wp","href":"https:\/\/api.w.org\/{rel}","templated":true}]}}