{"id":78906,"date":"2020-12-30T14:57:21","date_gmt":"2020-12-30T14:57:21","guid":{"rendered":"https:\/\/intermob.be\/?post_type=product&#038;p=78906"},"modified":"2026-02-12T14:29:19","modified_gmt":"2026-02-12T14:29:19","slug":"horeca-tafelblad-compact-wenge-12-mm-dik","status":"publish","type":"product","link":"https:\/\/intermob.be\/nl\/product\/horeca-tafelblad-compact-wenge-12-mm-dik\/","title":{"rendered":"Tafelblad - Compact Wenge - 12 mm Dik"},"content":{"rendered":"<p><span style=\"color: #000000;\">Voorgeboorde gaatjes op compact laminaat tafelbladen matchen met een specifiek soort tafelonderstel.<\/span><br \/>\n<span style=\"color: #000000;\">Indien deze niet macht met de aangekochte tafelonderstel, dient u zelf nieuwe gaatjes te boren met meegeleverde boor. De juiste schroeven worden ook meegeleverd. Vergeet niet om de plastic folie van het tafelblad te verwijderen.<\/span><\/p>\n<p><i class=\"fas fa-check-circle description-icon-green\" aria-hidden=\"true\"><\/i><span style=\"color: #ff6600;\"> Verkrijgbare kleuren: Wit, Zwart, Weng\u00e9, Bordeaux &amp; Taupe<\/span><br \/>\n<i class=\"fas fa-check-circle description-icon-green\" aria-hidden=\"true\"><\/i><span style=\"color: #339966;\"> De tafelbladen zijn niet voorgeboord<\/span><br \/>\n<i class=\"fas fa-check-circle description-icon-green\" aria-hidden=\"true\"><\/i><span style=\"color: #ff6600;\"> 1 st boor met diepteregelaar + schroeven meegeleverd<\/span><\/p>\n","protected":false},"excerpt":{"rendered":"<p>Voorgeboorde gaatjes op compact laminaat tafelbladen matchen met een specifiek soort tafelonderstel. Indien deze niet macht met de aangekochte tafelonderstel,<\/p>\n","protected":false},"featured_media":78910,"comment_status":"open","ping_status":"closed","template":"","meta":[],"product_brand":[],"product_cat":[9813,17076,9837,9833],"product_tag":[16188,16189,16190,16235,10534,11009,11010,11011,11014,15831,15834,15835,15836,15878],"class_list":{"0":"post-78906","1":"product","2":"type-product","3":"status-publish","4":"has-post-thumbnail","6":"product_cat-tafelbladen","7":"product_cat-terras-tafelbladen-compact-laminaat","8":"product_cat-compact-tafelblad-12mm-dikte","9":"product_cat-werzalit-terras-tafelbladen-30mm-dikte-outdoor","10":"product_tag-tafelblad-2","11":"product_tag-table-top-2","12":"product_tag-tischplatte-2","13":"product_tag-horeca-inrichting-2","14":"product_tag-meuble-horeca","15":"product_tag-tabelle","16":"product_tag-plateau-de-table","17":"product_tag-meuble-restaurant","18":"product_tag-restaurant-inrichtingen","19":"product_tag-horeca-furniture-2","20":"product_tag-restaurant-furniture-2","21":"product_tag-restaurant-mobel","22":"product_tag-horeca-mobel","23":"product_tag-horeca-meubelen-2","24":"pa_dimension-69x69-cm-nl","25":"pa_dimension-69x120-cm-nl","26":"pa_dimension-r69-cm-nl","27":"pa_product-color-color-wenge-nl","28":"pa_product-more-colors-ja-nl","29":"pa_product-more-dimensions-ja-nl","30":"pa_product-usage-usage-binnen-nl","31":"pa_product-usage-usage-buiten-nl","33":"first","34":"instock","35":"sale","36":"taxable","37":"shipping-taxable","38":"purchasable","39":"product-type-variable","40":"hc-var-dimension"},"yoast_head":"<!-- This site is optimized with the Yoast SEO plugin v26.4 - https:\/\/yoast.com\/wordpress\/plugins\/seo\/ -->\n<title>Horeca Tafelblad - Compact Weng\u00e9 - 12 mm Dik<\/title>\n<meta name=\"description\" content=\"Ontdek onze compact laminaat HPL Weng\u00e9 tafelbladen 69x69 cm \u00d869 cm en 69x120 cm. Ook verkrijgbaar in andere vormen en kleuren.\" \/>\n<meta name=\"robots\" content=\"index, follow, max-snippet:-1, max-image-preview:large, max-video-preview:-1\" \/>\n<link rel=\"canonical\" href=\"https:\/\/intermob.be\/nl\/product\/horeca-tafelblad-compact-wenge-12-mm-dik\/\" \/>\n<meta property=\"og:locale\" content=\"nl_NL\" \/>\n<meta property=\"og:type\" content=\"article\" \/>\n<meta property=\"og:title\" content=\"Horeca Tafelblad - Compact Weng\u00e9 - 12 mm Dik\" \/>\n<meta property=\"og:description\" content=\"Ontdek onze compact laminaat HPL Weng\u00e9 tafelbladen 69x69 cm \u00d869 cm en 69x120 cm. Ook verkrijgbaar in andere vormen en kleuren.\" \/>\n<meta property=\"og:url\" content=\"https:\/\/intermob.be\/nl\/product\/horeca-tafelblad-compact-wenge-12-mm-dik\/\" \/>\n<meta property=\"og:site_name\" content=\"Intermob\" \/>\n<meta property=\"article:modified_time\" content=\"2026-02-12T14:29:19+00:00\" \/>\n<meta property=\"og:image\" content=\"https:\/\/intermob.be\/wp-content\/uploads\/2024\/03\/products-Categorie-Tafelblad-Compact-Wenge-NL-FR.jpg\" \/>\n\t<meta property=\"og:image:width\" content=\"1000\" \/>\n\t<meta property=\"og:image:height\" content=\"1000\" \/>\n\t<meta property=\"og:image:type\" content=\"image\/jpeg\" \/>\n<meta name=\"twitter:card\" content=\"summary_large_image\" \/>\n<meta name=\"twitter:label1\" content=\"Geschatte leestijd\" \/>\n\t<meta name=\"twitter:data1\" content=\"1 minuut\" \/>\n<script type=\"application\/ld+json\" class=\"yoast-schema-graph\">{\"@context\":\"https:\/\/schema.org\",\"@graph\":[{\"@type\":\"WebPage\",\"@id\":\"https:\/\/intermob.be\/nl\/product\/horeca-tafelblad-compact-wenge-12-mm-dik\/\",\"url\":\"https:\/\/intermob.be\/nl\/product\/horeca-tafelblad-compact-wenge-12-mm-dik\/\",\"name\":\"Horeca Tafelblad - Compact Weng\u00e9 - 12 mm Dik\",\"isPartOf\":{\"@id\":\"https:\/\/intermob.be\/nl\/#website\"},\"primaryImageOfPage\":{\"@id\":\"https:\/\/intermob.be\/nl\/product\/horeca-tafelblad-compact-wenge-12-mm-dik\/#primaryimage\"},\"image\":{\"@id\":\"https:\/\/intermob.be\/nl\/product\/horeca-tafelblad-compact-wenge-12-mm-dik\/#primaryimage\"},\"thumbnailUrl\":\"https:\/\/intermob.be\/wp-content\/uploads\/2024\/03\/products-Categorie-Tafelblad-Compact-Wenge-NL-FR.jpg\",\"datePublished\":\"2020-12-30T14:57:21+00:00\",\"dateModified\":\"2026-02-12T14:29:19+00:00\",\"description\":\"Ontdek onze compact laminaat HPL Weng\u00e9 tafelbladen 69x69 cm \u00d869 cm en 69x120 cm. Ook verkrijgbaar in andere vormen en kleuren.\",\"breadcrumb\":{\"@id\":\"https:\/\/intermob.be\/nl\/product\/horeca-tafelblad-compact-wenge-12-mm-dik\/#breadcrumb\"},\"inLanguage\":\"nl-NL\",\"potentialAction\":[{\"@type\":\"ReadAction\",\"target\":[\"https:\/\/intermob.be\/nl\/product\/horeca-tafelblad-compact-wenge-12-mm-dik\/\"]}]},{\"@type\":\"ImageObject\",\"inLanguage\":\"nl-NL\",\"@id\":\"https:\/\/intermob.be\/nl\/product\/horeca-tafelblad-compact-wenge-12-mm-dik\/#primaryimage\",\"url\":\"https:\/\/intermob.be\/wp-content\/uploads\/2024\/03\/products-Categorie-Tafelblad-Compact-Wenge-NL-FR.jpg\",\"contentUrl\":\"https:\/\/intermob.be\/wp-content\/uploads\/2024\/03\/products-Categorie-Tafelblad-Compact-Wenge-NL-FR.jpg\",\"width\":1000,\"height\":1000,\"caption\":\"Categorie-Tafelblad-Compact-Wenge-NL-FR\"},{\"@type\":\"BreadcrumbList\",\"@id\":\"https:\/\/intermob.be\/nl\/product\/horeca-tafelblad-compact-wenge-12-mm-dik\/#breadcrumb\",\"itemListElement\":[{\"@type\":\"ListItem\",\"position\":1,\"name\":\"Home\",\"item\":\"https:\/\/intermob.be\/nl\/\"},{\"@type\":\"ListItem\",\"position\":2,\"name\":\"Winkel\",\"item\":\"https:\/\/intermob.be\/nl\/winkel\/\"},{\"@type\":\"ListItem\",\"position\":3,\"name\":\"Tafelblad - Compact Wenge - 12 mm Dik\"}]},{\"@type\":\"WebSite\",\"@id\":\"https:\/\/intermob.be\/nl\/#website\",\"url\":\"https:\/\/intermob.be\/nl\/\",\"name\":\"Intermob\",\"description\":\"Mobilier\",\"publisher\":{\"@id\":\"https:\/\/intermob.be\/nl\/#organization\"},\"potentialAction\":[{\"@type\":\"SearchAction\",\"target\":{\"@type\":\"EntryPoint\",\"urlTemplate\":\"https:\/\/intermob.be\/nl\/?s={search_term_string}\"},\"query-input\":{\"@type\":\"PropertyValueSpecification\",\"valueRequired\":true,\"valueName\":\"search_term_string\"}}],\"inLanguage\":\"nl-NL\"},{\"@type\":\"Organization\",\"@id\":\"https:\/\/intermob.be\/nl\/#organization\",\"name\":\"Intermob Mobilier\",\"url\":\"https:\/\/intermob.be\/nl\/\",\"logo\":{\"@type\":\"ImageObject\",\"inLanguage\":\"nl-NL\",\"@id\":\"https:\/\/intermob.be\/nl\/#\/schema\/logo\/image\/\",\"url\":\"https:\/\/intermob.be\/wp-content\/uploads\/2025\/09\/intb-bold-logo.png\",\"contentUrl\":\"https:\/\/intermob.be\/wp-content\/uploads\/2025\/09\/intb-bold-logo.png\",\"width\":480,\"height\":158,\"caption\":\"Intermob Mobilier\"},\"image\":{\"@id\":\"https:\/\/intermob.be\/nl\/#\/schema\/logo\/image\/\"}}]}<\/script>\n<!-- \/ Yoast SEO plugin. -->","yoast_head_json":{"title":"Horeca Tafelblad - Compact Weng\u00e9 - 12 mm Dik","description":"Ontdek onze compact laminaat HPL Weng\u00e9 tafelbladen 69x69 cm \u00d869 cm en 69x120 cm. Ook verkrijgbaar in andere vormen en kleuren.","robots":{"index":"index","follow":"follow","max-snippet":"max-snippet:-1","max-image-preview":"max-image-preview:large","max-video-preview":"max-video-preview:-1"},"canonical":"https:\/\/intermob.be\/nl\/product\/horeca-tafelblad-compact-wenge-12-mm-dik\/","og_locale":"nl_NL","og_type":"article","og_title":"Horeca Tafelblad - Compact Weng\u00e9 - 12 mm Dik","og_description":"Ontdek onze compact laminaat HPL Weng\u00e9 tafelbladen 69x69 cm \u00d869 cm en 69x120 cm. Ook verkrijgbaar in andere vormen en kleuren.","og_url":"https:\/\/intermob.be\/nl\/product\/horeca-tafelblad-compact-wenge-12-mm-dik\/","og_site_name":"Intermob","article_modified_time":"2026-02-12T14:29:19+00:00","og_image":[{"width":1000,"height":1000,"url":"https:\/\/intermob.be\/wp-content\/uploads\/2024\/03\/products-Categorie-Tafelblad-Compact-Wenge-NL-FR.jpg","type":"image\/jpeg"}],"twitter_card":"summary_large_image","twitter_misc":{"Geschatte leestijd":"1 minuut"},"schema":{"@context":"https:\/\/schema.org","@graph":[{"@type":"WebPage","@id":"https:\/\/intermob.be\/nl\/product\/horeca-tafelblad-compact-wenge-12-mm-dik\/","url":"https:\/\/intermob.be\/nl\/product\/horeca-tafelblad-compact-wenge-12-mm-dik\/","name":"Horeca Tafelblad - Compact Weng\u00e9 - 12 mm Dik","isPartOf":{"@id":"https:\/\/intermob.be\/nl\/#website"},"primaryImageOfPage":{"@id":"https:\/\/intermob.be\/nl\/product\/horeca-tafelblad-compact-wenge-12-mm-dik\/#primaryimage"},"image":{"@id":"https:\/\/intermob.be\/nl\/product\/horeca-tafelblad-compact-wenge-12-mm-dik\/#primaryimage"},"thumbnailUrl":"https:\/\/intermob.be\/wp-content\/uploads\/2024\/03\/products-Categorie-Tafelblad-Compact-Wenge-NL-FR.jpg","datePublished":"2020-12-30T14:57:21+00:00","dateModified":"2026-02-12T14:29:19+00:00","description":"Ontdek onze compact laminaat HPL Weng\u00e9 tafelbladen 69x69 cm \u00d869 cm en 69x120 cm. Ook verkrijgbaar in andere vormen en kleuren.","breadcrumb":{"@id":"https:\/\/intermob.be\/nl\/product\/horeca-tafelblad-compact-wenge-12-mm-dik\/#breadcrumb"},"inLanguage":"nl-NL","potentialAction":[{"@type":"ReadAction","target":["https:\/\/intermob.be\/nl\/product\/horeca-tafelblad-compact-wenge-12-mm-dik\/"]}]},{"@type":"ImageObject","inLanguage":"nl-NL","@id":"https:\/\/intermob.be\/nl\/product\/horeca-tafelblad-compact-wenge-12-mm-dik\/#primaryimage","url":"https:\/\/intermob.be\/wp-content\/uploads\/2024\/03\/products-Categorie-Tafelblad-Compact-Wenge-NL-FR.jpg","contentUrl":"https:\/\/intermob.be\/wp-content\/uploads\/2024\/03\/products-Categorie-Tafelblad-Compact-Wenge-NL-FR.jpg","width":1000,"height":1000,"caption":"Categorie-Tafelblad-Compact-Wenge-NL-FR"},{"@type":"BreadcrumbList","@id":"https:\/\/intermob.be\/nl\/product\/horeca-tafelblad-compact-wenge-12-mm-dik\/#breadcrumb","itemListElement":[{"@type":"ListItem","position":1,"name":"Home","item":"https:\/\/intermob.be\/nl\/"},{"@type":"ListItem","position":2,"name":"Winkel","item":"https:\/\/intermob.be\/nl\/winkel\/"},{"@type":"ListItem","position":3,"name":"Tafelblad - Compact Wenge - 12 mm Dik"}]},{"@type":"WebSite","@id":"https:\/\/intermob.be\/nl\/#website","url":"https:\/\/intermob.be\/nl\/","name":"Intermob","description":"Mobilier","publisher":{"@id":"https:\/\/intermob.be\/nl\/#organization"},"potentialAction":[{"@type":"SearchAction","target":{"@type":"EntryPoint","urlTemplate":"https:\/\/intermob.be\/nl\/?s={search_term_string}"},"query-input":{"@type":"PropertyValueSpecification","valueRequired":true,"valueName":"search_term_string"}}],"inLanguage":"nl-NL"},{"@type":"Organization","@id":"https:\/\/intermob.be\/nl\/#organization","name":"Intermob Mobilier","url":"https:\/\/intermob.be\/nl\/","logo":{"@type":"ImageObject","inLanguage":"nl-NL","@id":"https:\/\/intermob.be\/nl\/#\/schema\/logo\/image\/","url":"https:\/\/intermob.be\/wp-content\/uploads\/2025\/09\/intb-bold-logo.png","contentUrl":"https:\/\/intermob.be\/wp-content\/uploads\/2025\/09\/intb-bold-logo.png","width":480,"height":158,"caption":"Intermob Mobilier"},"image":{"@id":"https:\/\/intermob.be\/nl\/#\/schema\/logo\/image\/"}}]}},"_links":{"self":[{"href":"https:\/\/intermob.be\/nl\/wp-json\/wp\/v2\/product\/78906","targetHints":{"allow":["GET"]}}],"collection":[{"href":"https:\/\/intermob.be\/nl\/wp-json\/wp\/v2\/product"}],"about":[{"href":"https:\/\/intermob.be\/nl\/wp-json\/wp\/v2\/types\/product"}],"replies":[{"embeddable":true,"href":"https:\/\/intermob.be\/nl\/wp-json\/wp\/v2\/comments?post=78906"}],"version-history":[{"count":1,"href":"https:\/\/intermob.be\/nl\/wp-json\/wp\/v2\/product\/78906\/revisions"}],"predecessor-version":[{"id":157234,"href":"https:\/\/intermob.be\/nl\/wp-json\/wp\/v2\/product\/78906\/revisions\/157234"}],"wp:featuredmedia":[{"embeddable":true,"href":"https:\/\/intermob.be\/nl\/wp-json\/wp\/v2\/media\/78910"}],"wp:attachment":[{"href":"https:\/\/intermob.be\/nl\/wp-json\/wp\/v2\/media?parent=78906"}],"wp:term":[{"taxonomy":"product_brand","embeddable":true,"href":"https:\/\/intermob.be\/nl\/wp-json\/wp\/v2\/product_brand?post=78906"},{"taxonomy":"product_cat","embeddable":true,"href":"https:\/\/intermob.be\/nl\/wp-json\/wp\/v2\/product_cat?post=78906"},{"taxonomy":"product_tag","embeddable":true,"href":"https:\/\/intermob.be\/nl\/wp-json\/wp\/v2\/product_tag?post=78906"}],"curies":[{"name":"wp","href":"https:\/\/api.w.org\/{rel}","templated":true}]}}